{"id":68620,"date":"2021-01-04T15:03:55","date_gmt":"2021-01-04T14:03:55","guid":{"rendered":"https:\/\/faktumonline.com\/product\/2-x-schmale-scharniere-fur-kuhl-gefrierschrank-mit-schmalen-platten\/"},"modified":"2021-01-04T15:03:55","modified_gmt":"2021-01-04T14:03:55","slug":"2-x-schmale-scharniere-fur-kuhl-gefrierschrank-mit-schmalen-platten","status":"publish","type":"product","link":"https:\/\/faktumonline.com\/de\/produkt\/2-x-schmale-scharniere-fur-kuhl-gefrierschrank-mit-schmalen-platten\/","title":{"rendered":"2 x schmale Scharniere f\u00fcr K\u00fchl-\/Gefrierschrank mit schmalen Platten"},"content":{"rendered":"","protected":false},"excerpt":{"rendered":"<p>Dies ist ein Set von 2 x extra schmalen Scharnieren f\u00fcr einen K\u00fchl-\/Gefrierschrank. Ein Paar extra schmale Montageplatten sind im Set enthalten.<\/p>\n<p>Bitte beachten Sie: Die Montageplatte passt nicht in die vorgebohrten L\u00f6cher in einem Faktum-Schrank, wo die L\u00f6cher 28 mm von der Vorderseite des Geh\u00e4uses entfernt sind. Diese Platten haben ihre Schrauben 37 mm von der Vorderseite des Geh\u00e4uses und man muss 2 neue L\u00f6cher pro Platte in das Geh\u00e4use bohren. Die \u201eStandard\u201c Montageplatten f\u00fcr Faktum lassen sich NICHT mit diesen schlanken K\u00fchlschrankscharnieren verbinden.<\/p>\n","protected":false},"featured_media":50557,"template":"","meta":[],"product_brand":[],"product_cat":[1261],"product_tag":[],"class_list":{"0":"post-68620","1":"product","2":"type-product","3":"status-publish","4":"has-post-thumbnail","6":"product_cat-spezial-scharniere-fur-faktum","7":"product_shipping_class-versand-bearbeitung","8":"sales-flash-overlay","9":"woocommerce-text-align-center","10":"woocommerce-image-align-center","12":"first","13":"discontinued","14":"taxable","15":"shipping-taxable","16":"purchasable","17":"product-type-simple"},"exclude_global_add_ons":[],"addons":[],"yoast_head":"<!-- This site is optimized with the Yoast SEO Premium plugin v27.4 (Yoast SEO v27.4) - https:\/\/yoast.com\/product\/yoast-seo-premium-wordpress\/ -->\n<title>2 x schmale Scharniere f\u00fcr K\u00fchl-\/Gefrierschrank mit schmalen Platten - Faktum Online Store<\/title>\n<meta name=\"robots\" content=\"index, follow, max-snippet:-1, max-image-preview:large, max-video-preview:-1\" \/>\n<link rel=\"canonical\" href=\"https:\/\/faktumonline.com\/de\/produkt\/2-x-schmale-scharniere-fur-kuhl-gefrierschrank-mit-schmalen-platten\/\" \/>\n<meta property=\"og:locale\" content=\"de_DE\" \/>\n<meta property=\"og:type\" content=\"article\" \/>\n<meta property=\"og:title\" content=\"2 x schmale Scharniere f\u00fcr K\u00fchl-\/Gefrierschrank mit schmalen Platten\" \/>\n<meta property=\"og:description\" content=\"Dies ist ein Set von 2 x extra schmalen Scharnieren f\u00fcr einen K\u00fchl-\/Gefrierschrank. Ein Paar extra schmale Montageplatten sind im Set enthalten.  Bitte beachten Sie: Die Montageplatte passt nicht in die vorgebohrten L\u00f6cher in einem Faktum-Schrank, wo die L\u00f6cher 28 mm von der Vorderseite des Geh\u00e4uses entfernt sind. Diese Platten haben ihre Schrauben 37 mm von der Vorderseite des Geh\u00e4uses und man muss 2 neue L\u00f6cher pro Platte in das Geh\u00e4use bohren. Die \u201eStandard\u201c Montageplatten f\u00fcr Faktum lassen sich NICHT mit diesen schlanken K\u00fchlschrankscharnieren verbinden.\" \/>\n<meta property=\"og:url\" content=\"https:\/\/faktumonline.com\/de\/produkt\/2-x-schmale-scharniere-fur-kuhl-gefrierschrank-mit-schmalen-platten\/\" \/>\n<meta property=\"og:site_name\" content=\"Faktum Online Store\" \/>\n<meta property=\"og:image\" content=\"https:\/\/faktumonline.com\/wp-content\/uploads\/2021\/01\/Kylska\u030apsga\u030angja\u0308rn-fo\u0308r-IKEA-Faktum.jpg\" \/>\n\t<meta property=\"og:image:width\" content=\"1449\" \/>\n\t<meta property=\"og:image:height\" content=\"815\" \/>\n\t<meta property=\"og:image:type\" content=\"image\/jpeg\" \/>\n<meta name=\"twitter:card\" content=\"summary_large_image\" \/>\n<script type=\"application\/ld+json\" class=\"yoast-schema-graph\">{\"@context\":\"https:\\\/\\\/schema.org\",\"@graph\":[{\"@type\":\"WebPage\",\"@id\":\"https:\\\/\\\/faktumonline.com\\\/de\\\/produkt\\\/2-x-schmale-scharniere-fur-kuhl-gefrierschrank-mit-schmalen-platten\\\/\",\"url\":\"https:\\\/\\\/faktumonline.com\\\/de\\\/produkt\\\/2-x-schmale-scharniere-fur-kuhl-gefrierschrank-mit-schmalen-platten\\\/\",\"name\":\"2 x schmale Scharniere f\u00fcr K\u00fchl-\\\/Gefrierschrank mit schmalen Platten - Faktum Online Store\",\"isPartOf\":{\"@id\":\"https:\\\/\\\/faktumonline.com\\\/da\\\/#website\"},\"primaryImageOfPage\":{\"@id\":\"https:\\\/\\\/faktumonline.com\\\/de\\\/produkt\\\/2-x-schmale-scharniere-fur-kuhl-gefrierschrank-mit-schmalen-platten\\\/#primaryimage\"},\"image\":{\"@id\":\"https:\\\/\\\/faktumonline.com\\\/de\\\/produkt\\\/2-x-schmale-scharniere-fur-kuhl-gefrierschrank-mit-schmalen-platten\\\/#primaryimage\"},\"thumbnailUrl\":\"https:\\\/\\\/faktumonline.com\\\/wp-content\\\/uploads\\\/2021\\\/01\\\/Kylska\u030apsga\u030angja\u0308rn-fo\u0308r-IKEA-Faktum.jpg\",\"datePublished\":\"2021-01-04T14:03:55+00:00\",\"breadcrumb\":{\"@id\":\"https:\\\/\\\/faktumonline.com\\\/de\\\/produkt\\\/2-x-schmale-scharniere-fur-kuhl-gefrierschrank-mit-schmalen-platten\\\/#breadcrumb\"},\"inLanguage\":\"de\",\"potentialAction\":[{\"@type\":\"ReadAction\",\"target\":[\"https:\\\/\\\/faktumonline.com\\\/de\\\/produkt\\\/2-x-schmale-scharniere-fur-kuhl-gefrierschrank-mit-schmalen-platten\\\/\"]}]},{\"@type\":\"ImageObject\",\"inLanguage\":\"de\",\"@id\":\"https:\\\/\\\/faktumonline.com\\\/de\\\/produkt\\\/2-x-schmale-scharniere-fur-kuhl-gefrierschrank-mit-schmalen-platten\\\/#primaryimage\",\"url\":\"https:\\\/\\\/faktumonline.com\\\/wp-content\\\/uploads\\\/2021\\\/01\\\/Kylska\u030apsga\u030angja\u0308rn-fo\u0308r-IKEA-Faktum.jpg\",\"contentUrl\":\"https:\\\/\\\/faktumonline.com\\\/wp-content\\\/uploads\\\/2021\\\/01\\\/Kylska\u030apsga\u030angja\u0308rn-fo\u0308r-IKEA-Faktum.jpg\",\"width\":1449,\"height\":815,\"caption\":\"Schmale K\u00fchl-\\\/Gefrierschrank-Scharniere f\u00fcr IKEA Faktum-K\u00fcchen\"},{\"@type\":\"BreadcrumbList\",\"@id\":\"https:\\\/\\\/faktumonline.com\\\/de\\\/produkt\\\/2-x-schmale-scharniere-fur-kuhl-gefrierschrank-mit-schmalen-platten\\\/#breadcrumb\",\"itemListElement\":[{\"@type\":\"ListItem\",\"position\":1,\"name\":\"Hem\",\"item\":\"https:\\\/\\\/faktumonline.com\\\/de\\\/\"},{\"@type\":\"ListItem\",\"position\":2,\"name\":\"Webshop\",\"item\":\"https:\\\/\\\/faktumonline.com\\\/de\\\/webshop\\\/\"},{\"@type\":\"ListItem\",\"position\":3,\"name\":\"2 x schmale Scharniere f\u00fcr K\u00fchl-\\\/Gefrierschrank mit schmalen Platten\"}]},{\"@type\":\"WebSite\",\"@id\":\"https:\\\/\\\/faktumonline.com\\\/da\\\/#website\",\"url\":\"https:\\\/\\\/faktumonline.com\\\/da\\\/\",\"name\":\"Faktum Online Store\",\"description\":\"Premium doors for IKEA kitchens\",\"potentialAction\":[{\"@type\":\"SearchAction\",\"target\":{\"@type\":\"EntryPoint\",\"urlTemplate\":\"https:\\\/\\\/faktumonline.com\\\/da\\\/?s={search_term_string}\"},\"query-input\":{\"@type\":\"PropertyValueSpecification\",\"valueRequired\":true,\"valueName\":\"search_term_string\"}}],\"inLanguage\":\"de\"}]}<\/script>\n<!-- \/ Yoast SEO Premium plugin. -->","yoast_head_json":{"title":"2 x schmale Scharniere f\u00fcr K\u00fchl-\/Gefrierschrank mit schmalen Platten - Faktum Online Store","robots":{"index":"index","follow":"follow","max-snippet":"max-snippet:-1","max-image-preview":"max-image-preview:large","max-video-preview":"max-video-preview:-1"},"canonical":"https:\/\/faktumonline.com\/de\/produkt\/2-x-schmale-scharniere-fur-kuhl-gefrierschrank-mit-schmalen-platten\/","og_locale":"de_DE","og_type":"article","og_title":"2 x schmale Scharniere f\u00fcr K\u00fchl-\/Gefrierschrank mit schmalen Platten","og_description":"Dies ist ein Set von 2 x extra schmalen Scharnieren f\u00fcr einen K\u00fchl-\/Gefrierschrank. Ein Paar extra schmale Montageplatten sind im Set enthalten.  Bitte beachten Sie: Die Montageplatte passt nicht in die vorgebohrten L\u00f6cher in einem Faktum-Schrank, wo die L\u00f6cher 28 mm von der Vorderseite des Geh\u00e4uses entfernt sind. Diese Platten haben ihre Schrauben 37 mm von der Vorderseite des Geh\u00e4uses und man muss 2 neue L\u00f6cher pro Platte in das Geh\u00e4use bohren. Die \u201eStandard\u201c Montageplatten f\u00fcr Faktum lassen sich NICHT mit diesen schlanken K\u00fchlschrankscharnieren verbinden.","og_url":"https:\/\/faktumonline.com\/de\/produkt\/2-x-schmale-scharniere-fur-kuhl-gefrierschrank-mit-schmalen-platten\/","og_site_name":"Faktum Online Store","og_image":[{"width":1449,"height":815,"url":"https:\/\/faktumonline.com\/wp-content\/uploads\/2021\/01\/Kylska\u030apsga\u030angja\u0308rn-fo\u0308r-IKEA-Faktum.jpg","type":"image\/jpeg"}],"twitter_card":"summary_large_image","schema":{"@context":"https:\/\/schema.org","@graph":[{"@type":"WebPage","@id":"https:\/\/faktumonline.com\/de\/produkt\/2-x-schmale-scharniere-fur-kuhl-gefrierschrank-mit-schmalen-platten\/","url":"https:\/\/faktumonline.com\/de\/produkt\/2-x-schmale-scharniere-fur-kuhl-gefrierschrank-mit-schmalen-platten\/","name":"2 x schmale Scharniere f\u00fcr K\u00fchl-\/Gefrierschrank mit schmalen Platten - Faktum Online Store","isPartOf":{"@id":"https:\/\/faktumonline.com\/da\/#website"},"primaryImageOfPage":{"@id":"https:\/\/faktumonline.com\/de\/produkt\/2-x-schmale-scharniere-fur-kuhl-gefrierschrank-mit-schmalen-platten\/#primaryimage"},"image":{"@id":"https:\/\/faktumonline.com\/de\/produkt\/2-x-schmale-scharniere-fur-kuhl-gefrierschrank-mit-schmalen-platten\/#primaryimage"},"thumbnailUrl":"https:\/\/faktumonline.com\/wp-content\/uploads\/2021\/01\/Kylska\u030apsga\u030angja\u0308rn-fo\u0308r-IKEA-Faktum.jpg","datePublished":"2021-01-04T14:03:55+00:00","breadcrumb":{"@id":"https:\/\/faktumonline.com\/de\/produkt\/2-x-schmale-scharniere-fur-kuhl-gefrierschrank-mit-schmalen-platten\/#breadcrumb"},"inLanguage":"de","potentialAction":[{"@type":"ReadAction","target":["https:\/\/faktumonline.com\/de\/produkt\/2-x-schmale-scharniere-fur-kuhl-gefrierschrank-mit-schmalen-platten\/"]}]},{"@type":"ImageObject","inLanguage":"de","@id":"https:\/\/faktumonline.com\/de\/produkt\/2-x-schmale-scharniere-fur-kuhl-gefrierschrank-mit-schmalen-platten\/#primaryimage","url":"https:\/\/faktumonline.com\/wp-content\/uploads\/2021\/01\/Kylska\u030apsga\u030angja\u0308rn-fo\u0308r-IKEA-Faktum.jpg","contentUrl":"https:\/\/faktumonline.com\/wp-content\/uploads\/2021\/01\/Kylska\u030apsga\u030angja\u0308rn-fo\u0308r-IKEA-Faktum.jpg","width":1449,"height":815,"caption":"Schmale K\u00fchl-\/Gefrierschrank-Scharniere f\u00fcr IKEA Faktum-K\u00fcchen"},{"@type":"BreadcrumbList","@id":"https:\/\/faktumonline.com\/de\/produkt\/2-x-schmale-scharniere-fur-kuhl-gefrierschrank-mit-schmalen-platten\/#breadcrumb","itemListElement":[{"@type":"ListItem","position":1,"name":"Hem","item":"https:\/\/faktumonline.com\/de\/"},{"@type":"ListItem","position":2,"name":"Webshop","item":"https:\/\/faktumonline.com\/de\/webshop\/"},{"@type":"ListItem","position":3,"name":"2 x schmale Scharniere f\u00fcr K\u00fchl-\/Gefrierschrank mit schmalen Platten"}]},{"@type":"WebSite","@id":"https:\/\/faktumonline.com\/da\/#website","url":"https:\/\/faktumonline.com\/da\/","name":"Faktum Online Store","description":"Premium doors for IKEA kitchens","potentialAction":[{"@type":"SearchAction","target":{"@type":"EntryPoint","urlTemplate":"https:\/\/faktumonline.com\/da\/?s={search_term_string}"},"query-input":{"@type":"PropertyValueSpecification","valueRequired":true,"valueName":"search_term_string"}}],"inLanguage":"de"}]}},"_links":{"self":[{"href":"https:\/\/faktumonline.com\/de\/wp-json\/wp\/v2\/product\/68620","targetHints":{"allow":["GET"]}}],"collection":[{"href":"https:\/\/faktumonline.com\/de\/wp-json\/wp\/v2\/product"}],"about":[{"href":"https:\/\/faktumonline.com\/de\/wp-json\/wp\/v2\/types\/product"}],"version-history":[{"count":0,"href":"https:\/\/faktumonline.com\/de\/wp-json\/wp\/v2\/product\/68620\/revisions"}],"wp:featuredmedia":[{"embeddable":true,"href":"https:\/\/faktumonline.com\/de\/wp-json\/wp\/v2\/media\/50557"}],"wp:attachment":[{"href":"https:\/\/faktumonline.com\/de\/wp-json\/wp\/v2\/media?parent=68620"}],"wp:term":[{"taxonomy":"product_brand","embeddable":true,"href":"https:\/\/faktumonline.com\/de\/wp-json\/wp\/v2\/product_brand?post=68620"},{"taxonomy":"product_cat","embeddable":true,"href":"https:\/\/faktumonline.com\/de\/wp-json\/wp\/v2\/product_cat?post=68620"},{"taxonomy":"product_tag","embeddable":true,"href":"https:\/\/faktumonline.com\/de\/wp-json\/wp\/v2\/product_tag?post=68620"}],"curies":[{"name":"wp","href":"https:\/\/api.w.org\/{rel}","templated":true}]}}