{"id":68619,"date":"2022-02-12T14:44:37","date_gmt":"2022-02-12T13:44:37","guid":{"rendered":"https:\/\/faktumonline.com\/product\/scharnier-mit-extra-weitem-offnungswinkel-von-155\/"},"modified":"2022-02-27T09:56:50","modified_gmt":"2022-02-27T08:56:50","slug":"scharnier-mit-extra-weitem-offnungswinkel-von-155","status":"publish","type":"product","link":"https:\/\/faktumonline.com\/de\/produkt\/scharnier-mit-extra-weitem-offnungswinkel-von-155\/","title":{"rendered":"Scharnier mit extra weitem \u00d6ffnungswinkel von 155\u00b0"},"content":{"rendered":"","protected":false},"excerpt":{"rendered":"<p>Dies ist ein Scharnier f\u00fcr eine IKEA Faktum\/ Rationell-K\u00fcche mit einem extra breiten \u00d6ffnungswinkel von 155\u00b0. Moderne und luxuri\u00f6se SoftClose + SelfClose Technologie ist eingebaut. Wird einzeln als Ersatzteil bestellt. Typischerweise werden 2, 3 oder 4 Scharniere pro T\u00fcr ben\u00f6tigt.<\/p>\n<p>Dieses extra weit zu \u00f6ffnende Scharnier hat zwei Hauptzwecken in einer IKEA Faktum\/ Rationell-K\u00fcche:<\/p>\n<p><strong>F\u00fcr einen 90\u00b0-Eckschrank:<\/strong> Verwenden Sie dieses Scharnier, um die erste Faltt\u00fcr (30\u00d770 Teil A) mit dem Schrank zu verbinden. Normalerweise werden 2x Scharniere + 2x Montageplatten ben\u00f6tigt. Um die beiden Faltt\u00fcren (30\u00d770 A + B) miteinander zu verbinden, verwenden Sie stattdessen bitte die \u201eVerbindung Faltt\u00fcrscharniere f\u00fcr einen 90\u00b0-Eckschrank\u201c.<br \/>\nDieses Scharnier kann auch f\u00fcr einen 120 \u00d7 70-Eckschrank verwendet werden, typischerweise zum Anschlie\u00dfen einer normalen 60 \u00d7 70 T\u00fcr, die im Vergleich zu einer normalen T\u00fcr etwas weiter ge\u00f6ffnet werden muss.<\/p>\n<p><strong>Innenschubladen:<\/strong> Dieses Scharnier ist ideal f\u00fcr einen Schrank mit Innenschubladen (Schubladen, die hinter einer T\u00fcr versteckt sind). Dieses Scharnier bewegt die T\u00fcr aus dem Weg und gibt einen freien Durchgang f\u00fcr die Innenschubladen, die herausgezogen und wieder hineingezogen werden k\u00f6nnen.<\/p>\n<p>Einige T\u00fcren ben\u00f6tigen 2 Scharniere. H\u00f6here T\u00fcren ben\u00f6tigen m\u00f6glicherweise 3 oder 4 Scharniere. Dieses Scharnier wird einzeln verkauft und erfordert auch eine Montageplatte, das Teil, das im Inneren des Schranks montiert wird und das Scharnier mit dem Schrank verbindet. Wenn Sie bereits eine Montageplatte f\u00fcr Faktum haben, k\u00f6nnen Sie diese weiterverwenden. Wenn nicht, markieren Sie bitte in dem Feld unten, um die gleiche Menge an Montageplatten in Ihren Warenkorb zu legen.<\/p>\n","protected":false},"featured_media":68107,"template":"","meta":[],"product_brand":[],"product_cat":[1261],"product_tag":[],"class_list":{"0":"post-68619","1":"product","2":"type-product","3":"status-publish","4":"has-post-thumbnail","6":"product_cat-spezial-scharniere-fur-faktum","7":"product_shipping_class-versand-bearbeitung","8":"sales-flash-overlay","9":"woocommerce-text-align-center","10":"woocommerce-image-align-center","11":"wc-has-gallery","13":"first","14":"instock","15":"taxable","16":"shipping-taxable","17":"purchasable","18":"product-type-simple"},"exclude_global_add_ons":true,"addons":[{"name":"Zubeh\u00f6r","type":"checkbox","position":0,"required":false,"title_format":"hide","default":"","description_enable":false,"description":"","placeholder_enable":false,"placeholder":"","display":"select","restrictions_type":"any_text","adjust_price":false,"price":"","price_type":"flat_fee","restrictions":false,"min":"0","max":"0","options":[{"label":"Montageplatte f\u00fcr das Scharnier","price":"4.50","price_type":"quantity_based","image":0}]}],"yoast_head":"<!-- This site is optimized with the Yoast SEO Premium plugin v27.0 (Yoast SEO v27.0) - https:\/\/yoast.com\/product\/yoast-seo-premium-wordpress\/ -->\n<title>Scharnier mit extra weitem \u00d6ffnungswinkel von 155\u00b0 - Faktum Online Store<\/title>\n<meta name=\"robots\" content=\"index, follow, max-snippet:-1, max-image-preview:large, max-video-preview:-1\" \/>\n<link rel=\"canonical\" href=\"https:\/\/faktumonline.com\/de\/produkt\/scharnier-mit-extra-weitem-offnungswinkel-von-155\/\" \/>\n<meta property=\"og:locale\" content=\"de_DE\" \/>\n<meta property=\"og:type\" content=\"article\" \/>\n<meta property=\"og:title\" content=\"Scharnier mit extra weitem \u00d6ffnungswinkel von 155\u00b0\" \/>\n<meta property=\"og:description\" content=\"Dies ist ein Scharnier f\u00fcr eine IKEA Faktum\/ Rationell-K\u00fcche mit einem extra breiten \u00d6ffnungswinkel von 155\u00b0. Moderne und luxuri\u00f6se SoftClose + SelfClose Technologie ist eingebaut. Wird einzeln als Ersatzteil bestellt. Typischerweise werden 2, 3 oder 4 Scharniere pro T\u00fcr ben\u00f6tigt.  Dieses extra weit zu \u00f6ffnende Scharnier hat zwei Hauptzwecken in einer IKEA Faktum\/ Rationell-K\u00fcche:  F\u00fcr einen 90\u00b0-Eckschrank: Verwenden Sie dieses Scharnier, um die erste Faltt\u00fcr (30\u00d770 Teil A) mit dem Schrank zu verbinden. Normalerweise werden 2x Scharniere + 2x Montageplatten ben\u00f6tigt. Um die beiden Faltt\u00fcren (30\u00d770 A + B) miteinander zu verbinden, verwenden Sie stattdessen bitte die \u201eVerbindung Faltt\u00fcrscharniere f\u00fcr einen 90\u00b0-Eckschrank\u201c. Dieses Scharnier kann auch f\u00fcr einen 120 \u00d7 70-Eckschrank verwendet werden, typischerweise zum Anschlie\u00dfen einer normalen 60 \u00d7 70 T\u00fcr, die im Vergleich zu einer normalen T\u00fcr etwas weiter ge\u00f6ffnet werden muss.  Innenschubladen: Dieses Scharnier ist ideal f\u00fcr einen Schrank mit Innenschubladen (Schubladen, die hinter einer T\u00fcr versteckt sind). Dieses Scharnier bewegt die T\u00fcr aus dem Weg und gibt einen freien Durchgang f\u00fcr die Innenschubladen, die herausgezogen und wieder hineingezogen werden k\u00f6nnen.  Einige T\u00fcren ben\u00f6tigen 2 Scharniere. H\u00f6here T\u00fcren ben\u00f6tigen m\u00f6glicherweise 3 oder 4 Scharniere. Dieses Scharnier wird einzeln verkauft und erfordert auch eine Montageplatte, das Teil, das im Inneren des Schranks montiert wird und das Scharnier mit dem Schrank verbindet. Wenn Sie bereits eine Montageplatte f\u00fcr Faktum haben, k\u00f6nnen Sie diese weiterverwenden. Wenn nicht, markieren Sie bitte in dem Feld unten, um die gleiche Menge an Montageplatten in Ihren Warenkorb zu legen.\" \/>\n<meta property=\"og:url\" content=\"https:\/\/faktumonline.com\/de\/produkt\/scharnier-mit-extra-weitem-offnungswinkel-von-155\/\" \/>\n<meta property=\"og:site_name\" content=\"Faktum Online Store\" \/>\n<meta property=\"article:modified_time\" content=\"2022-02-27T08:56:50+00:00\" \/>\n<meta property=\"og:image\" content=\"https:\/\/faktumonline.com\/wp-content\/uploads\/2022\/02\/Ga\u030angja\u0308rn-fo\u0308r-IKEA-Faktum-med-extra-stor-o\u0308ppningsvinkel.jpg\" \/>\n\t<meta property=\"og:image:width\" content=\"1500\" \/>\n\t<meta property=\"og:image:height\" content=\"1037\" \/>\n\t<meta property=\"og:image:type\" content=\"image\/jpeg\" \/>\n<meta name=\"twitter:card\" content=\"summary_large_image\" \/>\n<script type=\"application\/ld+json\" class=\"yoast-schema-graph\">{\"@context\":\"https:\/\/schema.org\",\"@graph\":[{\"@type\":\"WebPage\",\"@id\":\"https:\/\/faktumonline.com\/de\/produkt\/scharnier-mit-extra-weitem-offnungswinkel-von-155\/\",\"url\":\"https:\/\/faktumonline.com\/de\/produkt\/scharnier-mit-extra-weitem-offnungswinkel-von-155\/\",\"name\":\"Scharnier mit extra weitem \u00d6ffnungswinkel von 155\u00b0 - Faktum Online Store\",\"isPartOf\":{\"@id\":\"https:\/\/faktumonline.com\/da\/#website\"},\"primaryImageOfPage\":{\"@id\":\"https:\/\/faktumonline.com\/de\/produkt\/scharnier-mit-extra-weitem-offnungswinkel-von-155\/#primaryimage\"},\"image\":{\"@id\":\"https:\/\/faktumonline.com\/de\/produkt\/scharnier-mit-extra-weitem-offnungswinkel-von-155\/#primaryimage\"},\"thumbnailUrl\":\"https:\/\/faktumonline.com\/wp-content\/uploads\/2022\/02\/Ga\u030angja\u0308rn-fo\u0308r-IKEA-Faktum-med-extra-stor-o\u0308ppningsvinkel.jpg\",\"datePublished\":\"2022-02-12T13:44:37+00:00\",\"dateModified\":\"2022-02-27T08:56:50+00:00\",\"breadcrumb\":{\"@id\":\"https:\/\/faktumonline.com\/de\/produkt\/scharnier-mit-extra-weitem-offnungswinkel-von-155\/#breadcrumb\"},\"inLanguage\":\"de\",\"potentialAction\":[{\"@type\":\"ReadAction\",\"target\":[\"https:\/\/faktumonline.com\/de\/produkt\/scharnier-mit-extra-weitem-offnungswinkel-von-155\/\"]}]},{\"@type\":\"ImageObject\",\"inLanguage\":\"de\",\"@id\":\"https:\/\/faktumonline.com\/de\/produkt\/scharnier-mit-extra-weitem-offnungswinkel-von-155\/#primaryimage\",\"url\":\"https:\/\/faktumonline.com\/wp-content\/uploads\/2022\/02\/Ga\u030angja\u0308rn-fo\u0308r-IKEA-Faktum-med-extra-stor-o\u0308ppningsvinkel.jpg\",\"contentUrl\":\"https:\/\/faktumonline.com\/wp-content\/uploads\/2022\/02\/Ga\u030angja\u0308rn-fo\u0308r-IKEA-Faktum-med-extra-stor-o\u0308ppningsvinkel.jpg\",\"width\":1500,\"height\":1037,\"caption\":\"Soft Close Hinge extra wide opening\"},{\"@type\":\"BreadcrumbList\",\"@id\":\"https:\/\/faktumonline.com\/de\/produkt\/scharnier-mit-extra-weitem-offnungswinkel-von-155\/#breadcrumb\",\"itemListElement\":[{\"@type\":\"ListItem\",\"position\":1,\"name\":\"Hem\",\"item\":\"https:\/\/faktumonline.com\/de\/\"},{\"@type\":\"ListItem\",\"position\":2,\"name\":\"Webshop\",\"item\":\"https:\/\/faktumonline.com\/de\/webshop\/\"},{\"@type\":\"ListItem\",\"position\":3,\"name\":\"Scharnier mit extra weitem \u00d6ffnungswinkel von 155\u00b0\"}]},{\"@type\":\"WebSite\",\"@id\":\"https:\/\/faktumonline.com\/da\/#website\",\"url\":\"https:\/\/faktumonline.com\/da\/\",\"name\":\"Faktum Online Store\",\"description\":\"Premium doors for IKEA kitchens\",\"potentialAction\":[{\"@type\":\"SearchAction\",\"target\":{\"@type\":\"EntryPoint\",\"urlTemplate\":\"https:\/\/faktumonline.com\/da\/?s={search_term_string}\"},\"query-input\":{\"@type\":\"PropertyValueSpecification\",\"valueRequired\":true,\"valueName\":\"search_term_string\"}}],\"inLanguage\":\"de\"}]}<\/script>\n<!-- \/ Yoast SEO Premium plugin. -->","yoast_head_json":{"title":"Scharnier mit extra weitem \u00d6ffnungswinkel von 155\u00b0 - Faktum Online Store","robots":{"index":"index","follow":"follow","max-snippet":"max-snippet:-1","max-image-preview":"max-image-preview:large","max-video-preview":"max-video-preview:-1"},"canonical":"https:\/\/faktumonline.com\/de\/produkt\/scharnier-mit-extra-weitem-offnungswinkel-von-155\/","og_locale":"de_DE","og_type":"article","og_title":"Scharnier mit extra weitem \u00d6ffnungswinkel von 155\u00b0","og_description":"Dies ist ein Scharnier f\u00fcr eine IKEA Faktum\/ Rationell-K\u00fcche mit einem extra breiten \u00d6ffnungswinkel von 155\u00b0. Moderne und luxuri\u00f6se SoftClose + SelfClose Technologie ist eingebaut. Wird einzeln als Ersatzteil bestellt. Typischerweise werden 2, 3 oder 4 Scharniere pro T\u00fcr ben\u00f6tigt.  Dieses extra weit zu \u00f6ffnende Scharnier hat zwei Hauptzwecken in einer IKEA Faktum\/ Rationell-K\u00fcche:  F\u00fcr einen 90\u00b0-Eckschrank: Verwenden Sie dieses Scharnier, um die erste Faltt\u00fcr (30\u00d770 Teil A) mit dem Schrank zu verbinden. Normalerweise werden 2x Scharniere + 2x Montageplatten ben\u00f6tigt. Um die beiden Faltt\u00fcren (30\u00d770 A + B) miteinander zu verbinden, verwenden Sie stattdessen bitte die \u201eVerbindung Faltt\u00fcrscharniere f\u00fcr einen 90\u00b0-Eckschrank\u201c. Dieses Scharnier kann auch f\u00fcr einen 120 \u00d7 70-Eckschrank verwendet werden, typischerweise zum Anschlie\u00dfen einer normalen 60 \u00d7 70 T\u00fcr, die im Vergleich zu einer normalen T\u00fcr etwas weiter ge\u00f6ffnet werden muss.  Innenschubladen: Dieses Scharnier ist ideal f\u00fcr einen Schrank mit Innenschubladen (Schubladen, die hinter einer T\u00fcr versteckt sind). Dieses Scharnier bewegt die T\u00fcr aus dem Weg und gibt einen freien Durchgang f\u00fcr die Innenschubladen, die herausgezogen und wieder hineingezogen werden k\u00f6nnen.  Einige T\u00fcren ben\u00f6tigen 2 Scharniere. H\u00f6here T\u00fcren ben\u00f6tigen m\u00f6glicherweise 3 oder 4 Scharniere. Dieses Scharnier wird einzeln verkauft und erfordert auch eine Montageplatte, das Teil, das im Inneren des Schranks montiert wird und das Scharnier mit dem Schrank verbindet. Wenn Sie bereits eine Montageplatte f\u00fcr Faktum haben, k\u00f6nnen Sie diese weiterverwenden. Wenn nicht, markieren Sie bitte in dem Feld unten, um die gleiche Menge an Montageplatten in Ihren Warenkorb zu legen.","og_url":"https:\/\/faktumonline.com\/de\/produkt\/scharnier-mit-extra-weitem-offnungswinkel-von-155\/","og_site_name":"Faktum Online Store","article_modified_time":"2022-02-27T08:56:50+00:00","og_image":[{"width":1500,"height":1037,"url":"https:\/\/faktumonline.com\/wp-content\/uploads\/2022\/02\/Ga\u030angja\u0308rn-fo\u0308r-IKEA-Faktum-med-extra-stor-o\u0308ppningsvinkel.jpg","type":"image\/jpeg"}],"twitter_card":"summary_large_image","schema":{"@context":"https:\/\/schema.org","@graph":[{"@type":"WebPage","@id":"https:\/\/faktumonline.com\/de\/produkt\/scharnier-mit-extra-weitem-offnungswinkel-von-155\/","url":"https:\/\/faktumonline.com\/de\/produkt\/scharnier-mit-extra-weitem-offnungswinkel-von-155\/","name":"Scharnier mit extra weitem \u00d6ffnungswinkel von 155\u00b0 - Faktum Online Store","isPartOf":{"@id":"https:\/\/faktumonline.com\/da\/#website"},"primaryImageOfPage":{"@id":"https:\/\/faktumonline.com\/de\/produkt\/scharnier-mit-extra-weitem-offnungswinkel-von-155\/#primaryimage"},"image":{"@id":"https:\/\/faktumonline.com\/de\/produkt\/scharnier-mit-extra-weitem-offnungswinkel-von-155\/#primaryimage"},"thumbnailUrl":"https:\/\/faktumonline.com\/wp-content\/uploads\/2022\/02\/Ga\u030angja\u0308rn-fo\u0308r-IKEA-Faktum-med-extra-stor-o\u0308ppningsvinkel.jpg","datePublished":"2022-02-12T13:44:37+00:00","dateModified":"2022-02-27T08:56:50+00:00","breadcrumb":{"@id":"https:\/\/faktumonline.com\/de\/produkt\/scharnier-mit-extra-weitem-offnungswinkel-von-155\/#breadcrumb"},"inLanguage":"de","potentialAction":[{"@type":"ReadAction","target":["https:\/\/faktumonline.com\/de\/produkt\/scharnier-mit-extra-weitem-offnungswinkel-von-155\/"]}]},{"@type":"ImageObject","inLanguage":"de","@id":"https:\/\/faktumonline.com\/de\/produkt\/scharnier-mit-extra-weitem-offnungswinkel-von-155\/#primaryimage","url":"https:\/\/faktumonline.com\/wp-content\/uploads\/2022\/02\/Ga\u030angja\u0308rn-fo\u0308r-IKEA-Faktum-med-extra-stor-o\u0308ppningsvinkel.jpg","contentUrl":"https:\/\/faktumonline.com\/wp-content\/uploads\/2022\/02\/Ga\u030angja\u0308rn-fo\u0308r-IKEA-Faktum-med-extra-stor-o\u0308ppningsvinkel.jpg","width":1500,"height":1037,"caption":"Soft Close Hinge extra wide opening"},{"@type":"BreadcrumbList","@id":"https:\/\/faktumonline.com\/de\/produkt\/scharnier-mit-extra-weitem-offnungswinkel-von-155\/#breadcrumb","itemListElement":[{"@type":"ListItem","position":1,"name":"Hem","item":"https:\/\/faktumonline.com\/de\/"},{"@type":"ListItem","position":2,"name":"Webshop","item":"https:\/\/faktumonline.com\/de\/webshop\/"},{"@type":"ListItem","position":3,"name":"Scharnier mit extra weitem \u00d6ffnungswinkel von 155\u00b0"}]},{"@type":"WebSite","@id":"https:\/\/faktumonline.com\/da\/#website","url":"https:\/\/faktumonline.com\/da\/","name":"Faktum Online Store","description":"Premium doors for IKEA kitchens","potentialAction":[{"@type":"SearchAction","target":{"@type":"EntryPoint","urlTemplate":"https:\/\/faktumonline.com\/da\/?s={search_term_string}"},"query-input":{"@type":"PropertyValueSpecification","valueRequired":true,"valueName":"search_term_string"}}],"inLanguage":"de"}]}},"_links":{"self":[{"href":"https:\/\/faktumonline.com\/de\/wp-json\/wp\/v2\/product\/68619","targetHints":{"allow":["GET"]}}],"collection":[{"href":"https:\/\/faktumonline.com\/de\/wp-json\/wp\/v2\/product"}],"about":[{"href":"https:\/\/faktumonline.com\/de\/wp-json\/wp\/v2\/types\/product"}],"version-history":[{"count":1,"href":"https:\/\/faktumonline.com\/de\/wp-json\/wp\/v2\/product\/68619\/revisions"}],"predecessor-version":[{"id":68622,"href":"https:\/\/faktumonline.com\/de\/wp-json\/wp\/v2\/product\/68619\/revisions\/68622"}],"wp:featuredmedia":[{"embeddable":true,"href":"https:\/\/faktumonline.com\/de\/wp-json\/wp\/v2\/media\/68107"}],"wp:attachment":[{"href":"https:\/\/faktumonline.com\/de\/wp-json\/wp\/v2\/media?parent=68619"}],"wp:term":[{"taxonomy":"product_brand","embeddable":true,"href":"https:\/\/faktumonline.com\/de\/wp-json\/wp\/v2\/product_brand?post=68619"},{"taxonomy":"product_cat","embeddable":true,"href":"https:\/\/faktumonline.com\/de\/wp-json\/wp\/v2\/product_cat?post=68619"},{"taxonomy":"product_tag","embeddable":true,"href":"https:\/\/faktumonline.com\/de\/wp-json\/wp\/v2\/product_tag?post=68619"}],"curies":[{"name":"wp","href":"https:\/\/api.w.org\/{rel}","templated":true}]}}