{"id":68617,"date":"2021-01-04T13:53:17","date_gmt":"2021-01-04T12:53:17","guid":{"rendered":"https:\/\/faktumonline.com\/product\/scharnier-zwischen-faltturen-in-einen-90-eckschrank\/"},"modified":"2021-01-04T13:53:17","modified_gmt":"2021-01-04T12:53:17","slug":"scharnier-zwischen-faltturen-in-einen-90-eckschrank","status":"publish","type":"product","link":"https:\/\/faktumonline.com\/de\/produkt\/scharnier-zwischen-faltturen-in-einen-90-eckschrank\/","title":{"rendered":"Scharnier zwischen Faltt\u00fcren in einen 90\u00b0-Eckschrank"},"content":{"rendered":"","protected":false},"excerpt":{"rendered":"<p>Dies ist ein Scharnier f\u00fcr eine IKEA Faktum\/ Rationell-K\u00fcche, das die beiden Faltt\u00fcren miteinander verbindet. Typischerweise 2x 30\u00d770 T\u00fcren (A + B) montiert auf einem 90\u00b0 Unter-Eckschrank. Wird einzeln als Ersatzteil verkauft. Meistens werden insgesamt 2 Scharniere ben\u00f6tigt.<\/p>\n<p>Bitte verwenden Sie das Scharnier mit einem extra breiten \u00d6ffnungswinkel von 155\u00b0, um die erste T\u00fcr (die 30\u00d770 A) mit dem Schrank zu verbinden.<\/p>\n<p>Pro Scharnier wird eine Montageplatte ben\u00f6tigt. Eine Montageplatte ist das Teil, das an der anderen T\u00fcr angebracht ist und mit dem das \u201eFaltt\u00fcr\u201c-Scharnier verbunden ist. Wenn Sie eine Montageplatte von fr\u00fcher haben, k\u00f6nnen Sie die wiederverwenden. Wenn nicht, markieren Sie in dem Feld unten, um Ihrem Warenkorb eins pro Scharnier hinzuzuf\u00fcgen.<\/p>\n","protected":false},"featured_media":50529,"template":"","meta":[],"product_brand":[],"product_cat":[1261],"product_tag":[],"class_list":{"0":"post-68617","1":"product","2":"type-product","3":"status-publish","4":"has-post-thumbnail","6":"product_cat-spezial-scharniere-fur-faktum","7":"product_shipping_class-versand-bearbeitung","8":"sales-flash-overlay","9":"woocommerce-text-align-center","10":"woocommerce-image-align-center","11":"wc-has-gallery","13":"first","14":"instock","15":"taxable","16":"shipping-taxable","17":"purchasable","18":"product-type-simple"},"exclude_global_add_ons":true,"addons":[{"name":"Zubeh\u00f6r","type":"checkbox","position":0,"required":false,"title_format":"hide","default":"","description_enable":false,"description":"","placeholder_enable":false,"placeholder":"","display":"select","restrictions_type":"any_text","adjust_price":false,"price":"","price_type":"flat_fee","restrictions":false,"min":"0","max":"0","options":[{"label":"Montageplatte f\u00fcr das Scharnier","price":"4.50","price_type":"quantity_based","image":0}]}],"yoast_head":"<!-- This site is optimized with the Yoast SEO Premium plugin v27.4 (Yoast SEO v27.4) - https:\/\/yoast.com\/product\/yoast-seo-premium-wordpress\/ -->\n<title>Scharnier zwischen Faltt\u00fcren in einen 90\u00b0-Eckschrank - Faktum Online Store<\/title>\n<meta name=\"robots\" content=\"index, follow, max-snippet:-1, max-image-preview:large, max-video-preview:-1\" \/>\n<link rel=\"canonical\" href=\"https:\/\/faktumonline.com\/de\/produkt\/scharnier-zwischen-faltturen-in-einen-90-eckschrank\/\" \/>\n<meta property=\"og:locale\" content=\"de_DE\" \/>\n<meta property=\"og:type\" content=\"article\" \/>\n<meta property=\"og:title\" content=\"Scharnier zwischen Faltt\u00fcren in einen 90\u00b0-Eckschrank\" \/>\n<meta property=\"og:description\" content=\"Dies ist ein Scharnier f\u00fcr eine IKEA Faktum\/ Rationell-K\u00fcche, das die beiden Faltt\u00fcren miteinander verbindet. Typischerweise 2x 30\u00d770 T\u00fcren (A + B) montiert auf einem 90\u00b0 Unter-Eckschrank. Wird einzeln als Ersatzteil verkauft. Meistens werden insgesamt 2 Scharniere ben\u00f6tigt.  Bitte verwenden Sie das Scharnier mit einem extra breiten \u00d6ffnungswinkel von 155\u00b0, um die erste T\u00fcr (die 30\u00d770 A) mit dem Schrank zu verbinden.  Pro Scharnier wird eine Montageplatte ben\u00f6tigt. Eine Montageplatte ist das Teil, das an der anderen T\u00fcr angebracht ist und mit dem das \u201eFaltt\u00fcr\u201c-Scharnier verbunden ist. Wenn Sie eine Montageplatte von fr\u00fcher haben, k\u00f6nnen Sie die wiederverwenden. Wenn nicht, markieren Sie in dem Feld unten, um Ihrem Warenkorb eins pro Scharnier hinzuzuf\u00fcgen.\" \/>\n<meta property=\"og:url\" content=\"https:\/\/faktumonline.com\/de\/produkt\/scharnier-zwischen-faltturen-in-einen-90-eckschrank\/\" \/>\n<meta property=\"og:site_name\" content=\"Faktum Online Store\" \/>\n<meta property=\"og:image\" content=\"https:\/\/faktumonline.com\/wp-content\/uploads\/2021\/01\/Ho\u0308rnga\u030angja\u0308rn-90\u00b0-fo\u0308r-do\u0308rrar-30x70-IKEA-Faktum.jpg\" \/>\n\t<meta property=\"og:image:width\" content=\"1758\" \/>\n\t<meta property=\"og:image:height\" content=\"989\" \/>\n\t<meta property=\"og:image:type\" content=\"image\/jpeg\" \/>\n<meta name=\"twitter:card\" content=\"summary_large_image\" \/>\n<script type=\"application\/ld+json\" class=\"yoast-schema-graph\">{\"@context\":\"https:\\\/\\\/schema.org\",\"@graph\":[{\"@type\":\"WebPage\",\"@id\":\"https:\\\/\\\/faktumonline.com\\\/de\\\/produkt\\\/scharnier-zwischen-faltturen-in-einen-90-eckschrank\\\/\",\"url\":\"https:\\\/\\\/faktumonline.com\\\/de\\\/produkt\\\/scharnier-zwischen-faltturen-in-einen-90-eckschrank\\\/\",\"name\":\"Scharnier zwischen Faltt\u00fcren in einen 90\u00b0-Eckschrank - Faktum Online Store\",\"isPartOf\":{\"@id\":\"https:\\\/\\\/faktumonline.com\\\/da\\\/#website\"},\"primaryImageOfPage\":{\"@id\":\"https:\\\/\\\/faktumonline.com\\\/de\\\/produkt\\\/scharnier-zwischen-faltturen-in-einen-90-eckschrank\\\/#primaryimage\"},\"image\":{\"@id\":\"https:\\\/\\\/faktumonline.com\\\/de\\\/produkt\\\/scharnier-zwischen-faltturen-in-einen-90-eckschrank\\\/#primaryimage\"},\"thumbnailUrl\":\"https:\\\/\\\/faktumonline.com\\\/wp-content\\\/uploads\\\/2021\\\/01\\\/Ho\u0308rnga\u030angja\u0308rn-90\u00b0-fo\u0308r-do\u0308rrar-30x70-IKEA-Faktum.jpg\",\"datePublished\":\"2021-01-04T12:53:17+00:00\",\"breadcrumb\":{\"@id\":\"https:\\\/\\\/faktumonline.com\\\/de\\\/produkt\\\/scharnier-zwischen-faltturen-in-einen-90-eckschrank\\\/#breadcrumb\"},\"inLanguage\":\"de\",\"potentialAction\":[{\"@type\":\"ReadAction\",\"target\":[\"https:\\\/\\\/faktumonline.com\\\/de\\\/produkt\\\/scharnier-zwischen-faltturen-in-einen-90-eckschrank\\\/\"]}]},{\"@type\":\"ImageObject\",\"inLanguage\":\"de\",\"@id\":\"https:\\\/\\\/faktumonline.com\\\/de\\\/produkt\\\/scharnier-zwischen-faltturen-in-einen-90-eckschrank\\\/#primaryimage\",\"url\":\"https:\\\/\\\/faktumonline.com\\\/wp-content\\\/uploads\\\/2021\\\/01\\\/Ho\u0308rnga\u030angja\u0308rn-90\u00b0-fo\u0308r-do\u0308rrar-30x70-IKEA-Faktum.jpg\",\"contentUrl\":\"https:\\\/\\\/faktumonline.com\\\/wp-content\\\/uploads\\\/2021\\\/01\\\/Ho\u0308rnga\u030angja\u0308rn-90\u00b0-fo\u0308r-do\u0308rrar-30x70-IKEA-Faktum.jpg\",\"width\":1758,\"height\":989,\"caption\":\"Scharniere f\u00fcr einen IKEA Faktum Eckschrank + Faltt\u00fcren.\"},{\"@type\":\"BreadcrumbList\",\"@id\":\"https:\\\/\\\/faktumonline.com\\\/de\\\/produkt\\\/scharnier-zwischen-faltturen-in-einen-90-eckschrank\\\/#breadcrumb\",\"itemListElement\":[{\"@type\":\"ListItem\",\"position\":1,\"name\":\"Hem\",\"item\":\"https:\\\/\\\/faktumonline.com\\\/de\\\/\"},{\"@type\":\"ListItem\",\"position\":2,\"name\":\"Webshop\",\"item\":\"https:\\\/\\\/faktumonline.com\\\/de\\\/webshop\\\/\"},{\"@type\":\"ListItem\",\"position\":3,\"name\":\"Scharnier zwischen Faltt\u00fcren in einen 90\u00b0-Eckschrank\"}]},{\"@type\":\"WebSite\",\"@id\":\"https:\\\/\\\/faktumonline.com\\\/da\\\/#website\",\"url\":\"https:\\\/\\\/faktumonline.com\\\/da\\\/\",\"name\":\"Faktum Online Store\",\"description\":\"Premium doors for IKEA kitchens\",\"potentialAction\":[{\"@type\":\"SearchAction\",\"target\":{\"@type\":\"EntryPoint\",\"urlTemplate\":\"https:\\\/\\\/faktumonline.com\\\/da\\\/?s={search_term_string}\"},\"query-input\":{\"@type\":\"PropertyValueSpecification\",\"valueRequired\":true,\"valueName\":\"search_term_string\"}}],\"inLanguage\":\"de\"}]}<\/script>\n<!-- \/ Yoast SEO Premium plugin. -->","yoast_head_json":{"title":"Scharnier zwischen Faltt\u00fcren in einen 90\u00b0-Eckschrank - Faktum Online Store","robots":{"index":"index","follow":"follow","max-snippet":"max-snippet:-1","max-image-preview":"max-image-preview:large","max-video-preview":"max-video-preview:-1"},"canonical":"https:\/\/faktumonline.com\/de\/produkt\/scharnier-zwischen-faltturen-in-einen-90-eckschrank\/","og_locale":"de_DE","og_type":"article","og_title":"Scharnier zwischen Faltt\u00fcren in einen 90\u00b0-Eckschrank","og_description":"Dies ist ein Scharnier f\u00fcr eine IKEA Faktum\/ Rationell-K\u00fcche, das die beiden Faltt\u00fcren miteinander verbindet. Typischerweise 2x 30\u00d770 T\u00fcren (A + B) montiert auf einem 90\u00b0 Unter-Eckschrank. Wird einzeln als Ersatzteil verkauft. Meistens werden insgesamt 2 Scharniere ben\u00f6tigt.  Bitte verwenden Sie das Scharnier mit einem extra breiten \u00d6ffnungswinkel von 155\u00b0, um die erste T\u00fcr (die 30\u00d770 A) mit dem Schrank zu verbinden.  Pro Scharnier wird eine Montageplatte ben\u00f6tigt. Eine Montageplatte ist das Teil, das an der anderen T\u00fcr angebracht ist und mit dem das \u201eFaltt\u00fcr\u201c-Scharnier verbunden ist. Wenn Sie eine Montageplatte von fr\u00fcher haben, k\u00f6nnen Sie die wiederverwenden. Wenn nicht, markieren Sie in dem Feld unten, um Ihrem Warenkorb eins pro Scharnier hinzuzuf\u00fcgen.","og_url":"https:\/\/faktumonline.com\/de\/produkt\/scharnier-zwischen-faltturen-in-einen-90-eckschrank\/","og_site_name":"Faktum Online Store","og_image":[{"width":1758,"height":989,"url":"https:\/\/faktumonline.com\/wp-content\/uploads\/2021\/01\/Ho\u0308rnga\u030angja\u0308rn-90\u00b0-fo\u0308r-do\u0308rrar-30x70-IKEA-Faktum.jpg","type":"image\/jpeg"}],"twitter_card":"summary_large_image","schema":{"@context":"https:\/\/schema.org","@graph":[{"@type":"WebPage","@id":"https:\/\/faktumonline.com\/de\/produkt\/scharnier-zwischen-faltturen-in-einen-90-eckschrank\/","url":"https:\/\/faktumonline.com\/de\/produkt\/scharnier-zwischen-faltturen-in-einen-90-eckschrank\/","name":"Scharnier zwischen Faltt\u00fcren in einen 90\u00b0-Eckschrank - Faktum Online Store","isPartOf":{"@id":"https:\/\/faktumonline.com\/da\/#website"},"primaryImageOfPage":{"@id":"https:\/\/faktumonline.com\/de\/produkt\/scharnier-zwischen-faltturen-in-einen-90-eckschrank\/#primaryimage"},"image":{"@id":"https:\/\/faktumonline.com\/de\/produkt\/scharnier-zwischen-faltturen-in-einen-90-eckschrank\/#primaryimage"},"thumbnailUrl":"https:\/\/faktumonline.com\/wp-content\/uploads\/2021\/01\/Ho\u0308rnga\u030angja\u0308rn-90\u00b0-fo\u0308r-do\u0308rrar-30x70-IKEA-Faktum.jpg","datePublished":"2021-01-04T12:53:17+00:00","breadcrumb":{"@id":"https:\/\/faktumonline.com\/de\/produkt\/scharnier-zwischen-faltturen-in-einen-90-eckschrank\/#breadcrumb"},"inLanguage":"de","potentialAction":[{"@type":"ReadAction","target":["https:\/\/faktumonline.com\/de\/produkt\/scharnier-zwischen-faltturen-in-einen-90-eckschrank\/"]}]},{"@type":"ImageObject","inLanguage":"de","@id":"https:\/\/faktumonline.com\/de\/produkt\/scharnier-zwischen-faltturen-in-einen-90-eckschrank\/#primaryimage","url":"https:\/\/faktumonline.com\/wp-content\/uploads\/2021\/01\/Ho\u0308rnga\u030angja\u0308rn-90\u00b0-fo\u0308r-do\u0308rrar-30x70-IKEA-Faktum.jpg","contentUrl":"https:\/\/faktumonline.com\/wp-content\/uploads\/2021\/01\/Ho\u0308rnga\u030angja\u0308rn-90\u00b0-fo\u0308r-do\u0308rrar-30x70-IKEA-Faktum.jpg","width":1758,"height":989,"caption":"Scharniere f\u00fcr einen IKEA Faktum Eckschrank + Faltt\u00fcren."},{"@type":"BreadcrumbList","@id":"https:\/\/faktumonline.com\/de\/produkt\/scharnier-zwischen-faltturen-in-einen-90-eckschrank\/#breadcrumb","itemListElement":[{"@type":"ListItem","position":1,"name":"Hem","item":"https:\/\/faktumonline.com\/de\/"},{"@type":"ListItem","position":2,"name":"Webshop","item":"https:\/\/faktumonline.com\/de\/webshop\/"},{"@type":"ListItem","position":3,"name":"Scharnier zwischen Faltt\u00fcren in einen 90\u00b0-Eckschrank"}]},{"@type":"WebSite","@id":"https:\/\/faktumonline.com\/da\/#website","url":"https:\/\/faktumonline.com\/da\/","name":"Faktum Online Store","description":"Premium doors for IKEA kitchens","potentialAction":[{"@type":"SearchAction","target":{"@type":"EntryPoint","urlTemplate":"https:\/\/faktumonline.com\/da\/?s={search_term_string}"},"query-input":{"@type":"PropertyValueSpecification","valueRequired":true,"valueName":"search_term_string"}}],"inLanguage":"de"}]}},"_links":{"self":[{"href":"https:\/\/faktumonline.com\/de\/wp-json\/wp\/v2\/product\/68617","targetHints":{"allow":["GET"]}}],"collection":[{"href":"https:\/\/faktumonline.com\/de\/wp-json\/wp\/v2\/product"}],"about":[{"href":"https:\/\/faktumonline.com\/de\/wp-json\/wp\/v2\/types\/product"}],"version-history":[{"count":0,"href":"https:\/\/faktumonline.com\/de\/wp-json\/wp\/v2\/product\/68617\/revisions"}],"wp:featuredmedia":[{"embeddable":true,"href":"https:\/\/faktumonline.com\/de\/wp-json\/wp\/v2\/media\/50529"}],"wp:attachment":[{"href":"https:\/\/faktumonline.com\/de\/wp-json\/wp\/v2\/media?parent=68617"}],"wp:term":[{"taxonomy":"product_brand","embeddable":true,"href":"https:\/\/faktumonline.com\/de\/wp-json\/wp\/v2\/product_brand?post=68617"},{"taxonomy":"product_cat","embeddable":true,"href":"https:\/\/faktumonline.com\/de\/wp-json\/wp\/v2\/product_cat?post=68617"},{"taxonomy":"product_tag","embeddable":true,"href":"https:\/\/faktumonline.com\/de\/wp-json\/wp\/v2\/product_tag?post=68617"}],"curies":[{"name":"wp","href":"https:\/\/api.w.org\/{rel}","templated":true}]}}