{"id":68616,"date":"2021-01-04T13:45:32","date_gmt":"2021-01-04T12:45:32","guid":{"rendered":"https:\/\/faktumonline.com\/product\/scharnier-fur-einen-faktum-wand-eckschrank-montiert-im-45-winkel\/"},"modified":"2021-01-04T13:45:32","modified_gmt":"2021-01-04T12:45:32","slug":"scharnier-fur-einen-faktum-wand-eckschrank-montiert-im-45-winkel","status":"publish","type":"product","link":"https:\/\/faktumonline.com\/de\/produkt\/scharnier-fur-einen-faktum-wand-eckschrank-montiert-im-45-winkel\/","title":{"rendered":"Scharnier f\u00fcr einen Faktum Wand-Eckschrank montiert im 45\u00b0-Winkel"},"content":{"rendered":"","protected":false},"excerpt":{"rendered":"<p>Dies ist ein Scharnier f\u00fcr einen IKEA Faktum\/ Rationell Wand-Eckschrank, der typischerweise in einem 45\u00b0-Winkel im Vergleich zu den angrenzenden Schr\u00e4nken montiert wird. Typischerweise hat der Schrank eine Faktum T\u00fcr 32\u00d770 (317\u00d7694 mm) oder einer Faktum T\u00fcr 32\u00d792 (317\u00d7918 mm).<\/p>\n<p>Das Scharnier hat moderne und luxuri\u00f6se SoftClose + SelfClose-Technologie.<\/p>\n<p>Dieses Scharnier wird einzeln verkauft und erfordert auch eine Montageplatte, das Teil, das im Inneren des Schranks montiert wird und das Scharnier mit dem Schrank verbindet. Wenn Sie bereits eine Montageplatte f\u00fcr Faktum haben, k\u00f6nnen Sie diese weiterverwenden. Wenn nicht, markieren Sie in dem Feld unten, um die gleiche Menge von Montageplatten in Ihren Warenkorb zu legen.<\/p>\n","protected":false},"featured_media":50520,"template":"","meta":[],"product_brand":[],"product_cat":[1261],"product_tag":[],"class_list":{"0":"post-68616","1":"product","2":"type-product","3":"status-publish","4":"has-post-thumbnail","6":"product_cat-spezial-scharniere-fur-faktum","7":"product_shipping_class-versand-bearbeitung","8":"sales-flash-overlay","9":"woocommerce-text-align-center","10":"woocommerce-image-align-center","11":"wc-has-gallery","13":"first","14":"instock","15":"taxable","16":"shipping-taxable","17":"purchasable","18":"product-type-simple"},"exclude_global_add_ons":true,"addons":[{"name":"Zubeh\u00f6r","type":"checkbox","position":0,"required":false,"title_format":"hide","default":"","description_enable":false,"description":"","placeholder_enable":false,"placeholder":"","display":"select","restrictions_type":"any_text","adjust_price":false,"price":"","price_type":"flat_fee","restrictions":false,"min":"0","max":"0","options":[{"label":"Montageplatte f\u00fcr die Scharniere","price":"4.50","price_type":"quantity_based","image":0}]}],"yoast_head":"<!-- This site is optimized with the Yoast SEO Premium plugin v27.4 (Yoast SEO v27.4) - https:\/\/yoast.com\/product\/yoast-seo-premium-wordpress\/ -->\n<title>Scharnier f\u00fcr einen Faktum Wand-Eckschrank montiert im 45\u00b0-Winkel - Faktum Online Store<\/title>\n<meta name=\"robots\" content=\"index, follow, max-snippet:-1, max-image-preview:large, max-video-preview:-1\" \/>\n<link rel=\"canonical\" href=\"https:\/\/faktumonline.com\/de\/produkt\/scharnier-fur-einen-faktum-wand-eckschrank-montiert-im-45-winkel\/\" \/>\n<meta property=\"og:locale\" content=\"de_DE\" \/>\n<meta property=\"og:type\" content=\"article\" \/>\n<meta property=\"og:title\" content=\"Scharnier f\u00fcr einen Faktum Wand-Eckschrank montiert im 45\u00b0-Winkel\" \/>\n<meta property=\"og:description\" content=\"Dies ist ein Scharnier f\u00fcr einen IKEA Faktum\/ Rationell Wand-Eckschrank, der typischerweise in einem 45\u00b0-Winkel im Vergleich zu den angrenzenden Schr\u00e4nken montiert wird. Typischerweise hat der Schrank eine Faktum T\u00fcr 32\u00d770 (317\u00d7694 mm) oder einer Faktum T\u00fcr 32\u00d792 (317\u00d7918 mm).  Das Scharnier hat moderne und luxuri\u00f6se SoftClose + SelfClose-Technologie.  Dieses Scharnier wird einzeln verkauft und erfordert auch eine Montageplatte, das Teil, das im Inneren des Schranks montiert wird und das Scharnier mit dem Schrank verbindet. Wenn Sie bereits eine Montageplatte f\u00fcr Faktum haben, k\u00f6nnen Sie diese weiterverwenden. Wenn nicht, markieren Sie in dem Feld unten, um die gleiche Menge von Montageplatten in Ihren Warenkorb zu legen.\" \/>\n<meta property=\"og:url\" content=\"https:\/\/faktumonline.com\/de\/produkt\/scharnier-fur-einen-faktum-wand-eckschrank-montiert-im-45-winkel\/\" \/>\n<meta property=\"og:site_name\" content=\"Faktum Online Store\" \/>\n<meta property=\"og:image\" content=\"https:\/\/faktumonline.com\/wp-content\/uploads\/2021\/01\/Vinkelga\u030angja\u0308rn-45\u00b0-till-IKEA-Faktum-ho\u0308rndo\u0308rr.jpg\" \/>\n\t<meta property=\"og:image:width\" content=\"1856\" \/>\n\t<meta property=\"og:image:height\" content=\"1044\" \/>\n\t<meta property=\"og:image:type\" content=\"image\/jpeg\" \/>\n<meta name=\"twitter:card\" content=\"summary_large_image\" \/>\n<script type=\"application\/ld+json\" class=\"yoast-schema-graph\">{\"@context\":\"https:\\\/\\\/schema.org\",\"@graph\":[{\"@type\":\"WebPage\",\"@id\":\"https:\\\/\\\/faktumonline.com\\\/de\\\/produkt\\\/scharnier-fur-einen-faktum-wand-eckschrank-montiert-im-45-winkel\\\/\",\"url\":\"https:\\\/\\\/faktumonline.com\\\/de\\\/produkt\\\/scharnier-fur-einen-faktum-wand-eckschrank-montiert-im-45-winkel\\\/\",\"name\":\"Scharnier f\u00fcr einen Faktum Wand-Eckschrank montiert im 45\u00b0-Winkel - Faktum Online Store\",\"isPartOf\":{\"@id\":\"https:\\\/\\\/faktumonline.com\\\/da\\\/#website\"},\"primaryImageOfPage\":{\"@id\":\"https:\\\/\\\/faktumonline.com\\\/de\\\/produkt\\\/scharnier-fur-einen-faktum-wand-eckschrank-montiert-im-45-winkel\\\/#primaryimage\"},\"image\":{\"@id\":\"https:\\\/\\\/faktumonline.com\\\/de\\\/produkt\\\/scharnier-fur-einen-faktum-wand-eckschrank-montiert-im-45-winkel\\\/#primaryimage\"},\"thumbnailUrl\":\"https:\\\/\\\/faktumonline.com\\\/wp-content\\\/uploads\\\/2021\\\/01\\\/Vinkelga\u030angja\u0308rn-45\u00b0-till-IKEA-Faktum-ho\u0308rndo\u0308rr.jpg\",\"datePublished\":\"2021-01-04T12:45:32+00:00\",\"breadcrumb\":{\"@id\":\"https:\\\/\\\/faktumonline.com\\\/de\\\/produkt\\\/scharnier-fur-einen-faktum-wand-eckschrank-montiert-im-45-winkel\\\/#breadcrumb\"},\"inLanguage\":\"de\",\"potentialAction\":[{\"@type\":\"ReadAction\",\"target\":[\"https:\\\/\\\/faktumonline.com\\\/de\\\/produkt\\\/scharnier-fur-einen-faktum-wand-eckschrank-montiert-im-45-winkel\\\/\"]}]},{\"@type\":\"ImageObject\",\"inLanguage\":\"de\",\"@id\":\"https:\\\/\\\/faktumonline.com\\\/de\\\/produkt\\\/scharnier-fur-einen-faktum-wand-eckschrank-montiert-im-45-winkel\\\/#primaryimage\",\"url\":\"https:\\\/\\\/faktumonline.com\\\/wp-content\\\/uploads\\\/2021\\\/01\\\/Vinkelga\u030angja\u0308rn-45\u00b0-till-IKEA-Faktum-ho\u0308rndo\u0308rr.jpg\",\"contentUrl\":\"https:\\\/\\\/faktumonline.com\\\/wp-content\\\/uploads\\\/2021\\\/01\\\/Vinkelga\u030angja\u0308rn-45\u00b0-till-IKEA-Faktum-ho\u0308rndo\u0308rr.jpg\",\"width\":1856,\"height\":1044,\"caption\":\"Scharniere f\u00fcr einen IKEA Faktum K\u00fcchenschrank im 45\u00b0 Winkel montiert.\"},{\"@type\":\"BreadcrumbList\",\"@id\":\"https:\\\/\\\/faktumonline.com\\\/de\\\/produkt\\\/scharnier-fur-einen-faktum-wand-eckschrank-montiert-im-45-winkel\\\/#breadcrumb\",\"itemListElement\":[{\"@type\":\"ListItem\",\"position\":1,\"name\":\"Hem\",\"item\":\"https:\\\/\\\/faktumonline.com\\\/de\\\/\"},{\"@type\":\"ListItem\",\"position\":2,\"name\":\"Webshop\",\"item\":\"https:\\\/\\\/faktumonline.com\\\/de\\\/webshop\\\/\"},{\"@type\":\"ListItem\",\"position\":3,\"name\":\"Scharnier f\u00fcr einen Faktum Wand-Eckschrank montiert im 45\u00b0-Winkel\"}]},{\"@type\":\"WebSite\",\"@id\":\"https:\\\/\\\/faktumonline.com\\\/da\\\/#website\",\"url\":\"https:\\\/\\\/faktumonline.com\\\/da\\\/\",\"name\":\"Faktum Online Store\",\"description\":\"Premium doors for IKEA kitchens\",\"potentialAction\":[{\"@type\":\"SearchAction\",\"target\":{\"@type\":\"EntryPoint\",\"urlTemplate\":\"https:\\\/\\\/faktumonline.com\\\/da\\\/?s={search_term_string}\"},\"query-input\":{\"@type\":\"PropertyValueSpecification\",\"valueRequired\":true,\"valueName\":\"search_term_string\"}}],\"inLanguage\":\"de\"}]}<\/script>\n<!-- \/ Yoast SEO Premium plugin. -->","yoast_head_json":{"title":"Scharnier f\u00fcr einen Faktum Wand-Eckschrank montiert im 45\u00b0-Winkel - Faktum Online Store","robots":{"index":"index","follow":"follow","max-snippet":"max-snippet:-1","max-image-preview":"max-image-preview:large","max-video-preview":"max-video-preview:-1"},"canonical":"https:\/\/faktumonline.com\/de\/produkt\/scharnier-fur-einen-faktum-wand-eckschrank-montiert-im-45-winkel\/","og_locale":"de_DE","og_type":"article","og_title":"Scharnier f\u00fcr einen Faktum Wand-Eckschrank montiert im 45\u00b0-Winkel","og_description":"Dies ist ein Scharnier f\u00fcr einen IKEA Faktum\/ Rationell Wand-Eckschrank, der typischerweise in einem 45\u00b0-Winkel im Vergleich zu den angrenzenden Schr\u00e4nken montiert wird. Typischerweise hat der Schrank eine Faktum T\u00fcr 32\u00d770 (317\u00d7694 mm) oder einer Faktum T\u00fcr 32\u00d792 (317\u00d7918 mm).  Das Scharnier hat moderne und luxuri\u00f6se SoftClose + SelfClose-Technologie.  Dieses Scharnier wird einzeln verkauft und erfordert auch eine Montageplatte, das Teil, das im Inneren des Schranks montiert wird und das Scharnier mit dem Schrank verbindet. Wenn Sie bereits eine Montageplatte f\u00fcr Faktum haben, k\u00f6nnen Sie diese weiterverwenden. Wenn nicht, markieren Sie in dem Feld unten, um die gleiche Menge von Montageplatten in Ihren Warenkorb zu legen.","og_url":"https:\/\/faktumonline.com\/de\/produkt\/scharnier-fur-einen-faktum-wand-eckschrank-montiert-im-45-winkel\/","og_site_name":"Faktum Online Store","og_image":[{"width":1856,"height":1044,"url":"https:\/\/faktumonline.com\/wp-content\/uploads\/2021\/01\/Vinkelga\u030angja\u0308rn-45\u00b0-till-IKEA-Faktum-ho\u0308rndo\u0308rr.jpg","type":"image\/jpeg"}],"twitter_card":"summary_large_image","schema":{"@context":"https:\/\/schema.org","@graph":[{"@type":"WebPage","@id":"https:\/\/faktumonline.com\/de\/produkt\/scharnier-fur-einen-faktum-wand-eckschrank-montiert-im-45-winkel\/","url":"https:\/\/faktumonline.com\/de\/produkt\/scharnier-fur-einen-faktum-wand-eckschrank-montiert-im-45-winkel\/","name":"Scharnier f\u00fcr einen Faktum Wand-Eckschrank montiert im 45\u00b0-Winkel - Faktum Online Store","isPartOf":{"@id":"https:\/\/faktumonline.com\/da\/#website"},"primaryImageOfPage":{"@id":"https:\/\/faktumonline.com\/de\/produkt\/scharnier-fur-einen-faktum-wand-eckschrank-montiert-im-45-winkel\/#primaryimage"},"image":{"@id":"https:\/\/faktumonline.com\/de\/produkt\/scharnier-fur-einen-faktum-wand-eckschrank-montiert-im-45-winkel\/#primaryimage"},"thumbnailUrl":"https:\/\/faktumonline.com\/wp-content\/uploads\/2021\/01\/Vinkelga\u030angja\u0308rn-45\u00b0-till-IKEA-Faktum-ho\u0308rndo\u0308rr.jpg","datePublished":"2021-01-04T12:45:32+00:00","breadcrumb":{"@id":"https:\/\/faktumonline.com\/de\/produkt\/scharnier-fur-einen-faktum-wand-eckschrank-montiert-im-45-winkel\/#breadcrumb"},"inLanguage":"de","potentialAction":[{"@type":"ReadAction","target":["https:\/\/faktumonline.com\/de\/produkt\/scharnier-fur-einen-faktum-wand-eckschrank-montiert-im-45-winkel\/"]}]},{"@type":"ImageObject","inLanguage":"de","@id":"https:\/\/faktumonline.com\/de\/produkt\/scharnier-fur-einen-faktum-wand-eckschrank-montiert-im-45-winkel\/#primaryimage","url":"https:\/\/faktumonline.com\/wp-content\/uploads\/2021\/01\/Vinkelga\u030angja\u0308rn-45\u00b0-till-IKEA-Faktum-ho\u0308rndo\u0308rr.jpg","contentUrl":"https:\/\/faktumonline.com\/wp-content\/uploads\/2021\/01\/Vinkelga\u030angja\u0308rn-45\u00b0-till-IKEA-Faktum-ho\u0308rndo\u0308rr.jpg","width":1856,"height":1044,"caption":"Scharniere f\u00fcr einen IKEA Faktum K\u00fcchenschrank im 45\u00b0 Winkel montiert."},{"@type":"BreadcrumbList","@id":"https:\/\/faktumonline.com\/de\/produkt\/scharnier-fur-einen-faktum-wand-eckschrank-montiert-im-45-winkel\/#breadcrumb","itemListElement":[{"@type":"ListItem","position":1,"name":"Hem","item":"https:\/\/faktumonline.com\/de\/"},{"@type":"ListItem","position":2,"name":"Webshop","item":"https:\/\/faktumonline.com\/de\/webshop\/"},{"@type":"ListItem","position":3,"name":"Scharnier f\u00fcr einen Faktum Wand-Eckschrank montiert im 45\u00b0-Winkel"}]},{"@type":"WebSite","@id":"https:\/\/faktumonline.com\/da\/#website","url":"https:\/\/faktumonline.com\/da\/","name":"Faktum Online Store","description":"Premium doors for IKEA kitchens","potentialAction":[{"@type":"SearchAction","target":{"@type":"EntryPoint","urlTemplate":"https:\/\/faktumonline.com\/da\/?s={search_term_string}"},"query-input":{"@type":"PropertyValueSpecification","valueRequired":true,"valueName":"search_term_string"}}],"inLanguage":"de"}]}},"_links":{"self":[{"href":"https:\/\/faktumonline.com\/de\/wp-json\/wp\/v2\/product\/68616","targetHints":{"allow":["GET"]}}],"collection":[{"href":"https:\/\/faktumonline.com\/de\/wp-json\/wp\/v2\/product"}],"about":[{"href":"https:\/\/faktumonline.com\/de\/wp-json\/wp\/v2\/types\/product"}],"version-history":[{"count":0,"href":"https:\/\/faktumonline.com\/de\/wp-json\/wp\/v2\/product\/68616\/revisions"}],"wp:featuredmedia":[{"embeddable":true,"href":"https:\/\/faktumonline.com\/de\/wp-json\/wp\/v2\/media\/50520"}],"wp:attachment":[{"href":"https:\/\/faktumonline.com\/de\/wp-json\/wp\/v2\/media?parent=68616"}],"wp:term":[{"taxonomy":"product_brand","embeddable":true,"href":"https:\/\/faktumonline.com\/de\/wp-json\/wp\/v2\/product_brand?post=68616"},{"taxonomy":"product_cat","embeddable":true,"href":"https:\/\/faktumonline.com\/de\/wp-json\/wp\/v2\/product_cat?post=68616"},{"taxonomy":"product_tag","embeddable":true,"href":"https:\/\/faktumonline.com\/de\/wp-json\/wp\/v2\/product_tag?post=68616"}],"curies":[{"name":"wp","href":"https:\/\/api.w.org\/{rel}","templated":true}]}}