{"id":65970,"date":"2020-02-10T15:12:10","date_gmt":"2020-02-10T14:12:10","guid":{"rendered":"https:\/\/faktumonline.com\/product\/vent-fridge-top-cab-60x57\/"},"modified":"2022-02-03T18:52:05","modified_gmt":"2022-02-03T17:52:05","slug":"beluftete-schrank-60x57","status":"publish","type":"product","link":"https:\/\/faktumonline.com\/de\/produkt\/beluftete-schrank-60x57\/","title":{"rendered":"Bel\u00fcftete Schrank 60&#215;57"},"content":{"rendered":"<p>60cm breit. 57cm hoch. 58cm tiefe<\/p>\n","protected":false},"excerpt":{"rendered":"<p>Dies ist ein bel\u00fcfteter K\u00fchl-\/Gefrierschrank-Korpus f\u00fcr eine IKEA Faktum K\u00fcche. B=60, H=57, T=58 cm. Innentiefe = 52 cm. Die Bel\u00fcftung ist hinter der R\u00fcckseite versteckt. Der Korpus ist \u201eeinfarbig wei\u00df\u201c und die Front (wenn gew\u00fcnscht) wird in der gleichen Farbe wie die anderen T\u00fcren, die ev. bestellt sind, hergestellt. Sie k\u00f6nnen Ihren Korpus anpassen, indem Sie einige Extras von unten hinzuf\u00fcgen:<\/p>\n","protected":false},"featured_media":127023,"template":"","meta":[],"product_brand":[],"product_cat":[1221],"product_tag":[],"class_list":{"0":"post-65970","1":"product","2":"type-product","3":"status-publish","4":"has-post-thumbnail","6":"product_cat-fridge-top-cab-de","7":"sales-flash-overlay","8":"woocommerce-text-align-center","9":"woocommerce-image-align-center","11":"first","12":"instock","13":"taxable","14":"shipping-taxable","15":"purchasable","16":"product-type-simple"},"exclude_global_add_ons":true,"addons":[{"name":"Zubeh\u00f6r:","type":"checkbox","position":0,"required":false,"title_format":"label","default":"","description_enable":false,"description":"","placeholder_enable":false,"placeholder":"","display":"select","restrictions_type":"any_text","adjust_price":false,"price":"","price_type":"flat_fee","restrictions":false,"min":"0","max":"0","options":[{"label":"1x Shelf 60x52","price":"32","price_type":"quantity_based","image":0}]},{"name":"Extras (for a door configuration):","type":"checkbox","position":1,"required":false,"title_format":"label","default":"","description_enable":true,"description":"A door is fitted onto a set of hinges and opens to the side.","placeholder_enable":false,"placeholder":"","display":"radiobutton","restrictions_type":"any_text","adjust_price":false,"price":"","price_type":"flat_fee","restrictions":false,"min":"0","max":"0","options":[{"label":"2x Hinges (SoftClose + SelfClose) + Mounting plates","price":"27","price_type":"quantity_based","image":0},{"label":"1x T\u00fcr 60x57 (596x566 mm)","price":"86","price_type":"quantity_based","image":0}]},{"name":"Extras (for a flap configuration):","type":"checkbox","position":2,"required":false,"title_format":"label","default":"","description_enable":true,"description":"A flap is fitted onto a set of hinges + a Stay Lift Mechanism and is opened up towards the ceiling","placeholder_enable":false,"placeholder":"","display":"select","restrictions_type":"any_text","adjust_price":false,"price":"","price_type":"flat_fee","restrictions":false,"min":"0","max":"0","options":[{"label":"2x Hinges + Mounting plates + 1x Stay Lift","price":"63","price_type":"quantity_based","image":0},{"label":"1x Flap 60x57 (596x566 mm)","price":"86","price_type":"quantity_based","image":0}]}],"yoast_head":"<!-- This site is optimized with the Yoast SEO Premium plugin v27.0 (Yoast SEO v27.0) - https:\/\/yoast.com\/product\/yoast-seo-premium-wordpress\/ -->\n<title>Bel\u00fcftete Schrank 60x57 - Faktum Online Store<\/title>\n<meta name=\"robots\" content=\"index, follow, max-snippet:-1, max-image-preview:large, max-video-preview:-1\" \/>\n<link rel=\"canonical\" href=\"https:\/\/faktumonline.com\/de\/produkt\/beluftete-schrank-60x57\/\" \/>\n<meta property=\"og:locale\" content=\"de_DE\" \/>\n<meta property=\"og:type\" content=\"article\" \/>\n<meta property=\"og:title\" content=\"Bel\u00fcftete Schrank 60x57\" \/>\n<meta property=\"og:description\" content=\"Dies ist ein bel\u00fcfteter K\u00fchl-\/Gefrierschrank-Korpus f\u00fcr eine IKEA Faktum K\u00fcche. B=60, H=57, T=58 cm. Innentiefe = 52 cm. Die Bel\u00fcftung ist hinter der R\u00fcckseite versteckt. Der Korpus ist \u201eeinfarbig wei\u00df\u201c und die Front (wenn gew\u00fcnscht) wird in der gleichen Farbe wie die anderen T\u00fcren, die ev. bestellt sind, hergestellt. Sie k\u00f6nnen Ihren Korpus anpassen, indem Sie einige Extras von unten hinzuf\u00fcgen:\" \/>\n<meta property=\"og:url\" content=\"https:\/\/faktumonline.com\/de\/produkt\/beluftete-schrank-60x57\/\" \/>\n<meta property=\"og:site_name\" content=\"Faktum Online Store\" \/>\n<meta property=\"article:modified_time\" content=\"2022-02-03T17:52:05+00:00\" \/>\n<meta property=\"og:image\" content=\"https:\/\/faktumonline.com\/wp-content\/uploads\/2024\/11\/Fridge-Top-60x57-1.png\" \/>\n\t<meta property=\"og:image:width\" content=\"1554\" \/>\n\t<meta property=\"og:image:height\" content=\"1042\" \/>\n\t<meta property=\"og:image:type\" content=\"image\/png\" \/>\n<meta name=\"twitter:card\" content=\"summary_large_image\" \/>\n<script type=\"application\/ld+json\" class=\"yoast-schema-graph\">{\"@context\":\"https:\/\/schema.org\",\"@graph\":[{\"@type\":\"WebPage\",\"@id\":\"https:\/\/faktumonline.com\/de\/produkt\/beluftete-schrank-60x57\/\",\"url\":\"https:\/\/faktumonline.com\/de\/produkt\/beluftete-schrank-60x57\/\",\"name\":\"Bel\u00fcftete Schrank 60x57 - Faktum Online Store\",\"isPartOf\":{\"@id\":\"https:\/\/faktumonline.com\/da\/#website\"},\"primaryImageOfPage\":{\"@id\":\"https:\/\/faktumonline.com\/de\/produkt\/beluftete-schrank-60x57\/#primaryimage\"},\"image\":{\"@id\":\"https:\/\/faktumonline.com\/de\/produkt\/beluftete-schrank-60x57\/#primaryimage\"},\"thumbnailUrl\":\"https:\/\/faktumonline.com\/wp-content\/uploads\/2024\/11\/Fridge-Top-60x57-1.png\",\"datePublished\":\"2020-02-10T14:12:10+00:00\",\"dateModified\":\"2022-02-03T17:52:05+00:00\",\"breadcrumb\":{\"@id\":\"https:\/\/faktumonline.com\/de\/produkt\/beluftete-schrank-60x57\/#breadcrumb\"},\"inLanguage\":\"de\",\"potentialAction\":[{\"@type\":\"ReadAction\",\"target\":[\"https:\/\/faktumonline.com\/de\/produkt\/beluftete-schrank-60x57\/\"]}]},{\"@type\":\"ImageObject\",\"inLanguage\":\"de\",\"@id\":\"https:\/\/faktumonline.com\/de\/produkt\/beluftete-schrank-60x57\/#primaryimage\",\"url\":\"https:\/\/faktumonline.com\/wp-content\/uploads\/2024\/11\/Fridge-Top-60x57-1.png\",\"contentUrl\":\"https:\/\/faktumonline.com\/wp-content\/uploads\/2024\/11\/Fridge-Top-60x57-1.png\",\"width\":1554,\"height\":1042},{\"@type\":\"BreadcrumbList\",\"@id\":\"https:\/\/faktumonline.com\/de\/produkt\/beluftete-schrank-60x57\/#breadcrumb\",\"itemListElement\":[{\"@type\":\"ListItem\",\"position\":1,\"name\":\"Hem\",\"item\":\"https:\/\/faktumonline.com\/de\/\"},{\"@type\":\"ListItem\",\"position\":2,\"name\":\"Webshop\",\"item\":\"https:\/\/faktumonline.com\/de\/webshop\/\"},{\"@type\":\"ListItem\",\"position\":3,\"name\":\"Bel\u00fcftete Schrank 60&#215;57\"}]},{\"@type\":\"WebSite\",\"@id\":\"https:\/\/faktumonline.com\/da\/#website\",\"url\":\"https:\/\/faktumonline.com\/da\/\",\"name\":\"Faktum Online Store\",\"description\":\"Premium doors for IKEA kitchens\",\"potentialAction\":[{\"@type\":\"SearchAction\",\"target\":{\"@type\":\"EntryPoint\",\"urlTemplate\":\"https:\/\/faktumonline.com\/da\/?s={search_term_string}\"},\"query-input\":{\"@type\":\"PropertyValueSpecification\",\"valueRequired\":true,\"valueName\":\"search_term_string\"}}],\"inLanguage\":\"de\"}]}<\/script>\n<!-- \/ Yoast SEO Premium plugin. -->","yoast_head_json":{"title":"Bel\u00fcftete Schrank 60x57 - Faktum Online Store","robots":{"index":"index","follow":"follow","max-snippet":"max-snippet:-1","max-image-preview":"max-image-preview:large","max-video-preview":"max-video-preview:-1"},"canonical":"https:\/\/faktumonline.com\/de\/produkt\/beluftete-schrank-60x57\/","og_locale":"de_DE","og_type":"article","og_title":"Bel\u00fcftete Schrank 60x57","og_description":"Dies ist ein bel\u00fcfteter K\u00fchl-\/Gefrierschrank-Korpus f\u00fcr eine IKEA Faktum K\u00fcche. B=60, H=57, T=58 cm. Innentiefe = 52 cm. Die Bel\u00fcftung ist hinter der R\u00fcckseite versteckt. Der Korpus ist \u201eeinfarbig wei\u00df\u201c und die Front (wenn gew\u00fcnscht) wird in der gleichen Farbe wie die anderen T\u00fcren, die ev. bestellt sind, hergestellt. Sie k\u00f6nnen Ihren Korpus anpassen, indem Sie einige Extras von unten hinzuf\u00fcgen:","og_url":"https:\/\/faktumonline.com\/de\/produkt\/beluftete-schrank-60x57\/","og_site_name":"Faktum Online Store","article_modified_time":"2022-02-03T17:52:05+00:00","og_image":[{"width":1554,"height":1042,"url":"https:\/\/faktumonline.com\/wp-content\/uploads\/2024\/11\/Fridge-Top-60x57-1.png","type":"image\/png"}],"twitter_card":"summary_large_image","schema":{"@context":"https:\/\/schema.org","@graph":[{"@type":"WebPage","@id":"https:\/\/faktumonline.com\/de\/produkt\/beluftete-schrank-60x57\/","url":"https:\/\/faktumonline.com\/de\/produkt\/beluftete-schrank-60x57\/","name":"Bel\u00fcftete Schrank 60x57 - Faktum Online Store","isPartOf":{"@id":"https:\/\/faktumonline.com\/da\/#website"},"primaryImageOfPage":{"@id":"https:\/\/faktumonline.com\/de\/produkt\/beluftete-schrank-60x57\/#primaryimage"},"image":{"@id":"https:\/\/faktumonline.com\/de\/produkt\/beluftete-schrank-60x57\/#primaryimage"},"thumbnailUrl":"https:\/\/faktumonline.com\/wp-content\/uploads\/2024\/11\/Fridge-Top-60x57-1.png","datePublished":"2020-02-10T14:12:10+00:00","dateModified":"2022-02-03T17:52:05+00:00","breadcrumb":{"@id":"https:\/\/faktumonline.com\/de\/produkt\/beluftete-schrank-60x57\/#breadcrumb"},"inLanguage":"de","potentialAction":[{"@type":"ReadAction","target":["https:\/\/faktumonline.com\/de\/produkt\/beluftete-schrank-60x57\/"]}]},{"@type":"ImageObject","inLanguage":"de","@id":"https:\/\/faktumonline.com\/de\/produkt\/beluftete-schrank-60x57\/#primaryimage","url":"https:\/\/faktumonline.com\/wp-content\/uploads\/2024\/11\/Fridge-Top-60x57-1.png","contentUrl":"https:\/\/faktumonline.com\/wp-content\/uploads\/2024\/11\/Fridge-Top-60x57-1.png","width":1554,"height":1042},{"@type":"BreadcrumbList","@id":"https:\/\/faktumonline.com\/de\/produkt\/beluftete-schrank-60x57\/#breadcrumb","itemListElement":[{"@type":"ListItem","position":1,"name":"Hem","item":"https:\/\/faktumonline.com\/de\/"},{"@type":"ListItem","position":2,"name":"Webshop","item":"https:\/\/faktumonline.com\/de\/webshop\/"},{"@type":"ListItem","position":3,"name":"Bel\u00fcftete Schrank 60&#215;57"}]},{"@type":"WebSite","@id":"https:\/\/faktumonline.com\/da\/#website","url":"https:\/\/faktumonline.com\/da\/","name":"Faktum Online Store","description":"Premium doors for IKEA kitchens","potentialAction":[{"@type":"SearchAction","target":{"@type":"EntryPoint","urlTemplate":"https:\/\/faktumonline.com\/da\/?s={search_term_string}"},"query-input":{"@type":"PropertyValueSpecification","valueRequired":true,"valueName":"search_term_string"}}],"inLanguage":"de"}]}},"_links":{"self":[{"href":"https:\/\/faktumonline.com\/de\/wp-json\/wp\/v2\/product\/65970","targetHints":{"allow":["GET"]}}],"collection":[{"href":"https:\/\/faktumonline.com\/de\/wp-json\/wp\/v2\/product"}],"about":[{"href":"https:\/\/faktumonline.com\/de\/wp-json\/wp\/v2\/types\/product"}],"version-history":[{"count":1,"href":"https:\/\/faktumonline.com\/de\/wp-json\/wp\/v2\/product\/65970\/revisions"}],"predecessor-version":[{"id":67846,"href":"https:\/\/faktumonline.com\/de\/wp-json\/wp\/v2\/product\/65970\/revisions\/67846"}],"wp:featuredmedia":[{"embeddable":true,"href":"https:\/\/faktumonline.com\/de\/wp-json\/wp\/v2\/media\/127023"}],"wp:attachment":[{"href":"https:\/\/faktumonline.com\/de\/wp-json\/wp\/v2\/media?parent=65970"}],"wp:term":[{"taxonomy":"product_brand","embeddable":true,"href":"https:\/\/faktumonline.com\/de\/wp-json\/wp\/v2\/product_brand?post=65970"},{"taxonomy":"product_cat","embeddable":true,"href":"https:\/\/faktumonline.com\/de\/wp-json\/wp\/v2\/product_cat?post=65970"},{"taxonomy":"product_tag","embeddable":true,"href":"https:\/\/faktumonline.com\/de\/wp-json\/wp\/v2\/product_tag?post=65970"}],"curies":[{"name":"wp","href":"https:\/\/api.w.org\/{rel}","templated":true}]}}