{"id":65282,"date":"2021-12-11T16:49:55","date_gmt":"2021-12-11T15:49:55","guid":{"rendered":"https:\/\/faktumonline.com\/product\/front-40x195-ungebohrt\/"},"modified":"2022-01-27T21:29:20","modified_gmt":"2022-01-27T20:29:20","slug":"front-40x195-ungebohrt","status":"publish","type":"product","link":"https:\/\/faktumonline.com\/de\/produkt\/front-40x195-ungebohrt\/","title":{"rendered":"Front 40\u00d7195 Ungebohrt"},"content":{"rendered":"<p>395&#215;1942<\/p>\n","protected":false},"excerpt":{"rendered":"<p>KEA hat diese Front nie als Schubladenfront angeboten. Nur als T\u00fcr. Wir verstehen aber, dass einige Endverbraucher diese T\u00fcr mit eigenen Bohrungen so angepasst haben, dass die T\u00fcr auf eine Schubladenset ihrer eigenen K\u00fcche passt. \u00dcberzeugen Sie sich auf der R\u00fcckseite der Front und finden Sie die Originalbohrungen f\u00fcr die Scharniere.<\/p>\n<p>Um Ihnen das Bohren f\u00fcr Ihre Schubladen zu erleichtern, bieten wir diese Front ohne Bohrungen an, wodurch das Risiko eines Konflikts mit Ihren eigenen Bohrungen verringert wird.<\/p>\n<p>Daher dass jede Front auf dem Ort gebohrt wird, sind sie einzigartig und daher k\u00f6nnen wir Ihre Bohrungen in unserem Werk nicht reproduzieren. <a href=\"\/?page_id=64774\" target=\"_blank\" rel=\"noopener\">Hier ein Link zu einem Tipp<\/a>, wie Sie mit Ihrer alten Front als Schablone selbst bohren k\u00f6nnen.<\/p>\n","protected":false},"featured_media":0,"template":"","meta":[],"product_brand":[],"product_cat":[181],"product_tag":[],"class_list":{"0":"post-65282","1":"product","2":"type-product","3":"status-publish","5":"product_cat-schubladen-40-cm-de","6":"product_shipping_class-lang-de","7":"sales-flash-overlay","8":"woocommerce-text-align-center","9":"woocommerce-image-align-center","11":"first","12":"discontinued","13":"taxable","14":"shipping-taxable","15":"product-type-simple"},"exclude_global_add_ons":[],"addons":[],"yoast_head":"<!-- This site is optimized with the Yoast SEO Premium plugin v27.4 (Yoast SEO v27.4) - https:\/\/yoast.com\/product\/yoast-seo-premium-wordpress\/ -->\n<title>Front 40\u00d7195 Ungebohrt - Faktum Online Store<\/title>\n<meta name=\"robots\" content=\"index, follow, max-snippet:-1, max-image-preview:large, max-video-preview:-1\" \/>\n<link rel=\"canonical\" href=\"https:\/\/faktumonline.com\/de\/produkt\/front-40x195-ungebohrt\/\" \/>\n<meta property=\"og:locale\" content=\"de_DE\" \/>\n<meta property=\"og:type\" content=\"article\" \/>\n<meta property=\"og:title\" content=\"Front 40\u00d7195 Ungebohrt\" \/>\n<meta property=\"og:description\" content=\"KEA hat diese Front nie als Schubladenfront angeboten. Nur als T\u00fcr. Wir verstehen aber, dass einige Endverbraucher diese T\u00fcr mit eigenen Bohrungen so angepasst haben, dass die T\u00fcr auf eine Schubladenset ihrer eigenen K\u00fcche passt. \u00dcberzeugen Sie sich auf der R\u00fcckseite der Front und finden Sie die Originalbohrungen f\u00fcr die Scharniere.  Um Ihnen das Bohren f\u00fcr Ihre Schubladen zu erleichtern, bieten wir diese Front ohne Bohrungen an, wodurch das Risiko eines Konflikts mit Ihren eigenen Bohrungen verringert wird.  Daher dass jede Front auf dem Ort gebohrt wird, sind sie einzigartig und daher k\u00f6nnen wir Ihre Bohrungen in unserem Werk nicht reproduzieren. Hier ein Link zu einem Tipp, wie Sie mit Ihrer alten Front als Schablone selbst bohren k\u00f6nnen.\" \/>\n<meta property=\"og:url\" content=\"https:\/\/faktumonline.com\/de\/produkt\/front-40x195-ungebohrt\/\" \/>\n<meta property=\"og:site_name\" content=\"Faktum Online Store\" \/>\n<meta property=\"article:modified_time\" content=\"2022-01-27T20:29:20+00:00\" \/>\n<meta name=\"twitter:card\" content=\"summary_large_image\" \/>\n<script type=\"application\/ld+json\" class=\"yoast-schema-graph\">{\"@context\":\"https:\\\/\\\/schema.org\",\"@graph\":[{\"@type\":\"WebPage\",\"@id\":\"https:\\\/\\\/faktumonline.com\\\/de\\\/produkt\\\/front-40x195-ungebohrt\\\/\",\"url\":\"https:\\\/\\\/faktumonline.com\\\/de\\\/produkt\\\/front-40x195-ungebohrt\\\/\",\"name\":\"Front 40\u00d7195 Ungebohrt - Faktum Online Store\",\"isPartOf\":{\"@id\":\"https:\\\/\\\/faktumonline.com\\\/da\\\/#website\"},\"datePublished\":\"2021-12-11T15:49:55+00:00\",\"dateModified\":\"2022-01-27T20:29:20+00:00\",\"breadcrumb\":{\"@id\":\"https:\\\/\\\/faktumonline.com\\\/de\\\/produkt\\\/front-40x195-ungebohrt\\\/#breadcrumb\"},\"inLanguage\":\"de\",\"potentialAction\":[{\"@type\":\"ReadAction\",\"target\":[\"https:\\\/\\\/faktumonline.com\\\/de\\\/produkt\\\/front-40x195-ungebohrt\\\/\"]}]},{\"@type\":\"BreadcrumbList\",\"@id\":\"https:\\\/\\\/faktumonline.com\\\/de\\\/produkt\\\/front-40x195-ungebohrt\\\/#breadcrumb\",\"itemListElement\":[{\"@type\":\"ListItem\",\"position\":1,\"name\":\"Hem\",\"item\":\"https:\\\/\\\/faktumonline.com\\\/de\\\/\"},{\"@type\":\"ListItem\",\"position\":2,\"name\":\"Webshop\",\"item\":\"https:\\\/\\\/faktumonline.com\\\/de\\\/webshop\\\/\"},{\"@type\":\"ListItem\",\"position\":3,\"name\":\"Front 40\u00d7195 Ungebohrt\"}]},{\"@type\":\"WebSite\",\"@id\":\"https:\\\/\\\/faktumonline.com\\\/da\\\/#website\",\"url\":\"https:\\\/\\\/faktumonline.com\\\/da\\\/\",\"name\":\"Faktum Online Store\",\"description\":\"Premium doors for IKEA kitchens\",\"potentialAction\":[{\"@type\":\"SearchAction\",\"target\":{\"@type\":\"EntryPoint\",\"urlTemplate\":\"https:\\\/\\\/faktumonline.com\\\/da\\\/?s={search_term_string}\"},\"query-input\":{\"@type\":\"PropertyValueSpecification\",\"valueRequired\":true,\"valueName\":\"search_term_string\"}}],\"inLanguage\":\"de\"}]}<\/script>\n<!-- \/ Yoast SEO Premium plugin. -->","yoast_head_json":{"title":"Front 40\u00d7195 Ungebohrt - Faktum Online Store","robots":{"index":"index","follow":"follow","max-snippet":"max-snippet:-1","max-image-preview":"max-image-preview:large","max-video-preview":"max-video-preview:-1"},"canonical":"https:\/\/faktumonline.com\/de\/produkt\/front-40x195-ungebohrt\/","og_locale":"de_DE","og_type":"article","og_title":"Front 40\u00d7195 Ungebohrt","og_description":"KEA hat diese Front nie als Schubladenfront angeboten. Nur als T\u00fcr. Wir verstehen aber, dass einige Endverbraucher diese T\u00fcr mit eigenen Bohrungen so angepasst haben, dass die T\u00fcr auf eine Schubladenset ihrer eigenen K\u00fcche passt. \u00dcberzeugen Sie sich auf der R\u00fcckseite der Front und finden Sie die Originalbohrungen f\u00fcr die Scharniere.  Um Ihnen das Bohren f\u00fcr Ihre Schubladen zu erleichtern, bieten wir diese Front ohne Bohrungen an, wodurch das Risiko eines Konflikts mit Ihren eigenen Bohrungen verringert wird.  Daher dass jede Front auf dem Ort gebohrt wird, sind sie einzigartig und daher k\u00f6nnen wir Ihre Bohrungen in unserem Werk nicht reproduzieren. Hier ein Link zu einem Tipp, wie Sie mit Ihrer alten Front als Schablone selbst bohren k\u00f6nnen.","og_url":"https:\/\/faktumonline.com\/de\/produkt\/front-40x195-ungebohrt\/","og_site_name":"Faktum Online Store","article_modified_time":"2022-01-27T20:29:20+00:00","twitter_card":"summary_large_image","schema":{"@context":"https:\/\/schema.org","@graph":[{"@type":"WebPage","@id":"https:\/\/faktumonline.com\/de\/produkt\/front-40x195-ungebohrt\/","url":"https:\/\/faktumonline.com\/de\/produkt\/front-40x195-ungebohrt\/","name":"Front 40\u00d7195 Ungebohrt - Faktum Online Store","isPartOf":{"@id":"https:\/\/faktumonline.com\/da\/#website"},"datePublished":"2021-12-11T15:49:55+00:00","dateModified":"2022-01-27T20:29:20+00:00","breadcrumb":{"@id":"https:\/\/faktumonline.com\/de\/produkt\/front-40x195-ungebohrt\/#breadcrumb"},"inLanguage":"de","potentialAction":[{"@type":"ReadAction","target":["https:\/\/faktumonline.com\/de\/produkt\/front-40x195-ungebohrt\/"]}]},{"@type":"BreadcrumbList","@id":"https:\/\/faktumonline.com\/de\/produkt\/front-40x195-ungebohrt\/#breadcrumb","itemListElement":[{"@type":"ListItem","position":1,"name":"Hem","item":"https:\/\/faktumonline.com\/de\/"},{"@type":"ListItem","position":2,"name":"Webshop","item":"https:\/\/faktumonline.com\/de\/webshop\/"},{"@type":"ListItem","position":3,"name":"Front 40\u00d7195 Ungebohrt"}]},{"@type":"WebSite","@id":"https:\/\/faktumonline.com\/da\/#website","url":"https:\/\/faktumonline.com\/da\/","name":"Faktum Online Store","description":"Premium doors for IKEA kitchens","potentialAction":[{"@type":"SearchAction","target":{"@type":"EntryPoint","urlTemplate":"https:\/\/faktumonline.com\/da\/?s={search_term_string}"},"query-input":{"@type":"PropertyValueSpecification","valueRequired":true,"valueName":"search_term_string"}}],"inLanguage":"de"}]}},"_links":{"self":[{"href":"https:\/\/faktumonline.com\/de\/wp-json\/wp\/v2\/product\/65282","targetHints":{"allow":["GET"]}}],"collection":[{"href":"https:\/\/faktumonline.com\/de\/wp-json\/wp\/v2\/product"}],"about":[{"href":"https:\/\/faktumonline.com\/de\/wp-json\/wp\/v2\/types\/product"}],"version-history":[{"count":2,"href":"https:\/\/faktumonline.com\/de\/wp-json\/wp\/v2\/product\/65282\/revisions"}],"predecessor-version":[{"id":65285,"href":"https:\/\/faktumonline.com\/de\/wp-json\/wp\/v2\/product\/65282\/revisions\/65285"}],"wp:attachment":[{"href":"https:\/\/faktumonline.com\/de\/wp-json\/wp\/v2\/media?parent=65282"}],"wp:term":[{"taxonomy":"product_brand","embeddable":true,"href":"https:\/\/faktumonline.com\/de\/wp-json\/wp\/v2\/product_brand?post=65282"},{"taxonomy":"product_cat","embeddable":true,"href":"https:\/\/faktumonline.com\/de\/wp-json\/wp\/v2\/product_cat?post=65282"},{"taxonomy":"product_tag","embeddable":true,"href":"https:\/\/faktumonline.com\/de\/wp-json\/wp\/v2\/product_tag?post=65282"}],"curies":[{"name":"wp","href":"https:\/\/api.w.org\/{rel}","templated":true}]}}