{"id":62849,"date":"2021-09-18T15:55:55","date_gmt":"2021-09-18T14:55:55","guid":{"rendered":"https:\/\/faktumonline.com\/product\/set-mit-3-schubladen-b40-cm-ohne-fronten\/"},"modified":"2022-07-03T10:28:24","modified_gmt":"2022-07-03T09:28:24","slug":"set-mit-3-schubladen-b40-cm-ohne-fronten","status":"publish","type":"product","link":"https:\/\/faktumonline.com\/de\/produkt\/set-mit-3-schubladen-b40-cm-ohne-fronten\/","title":{"rendered":"Set mit 3 Schubladen. B=40 cm (ohne Fronten)"},"content":{"rendered":"","protected":false},"excerpt":{"rendered":"<p>Dies ist ein Set mit 3 Schubladen f\u00fcr einen Schrank mit einer Breite von 40 cm (gemessen als Au\u00dfenbreite des Schranks).<\/p>\n<p>1x niedrige Besteckschublade + 2x hohe Schubladen f\u00fcr T\u00f6pfe und Pfannen etc. sind in diesem Set enthalten. L\u00e4ufer mit SoftClosing-Technologie sind ebenfalls enthalten. Fronten werden separat bestellt: 1x 40\u00d713, 1x 40\u00d725 und 1x 40\u00d731 k\u00f6nnen aus der untenstehenden Liste hinzugef\u00fcgt werden.<\/p>\n<p>&nbsp;<\/p>\n<details>\n<summary><strong>Hier klicken: Qualit\u00e4t Verbesserungen von den neuen Schubladen <\/strong>im Vergleich zu den alten Schubladen von IKEA<\/summary>\n<p>Diese Schubladen sind im Vergleich zu den alten Schubladen, die in der Vergangenheit von IKEA verkauft wurden, etwas modifiziert, moderner und besser. Diese Schubladen nehmen mehr Gewicht auf und sind mit der sch\u00f6nen SoftClosing-Technologie ausgestattet.<\/p>\n<\/details>\n<details>\n<summary><strong>Hier klicken:<\/strong> <strong>Warum ist es wichtig neue Fronten zu bestellen?<\/strong><\/summary>\n<p>Daher dass die neuen Schubladen im Vergleich zu IKEAs alte Schubladen verbessert sind, sind die Bohrspezifikationen f\u00fcr die Fronten etwas anders als bei den \u00e4lteren Schubladenfronten. Neue Schubladenfronten, die gleichzeitig mit den neuen Schubladen bestellt werden, werden nach dem neuen Standard vorgebohrt und passen direkt aus der Box. Wir empfehlen Ihnen, Ihre alten Schubladenfronten nicht zu behalten und zu versuchen, die alten Fronten auf die neuen Schubladen zu montieren, da die Bohrungen f\u00fcr die Beschl\u00e4ge etwas anders sind.<\/p>\n<\/details>\n<details>\n<summary><strong>Hier klicken:<\/strong> <strong>Montierung tipp von neuen Schubladen in einen alten Schrank.<\/strong><\/summary>\n<p>Die neuen Schubladen k\u00f6nnen mit einer leichten Modifikation in die alten Schr\u00e4nke eingebaut werden. Bohren Sie einfach ein neues Loch pro L\u00e4ufer in den alten Schrank. Der L\u00e4ufer selbst kann als Vorlage verwendet werden.<br \/>\nSo machen Sie es: zuerst eine Gleitschiene an der Vorderkante anbringen und schrauben. Dann schauen Sie in den Schrank, wo Loch Nr. 2 in der Gleitschiene hingeht. Dort machen Sie eine Markierung, bohren ein Loch und schrauben die zweite Schraube in die Gleitschiene.<\/p>\n<\/details>\n","protected":false},"featured_media":0,"template":"","meta":[],"product_brand":[],"product_cat":[1165],"product_tag":[],"class_list":{"0":"post-62849","1":"product","2":"type-product","3":"status-publish","5":"product_cat-tyska-3-lador","6":"sales-flash-overlay","7":"woocommerce-text-align-center","8":"woocommerce-image-align-center","10":"first","11":"instock","12":"taxable","13":"shipping-taxable","14":"purchasable","15":"product-type-simple"},"exclude_global_add_ons":true,"addons":[{"name":"Schubladenfronten","type":"checkbox","position":0,"required":false,"title_format":"label","default":"","description_enable":true,"description":"Die Schubladenfronten (falls vorhanden) werden in der gleichen Farbe wie die anderen Fronten in dieser Reihenfolge (falls vorhanden) hergestellt.","placeholder_enable":false,"placeholder":"","display":"select","restrictions_type":"any_text","adjust_price":false,"price":"","price_type":"flat_fee","restrictions":false,"min":"0","max":"0","options":[{"label":"1x 40x13","price":"37","price_type":"quantity_based","image":0},{"label":"1x 40x25","price":"56","price_type":"quantity_based","image":0},{"label":"1x 40x31","price":"63","price_type":"quantity_based","image":0}]}],"yoast_head":"<!-- This site is optimized with the Yoast SEO Premium plugin v27.4 (Yoast SEO v27.4) - https:\/\/yoast.com\/product\/yoast-seo-premium-wordpress\/ -->\n<title>Set mit 3 Schubladen. B=40 cm (ohne Fronten) - Faktum Online Store<\/title>\n<meta name=\"robots\" content=\"index, follow, max-snippet:-1, max-image-preview:large, max-video-preview:-1\" \/>\n<link rel=\"canonical\" href=\"https:\/\/faktumonline.com\/de\/produkt\/set-mit-3-schubladen-b40-cm-ohne-fronten\/\" \/>\n<meta property=\"og:locale\" content=\"de_DE\" \/>\n<meta property=\"og:type\" content=\"article\" \/>\n<meta property=\"og:title\" content=\"Set mit 3 Schubladen. B=40 cm (ohne Fronten)\" \/>\n<meta property=\"og:description\" content=\"Dies ist ein Set mit 3 Schubladen f\u00fcr einen Schrank mit einer Breite von 40 cm (gemessen als Au\u00dfenbreite des Schranks).  1x niedrige Besteckschublade + 2x hohe Schubladen f\u00fcr T\u00f6pfe und Pfannen etc. sind in diesem Set enthalten. L\u00e4ufer mit SoftClosing-Technologie sind ebenfalls enthalten. Fronten werden separat bestellt: 1x 40\u00d713, 1x 40\u00d725 und 1x 40\u00d731 k\u00f6nnen aus der untenstehenden Liste hinzugef\u00fcgt werden.  &nbsp;  Hier klicken: Qualit\u00e4t Verbesserungen von den neuen Schubladen im Vergleich zu den alten Schubladen von IKEADiese Schubladen sind im Vergleich zu den alten Schubladen, die in der Vergangenheit von IKEA verkauft wurden, etwas modifiziert, moderner und besser. Diese Schubladen nehmen mehr Gewicht auf und sind mit der sch\u00f6nen SoftClosing-Technologie ausgestattet.  Hier klicken: Warum ist es wichtig neue Fronten zu bestellen?Daher dass die neuen Schubladen im Vergleich zu IKEAs alte Schubladen verbessert sind, sind die Bohrspezifikationen f\u00fcr die Fronten etwas anders als bei den \u00e4lteren Schubladenfronten. Neue Schubladenfronten, die gleichzeitig mit den neuen Schubladen bestellt werden, werden nach dem neuen Standard vorgebohrt und passen direkt aus der Box. Wir empfehlen Ihnen, Ihre alten Schubladenfronten nicht zu behalten und zu versuchen, die alten Fronten auf die neuen Schubladen zu montieren, da die Bohrungen f\u00fcr die Beschl\u00e4ge etwas anders sind.  Hier klicken: Montierung tipp von neuen Schubladen in einen alten Schrank.Die neuen Schubladen k\u00f6nnen mit einer leichten Modifikation in die alten Schr\u00e4nke eingebaut werden. Bohren Sie einfach ein neues Loch pro L\u00e4ufer in den alten Schrank. Der L\u00e4ufer selbst kann als Vorlage verwendet werden. So machen Sie es: zuerst eine Gleitschiene an der Vorderkante anbringen und schrauben. Dann schauen Sie in den Schrank, wo Loch Nr. 2 in der Gleitschiene hingeht. Dort machen Sie eine Markierung, bohren ein Loch und schrauben die zweite Schraube in die Gleitschiene.\" \/>\n<meta property=\"og:url\" content=\"https:\/\/faktumonline.com\/de\/produkt\/set-mit-3-schubladen-b40-cm-ohne-fronten\/\" \/>\n<meta property=\"og:site_name\" content=\"Faktum Online Store\" \/>\n<meta property=\"article:modified_time\" content=\"2022-07-03T09:28:24+00:00\" \/>\n<meta name=\"twitter:card\" content=\"summary_large_image\" \/>\n<script type=\"application\/ld+json\" class=\"yoast-schema-graph\">{\"@context\":\"https:\\\/\\\/schema.org\",\"@graph\":[{\"@type\":\"WebPage\",\"@id\":\"https:\\\/\\\/faktumonline.com\\\/de\\\/produkt\\\/set-mit-3-schubladen-b40-cm-ohne-fronten\\\/\",\"url\":\"https:\\\/\\\/faktumonline.com\\\/de\\\/produkt\\\/set-mit-3-schubladen-b40-cm-ohne-fronten\\\/\",\"name\":\"Set mit 3 Schubladen. B=40 cm (ohne Fronten) - Faktum Online Store\",\"isPartOf\":{\"@id\":\"https:\\\/\\\/faktumonline.com\\\/da\\\/#website\"},\"datePublished\":\"2021-09-18T14:55:55+00:00\",\"dateModified\":\"2022-07-03T09:28:24+00:00\",\"breadcrumb\":{\"@id\":\"https:\\\/\\\/faktumonline.com\\\/de\\\/produkt\\\/set-mit-3-schubladen-b40-cm-ohne-fronten\\\/#breadcrumb\"},\"inLanguage\":\"de\",\"potentialAction\":[{\"@type\":\"ReadAction\",\"target\":[\"https:\\\/\\\/faktumonline.com\\\/de\\\/produkt\\\/set-mit-3-schubladen-b40-cm-ohne-fronten\\\/\"]}]},{\"@type\":\"BreadcrumbList\",\"@id\":\"https:\\\/\\\/faktumonline.com\\\/de\\\/produkt\\\/set-mit-3-schubladen-b40-cm-ohne-fronten\\\/#breadcrumb\",\"itemListElement\":[{\"@type\":\"ListItem\",\"position\":1,\"name\":\"Hem\",\"item\":\"https:\\\/\\\/faktumonline.com\\\/de\\\/\"},{\"@type\":\"ListItem\",\"position\":2,\"name\":\"Webshop\",\"item\":\"https:\\\/\\\/faktumonline.com\\\/de\\\/webshop\\\/\"},{\"@type\":\"ListItem\",\"position\":3,\"name\":\"Set mit 3 Schubladen. B=40 cm (ohne Fronten)\"}]},{\"@type\":\"WebSite\",\"@id\":\"https:\\\/\\\/faktumonline.com\\\/da\\\/#website\",\"url\":\"https:\\\/\\\/faktumonline.com\\\/da\\\/\",\"name\":\"Faktum Online Store\",\"description\":\"Premium doors for IKEA kitchens\",\"potentialAction\":[{\"@type\":\"SearchAction\",\"target\":{\"@type\":\"EntryPoint\",\"urlTemplate\":\"https:\\\/\\\/faktumonline.com\\\/da\\\/?s={search_term_string}\"},\"query-input\":{\"@type\":\"PropertyValueSpecification\",\"valueRequired\":true,\"valueName\":\"search_term_string\"}}],\"inLanguage\":\"de\"}]}<\/script>\n<!-- \/ Yoast SEO Premium plugin. -->","yoast_head_json":{"title":"Set mit 3 Schubladen. B=40 cm (ohne Fronten) - Faktum Online Store","robots":{"index":"index","follow":"follow","max-snippet":"max-snippet:-1","max-image-preview":"max-image-preview:large","max-video-preview":"max-video-preview:-1"},"canonical":"https:\/\/faktumonline.com\/de\/produkt\/set-mit-3-schubladen-b40-cm-ohne-fronten\/","og_locale":"de_DE","og_type":"article","og_title":"Set mit 3 Schubladen. B=40 cm (ohne Fronten)","og_description":"Dies ist ein Set mit 3 Schubladen f\u00fcr einen Schrank mit einer Breite von 40 cm (gemessen als Au\u00dfenbreite des Schranks).  1x niedrige Besteckschublade + 2x hohe Schubladen f\u00fcr T\u00f6pfe und Pfannen etc. sind in diesem Set enthalten. L\u00e4ufer mit SoftClosing-Technologie sind ebenfalls enthalten. Fronten werden separat bestellt: 1x 40\u00d713, 1x 40\u00d725 und 1x 40\u00d731 k\u00f6nnen aus der untenstehenden Liste hinzugef\u00fcgt werden.  &nbsp;  Hier klicken: Qualit\u00e4t Verbesserungen von den neuen Schubladen im Vergleich zu den alten Schubladen von IKEADiese Schubladen sind im Vergleich zu den alten Schubladen, die in der Vergangenheit von IKEA verkauft wurden, etwas modifiziert, moderner und besser. Diese Schubladen nehmen mehr Gewicht auf und sind mit der sch\u00f6nen SoftClosing-Technologie ausgestattet.  Hier klicken: Warum ist es wichtig neue Fronten zu bestellen?Daher dass die neuen Schubladen im Vergleich zu IKEAs alte Schubladen verbessert sind, sind die Bohrspezifikationen f\u00fcr die Fronten etwas anders als bei den \u00e4lteren Schubladenfronten. Neue Schubladenfronten, die gleichzeitig mit den neuen Schubladen bestellt werden, werden nach dem neuen Standard vorgebohrt und passen direkt aus der Box. Wir empfehlen Ihnen, Ihre alten Schubladenfronten nicht zu behalten und zu versuchen, die alten Fronten auf die neuen Schubladen zu montieren, da die Bohrungen f\u00fcr die Beschl\u00e4ge etwas anders sind.  Hier klicken: Montierung tipp von neuen Schubladen in einen alten Schrank.Die neuen Schubladen k\u00f6nnen mit einer leichten Modifikation in die alten Schr\u00e4nke eingebaut werden. Bohren Sie einfach ein neues Loch pro L\u00e4ufer in den alten Schrank. Der L\u00e4ufer selbst kann als Vorlage verwendet werden. So machen Sie es: zuerst eine Gleitschiene an der Vorderkante anbringen und schrauben. Dann schauen Sie in den Schrank, wo Loch Nr. 2 in der Gleitschiene hingeht. Dort machen Sie eine Markierung, bohren ein Loch und schrauben die zweite Schraube in die Gleitschiene.","og_url":"https:\/\/faktumonline.com\/de\/produkt\/set-mit-3-schubladen-b40-cm-ohne-fronten\/","og_site_name":"Faktum Online Store","article_modified_time":"2022-07-03T09:28:24+00:00","twitter_card":"summary_large_image","schema":{"@context":"https:\/\/schema.org","@graph":[{"@type":"WebPage","@id":"https:\/\/faktumonline.com\/de\/produkt\/set-mit-3-schubladen-b40-cm-ohne-fronten\/","url":"https:\/\/faktumonline.com\/de\/produkt\/set-mit-3-schubladen-b40-cm-ohne-fronten\/","name":"Set mit 3 Schubladen. B=40 cm (ohne Fronten) - Faktum Online Store","isPartOf":{"@id":"https:\/\/faktumonline.com\/da\/#website"},"datePublished":"2021-09-18T14:55:55+00:00","dateModified":"2022-07-03T09:28:24+00:00","breadcrumb":{"@id":"https:\/\/faktumonline.com\/de\/produkt\/set-mit-3-schubladen-b40-cm-ohne-fronten\/#breadcrumb"},"inLanguage":"de","potentialAction":[{"@type":"ReadAction","target":["https:\/\/faktumonline.com\/de\/produkt\/set-mit-3-schubladen-b40-cm-ohne-fronten\/"]}]},{"@type":"BreadcrumbList","@id":"https:\/\/faktumonline.com\/de\/produkt\/set-mit-3-schubladen-b40-cm-ohne-fronten\/#breadcrumb","itemListElement":[{"@type":"ListItem","position":1,"name":"Hem","item":"https:\/\/faktumonline.com\/de\/"},{"@type":"ListItem","position":2,"name":"Webshop","item":"https:\/\/faktumonline.com\/de\/webshop\/"},{"@type":"ListItem","position":3,"name":"Set mit 3 Schubladen. B=40 cm (ohne Fronten)"}]},{"@type":"WebSite","@id":"https:\/\/faktumonline.com\/da\/#website","url":"https:\/\/faktumonline.com\/da\/","name":"Faktum Online Store","description":"Premium doors for IKEA kitchens","potentialAction":[{"@type":"SearchAction","target":{"@type":"EntryPoint","urlTemplate":"https:\/\/faktumonline.com\/da\/?s={search_term_string}"},"query-input":{"@type":"PropertyValueSpecification","valueRequired":true,"valueName":"search_term_string"}}],"inLanguage":"de"}]}},"_links":{"self":[{"href":"https:\/\/faktumonline.com\/de\/wp-json\/wp\/v2\/product\/62849","targetHints":{"allow":["GET"]}}],"collection":[{"href":"https:\/\/faktumonline.com\/de\/wp-json\/wp\/v2\/product"}],"about":[{"href":"https:\/\/faktumonline.com\/de\/wp-json\/wp\/v2\/types\/product"}],"version-history":[{"count":3,"href":"https:\/\/faktumonline.com\/de\/wp-json\/wp\/v2\/product\/62849\/revisions"}],"predecessor-version":[{"id":74678,"href":"https:\/\/faktumonline.com\/de\/wp-json\/wp\/v2\/product\/62849\/revisions\/74678"}],"wp:attachment":[{"href":"https:\/\/faktumonline.com\/de\/wp-json\/wp\/v2\/media?parent=62849"}],"wp:term":[{"taxonomy":"product_brand","embeddable":true,"href":"https:\/\/faktumonline.com\/de\/wp-json\/wp\/v2\/product_brand?post=62849"},{"taxonomy":"product_cat","embeddable":true,"href":"https:\/\/faktumonline.com\/de\/wp-json\/wp\/v2\/product_cat?post=62849"},{"taxonomy":"product_tag","embeddable":true,"href":"https:\/\/faktumonline.com\/de\/wp-json\/wp\/v2\/product_tag?post=62849"}],"curies":[{"name":"wp","href":"https:\/\/api.w.org\/{rel}","templated":true}]}}