{"id":50465,"date":"2019-08-10T22:46:57","date_gmt":"2019-08-10T21:46:57","guid":{"rendered":"https:\/\/faktumonline.com\/product\/hoher-schrank-fur-gerate-60x195\/"},"modified":"2019-08-10T22:46:57","modified_gmt":"2019-08-10T21:46:57","slug":"hoher-schrank-fur-gerate-60x195","status":"publish","type":"product","link":"https:\/\/faktumonline.com\/de\/produkt\/hoher-schrank-fur-gerate-60x195\/","title":{"rendered":"Hoher Schrank f\u00fcr Ger\u00e4te 60\u00d7195"},"content":{"rendered":"<p>60 x 195 x 58 cm<\/p>\n","protected":false},"excerpt":{"rendered":"<p>Dies ist ein hoher Korpus f\u00fcr Einbauger\u00e4te und IKEA Faktum K\u00fcchen. Breite 60 cm, H\u00f6he 195 cm und Tiefe 58 cm. Wird unabh\u00e4ngig von der gew\u00e4hlten Farbe f\u00fcr die Fronten \u201cStandardwei\u00df\u201d gemacht.<\/p>\n<p>Der Korpus kann einzeln oder zusammen mit einigen der Extras von unten bestellt werden:<\/p>\n","protected":false},"featured_media":154134,"template":"","meta":[],"product_brand":[],"product_cat":[803],"product_tag":[],"class_list":{"0":"post-50465","1":"product","2":"type-product","3":"status-publish","4":"has-post-thumbnail","6":"product_cat-hoher-schrank-fur-gerate","7":"product_shipping_class-lang-de","8":"sales-flash-overlay","9":"woocommerce-text-align-center","10":"woocommerce-image-align-center","12":"first","13":"instock","14":"taxable","15":"shipping-taxable","16":"purchasable","17":"product-type-simple"},"exclude_global_add_ons":false,"addons":[{"name":"Door configuration","type":"checkbox","position":0,"required":false,"title_format":"heading","default":"","description_enable":false,"description":"","placeholder_enable":false,"placeholder":"","display":"select","restrictions_type":"any_text","adjust_price":false,"price":"","price_type":"flat_fee","restrictions":false,"min":"0","max":"0","options":[{"label":"Door 15x70","price":"69","price_type":"quantity_based","image":0},{"label":"Set of 2 hinges","price":"19","price_type":"quantity_based","image":0},{"label":"Set of 2 mounting plates","price":"9","price_type":"quantity_based","image":0}],"id":1738948690},{"name":"Pull Out Config","type":"checkbox","position":1,"required":false,"title_format":"heading","default":"","description_enable":false,"description":"","placeholder_enable":false,"placeholder":"","display":"select","restrictions_type":"any_text","adjust_price":false,"price":"","price_type":"flat_fee","restrictions":false,"min":"0","max":"0","options":[{"label":"Pull Out Draw Set","price":"159","price_type":"quantity_based","image":0},{"label":"Draw Front","price":"69","price_type":"quantity_based","image":0}],"id":1738948691},{"name":"Legs","type":"checkbox","position":2,"required":false,"title_format":"heading","default":"","description_enable":false,"description":"","placeholder_enable":false,"placeholder":"","display":"select","restrictions_type":"any_text","adjust_price":false,"price":"","price_type":"flat_fee","restrictions":false,"min":"0","max":"0","options":[{"label":"Set of 4 legs. 16 cm (14,5 - 17 cm)","price":"3.95","price_type":"quantity_based","image":0},{"label":"Set of 4 legs. 12 cm (11,5 - 14.4 cm)","price":"3.95","price_type":"quantity_based","image":0},{"label":"No legs","price":"","price_type":"quantity_based","image":0}],"id":1738948692}],"yoast_head":"<!-- This site is optimized with the Yoast SEO Premium plugin v27.0 (Yoast SEO v27.0) - https:\/\/yoast.com\/product\/yoast-seo-premium-wordpress\/ -->\n<title>Hoher Schrank f\u00fcr Ger\u00e4te 60\u00d7195 - Faktum Online Store<\/title>\n<meta name=\"robots\" content=\"index, follow, max-snippet:-1, max-image-preview:large, max-video-preview:-1\" \/>\n<link rel=\"canonical\" href=\"https:\/\/faktumonline.com\/de\/produkt\/hoher-schrank-fur-gerate-60x195\/\" \/>\n<meta property=\"og:locale\" content=\"de_DE\" \/>\n<meta property=\"og:type\" content=\"article\" \/>\n<meta property=\"og:title\" content=\"Hoher Schrank f\u00fcr Ger\u00e4te 60\u00d7195\" \/>\n<meta property=\"og:description\" content=\"Dies ist ein hoher Korpus f\u00fcr Einbauger\u00e4te und IKEA Faktum K\u00fcchen. Breite 60 cm, H\u00f6he 195 cm und Tiefe 58 cm. Wird unabh\u00e4ngig von der gew\u00e4hlten Farbe f\u00fcr die Fronten \u201cStandardwei\u00df\u201d gemacht.  Der Korpus kann einzeln oder zusammen mit einigen der Extras von unten bestellt werden:\" \/>\n<meta property=\"og:url\" content=\"https:\/\/faktumonline.com\/de\/produkt\/hoher-schrank-fur-gerate-60x195\/\" \/>\n<meta property=\"og:site_name\" content=\"Faktum Online Store\" \/>\n<meta property=\"og:image\" content=\"https:\/\/faktumonline.com\/wp-content\/uploads\/2019\/08\/Tall-cabinet-60x195-for-IKEA-Faktum-kitchens-and-for-built-in-appliances.jpg\" \/>\n\t<meta property=\"og:image:width\" content=\"914\" \/>\n\t<meta property=\"og:image:height\" content=\"1930\" \/>\n\t<meta property=\"og:image:type\" content=\"image\/jpeg\" \/>\n<meta name=\"twitter:card\" content=\"summary_large_image\" \/>\n<script type=\"application\/ld+json\" class=\"yoast-schema-graph\">{\"@context\":\"https:\/\/schema.org\",\"@graph\":[{\"@type\":\"WebPage\",\"@id\":\"https:\/\/faktumonline.com\/de\/produkt\/hoher-schrank-fur-gerate-60x195\/\",\"url\":\"https:\/\/faktumonline.com\/de\/produkt\/hoher-schrank-fur-gerate-60x195\/\",\"name\":\"Hoher Schrank f\u00fcr Ger\u00e4te 60\u00d7195 - Faktum Online Store\",\"isPartOf\":{\"@id\":\"https:\/\/faktumonline.com\/da\/#website\"},\"primaryImageOfPage\":{\"@id\":\"https:\/\/faktumonline.com\/de\/produkt\/hoher-schrank-fur-gerate-60x195\/#primaryimage\"},\"image\":{\"@id\":\"https:\/\/faktumonline.com\/de\/produkt\/hoher-schrank-fur-gerate-60x195\/#primaryimage\"},\"thumbnailUrl\":\"https:\/\/faktumonline.com\/wp-content\/uploads\/2025\/12\/Inbyggnadsskap.png\",\"datePublished\":\"2019-08-10T21:46:57+00:00\",\"breadcrumb\":{\"@id\":\"https:\/\/faktumonline.com\/de\/produkt\/hoher-schrank-fur-gerate-60x195\/#breadcrumb\"},\"inLanguage\":\"de\",\"potentialAction\":[{\"@type\":\"ReadAction\",\"target\":[\"https:\/\/faktumonline.com\/de\/produkt\/hoher-schrank-fur-gerate-60x195\/\"]}]},{\"@type\":\"ImageObject\",\"inLanguage\":\"de\",\"@id\":\"https:\/\/faktumonline.com\/de\/produkt\/hoher-schrank-fur-gerate-60x195\/#primaryimage\",\"url\":\"https:\/\/faktumonline.com\/wp-content\/uploads\/2025\/12\/Inbyggnadsskap.png\",\"contentUrl\":\"https:\/\/faktumonline.com\/wp-content\/uploads\/2025\/12\/Inbyggnadsskap.png\",\"width\":510,\"height\":825,\"caption\":\"Hochschrank f\u00fcr Ger\u00e4te f\u00fcr IKEA Faktum-K\u00fcchen\"},{\"@type\":\"BreadcrumbList\",\"@id\":\"https:\/\/faktumonline.com\/de\/produkt\/hoher-schrank-fur-gerate-60x195\/#breadcrumb\",\"itemListElement\":[{\"@type\":\"ListItem\",\"position\":1,\"name\":\"Hem\",\"item\":\"https:\/\/faktumonline.com\/de\/\"},{\"@type\":\"ListItem\",\"position\":2,\"name\":\"Webshop\",\"item\":\"https:\/\/faktumonline.com\/de\/webshop\/\"},{\"@type\":\"ListItem\",\"position\":3,\"name\":\"Hoher Schrank f\u00fcr Ger\u00e4te 60\u00d7195\"}]},{\"@type\":\"WebSite\",\"@id\":\"https:\/\/faktumonline.com\/da\/#website\",\"url\":\"https:\/\/faktumonline.com\/da\/\",\"name\":\"Faktum Online Store\",\"description\":\"Premium doors for IKEA kitchens\",\"potentialAction\":[{\"@type\":\"SearchAction\",\"target\":{\"@type\":\"EntryPoint\",\"urlTemplate\":\"https:\/\/faktumonline.com\/da\/?s={search_term_string}\"},\"query-input\":{\"@type\":\"PropertyValueSpecification\",\"valueRequired\":true,\"valueName\":\"search_term_string\"}}],\"inLanguage\":\"de\"}]}<\/script>\n<!-- \/ Yoast SEO Premium plugin. -->","yoast_head_json":{"title":"Hoher Schrank f\u00fcr Ger\u00e4te 60\u00d7195 - Faktum Online Store","robots":{"index":"index","follow":"follow","max-snippet":"max-snippet:-1","max-image-preview":"max-image-preview:large","max-video-preview":"max-video-preview:-1"},"canonical":"https:\/\/faktumonline.com\/de\/produkt\/hoher-schrank-fur-gerate-60x195\/","og_locale":"de_DE","og_type":"article","og_title":"Hoher Schrank f\u00fcr Ger\u00e4te 60\u00d7195","og_description":"Dies ist ein hoher Korpus f\u00fcr Einbauger\u00e4te und IKEA Faktum K\u00fcchen. Breite 60 cm, H\u00f6he 195 cm und Tiefe 58 cm. Wird unabh\u00e4ngig von der gew\u00e4hlten Farbe f\u00fcr die Fronten \u201cStandardwei\u00df\u201d gemacht.  Der Korpus kann einzeln oder zusammen mit einigen der Extras von unten bestellt werden:","og_url":"https:\/\/faktumonline.com\/de\/produkt\/hoher-schrank-fur-gerate-60x195\/","og_site_name":"Faktum Online Store","og_image":[{"width":914,"height":1930,"url":"https:\/\/faktumonline.com\/wp-content\/uploads\/2019\/08\/Tall-cabinet-60x195-for-IKEA-Faktum-kitchens-and-for-built-in-appliances.jpg","type":"image\/jpeg"}],"twitter_card":"summary_large_image","schema":{"@context":"https:\/\/schema.org","@graph":[{"@type":"WebPage","@id":"https:\/\/faktumonline.com\/de\/produkt\/hoher-schrank-fur-gerate-60x195\/","url":"https:\/\/faktumonline.com\/de\/produkt\/hoher-schrank-fur-gerate-60x195\/","name":"Hoher Schrank f\u00fcr Ger\u00e4te 60\u00d7195 - Faktum Online Store","isPartOf":{"@id":"https:\/\/faktumonline.com\/da\/#website"},"primaryImageOfPage":{"@id":"https:\/\/faktumonline.com\/de\/produkt\/hoher-schrank-fur-gerate-60x195\/#primaryimage"},"image":{"@id":"https:\/\/faktumonline.com\/de\/produkt\/hoher-schrank-fur-gerate-60x195\/#primaryimage"},"thumbnailUrl":"https:\/\/faktumonline.com\/wp-content\/uploads\/2025\/12\/Inbyggnadsskap.png","datePublished":"2019-08-10T21:46:57+00:00","breadcrumb":{"@id":"https:\/\/faktumonline.com\/de\/produkt\/hoher-schrank-fur-gerate-60x195\/#breadcrumb"},"inLanguage":"de","potentialAction":[{"@type":"ReadAction","target":["https:\/\/faktumonline.com\/de\/produkt\/hoher-schrank-fur-gerate-60x195\/"]}]},{"@type":"ImageObject","inLanguage":"de","@id":"https:\/\/faktumonline.com\/de\/produkt\/hoher-schrank-fur-gerate-60x195\/#primaryimage","url":"https:\/\/faktumonline.com\/wp-content\/uploads\/2025\/12\/Inbyggnadsskap.png","contentUrl":"https:\/\/faktumonline.com\/wp-content\/uploads\/2025\/12\/Inbyggnadsskap.png","width":510,"height":825,"caption":"Hochschrank f\u00fcr Ger\u00e4te f\u00fcr IKEA Faktum-K\u00fcchen"},{"@type":"BreadcrumbList","@id":"https:\/\/faktumonline.com\/de\/produkt\/hoher-schrank-fur-gerate-60x195\/#breadcrumb","itemListElement":[{"@type":"ListItem","position":1,"name":"Hem","item":"https:\/\/faktumonline.com\/de\/"},{"@type":"ListItem","position":2,"name":"Webshop","item":"https:\/\/faktumonline.com\/de\/webshop\/"},{"@type":"ListItem","position":3,"name":"Hoher Schrank f\u00fcr Ger\u00e4te 60\u00d7195"}]},{"@type":"WebSite","@id":"https:\/\/faktumonline.com\/da\/#website","url":"https:\/\/faktumonline.com\/da\/","name":"Faktum Online Store","description":"Premium doors for IKEA kitchens","potentialAction":[{"@type":"SearchAction","target":{"@type":"EntryPoint","urlTemplate":"https:\/\/faktumonline.com\/da\/?s={search_term_string}"},"query-input":{"@type":"PropertyValueSpecification","valueRequired":true,"valueName":"search_term_string"}}],"inLanguage":"de"}]}},"_links":{"self":[{"href":"https:\/\/faktumonline.com\/de\/wp-json\/wp\/v2\/product\/50465","targetHints":{"allow":["GET"]}}],"collection":[{"href":"https:\/\/faktumonline.com\/de\/wp-json\/wp\/v2\/product"}],"about":[{"href":"https:\/\/faktumonline.com\/de\/wp-json\/wp\/v2\/types\/product"}],"version-history":[{"count":0,"href":"https:\/\/faktumonline.com\/de\/wp-json\/wp\/v2\/product\/50465\/revisions"}],"wp:featuredmedia":[{"embeddable":true,"href":"https:\/\/faktumonline.com\/de\/wp-json\/wp\/v2\/media\/154134"}],"wp:attachment":[{"href":"https:\/\/faktumonline.com\/de\/wp-json\/wp\/v2\/media?parent=50465"}],"wp:term":[{"taxonomy":"product_brand","embeddable":true,"href":"https:\/\/faktumonline.com\/de\/wp-json\/wp\/v2\/product_brand?post=50465"},{"taxonomy":"product_cat","embeddable":true,"href":"https:\/\/faktumonline.com\/de\/wp-json\/wp\/v2\/product_cat?post=50465"},{"taxonomy":"product_tag","embeddable":true,"href":"https:\/\/faktumonline.com\/de\/wp-json\/wp\/v2\/product_tag?post=50465"}],"curies":[{"name":"wp","href":"https:\/\/api.w.org\/{rel}","templated":true}]}}