{"id":50373,"date":"2019-08-10T18:41:34","date_gmt":"2019-08-10T17:41:34","guid":{"rendered":"https:\/\/faktumonline.com\/product\/unterschrank-50x70\/"},"modified":"2024-11-11T21:32:44","modified_gmt":"2024-11-11T20:32:44","slug":"unterschrank-50x70","status":"publish","type":"product","link":"https:\/\/faktumonline.com\/de\/produkt\/unterschrank-50x70\/","title":{"rendered":"Unterschrank 50\u00d770"},"content":{"rendered":"<p>50 x 70 x\u00a0 58 cm<\/p>\n","protected":false},"excerpt":{"rendered":"<p>Dies ist ein Korpus, ein Unterschrank f\u00fcr IKEA Faktum K\u00fcchen. Breite 50 cm, H\u00f6he 70 cm und Tiefe 58 cm. Wird unabh\u00e4ngig von der gew\u00e4hlten Farbe f\u00fcr die Fronten \u201cStandardwei\u00df\u201d gemacht. Der Korpus kann einzeln oder zusammen mit einigen der Extras von unten bestellt werden:<\/p>\n","protected":false},"featured_media":124042,"template":"","meta":[],"product_brand":[],"product_cat":[579],"product_tag":[],"class_list":{"0":"post-50373","1":"product","2":"type-product","3":"status-publish","4":"has-post-thumbnail","6":"product_cat-unterschranke","7":"sales-flash-overlay","8":"woocommerce-text-align-center","9":"woocommerce-image-align-center","11":"first","12":"instock","13":"taxable","14":"shipping-taxable","15":"purchasable","16":"product-type-simple"},"exclude_global_add_ons":[],"addons":[],"yoast_head":"<!-- This site is optimized with the Yoast SEO Premium plugin v27.4 (Yoast SEO v27.4) - https:\/\/yoast.com\/product\/yoast-seo-premium-wordpress\/ -->\n<title>Unterschrank 50\u00d770 - Faktum Online Store<\/title>\n<meta name=\"robots\" content=\"index, follow, max-snippet:-1, max-image-preview:large, max-video-preview:-1\" \/>\n<link rel=\"canonical\" href=\"https:\/\/faktumonline.com\/de\/produkt\/unterschrank-50x70\/\" \/>\n<meta property=\"og:locale\" content=\"de_DE\" \/>\n<meta property=\"og:type\" content=\"article\" \/>\n<meta property=\"og:title\" content=\"Unterschrank 50\u00d770\" \/>\n<meta property=\"og:description\" content=\"Dies ist ein Korpus, ein Unterschrank f\u00fcr IKEA Faktum K\u00fcchen. Breite 50 cm, H\u00f6he 70 cm und Tiefe 58 cm. Wird unabh\u00e4ngig von der gew\u00e4hlten Farbe f\u00fcr die Fronten \u201cStandardwei\u00df\u201d gemacht. Der Korpus kann einzeln oder zusammen mit einigen der Extras von unten bestellt werden:\" \/>\n<meta property=\"og:url\" content=\"https:\/\/faktumonline.com\/de\/produkt\/unterschrank-50x70\/\" \/>\n<meta property=\"og:site_name\" content=\"Faktum Online Store\" \/>\n<meta property=\"article:modified_time\" content=\"2024-11-11T20:32:44+00:00\" \/>\n<meta property=\"og:image\" content=\"https:\/\/faktumonline.com\/wp-content\/uploads\/2019\/08\/Base-Cabinet-50x70-1.png\" \/>\n\t<meta property=\"og:image:width\" content=\"510\" \/>\n\t<meta property=\"og:image:height\" content=\"825\" \/>\n\t<meta property=\"og:image:type\" content=\"image\/png\" \/>\n<meta name=\"twitter:card\" content=\"summary_large_image\" \/>\n<meta name=\"twitter:label1\" content=\"Gesch\u00e4tzte Lesezeit\" \/>\n\t<meta name=\"twitter:data1\" content=\"1\u00a0Minute\" \/>\n<script type=\"application\/ld+json\" class=\"yoast-schema-graph\">{\"@context\":\"https:\\\/\\\/schema.org\",\"@graph\":[{\"@type\":\"WebPage\",\"@id\":\"https:\\\/\\\/faktumonline.com\\\/de\\\/produkt\\\/unterschrank-50x70\\\/\",\"url\":\"https:\\\/\\\/faktumonline.com\\\/de\\\/produkt\\\/unterschrank-50x70\\\/\",\"name\":\"Unterschrank 50\u00d770 - Faktum Online Store\",\"isPartOf\":{\"@id\":\"https:\\\/\\\/faktumonline.com\\\/da\\\/#website\"},\"primaryImageOfPage\":{\"@id\":\"https:\\\/\\\/faktumonline.com\\\/de\\\/produkt\\\/unterschrank-50x70\\\/#primaryimage\"},\"image\":{\"@id\":\"https:\\\/\\\/faktumonline.com\\\/de\\\/produkt\\\/unterschrank-50x70\\\/#primaryimage\"},\"thumbnailUrl\":\"https:\\\/\\\/faktumonline.com\\\/wp-content\\\/uploads\\\/2019\\\/08\\\/Base-Cabinet-50x70-1.png\",\"datePublished\":\"2019-08-10T17:41:34+00:00\",\"dateModified\":\"2024-11-11T20:32:44+00:00\",\"breadcrumb\":{\"@id\":\"https:\\\/\\\/faktumonline.com\\\/de\\\/produkt\\\/unterschrank-50x70\\\/#breadcrumb\"},\"inLanguage\":\"de\",\"potentialAction\":[{\"@type\":\"ReadAction\",\"target\":[\"https:\\\/\\\/faktumonline.com\\\/de\\\/produkt\\\/unterschrank-50x70\\\/\"]}]},{\"@type\":\"ImageObject\",\"inLanguage\":\"de\",\"@id\":\"https:\\\/\\\/faktumonline.com\\\/de\\\/produkt\\\/unterschrank-50x70\\\/#primaryimage\",\"url\":\"https:\\\/\\\/faktumonline.com\\\/wp-content\\\/uploads\\\/2019\\\/08\\\/Base-Cabinet-50x70-1.png\",\"contentUrl\":\"https:\\\/\\\/faktumonline.com\\\/wp-content\\\/uploads\\\/2019\\\/08\\\/Base-Cabinet-50x70-1.png\",\"width\":510,\"height\":825,\"caption\":\"IKEA Faktum Base Cabinet 50x70\"},{\"@type\":\"BreadcrumbList\",\"@id\":\"https:\\\/\\\/faktumonline.com\\\/de\\\/produkt\\\/unterschrank-50x70\\\/#breadcrumb\",\"itemListElement\":[{\"@type\":\"ListItem\",\"position\":1,\"name\":\"Hem\",\"item\":\"https:\\\/\\\/faktumonline.com\\\/de\\\/\"},{\"@type\":\"ListItem\",\"position\":2,\"name\":\"Webshop\",\"item\":\"https:\\\/\\\/faktumonline.com\\\/de\\\/webshop\\\/\"},{\"@type\":\"ListItem\",\"position\":3,\"name\":\"Unterschrank 50\u00d770\"}]},{\"@type\":\"WebSite\",\"@id\":\"https:\\\/\\\/faktumonline.com\\\/da\\\/#website\",\"url\":\"https:\\\/\\\/faktumonline.com\\\/da\\\/\",\"name\":\"Faktum Online Store\",\"description\":\"Premium doors for IKEA kitchens\",\"potentialAction\":[{\"@type\":\"SearchAction\",\"target\":{\"@type\":\"EntryPoint\",\"urlTemplate\":\"https:\\\/\\\/faktumonline.com\\\/da\\\/?s={search_term_string}\"},\"query-input\":{\"@type\":\"PropertyValueSpecification\",\"valueRequired\":true,\"valueName\":\"search_term_string\"}}],\"inLanguage\":\"de\"}]}<\/script>\n<!-- \/ Yoast SEO Premium plugin. -->","yoast_head_json":{"title":"Unterschrank 50\u00d770 - Faktum Online Store","robots":{"index":"index","follow":"follow","max-snippet":"max-snippet:-1","max-image-preview":"max-image-preview:large","max-video-preview":"max-video-preview:-1"},"canonical":"https:\/\/faktumonline.com\/de\/produkt\/unterschrank-50x70\/","og_locale":"de_DE","og_type":"article","og_title":"Unterschrank 50\u00d770","og_description":"Dies ist ein Korpus, ein Unterschrank f\u00fcr IKEA Faktum K\u00fcchen. Breite 50 cm, H\u00f6he 70 cm und Tiefe 58 cm. Wird unabh\u00e4ngig von der gew\u00e4hlten Farbe f\u00fcr die Fronten \u201cStandardwei\u00df\u201d gemacht. Der Korpus kann einzeln oder zusammen mit einigen der Extras von unten bestellt werden:","og_url":"https:\/\/faktumonline.com\/de\/produkt\/unterschrank-50x70\/","og_site_name":"Faktum Online Store","article_modified_time":"2024-11-11T20:32:44+00:00","og_image":[{"width":510,"height":825,"url":"https:\/\/faktumonline.com\/wp-content\/uploads\/2019\/08\/Base-Cabinet-50x70-1.png","type":"image\/png"}],"twitter_card":"summary_large_image","twitter_misc":{"Gesch\u00e4tzte Lesezeit":"1\u00a0Minute"},"schema":{"@context":"https:\/\/schema.org","@graph":[{"@type":"WebPage","@id":"https:\/\/faktumonline.com\/de\/produkt\/unterschrank-50x70\/","url":"https:\/\/faktumonline.com\/de\/produkt\/unterschrank-50x70\/","name":"Unterschrank 50\u00d770 - Faktum Online Store","isPartOf":{"@id":"https:\/\/faktumonline.com\/da\/#website"},"primaryImageOfPage":{"@id":"https:\/\/faktumonline.com\/de\/produkt\/unterschrank-50x70\/#primaryimage"},"image":{"@id":"https:\/\/faktumonline.com\/de\/produkt\/unterschrank-50x70\/#primaryimage"},"thumbnailUrl":"https:\/\/faktumonline.com\/wp-content\/uploads\/2019\/08\/Base-Cabinet-50x70-1.png","datePublished":"2019-08-10T17:41:34+00:00","dateModified":"2024-11-11T20:32:44+00:00","breadcrumb":{"@id":"https:\/\/faktumonline.com\/de\/produkt\/unterschrank-50x70\/#breadcrumb"},"inLanguage":"de","potentialAction":[{"@type":"ReadAction","target":["https:\/\/faktumonline.com\/de\/produkt\/unterschrank-50x70\/"]}]},{"@type":"ImageObject","inLanguage":"de","@id":"https:\/\/faktumonline.com\/de\/produkt\/unterschrank-50x70\/#primaryimage","url":"https:\/\/faktumonline.com\/wp-content\/uploads\/2019\/08\/Base-Cabinet-50x70-1.png","contentUrl":"https:\/\/faktumonline.com\/wp-content\/uploads\/2019\/08\/Base-Cabinet-50x70-1.png","width":510,"height":825,"caption":"IKEA Faktum Base Cabinet 50x70"},{"@type":"BreadcrumbList","@id":"https:\/\/faktumonline.com\/de\/produkt\/unterschrank-50x70\/#breadcrumb","itemListElement":[{"@type":"ListItem","position":1,"name":"Hem","item":"https:\/\/faktumonline.com\/de\/"},{"@type":"ListItem","position":2,"name":"Webshop","item":"https:\/\/faktumonline.com\/de\/webshop\/"},{"@type":"ListItem","position":3,"name":"Unterschrank 50\u00d770"}]},{"@type":"WebSite","@id":"https:\/\/faktumonline.com\/da\/#website","url":"https:\/\/faktumonline.com\/da\/","name":"Faktum Online Store","description":"Premium doors for IKEA kitchens","potentialAction":[{"@type":"SearchAction","target":{"@type":"EntryPoint","urlTemplate":"https:\/\/faktumonline.com\/da\/?s={search_term_string}"},"query-input":{"@type":"PropertyValueSpecification","valueRequired":true,"valueName":"search_term_string"}}],"inLanguage":"de"}]}},"_links":{"self":[{"href":"https:\/\/faktumonline.com\/de\/wp-json\/wp\/v2\/product\/50373","targetHints":{"allow":["GET"]}}],"collection":[{"href":"https:\/\/faktumonline.com\/de\/wp-json\/wp\/v2\/product"}],"about":[{"href":"https:\/\/faktumonline.com\/de\/wp-json\/wp\/v2\/types\/product"}],"version-history":[{"count":3,"href":"https:\/\/faktumonline.com\/de\/wp-json\/wp\/v2\/product\/50373\/revisions"}],"predecessor-version":[{"id":50393,"href":"https:\/\/faktumonline.com\/de\/wp-json\/wp\/v2\/product\/50373\/revisions\/50393"}],"wp:featuredmedia":[{"embeddable":true,"href":"https:\/\/faktumonline.com\/de\/wp-json\/wp\/v2\/media\/124042"}],"wp:attachment":[{"href":"https:\/\/faktumonline.com\/de\/wp-json\/wp\/v2\/media?parent=50373"}],"wp:term":[{"taxonomy":"product_brand","embeddable":true,"href":"https:\/\/faktumonline.com\/de\/wp-json\/wp\/v2\/product_brand?post=50373"},{"taxonomy":"product_cat","embeddable":true,"href":"https:\/\/faktumonline.com\/de\/wp-json\/wp\/v2\/product_cat?post=50373"},{"taxonomy":"product_tag","embeddable":true,"href":"https:\/\/faktumonline.com\/de\/wp-json\/wp\/v2\/product_tag?post=50373"}],"curies":[{"name":"wp","href":"https:\/\/api.w.org\/{rel}","templated":true}]}}