{"id":36794,"date":"2020-04-03T19:03:12","date_gmt":"2020-04-03T18:03:12","guid":{"rendered":"https:\/\/faktumonline.com\/?post_type=product&#038;p=36794"},"modified":"2024-12-12T10:09:09","modified_gmt":"2024-12-12T09:09:09","slug":"sockel-nach-mass","status":"publish","type":"product","link":"https:\/\/faktumonline.com\/de\/produkt\/sockel-nach-mass\/","title":{"rendered":"Sockel nach ma\u00df&#8230;."},"content":{"rendered":"","protected":false},"excerpt":{"rendered":"<p>Wir bieten auch Sockel- und Deckleisten nach Deinen W\u00fcnschen an. Ma\u03b2e bitte ebenfalls in mm angeben. Wir stellen sie nat\u00fcrlich in der gleichen hochwertigen Qualit\u00e4t und Farbe wie unsere T\u03cbren her.<\/p>\n<p>Dicke = 18 mm.<\/p>\n<p>Unabh\u00e4ngig von dem gew\u00e4hlten Modell f\u00fcr T\u00fcren und Schubladenfronten wird diese Front mit einer flachen Oberfl\u00e4che mit Rundung W28 ausgef\u00fchrt.<\/p>\n<p>&nbsp;<\/p>\n","protected":false},"featured_media":36799,"template":"","meta":[],"product_brand":[],"product_cat":[751],"product_tag":[],"class_list":{"0":"post-36794","1":"product","2":"type-product","3":"status-publish","4":"has-post-thumbnail","6":"product_cat-massgeschneidert","7":"sales-flash-overlay","8":"woocommerce-text-align-center","9":"woocommerce-image-align-center","11":"first","12":"discontinued","13":"taxable","14":"shipping-taxable","15":"purchasable","16":"product-type-simple"},"exclude_global_add_ons":[],"addons":[],"yoast_head":"<!-- This site is optimized with the Yoast SEO Premium plugin v27.5 (Yoast SEO v27.5) - https:\/\/yoast.com\/product\/yoast-seo-premium-wordpress\/ -->\n<title>Sockel nach ma\u00df.... - Faktum Online Store<\/title>\n<meta name=\"robots\" content=\"index, follow, max-snippet:-1, max-image-preview:large, max-video-preview:-1\" \/>\n<link rel=\"canonical\" href=\"https:\/\/faktumonline.com\/de\/produkt\/sockel-nach-mass\/\" \/>\n<meta property=\"og:locale\" content=\"de_DE\" \/>\n<meta property=\"og:type\" content=\"article\" \/>\n<meta property=\"og:title\" content=\"Sockel nach ma\u00df....\" \/>\n<meta property=\"og:description\" content=\"Wir bieten auch Sockel- und Deckleisten nach Deinen W\u00fcnschen an. Ma\u03b2e bitte ebenfalls in mm angeben. Wir stellen sie nat\u00fcrlich in der gleichen hochwertigen Qualit\u00e4t und Farbe wie unsere T\u03cbren her.  Dicke = 18 mm.  Unabh\u00e4ngig von dem gew\u00e4hlten Modell f\u00fcr T\u00fcren und Schubladenfronten wird diese Front mit einer flachen Oberfl\u00e4che mit Rundung W28 ausgef\u00fchrt.  &nbsp;\" \/>\n<meta property=\"og:url\" content=\"https:\/\/faktumonline.com\/de\/produkt\/sockel-nach-mass\/\" \/>\n<meta property=\"og:site_name\" content=\"Faktum Online Store\" \/>\n<meta property=\"article:modified_time\" content=\"2024-12-12T09:09:09+00:00\" \/>\n<meta property=\"og:image\" content=\"https:\/\/faktumonline.com\/wp-content\/uploads\/2020\/04\/Sockel.jpg\" \/>\n\t<meta property=\"og:image:width\" content=\"452\" \/>\n\t<meta property=\"og:image:height\" content=\"565\" \/>\n\t<meta property=\"og:image:type\" content=\"image\/jpeg\" \/>\n<meta name=\"twitter:card\" content=\"summary_large_image\" \/>\n<meta name=\"twitter:label1\" content=\"Gesch\u00e4tzte Lesezeit\" \/>\n\t<meta name=\"twitter:data1\" content=\"1\u00a0Minute\" \/>\n<script type=\"application\/ld+json\" class=\"yoast-schema-graph\">{\"@context\":\"https:\\\/\\\/schema.org\",\"@graph\":[{\"@type\":\"WebPage\",\"@id\":\"https:\\\/\\\/faktumonline.com\\\/de\\\/produkt\\\/sockel-nach-mass\\\/\",\"url\":\"https:\\\/\\\/faktumonline.com\\\/de\\\/produkt\\\/sockel-nach-mass\\\/\",\"name\":\"Sockel nach ma\u00df.... - Faktum Online Store\",\"isPartOf\":{\"@id\":\"https:\\\/\\\/faktumonline.com\\\/da\\\/#website\"},\"primaryImageOfPage\":{\"@id\":\"https:\\\/\\\/faktumonline.com\\\/de\\\/produkt\\\/sockel-nach-mass\\\/#primaryimage\"},\"image\":{\"@id\":\"https:\\\/\\\/faktumonline.com\\\/de\\\/produkt\\\/sockel-nach-mass\\\/#primaryimage\"},\"thumbnailUrl\":\"https:\\\/\\\/faktumonline.com\\\/wp-content\\\/uploads\\\/2020\\\/04\\\/Sockel.jpg\",\"datePublished\":\"2020-04-03T18:03:12+00:00\",\"dateModified\":\"2024-12-12T09:09:09+00:00\",\"breadcrumb\":{\"@id\":\"https:\\\/\\\/faktumonline.com\\\/de\\\/produkt\\\/sockel-nach-mass\\\/#breadcrumb\"},\"inLanguage\":\"de\",\"potentialAction\":[{\"@type\":\"ReadAction\",\"target\":[\"https:\\\/\\\/faktumonline.com\\\/de\\\/produkt\\\/sockel-nach-mass\\\/\"]}]},{\"@type\":\"ImageObject\",\"inLanguage\":\"de\",\"@id\":\"https:\\\/\\\/faktumonline.com\\\/de\\\/produkt\\\/sockel-nach-mass\\\/#primaryimage\",\"url\":\"https:\\\/\\\/faktumonline.com\\\/wp-content\\\/uploads\\\/2020\\\/04\\\/Sockel.jpg\",\"contentUrl\":\"https:\\\/\\\/faktumonline.com\\\/wp-content\\\/uploads\\\/2020\\\/04\\\/Sockel.jpg\",\"width\":452,\"height\":565,\"caption\":\"Sockelleisten f\u00fcr IKEA Faktum k\u00fcche\"},{\"@type\":\"BreadcrumbList\",\"@id\":\"https:\\\/\\\/faktumonline.com\\\/de\\\/produkt\\\/sockel-nach-mass\\\/#breadcrumb\",\"itemListElement\":[{\"@type\":\"ListItem\",\"position\":1,\"name\":\"Hem\",\"item\":\"https:\\\/\\\/faktumonline.com\\\/de\\\/front\\\/\"},{\"@type\":\"ListItem\",\"position\":2,\"name\":\"Webshop\",\"item\":\"https:\\\/\\\/faktumonline.com\\\/de\\\/webshop\\\/\"},{\"@type\":\"ListItem\",\"position\":3,\"name\":\"Sockel nach ma\u00df&#8230;.\"}]},{\"@type\":\"WebSite\",\"@id\":\"https:\\\/\\\/faktumonline.com\\\/da\\\/#website\",\"url\":\"https:\\\/\\\/faktumonline.com\\\/da\\\/\",\"name\":\"Faktum Online Store\",\"description\":\"Premium doors for IKEA kitchens\",\"potentialAction\":[{\"@type\":\"SearchAction\",\"target\":{\"@type\":\"EntryPoint\",\"urlTemplate\":\"https:\\\/\\\/faktumonline.com\\\/da\\\/?s={search_term_string}\"},\"query-input\":{\"@type\":\"PropertyValueSpecification\",\"valueRequired\":true,\"valueName\":\"search_term_string\"}}],\"inLanguage\":\"de\"}]}<\/script>\n<!-- \/ Yoast SEO Premium plugin. -->","yoast_head_json":{"title":"Sockel nach ma\u00df.... - Faktum Online Store","robots":{"index":"index","follow":"follow","max-snippet":"max-snippet:-1","max-image-preview":"max-image-preview:large","max-video-preview":"max-video-preview:-1"},"canonical":"https:\/\/faktumonline.com\/de\/produkt\/sockel-nach-mass\/","og_locale":"de_DE","og_type":"article","og_title":"Sockel nach ma\u00df....","og_description":"Wir bieten auch Sockel- und Deckleisten nach Deinen W\u00fcnschen an. Ma\u03b2e bitte ebenfalls in mm angeben. Wir stellen sie nat\u00fcrlich in der gleichen hochwertigen Qualit\u00e4t und Farbe wie unsere T\u03cbren her.  Dicke = 18 mm.  Unabh\u00e4ngig von dem gew\u00e4hlten Modell f\u00fcr T\u00fcren und Schubladenfronten wird diese Front mit einer flachen Oberfl\u00e4che mit Rundung W28 ausgef\u00fchrt.  &nbsp;","og_url":"https:\/\/faktumonline.com\/de\/produkt\/sockel-nach-mass\/","og_site_name":"Faktum Online Store","article_modified_time":"2024-12-12T09:09:09+00:00","og_image":[{"width":452,"height":565,"url":"https:\/\/faktumonline.com\/wp-content\/uploads\/2020\/04\/Sockel.jpg","type":"image\/jpeg"}],"twitter_card":"summary_large_image","twitter_misc":{"Gesch\u00e4tzte Lesezeit":"1\u00a0Minute"},"schema":{"@context":"https:\/\/schema.org","@graph":[{"@type":"WebPage","@id":"https:\/\/faktumonline.com\/de\/produkt\/sockel-nach-mass\/","url":"https:\/\/faktumonline.com\/de\/produkt\/sockel-nach-mass\/","name":"Sockel nach ma\u00df.... - Faktum Online Store","isPartOf":{"@id":"https:\/\/faktumonline.com\/da\/#website"},"primaryImageOfPage":{"@id":"https:\/\/faktumonline.com\/de\/produkt\/sockel-nach-mass\/#primaryimage"},"image":{"@id":"https:\/\/faktumonline.com\/de\/produkt\/sockel-nach-mass\/#primaryimage"},"thumbnailUrl":"https:\/\/faktumonline.com\/wp-content\/uploads\/2020\/04\/Sockel.jpg","datePublished":"2020-04-03T18:03:12+00:00","dateModified":"2024-12-12T09:09:09+00:00","breadcrumb":{"@id":"https:\/\/faktumonline.com\/de\/produkt\/sockel-nach-mass\/#breadcrumb"},"inLanguage":"de","potentialAction":[{"@type":"ReadAction","target":["https:\/\/faktumonline.com\/de\/produkt\/sockel-nach-mass\/"]}]},{"@type":"ImageObject","inLanguage":"de","@id":"https:\/\/faktumonline.com\/de\/produkt\/sockel-nach-mass\/#primaryimage","url":"https:\/\/faktumonline.com\/wp-content\/uploads\/2020\/04\/Sockel.jpg","contentUrl":"https:\/\/faktumonline.com\/wp-content\/uploads\/2020\/04\/Sockel.jpg","width":452,"height":565,"caption":"Sockelleisten f\u00fcr IKEA Faktum k\u00fcche"},{"@type":"BreadcrumbList","@id":"https:\/\/faktumonline.com\/de\/produkt\/sockel-nach-mass\/#breadcrumb","itemListElement":[{"@type":"ListItem","position":1,"name":"Hem","item":"https:\/\/faktumonline.com\/de\/front\/"},{"@type":"ListItem","position":2,"name":"Webshop","item":"https:\/\/faktumonline.com\/de\/webshop\/"},{"@type":"ListItem","position":3,"name":"Sockel nach ma\u00df&#8230;."}]},{"@type":"WebSite","@id":"https:\/\/faktumonline.com\/da\/#website","url":"https:\/\/faktumonline.com\/da\/","name":"Faktum Online Store","description":"Premium doors for IKEA kitchens","potentialAction":[{"@type":"SearchAction","target":{"@type":"EntryPoint","urlTemplate":"https:\/\/faktumonline.com\/da\/?s={search_term_string}"},"query-input":{"@type":"PropertyValueSpecification","valueRequired":true,"valueName":"search_term_string"}}],"inLanguage":"de"}]}},"_links":{"self":[{"href":"https:\/\/faktumonline.com\/de\/wp-json\/wp\/v2\/product\/36794","targetHints":{"allow":["GET"]}}],"collection":[{"href":"https:\/\/faktumonline.com\/de\/wp-json\/wp\/v2\/product"}],"about":[{"href":"https:\/\/faktumonline.com\/de\/wp-json\/wp\/v2\/types\/product"}],"version-history":[{"count":7,"href":"https:\/\/faktumonline.com\/de\/wp-json\/wp\/v2\/product\/36794\/revisions"}],"predecessor-version":[{"id":129485,"href":"https:\/\/faktumonline.com\/de\/wp-json\/wp\/v2\/product\/36794\/revisions\/129485"}],"wp:featuredmedia":[{"embeddable":true,"href":"https:\/\/faktumonline.com\/de\/wp-json\/wp\/v2\/media\/36799"}],"wp:attachment":[{"href":"https:\/\/faktumonline.com\/de\/wp-json\/wp\/v2\/media?parent=36794"}],"wp:term":[{"taxonomy":"product_brand","embeddable":true,"href":"https:\/\/faktumonline.com\/de\/wp-json\/wp\/v2\/product_brand?post=36794"},{"taxonomy":"product_cat","embeddable":true,"href":"https:\/\/faktumonline.com\/de\/wp-json\/wp\/v2\/product_cat?post=36794"},{"taxonomy":"product_tag","embeddable":true,"href":"https:\/\/faktumonline.com\/de\/wp-json\/wp\/v2\/product_tag?post=36794"}],"curies":[{"name":"wp","href":"https:\/\/api.w.org\/{rel}","templated":true}]}}