{"id":3634,"date":"2018-10-09T18:27:16","date_gmt":"2018-10-09T16:27:16","guid":{"rendered":"https:\/\/faktumonline.com\/webshop\/unkategorisiert\/doppeltur-30x70-b"},"modified":"2025-01-12T15:32:24","modified_gmt":"2025-01-12T14:32:24","slug":"falttur-30-x-70-b","status":"publish","type":"product","link":"https:\/\/faktumonline.com\/de\/produkt\/falttur-30-x-70-b\/","title":{"rendered":"Faltt\u00fcr Faktum 30&#215;70 B"},"content":{"rendered":"<p>296&#215;694<\/p>\n","protected":false},"excerpt":{"rendered":"<p>Teil B. Eine Faltt\u00fcr f\u00fcr einen 90\u00b0 Eckschrank (muss auch Teil A mitbestellen)<\/p>\n","protected":false},"featured_media":0,"template":"","meta":[],"product_brand":[],"product_cat":[174],"product_tag":[],"class_list":{"0":"post-3634","1":"product","2":"type-product","3":"status-publish","5":"product_cat-turen-breite-30-cm","6":"sales-flash-overlay","7":"woocommerce-text-align-center","8":"woocommerce-image-align-center","10":"first","11":"instock","12":"taxable","13":"shipping-taxable","14":"purchasable","15":"product-type-simple"},"exclude_global_add_ons":[],"addons":[],"yoast_head":"<!-- This site is optimized with the Yoast SEO Premium plugin v27.0 (Yoast SEO v27.0) - https:\/\/yoast.com\/product\/yoast-seo-premium-wordpress\/ -->\n<title>Faltt\u00fcr Faktum 30x70 B - Faktum Online Store<\/title>\n<meta name=\"robots\" content=\"index, follow, max-snippet:-1, max-image-preview:large, max-video-preview:-1\" \/>\n<link rel=\"canonical\" href=\"https:\/\/faktumonline.com\/de\/produkt\/falttur-30-x-70-b\/\" \/>\n<meta property=\"og:locale\" content=\"de_DE\" \/>\n<meta property=\"og:type\" content=\"article\" \/>\n<meta property=\"og:title\" content=\"Faltt\u00fcr Faktum 30x70 B\" \/>\n<meta property=\"og:description\" content=\"Teil B. Eine Faltt\u00fcr f\u00fcr einen 90\u00b0 Eckschrank (muss auch Teil A mitbestellen)\" \/>\n<meta property=\"og:url\" content=\"https:\/\/faktumonline.com\/de\/produkt\/falttur-30-x-70-b\/\" \/>\n<meta property=\"og:site_name\" content=\"Faktum Online Store\" \/>\n<meta property=\"article:modified_time\" content=\"2025-01-12T14:32:24+00:00\" \/>\n<meta name=\"twitter:card\" content=\"summary_large_image\" \/>\n<script type=\"application\/ld+json\" class=\"yoast-schema-graph\">{\"@context\":\"https:\/\/schema.org\",\"@graph\":[{\"@type\":\"WebPage\",\"@id\":\"https:\/\/faktumonline.com\/de\/produkt\/falttur-30-x-70-b\/\",\"url\":\"https:\/\/faktumonline.com\/de\/produkt\/falttur-30-x-70-b\/\",\"name\":\"Faltt\u00fcr Faktum 30x70 B - Faktum Online Store\",\"isPartOf\":{\"@id\":\"https:\/\/faktumonline.com\/da\/#website\"},\"datePublished\":\"2018-10-09T16:27:16+00:00\",\"dateModified\":\"2025-01-12T14:32:24+00:00\",\"breadcrumb\":{\"@id\":\"https:\/\/faktumonline.com\/de\/produkt\/falttur-30-x-70-b\/#breadcrumb\"},\"inLanguage\":\"de\",\"potentialAction\":[{\"@type\":\"ReadAction\",\"target\":[\"https:\/\/faktumonline.com\/de\/produkt\/falttur-30-x-70-b\/\"]}]},{\"@type\":\"BreadcrumbList\",\"@id\":\"https:\/\/faktumonline.com\/de\/produkt\/falttur-30-x-70-b\/#breadcrumb\",\"itemListElement\":[{\"@type\":\"ListItem\",\"position\":1,\"name\":\"Hem\",\"item\":\"https:\/\/faktumonline.com\/de\/\"},{\"@type\":\"ListItem\",\"position\":2,\"name\":\"Webshop\",\"item\":\"https:\/\/faktumonline.com\/de\/webshop\/\"},{\"@type\":\"ListItem\",\"position\":3,\"name\":\"Faltt\u00fcr Faktum 30&#215;70 B\"}]},{\"@type\":\"WebSite\",\"@id\":\"https:\/\/faktumonline.com\/da\/#website\",\"url\":\"https:\/\/faktumonline.com\/da\/\",\"name\":\"Faktum Online Store\",\"description\":\"Premium doors for IKEA kitchens\",\"potentialAction\":[{\"@type\":\"SearchAction\",\"target\":{\"@type\":\"EntryPoint\",\"urlTemplate\":\"https:\/\/faktumonline.com\/da\/?s={search_term_string}\"},\"query-input\":{\"@type\":\"PropertyValueSpecification\",\"valueRequired\":true,\"valueName\":\"search_term_string\"}}],\"inLanguage\":\"de\"}]}<\/script>\n<!-- \/ Yoast SEO Premium plugin. -->","yoast_head_json":{"title":"Faltt\u00fcr Faktum 30x70 B - Faktum Online Store","robots":{"index":"index","follow":"follow","max-snippet":"max-snippet:-1","max-image-preview":"max-image-preview:large","max-video-preview":"max-video-preview:-1"},"canonical":"https:\/\/faktumonline.com\/de\/produkt\/falttur-30-x-70-b\/","og_locale":"de_DE","og_type":"article","og_title":"Faltt\u00fcr Faktum 30x70 B","og_description":"Teil B. Eine Faltt\u00fcr f\u00fcr einen 90\u00b0 Eckschrank (muss auch Teil A mitbestellen)","og_url":"https:\/\/faktumonline.com\/de\/produkt\/falttur-30-x-70-b\/","og_site_name":"Faktum Online Store","article_modified_time":"2025-01-12T14:32:24+00:00","twitter_card":"summary_large_image","schema":{"@context":"https:\/\/schema.org","@graph":[{"@type":"WebPage","@id":"https:\/\/faktumonline.com\/de\/produkt\/falttur-30-x-70-b\/","url":"https:\/\/faktumonline.com\/de\/produkt\/falttur-30-x-70-b\/","name":"Faltt\u00fcr Faktum 30x70 B - Faktum Online Store","isPartOf":{"@id":"https:\/\/faktumonline.com\/da\/#website"},"datePublished":"2018-10-09T16:27:16+00:00","dateModified":"2025-01-12T14:32:24+00:00","breadcrumb":{"@id":"https:\/\/faktumonline.com\/de\/produkt\/falttur-30-x-70-b\/#breadcrumb"},"inLanguage":"de","potentialAction":[{"@type":"ReadAction","target":["https:\/\/faktumonline.com\/de\/produkt\/falttur-30-x-70-b\/"]}]},{"@type":"BreadcrumbList","@id":"https:\/\/faktumonline.com\/de\/produkt\/falttur-30-x-70-b\/#breadcrumb","itemListElement":[{"@type":"ListItem","position":1,"name":"Hem","item":"https:\/\/faktumonline.com\/de\/"},{"@type":"ListItem","position":2,"name":"Webshop","item":"https:\/\/faktumonline.com\/de\/webshop\/"},{"@type":"ListItem","position":3,"name":"Faltt\u00fcr Faktum 30&#215;70 B"}]},{"@type":"WebSite","@id":"https:\/\/faktumonline.com\/da\/#website","url":"https:\/\/faktumonline.com\/da\/","name":"Faktum Online Store","description":"Premium doors for IKEA kitchens","potentialAction":[{"@type":"SearchAction","target":{"@type":"EntryPoint","urlTemplate":"https:\/\/faktumonline.com\/da\/?s={search_term_string}"},"query-input":{"@type":"PropertyValueSpecification","valueRequired":true,"valueName":"search_term_string"}}],"inLanguage":"de"}]}},"_links":{"self":[{"href":"https:\/\/faktumonline.com\/de\/wp-json\/wp\/v2\/product\/3634","targetHints":{"allow":["GET"]}}],"collection":[{"href":"https:\/\/faktumonline.com\/de\/wp-json\/wp\/v2\/product"}],"about":[{"href":"https:\/\/faktumonline.com\/de\/wp-json\/wp\/v2\/types\/product"}],"version-history":[{"count":3,"href":"https:\/\/faktumonline.com\/de\/wp-json\/wp\/v2\/product\/3634\/revisions"}],"predecessor-version":[{"id":132902,"href":"https:\/\/faktumonline.com\/de\/wp-json\/wp\/v2\/product\/3634\/revisions\/132902"}],"wp:attachment":[{"href":"https:\/\/faktumonline.com\/de\/wp-json\/wp\/v2\/media?parent=3634"}],"wp:term":[{"taxonomy":"product_brand","embeddable":true,"href":"https:\/\/faktumonline.com\/de\/wp-json\/wp\/v2\/product_brand?post=3634"},{"taxonomy":"product_cat","embeddable":true,"href":"https:\/\/faktumonline.com\/de\/wp-json\/wp\/v2\/product_cat?post=3634"},{"taxonomy":"product_tag","embeddable":true,"href":"https:\/\/faktumonline.com\/de\/wp-json\/wp\/v2\/product_tag?post=3634"}],"curies":[{"name":"wp","href":"https:\/\/api.w.org\/{rel}","templated":true}]}}