{"id":135378,"date":"2025-01-31T19:32:59","date_gmt":"2025-01-31T18:33:00","guid":{"rendered":"https:\/\/faktumonline.com\/?post_type=product&#038;p=135378"},"modified":"2025-02-01T17:13:56","modified_gmt":"2025-02-01T16:13:56","slug":"white-high-gloss-farbmuster-copy-copy-copy-copy-copy-copy","status":"publish","type":"product","link":"https:\/\/faktumonline.com\/de\/produkt\/white-high-gloss-farbmuster-copy-copy-copy-copy-copy-copy\/","title":{"rendered":"Alvic Luxe &#8222;Magnolia&#8220; Hochglanz Farbmuster*"},"content":{"rendered":"","protected":false},"excerpt":{"rendered":"<p>Dieses ist ein Farbmuster. Bitte markieren Sie \u201eIn den Warenkorb\u201c, um das Muster zu bestellen. Das Muster stellt das fertige Produkt mit der Farbe auf einen Premium MDF dar und ist dem Endprodukt \u00e4hnlich.<\/p>\n<p style=\"font-weight: 400;\">Alvic Luxe ist ein Premium Produkt, das wir mit Freude unseren IKEA K\u00fcchen Kunden anbieten k\u00f6nnen. \u201eLuxe\u201c ist Alvics Auswahl von Hochglanzfarben.<\/p>\n<p>Nicht alle Computerbildschirme (Tablets oder Telefone usw.) sind gleich und die in diesem Dialogfeld angezeigten Bilder zeigen m\u00f6glicherweise andere Farben als die im wirklichen Leben und unter den Lichtverh\u00e4ltnissen Ihrer eigenen K\u00fcche. Bitte betrachten Sie diese Bilder nur als eine grobe Richtlinie.<\/p>\n<p>* Diese Farbe ist f\u00fcr die U12 T\u00fcren mit integrierten Griffen nicht m\u00f6glich. Diese Farbe wird nur f\u00fcr unser flache Modell W28 angeboten.<\/p>\n","protected":false},"featured_media":144674,"template":"","meta":[],"product_brand":[],"product_cat":[2674],"product_tag":[],"class_list":{"0":"post-135378","1":"product","2":"type-product","3":"status-publish","4":"has-post-thumbnail","6":"product_cat-gloss-samples-de","7":"product_shipping_class-frakt35-de","8":"sales-flash-overlay","9":"woocommerce-text-align-center","10":"woocommerce-image-align-center","11":"wc-has-gallery","13":"first","14":"instock","15":"sold-individually","16":"taxable","17":"shipping-taxable","18":"purchasable","19":"product-type-simple"},"exclude_global_add_ons":[],"addons":[],"yoast_head":"<!-- This site is optimized with the Yoast SEO Premium plugin v27.0 (Yoast SEO v27.0) - https:\/\/yoast.com\/product\/yoast-seo-premium-wordpress\/ -->\n<title>Alvic Luxe &quot;Magnolia&quot; Hochglanz Farbmuster* - Faktum Online Store<\/title>\n<meta name=\"robots\" content=\"index, follow, max-snippet:-1, max-image-preview:large, max-video-preview:-1\" \/>\n<link rel=\"canonical\" href=\"https:\/\/faktumonline.com\/de\/produkt\/white-high-gloss-farbmuster-copy-copy-copy-copy-copy-copy\/\" \/>\n<meta property=\"og:locale\" content=\"de_DE\" \/>\n<meta property=\"og:type\" content=\"article\" \/>\n<meta property=\"og:title\" content=\"Alvic Luxe &quot;Magnolia&quot; Hochglanz Farbmuster*\" \/>\n<meta property=\"og:description\" content=\"Dieses ist ein Farbmuster. Bitte markieren Sie \u201eIn den Warenkorb\u201c, um das Muster zu bestellen. Das Muster stellt das fertige Produkt mit der Farbe auf einen Premium MDF dar und ist dem Endprodukt \u00e4hnlich. Alvic Luxe ist ein Premium Produkt, das wir mit Freude unseren IKEA K\u00fcchen Kunden anbieten k\u00f6nnen. \u201eLuxe\u201c ist Alvics Auswahl von Hochglanzfarben. Nicht alle Computerbildschirme (Tablets oder Telefone usw.) sind gleich und die in diesem Dialogfeld angezeigten Bilder zeigen m\u00f6glicherweise andere Farben als die im wirklichen Leben und unter den Lichtverh\u00e4ltnissen Ihrer eigenen K\u00fcche. Bitte betrachten Sie diese Bilder nur als eine grobe Richtlinie.  * Diese Farbe ist f\u00fcr die U12 T\u00fcren mit integrierten Griffen nicht m\u00f6glich. Diese Farbe wird nur f\u00fcr unser flache Modell W28 angeboten.\" \/>\n<meta property=\"og:url\" content=\"https:\/\/faktumonline.com\/de\/produkt\/white-high-gloss-farbmuster-copy-copy-copy-copy-copy-copy\/\" \/>\n<meta property=\"og:site_name\" content=\"Faktum Online Store\" \/>\n<meta property=\"article:modified_time\" content=\"2025-02-01T16:13:56+00:00\" \/>\n<meta property=\"og:image\" content=\"https:\/\/faktumonline.com\/wp-content\/uploads\/2025\/02\/Alvic-Luxe-Magnolia-B.jpg\" \/>\n\t<meta property=\"og:image:width\" content=\"1200\" \/>\n\t<meta property=\"og:image:height\" content=\"675\" \/>\n\t<meta property=\"og:image:type\" content=\"image\/jpeg\" \/>\n<meta name=\"twitter:card\" content=\"summary_large_image\" \/>\n<script type=\"application\/ld+json\" class=\"yoast-schema-graph\">{\"@context\":\"https:\/\/schema.org\",\"@graph\":[{\"@type\":\"WebPage\",\"@id\":\"https:\/\/faktumonline.com\/de\/produkt\/white-high-gloss-farbmuster-copy-copy-copy-copy-copy-copy\/\",\"url\":\"https:\/\/faktumonline.com\/de\/produkt\/white-high-gloss-farbmuster-copy-copy-copy-copy-copy-copy\/\",\"name\":\"Alvic Luxe \\\"Magnolia\\\" Hochglanz Farbmuster* - Faktum Online Store\",\"isPartOf\":{\"@id\":\"https:\/\/faktumonline.com\/da\/#website\"},\"primaryImageOfPage\":{\"@id\":\"https:\/\/faktumonline.com\/de\/produkt\/white-high-gloss-farbmuster-copy-copy-copy-copy-copy-copy\/#primaryimage\"},\"image\":{\"@id\":\"https:\/\/faktumonline.com\/de\/produkt\/white-high-gloss-farbmuster-copy-copy-copy-copy-copy-copy\/#primaryimage\"},\"thumbnailUrl\":\"https:\/\/faktumonline.com\/wp-content\/uploads\/2025\/05\/Alvic-Luxe-MAGNOLIA-uni.webp\",\"datePublished\":\"2025-01-31T18:33:00+00:00\",\"dateModified\":\"2025-02-01T16:13:56+00:00\",\"breadcrumb\":{\"@id\":\"https:\/\/faktumonline.com\/de\/produkt\/white-high-gloss-farbmuster-copy-copy-copy-copy-copy-copy\/#breadcrumb\"},\"inLanguage\":\"de\",\"potentialAction\":[{\"@type\":\"ReadAction\",\"target\":[\"https:\/\/faktumonline.com\/de\/produkt\/white-high-gloss-farbmuster-copy-copy-copy-copy-copy-copy\/\"]}]},{\"@type\":\"ImageObject\",\"inLanguage\":\"de\",\"@id\":\"https:\/\/faktumonline.com\/de\/produkt\/white-high-gloss-farbmuster-copy-copy-copy-copy-copy-copy\/#primaryimage\",\"url\":\"https:\/\/faktumonline.com\/wp-content\/uploads\/2025\/05\/Alvic-Luxe-MAGNOLIA-uni.webp\",\"contentUrl\":\"https:\/\/faktumonline.com\/wp-content\/uploads\/2025\/05\/Alvic-Luxe-MAGNOLIA-uni.webp\",\"width\":354,\"height\":510},{\"@type\":\"BreadcrumbList\",\"@id\":\"https:\/\/faktumonline.com\/de\/produkt\/white-high-gloss-farbmuster-copy-copy-copy-copy-copy-copy\/#breadcrumb\",\"itemListElement\":[{\"@type\":\"ListItem\",\"position\":1,\"name\":\"Hem\",\"item\":\"https:\/\/faktumonline.com\/de\/\"},{\"@type\":\"ListItem\",\"position\":2,\"name\":\"Webshop\",\"item\":\"https:\/\/faktumonline.com\/de\/webshop\/\"},{\"@type\":\"ListItem\",\"position\":3,\"name\":\"Alvic Luxe &#8222;Magnolia&#8220; Hochglanz Farbmuster*\"}]},{\"@type\":\"WebSite\",\"@id\":\"https:\/\/faktumonline.com\/da\/#website\",\"url\":\"https:\/\/faktumonline.com\/da\/\",\"name\":\"Faktum Online Store\",\"description\":\"Premium doors for IKEA kitchens\",\"potentialAction\":[{\"@type\":\"SearchAction\",\"target\":{\"@type\":\"EntryPoint\",\"urlTemplate\":\"https:\/\/faktumonline.com\/da\/?s={search_term_string}\"},\"query-input\":{\"@type\":\"PropertyValueSpecification\",\"valueRequired\":true,\"valueName\":\"search_term_string\"}}],\"inLanguage\":\"de\"}]}<\/script>\n<!-- \/ Yoast SEO Premium plugin. -->","yoast_head_json":{"title":"Alvic Luxe \"Magnolia\" Hochglanz Farbmuster* - Faktum Online Store","robots":{"index":"index","follow":"follow","max-snippet":"max-snippet:-1","max-image-preview":"max-image-preview:large","max-video-preview":"max-video-preview:-1"},"canonical":"https:\/\/faktumonline.com\/de\/produkt\/white-high-gloss-farbmuster-copy-copy-copy-copy-copy-copy\/","og_locale":"de_DE","og_type":"article","og_title":"Alvic Luxe \"Magnolia\" Hochglanz Farbmuster*","og_description":"Dieses ist ein Farbmuster. Bitte markieren Sie \u201eIn den Warenkorb\u201c, um das Muster zu bestellen. Das Muster stellt das fertige Produkt mit der Farbe auf einen Premium MDF dar und ist dem Endprodukt \u00e4hnlich. Alvic Luxe ist ein Premium Produkt, das wir mit Freude unseren IKEA K\u00fcchen Kunden anbieten k\u00f6nnen. \u201eLuxe\u201c ist Alvics Auswahl von Hochglanzfarben. Nicht alle Computerbildschirme (Tablets oder Telefone usw.) sind gleich und die in diesem Dialogfeld angezeigten Bilder zeigen m\u00f6glicherweise andere Farben als die im wirklichen Leben und unter den Lichtverh\u00e4ltnissen Ihrer eigenen K\u00fcche. Bitte betrachten Sie diese Bilder nur als eine grobe Richtlinie.  * Diese Farbe ist f\u00fcr die U12 T\u00fcren mit integrierten Griffen nicht m\u00f6glich. Diese Farbe wird nur f\u00fcr unser flache Modell W28 angeboten.","og_url":"https:\/\/faktumonline.com\/de\/produkt\/white-high-gloss-farbmuster-copy-copy-copy-copy-copy-copy\/","og_site_name":"Faktum Online Store","article_modified_time":"2025-02-01T16:13:56+00:00","og_image":[{"width":1200,"height":675,"url":"https:\/\/faktumonline.com\/wp-content\/uploads\/2025\/02\/Alvic-Luxe-Magnolia-B.jpg","type":"image\/jpeg"}],"twitter_card":"summary_large_image","schema":{"@context":"https:\/\/schema.org","@graph":[{"@type":"WebPage","@id":"https:\/\/faktumonline.com\/de\/produkt\/white-high-gloss-farbmuster-copy-copy-copy-copy-copy-copy\/","url":"https:\/\/faktumonline.com\/de\/produkt\/white-high-gloss-farbmuster-copy-copy-copy-copy-copy-copy\/","name":"Alvic Luxe \"Magnolia\" Hochglanz Farbmuster* - Faktum Online Store","isPartOf":{"@id":"https:\/\/faktumonline.com\/da\/#website"},"primaryImageOfPage":{"@id":"https:\/\/faktumonline.com\/de\/produkt\/white-high-gloss-farbmuster-copy-copy-copy-copy-copy-copy\/#primaryimage"},"image":{"@id":"https:\/\/faktumonline.com\/de\/produkt\/white-high-gloss-farbmuster-copy-copy-copy-copy-copy-copy\/#primaryimage"},"thumbnailUrl":"https:\/\/faktumonline.com\/wp-content\/uploads\/2025\/05\/Alvic-Luxe-MAGNOLIA-uni.webp","datePublished":"2025-01-31T18:33:00+00:00","dateModified":"2025-02-01T16:13:56+00:00","breadcrumb":{"@id":"https:\/\/faktumonline.com\/de\/produkt\/white-high-gloss-farbmuster-copy-copy-copy-copy-copy-copy\/#breadcrumb"},"inLanguage":"de","potentialAction":[{"@type":"ReadAction","target":["https:\/\/faktumonline.com\/de\/produkt\/white-high-gloss-farbmuster-copy-copy-copy-copy-copy-copy\/"]}]},{"@type":"ImageObject","inLanguage":"de","@id":"https:\/\/faktumonline.com\/de\/produkt\/white-high-gloss-farbmuster-copy-copy-copy-copy-copy-copy\/#primaryimage","url":"https:\/\/faktumonline.com\/wp-content\/uploads\/2025\/05\/Alvic-Luxe-MAGNOLIA-uni.webp","contentUrl":"https:\/\/faktumonline.com\/wp-content\/uploads\/2025\/05\/Alvic-Luxe-MAGNOLIA-uni.webp","width":354,"height":510},{"@type":"BreadcrumbList","@id":"https:\/\/faktumonline.com\/de\/produkt\/white-high-gloss-farbmuster-copy-copy-copy-copy-copy-copy\/#breadcrumb","itemListElement":[{"@type":"ListItem","position":1,"name":"Hem","item":"https:\/\/faktumonline.com\/de\/"},{"@type":"ListItem","position":2,"name":"Webshop","item":"https:\/\/faktumonline.com\/de\/webshop\/"},{"@type":"ListItem","position":3,"name":"Alvic Luxe &#8222;Magnolia&#8220; Hochglanz Farbmuster*"}]},{"@type":"WebSite","@id":"https:\/\/faktumonline.com\/da\/#website","url":"https:\/\/faktumonline.com\/da\/","name":"Faktum Online Store","description":"Premium doors for IKEA kitchens","potentialAction":[{"@type":"SearchAction","target":{"@type":"EntryPoint","urlTemplate":"https:\/\/faktumonline.com\/da\/?s={search_term_string}"},"query-input":{"@type":"PropertyValueSpecification","valueRequired":true,"valueName":"search_term_string"}}],"inLanguage":"de"}]}},"_links":{"self":[{"href":"https:\/\/faktumonline.com\/de\/wp-json\/wp\/v2\/product\/135378","targetHints":{"allow":["GET"]}}],"collection":[{"href":"https:\/\/faktumonline.com\/de\/wp-json\/wp\/v2\/product"}],"about":[{"href":"https:\/\/faktumonline.com\/de\/wp-json\/wp\/v2\/types\/product"}],"version-history":[{"count":2,"href":"https:\/\/faktumonline.com\/de\/wp-json\/wp\/v2\/product\/135378\/revisions"}],"predecessor-version":[{"id":135486,"href":"https:\/\/faktumonline.com\/de\/wp-json\/wp\/v2\/product\/135378\/revisions\/135486"}],"wp:featuredmedia":[{"embeddable":true,"href":"https:\/\/faktumonline.com\/de\/wp-json\/wp\/v2\/media\/144674"}],"wp:attachment":[{"href":"https:\/\/faktumonline.com\/de\/wp-json\/wp\/v2\/media?parent=135378"}],"wp:term":[{"taxonomy":"product_brand","embeddable":true,"href":"https:\/\/faktumonline.com\/de\/wp-json\/wp\/v2\/product_brand?post=135378"},{"taxonomy":"product_cat","embeddable":true,"href":"https:\/\/faktumonline.com\/de\/wp-json\/wp\/v2\/product_cat?post=135378"},{"taxonomy":"product_tag","embeddable":true,"href":"https:\/\/faktumonline.com\/de\/wp-json\/wp\/v2\/product_tag?post=135378"}],"curies":[{"name":"wp","href":"https:\/\/api.w.org\/{rel}","templated":true}]}}