{"id":133893,"date":"2025-01-18T15:11:26","date_gmt":"2025-01-18T14:11:26","guid":{"rendered":"https:\/\/faktumonline.com\/?post_type=product&#038;p=133893"},"modified":"2025-05-12T15:16:39","modified_gmt":"2025-05-12T14:16:39","slug":"green-tea-ultra-matt-farbmuster-copy","status":"publish","type":"product","link":"https:\/\/faktumonline.com\/de\/produkt\/green-tea-ultra-matt-farbmuster-copy\/","title":{"rendered":"Soft Green Ultra Matt Farbmuster*"},"content":{"rendered":"","protected":false},"excerpt":{"rendered":"<p>Dieses ist ein Farbmuster. Bitte markieren Sie \u201eIn den Warenkorb\u201c, um das Muster zu bestellen. Das Muster stellt das fertige Produkt mit der Farbe auf einen Premium MDF dar und ist dem Endprodukt \u00e4hnlich.  <\/p>\n<p>Nicht alle Computerbildschirme (Tablets oder Telefone usw.) sind gleich und die in diesem Dialogfeld angezeigten Bilder zeigen m\u00f6glicherweise andere Farben als die im wirklichen Leben und unter den Lichtverh\u00e4ltnissen Ihrer eigenen K\u00fcche. Bitte betrachten Sie diese Bilder nur als eine grobe Richtlinie. <\/p>\n<p>* Diese Farbe ist bei den U12-T\u00fcren mit integrierten Griffen nicht m\u00f6glich.<\/p>\n","protected":false},"featured_media":144509,"template":"","meta":[],"product_brand":[],"product_cat":[2698],"product_tag":[],"class_list":{"0":"post-133893","1":"product","2":"type-product","3":"status-publish","4":"has-post-thumbnail","6":"product_cat-ultramatte-samples-de","7":"product_shipping_class-frakt35-de","8":"sales-flash-overlay","9":"woocommerce-text-align-center","10":"woocommerce-image-align-center","11":"wc-has-gallery","13":"first","14":"discontinued","15":"sold-individually","16":"taxable","17":"shipping-taxable","18":"purchasable","19":"product-type-simple"},"exclude_global_add_ons":[],"addons":[],"yoast_head":"<!-- This site is optimized with the Yoast SEO Premium plugin v27.0 (Yoast SEO v27.0) - https:\/\/yoast.com\/product\/yoast-seo-premium-wordpress\/ -->\n<title>Soft Green Ultra Matt Farbmuster* - Faktum Online Store<\/title>\n<meta name=\"robots\" content=\"index, follow, max-snippet:-1, max-image-preview:large, max-video-preview:-1\" \/>\n<link rel=\"canonical\" href=\"https:\/\/faktumonline.com\/de\/produkt\/green-tea-ultra-matt-farbmuster-copy\/\" \/>\n<meta property=\"og:locale\" content=\"de_DE\" \/>\n<meta property=\"og:type\" content=\"article\" \/>\n<meta property=\"og:title\" content=\"Soft Green Ultra Matt Farbmuster*\" \/>\n<meta property=\"og:description\" content=\"Dieses ist ein Farbmuster. Bitte markieren Sie \u201eIn den Warenkorb\u201c, um das Muster zu bestellen. Das Muster stellt das fertige Produkt mit der Farbe auf einen Premium MDF dar und ist dem Endprodukt \u00e4hnlich.  Nicht alle Computerbildschirme (Tablets oder Telefone usw.) sind gleich und die in diesem Dialogfeld angezeigten Bilder zeigen m\u00f6glicherweise andere Farben als die im wirklichen Leben und unter den Lichtverh\u00e4ltnissen Ihrer eigenen K\u00fcche. Bitte betrachten Sie diese Bilder nur als eine grobe Richtlinie.  * Diese Farbe ist bei den U12-T\u00fcren mit integrierten Griffen nicht m\u00f6glich.\" \/>\n<meta property=\"og:url\" content=\"https:\/\/faktumonline.com\/de\/produkt\/green-tea-ultra-matt-farbmuster-copy\/\" \/>\n<meta property=\"og:site_name\" content=\"Faktum Online Store\" \/>\n<meta property=\"article:modified_time\" content=\"2025-05-12T14:16:39+00:00\" \/>\n<meta property=\"og:image\" content=\"https:\/\/faktumonline.com\/wp-content\/uploads\/2024\/06\/K296-W08-Soft-Green-Ultra-Matt.jpg\" \/>\n\t<meta property=\"og:image:width\" content=\"1400\" \/>\n\t<meta property=\"og:image:height\" content=\"787\" \/>\n\t<meta property=\"og:image:type\" content=\"image\/jpeg\" \/>\n<meta name=\"twitter:card\" content=\"summary_large_image\" \/>\n<script type=\"application\/ld+json\" class=\"yoast-schema-graph\">{\"@context\":\"https:\/\/schema.org\",\"@graph\":[{\"@type\":\"WebPage\",\"@id\":\"https:\/\/faktumonline.com\/de\/produkt\/green-tea-ultra-matt-farbmuster-copy\/\",\"url\":\"https:\/\/faktumonline.com\/de\/produkt\/green-tea-ultra-matt-farbmuster-copy\/\",\"name\":\"Soft Green Ultra Matt Farbmuster* - Faktum Online Store\",\"isPartOf\":{\"@id\":\"https:\/\/faktumonline.com\/da\/#website\"},\"primaryImageOfPage\":{\"@id\":\"https:\/\/faktumonline.com\/de\/produkt\/green-tea-ultra-matt-farbmuster-copy\/#primaryimage\"},\"image\":{\"@id\":\"https:\/\/faktumonline.com\/de\/produkt\/green-tea-ultra-matt-farbmuster-copy\/#primaryimage\"},\"thumbnailUrl\":\"https:\/\/faktumonline.com\/wp-content\/uploads\/2025\/05\/Soft-Green-Ultra-Matt-Colour-Sample.webp\",\"datePublished\":\"2025-01-18T14:11:26+00:00\",\"dateModified\":\"2025-05-12T14:16:39+00:00\",\"breadcrumb\":{\"@id\":\"https:\/\/faktumonline.com\/de\/produkt\/green-tea-ultra-matt-farbmuster-copy\/#breadcrumb\"},\"inLanguage\":\"de\",\"potentialAction\":[{\"@type\":\"ReadAction\",\"target\":[\"https:\/\/faktumonline.com\/de\/produkt\/green-tea-ultra-matt-farbmuster-copy\/\"]}]},{\"@type\":\"ImageObject\",\"inLanguage\":\"de\",\"@id\":\"https:\/\/faktumonline.com\/de\/produkt\/green-tea-ultra-matt-farbmuster-copy\/#primaryimage\",\"url\":\"https:\/\/faktumonline.com\/wp-content\/uploads\/2025\/05\/Soft-Green-Ultra-Matt-Colour-Sample.webp\",\"contentUrl\":\"https:\/\/faktumonline.com\/wp-content\/uploads\/2025\/05\/Soft-Green-Ultra-Matt-Colour-Sample.webp\",\"width\":354,\"height\":510},{\"@type\":\"BreadcrumbList\",\"@id\":\"https:\/\/faktumonline.com\/de\/produkt\/green-tea-ultra-matt-farbmuster-copy\/#breadcrumb\",\"itemListElement\":[{\"@type\":\"ListItem\",\"position\":1,\"name\":\"Hem\",\"item\":\"https:\/\/faktumonline.com\/de\/\"},{\"@type\":\"ListItem\",\"position\":2,\"name\":\"Webshop\",\"item\":\"https:\/\/faktumonline.com\/de\/webshop\/\"},{\"@type\":\"ListItem\",\"position\":3,\"name\":\"Soft Green Ultra Matt Farbmuster*\"}]},{\"@type\":\"WebSite\",\"@id\":\"https:\/\/faktumonline.com\/da\/#website\",\"url\":\"https:\/\/faktumonline.com\/da\/\",\"name\":\"Faktum Online Store\",\"description\":\"Premium doors for IKEA kitchens\",\"potentialAction\":[{\"@type\":\"SearchAction\",\"target\":{\"@type\":\"EntryPoint\",\"urlTemplate\":\"https:\/\/faktumonline.com\/da\/?s={search_term_string}\"},\"query-input\":{\"@type\":\"PropertyValueSpecification\",\"valueRequired\":true,\"valueName\":\"search_term_string\"}}],\"inLanguage\":\"de\"}]}<\/script>\n<!-- \/ Yoast SEO Premium plugin. -->","yoast_head_json":{"title":"Soft Green Ultra Matt Farbmuster* - Faktum Online Store","robots":{"index":"index","follow":"follow","max-snippet":"max-snippet:-1","max-image-preview":"max-image-preview:large","max-video-preview":"max-video-preview:-1"},"canonical":"https:\/\/faktumonline.com\/de\/produkt\/green-tea-ultra-matt-farbmuster-copy\/","og_locale":"de_DE","og_type":"article","og_title":"Soft Green Ultra Matt Farbmuster*","og_description":"Dieses ist ein Farbmuster. Bitte markieren Sie \u201eIn den Warenkorb\u201c, um das Muster zu bestellen. Das Muster stellt das fertige Produkt mit der Farbe auf einen Premium MDF dar und ist dem Endprodukt \u00e4hnlich.  Nicht alle Computerbildschirme (Tablets oder Telefone usw.) sind gleich und die in diesem Dialogfeld angezeigten Bilder zeigen m\u00f6glicherweise andere Farben als die im wirklichen Leben und unter den Lichtverh\u00e4ltnissen Ihrer eigenen K\u00fcche. Bitte betrachten Sie diese Bilder nur als eine grobe Richtlinie.  * Diese Farbe ist bei den U12-T\u00fcren mit integrierten Griffen nicht m\u00f6glich.","og_url":"https:\/\/faktumonline.com\/de\/produkt\/green-tea-ultra-matt-farbmuster-copy\/","og_site_name":"Faktum Online Store","article_modified_time":"2025-05-12T14:16:39+00:00","og_image":[{"width":1400,"height":787,"url":"https:\/\/faktumonline.com\/wp-content\/uploads\/2024\/06\/K296-W08-Soft-Green-Ultra-Matt.jpg","type":"image\/jpeg"}],"twitter_card":"summary_large_image","schema":{"@context":"https:\/\/schema.org","@graph":[{"@type":"WebPage","@id":"https:\/\/faktumonline.com\/de\/produkt\/green-tea-ultra-matt-farbmuster-copy\/","url":"https:\/\/faktumonline.com\/de\/produkt\/green-tea-ultra-matt-farbmuster-copy\/","name":"Soft Green Ultra Matt Farbmuster* - Faktum Online Store","isPartOf":{"@id":"https:\/\/faktumonline.com\/da\/#website"},"primaryImageOfPage":{"@id":"https:\/\/faktumonline.com\/de\/produkt\/green-tea-ultra-matt-farbmuster-copy\/#primaryimage"},"image":{"@id":"https:\/\/faktumonline.com\/de\/produkt\/green-tea-ultra-matt-farbmuster-copy\/#primaryimage"},"thumbnailUrl":"https:\/\/faktumonline.com\/wp-content\/uploads\/2025\/05\/Soft-Green-Ultra-Matt-Colour-Sample.webp","datePublished":"2025-01-18T14:11:26+00:00","dateModified":"2025-05-12T14:16:39+00:00","breadcrumb":{"@id":"https:\/\/faktumonline.com\/de\/produkt\/green-tea-ultra-matt-farbmuster-copy\/#breadcrumb"},"inLanguage":"de","potentialAction":[{"@type":"ReadAction","target":["https:\/\/faktumonline.com\/de\/produkt\/green-tea-ultra-matt-farbmuster-copy\/"]}]},{"@type":"ImageObject","inLanguage":"de","@id":"https:\/\/faktumonline.com\/de\/produkt\/green-tea-ultra-matt-farbmuster-copy\/#primaryimage","url":"https:\/\/faktumonline.com\/wp-content\/uploads\/2025\/05\/Soft-Green-Ultra-Matt-Colour-Sample.webp","contentUrl":"https:\/\/faktumonline.com\/wp-content\/uploads\/2025\/05\/Soft-Green-Ultra-Matt-Colour-Sample.webp","width":354,"height":510},{"@type":"BreadcrumbList","@id":"https:\/\/faktumonline.com\/de\/produkt\/green-tea-ultra-matt-farbmuster-copy\/#breadcrumb","itemListElement":[{"@type":"ListItem","position":1,"name":"Hem","item":"https:\/\/faktumonline.com\/de\/"},{"@type":"ListItem","position":2,"name":"Webshop","item":"https:\/\/faktumonline.com\/de\/webshop\/"},{"@type":"ListItem","position":3,"name":"Soft Green Ultra Matt Farbmuster*"}]},{"@type":"WebSite","@id":"https:\/\/faktumonline.com\/da\/#website","url":"https:\/\/faktumonline.com\/da\/","name":"Faktum Online Store","description":"Premium doors for IKEA kitchens","potentialAction":[{"@type":"SearchAction","target":{"@type":"EntryPoint","urlTemplate":"https:\/\/faktumonline.com\/da\/?s={search_term_string}"},"query-input":{"@type":"PropertyValueSpecification","valueRequired":true,"valueName":"search_term_string"}}],"inLanguage":"de"}]}},"_links":{"self":[{"href":"https:\/\/faktumonline.com\/de\/wp-json\/wp\/v2\/product\/133893","targetHints":{"allow":["GET"]}}],"collection":[{"href":"https:\/\/faktumonline.com\/de\/wp-json\/wp\/v2\/product"}],"about":[{"href":"https:\/\/faktumonline.com\/de\/wp-json\/wp\/v2\/types\/product"}],"version-history":[{"count":3,"href":"https:\/\/faktumonline.com\/de\/wp-json\/wp\/v2\/product\/133893\/revisions"}],"predecessor-version":[{"id":144207,"href":"https:\/\/faktumonline.com\/de\/wp-json\/wp\/v2\/product\/133893\/revisions\/144207"}],"wp:featuredmedia":[{"embeddable":true,"href":"https:\/\/faktumonline.com\/de\/wp-json\/wp\/v2\/media\/144509"}],"wp:attachment":[{"href":"https:\/\/faktumonline.com\/de\/wp-json\/wp\/v2\/media?parent=133893"}],"wp:term":[{"taxonomy":"product_brand","embeddable":true,"href":"https:\/\/faktumonline.com\/de\/wp-json\/wp\/v2\/product_brand?post=133893"},{"taxonomy":"product_cat","embeddable":true,"href":"https:\/\/faktumonline.com\/de\/wp-json\/wp\/v2\/product_cat?post=133893"},{"taxonomy":"product_tag","embeddable":true,"href":"https:\/\/faktumonline.com\/de\/wp-json\/wp\/v2\/product_tag?post=133893"}],"curies":[{"name":"wp","href":"https:\/\/api.w.org\/{rel}","templated":true}]}}