{"id":124068,"date":"2024-09-26T22:24:34","date_gmt":"2024-09-26T21:24:35","guid":{"rendered":"https:\/\/faktumonline.com\/?post_type=product&#038;p=124068"},"modified":"2024-10-17T15:33:34","modified_gmt":"2024-10-17T14:33:34","slug":"unterschrank-30x70-copy","status":"publish","type":"product","link":"https:\/\/faktumonline.com\/de\/produkt\/unterschrank-30x70-copy\/","title":{"rendered":"Unterschrank 20&#215;70"},"content":{"rendered":"<p>20 x 70 x 58 cm<\/p>\n","protected":false},"excerpt":{"rendered":"<p>Dies ist ein Korpus, ein Unterschrank f\u00fcr IKEA Faktum K\u00fcchen. Breite 20 cm, H\u00f6he 70 cm und Tiefe 58 cm. Wird unabh\u00e4ngig von der gew\u00e4hlten Farbe f\u00fcr die Fronten &#8222;Standardwei\u00df&#8220; gemacht. Der Korpus kann einzeln oder zusammen mit einigen der Extras von unten bestellt werden:<\/p>\n","protected":false},"featured_media":124078,"template":"","meta":[],"product_brand":[],"product_cat":[579],"product_tag":[],"class_list":{"0":"post-124068","1":"product","2":"type-product","3":"status-publish","4":"has-post-thumbnail","6":"product_cat-unterschranke","7":"sales-flash-overlay","8":"woocommerce-text-align-center","9":"woocommerce-image-align-center","11":"first","12":"instock","13":"taxable","14":"shipping-taxable","15":"purchasable","16":"product-type-simple"},"exclude_global_add_ons":[],"addons":[],"yoast_head":"<!-- This site is optimized with the Yoast SEO Premium plugin v27.4 (Yoast SEO v27.4) - https:\/\/yoast.com\/product\/yoast-seo-premium-wordpress\/ -->\n<title>Unterschrank 20x70 - Faktum Online Store<\/title>\n<meta name=\"robots\" content=\"index, follow, max-snippet:-1, max-image-preview:large, max-video-preview:-1\" \/>\n<link rel=\"canonical\" href=\"https:\/\/faktumonline.com\/de\/produkt\/unterschrank-30x70-copy\/\" \/>\n<meta property=\"og:locale\" content=\"de_DE\" \/>\n<meta property=\"og:type\" content=\"article\" \/>\n<meta property=\"og:title\" content=\"Unterschrank 20x70\" \/>\n<meta property=\"og:description\" content=\"Dies ist ein Korpus, ein Unterschrank f\u00fcr IKEA Faktum K\u00fcchen. Breite 20 cm, H\u00f6he 70 cm und Tiefe 58 cm. Wird unabh\u00e4ngig von der gew\u00e4hlten Farbe f\u00fcr die Fronten &quot;Standardwei\u00df&quot; gemacht. Der Korpus kann einzeln oder zusammen mit einigen der Extras von unten bestellt werden:\" \/>\n<meta property=\"og:url\" content=\"https:\/\/faktumonline.com\/de\/produkt\/unterschrank-30x70-copy\/\" \/>\n<meta property=\"og:site_name\" content=\"Faktum Online Store\" \/>\n<meta property=\"article:modified_time\" content=\"2024-10-17T14:33:34+00:00\" \/>\n<meta property=\"og:image\" content=\"https:\/\/faktumonline.com\/wp-content\/uploads\/2024\/09\/Base-Cabinet-20x70-1.png\" \/>\n\t<meta property=\"og:image:width\" content=\"510\" \/>\n\t<meta property=\"og:image:height\" content=\"825\" \/>\n\t<meta property=\"og:image:type\" content=\"image\/png\" \/>\n<meta name=\"twitter:card\" content=\"summary_large_image\" \/>\n<script type=\"application\/ld+json\" class=\"yoast-schema-graph\">{\"@context\":\"https:\\\/\\\/schema.org\",\"@graph\":[{\"@type\":\"WebPage\",\"@id\":\"https:\\\/\\\/faktumonline.com\\\/de\\\/produkt\\\/unterschrank-30x70-copy\\\/\",\"url\":\"https:\\\/\\\/faktumonline.com\\\/de\\\/produkt\\\/unterschrank-30x70-copy\\\/\",\"name\":\"Unterschrank 20x70 - Faktum Online Store\",\"isPartOf\":{\"@id\":\"https:\\\/\\\/faktumonline.com\\\/da\\\/#website\"},\"primaryImageOfPage\":{\"@id\":\"https:\\\/\\\/faktumonline.com\\\/de\\\/produkt\\\/unterschrank-30x70-copy\\\/#primaryimage\"},\"image\":{\"@id\":\"https:\\\/\\\/faktumonline.com\\\/de\\\/produkt\\\/unterschrank-30x70-copy\\\/#primaryimage\"},\"thumbnailUrl\":\"https:\\\/\\\/faktumonline.com\\\/wp-content\\\/uploads\\\/2024\\\/09\\\/Base-Cabinet-20x70-1.png\",\"datePublished\":\"2024-09-26T21:24:35+00:00\",\"dateModified\":\"2024-10-17T14:33:34+00:00\",\"breadcrumb\":{\"@id\":\"https:\\\/\\\/faktumonline.com\\\/de\\\/produkt\\\/unterschrank-30x70-copy\\\/#breadcrumb\"},\"inLanguage\":\"de\",\"potentialAction\":[{\"@type\":\"ReadAction\",\"target\":[\"https:\\\/\\\/faktumonline.com\\\/de\\\/produkt\\\/unterschrank-30x70-copy\\\/\"]}]},{\"@type\":\"ImageObject\",\"inLanguage\":\"de\",\"@id\":\"https:\\\/\\\/faktumonline.com\\\/de\\\/produkt\\\/unterschrank-30x70-copy\\\/#primaryimage\",\"url\":\"https:\\\/\\\/faktumonline.com\\\/wp-content\\\/uploads\\\/2024\\\/09\\\/Base-Cabinet-20x70-1.png\",\"contentUrl\":\"https:\\\/\\\/faktumonline.com\\\/wp-content\\\/uploads\\\/2024\\\/09\\\/Base-Cabinet-20x70-1.png\",\"width\":510,\"height\":825,\"caption\":\"IKEA Faktum Base Cabinet 20x70\"},{\"@type\":\"BreadcrumbList\",\"@id\":\"https:\\\/\\\/faktumonline.com\\\/de\\\/produkt\\\/unterschrank-30x70-copy\\\/#breadcrumb\",\"itemListElement\":[{\"@type\":\"ListItem\",\"position\":1,\"name\":\"Hem\",\"item\":\"https:\\\/\\\/faktumonline.com\\\/de\\\/\"},{\"@type\":\"ListItem\",\"position\":2,\"name\":\"Webshop\",\"item\":\"https:\\\/\\\/faktumonline.com\\\/de\\\/webshop\\\/\"},{\"@type\":\"ListItem\",\"position\":3,\"name\":\"Unterschrank 20&#215;70\"}]},{\"@type\":\"WebSite\",\"@id\":\"https:\\\/\\\/faktumonline.com\\\/da\\\/#website\",\"url\":\"https:\\\/\\\/faktumonline.com\\\/da\\\/\",\"name\":\"Faktum Online Store\",\"description\":\"Premium doors for IKEA kitchens\",\"potentialAction\":[{\"@type\":\"SearchAction\",\"target\":{\"@type\":\"EntryPoint\",\"urlTemplate\":\"https:\\\/\\\/faktumonline.com\\\/da\\\/?s={search_term_string}\"},\"query-input\":{\"@type\":\"PropertyValueSpecification\",\"valueRequired\":true,\"valueName\":\"search_term_string\"}}],\"inLanguage\":\"de\"}]}<\/script>\n<!-- \/ Yoast SEO Premium plugin. -->","yoast_head_json":{"title":"Unterschrank 20x70 - Faktum Online Store","robots":{"index":"index","follow":"follow","max-snippet":"max-snippet:-1","max-image-preview":"max-image-preview:large","max-video-preview":"max-video-preview:-1"},"canonical":"https:\/\/faktumonline.com\/de\/produkt\/unterschrank-30x70-copy\/","og_locale":"de_DE","og_type":"article","og_title":"Unterschrank 20x70","og_description":"Dies ist ein Korpus, ein Unterschrank f\u00fcr IKEA Faktum K\u00fcchen. Breite 20 cm, H\u00f6he 70 cm und Tiefe 58 cm. Wird unabh\u00e4ngig von der gew\u00e4hlten Farbe f\u00fcr die Fronten \"Standardwei\u00df\" gemacht. Der Korpus kann einzeln oder zusammen mit einigen der Extras von unten bestellt werden:","og_url":"https:\/\/faktumonline.com\/de\/produkt\/unterschrank-30x70-copy\/","og_site_name":"Faktum Online Store","article_modified_time":"2024-10-17T14:33:34+00:00","og_image":[{"width":510,"height":825,"url":"https:\/\/faktumonline.com\/wp-content\/uploads\/2024\/09\/Base-Cabinet-20x70-1.png","type":"image\/png"}],"twitter_card":"summary_large_image","schema":{"@context":"https:\/\/schema.org","@graph":[{"@type":"WebPage","@id":"https:\/\/faktumonline.com\/de\/produkt\/unterschrank-30x70-copy\/","url":"https:\/\/faktumonline.com\/de\/produkt\/unterschrank-30x70-copy\/","name":"Unterschrank 20x70 - Faktum Online Store","isPartOf":{"@id":"https:\/\/faktumonline.com\/da\/#website"},"primaryImageOfPage":{"@id":"https:\/\/faktumonline.com\/de\/produkt\/unterschrank-30x70-copy\/#primaryimage"},"image":{"@id":"https:\/\/faktumonline.com\/de\/produkt\/unterschrank-30x70-copy\/#primaryimage"},"thumbnailUrl":"https:\/\/faktumonline.com\/wp-content\/uploads\/2024\/09\/Base-Cabinet-20x70-1.png","datePublished":"2024-09-26T21:24:35+00:00","dateModified":"2024-10-17T14:33:34+00:00","breadcrumb":{"@id":"https:\/\/faktumonline.com\/de\/produkt\/unterschrank-30x70-copy\/#breadcrumb"},"inLanguage":"de","potentialAction":[{"@type":"ReadAction","target":["https:\/\/faktumonline.com\/de\/produkt\/unterschrank-30x70-copy\/"]}]},{"@type":"ImageObject","inLanguage":"de","@id":"https:\/\/faktumonline.com\/de\/produkt\/unterschrank-30x70-copy\/#primaryimage","url":"https:\/\/faktumonline.com\/wp-content\/uploads\/2024\/09\/Base-Cabinet-20x70-1.png","contentUrl":"https:\/\/faktumonline.com\/wp-content\/uploads\/2024\/09\/Base-Cabinet-20x70-1.png","width":510,"height":825,"caption":"IKEA Faktum Base Cabinet 20x70"},{"@type":"BreadcrumbList","@id":"https:\/\/faktumonline.com\/de\/produkt\/unterschrank-30x70-copy\/#breadcrumb","itemListElement":[{"@type":"ListItem","position":1,"name":"Hem","item":"https:\/\/faktumonline.com\/de\/"},{"@type":"ListItem","position":2,"name":"Webshop","item":"https:\/\/faktumonline.com\/de\/webshop\/"},{"@type":"ListItem","position":3,"name":"Unterschrank 20&#215;70"}]},{"@type":"WebSite","@id":"https:\/\/faktumonline.com\/da\/#website","url":"https:\/\/faktumonline.com\/da\/","name":"Faktum Online Store","description":"Premium doors for IKEA kitchens","potentialAction":[{"@type":"SearchAction","target":{"@type":"EntryPoint","urlTemplate":"https:\/\/faktumonline.com\/da\/?s={search_term_string}"},"query-input":{"@type":"PropertyValueSpecification","valueRequired":true,"valueName":"search_term_string"}}],"inLanguage":"de"}]}},"_links":{"self":[{"href":"https:\/\/faktumonline.com\/de\/wp-json\/wp\/v2\/product\/124068","targetHints":{"allow":["GET"]}}],"collection":[{"href":"https:\/\/faktumonline.com\/de\/wp-json\/wp\/v2\/product"}],"about":[{"href":"https:\/\/faktumonline.com\/de\/wp-json\/wp\/v2\/types\/product"}],"version-history":[{"count":2,"href":"https:\/\/faktumonline.com\/de\/wp-json\/wp\/v2\/product\/124068\/revisions"}],"predecessor-version":[{"id":126151,"href":"https:\/\/faktumonline.com\/de\/wp-json\/wp\/v2\/product\/124068\/revisions\/126151"}],"wp:featuredmedia":[{"embeddable":true,"href":"https:\/\/faktumonline.com\/de\/wp-json\/wp\/v2\/media\/124078"}],"wp:attachment":[{"href":"https:\/\/faktumonline.com\/de\/wp-json\/wp\/v2\/media?parent=124068"}],"wp:term":[{"taxonomy":"product_brand","embeddable":true,"href":"https:\/\/faktumonline.com\/de\/wp-json\/wp\/v2\/product_brand?post=124068"},{"taxonomy":"product_cat","embeddable":true,"href":"https:\/\/faktumonline.com\/de\/wp-json\/wp\/v2\/product_cat?post=124068"},{"taxonomy":"product_tag","embeddable":true,"href":"https:\/\/faktumonline.com\/de\/wp-json\/wp\/v2\/product_tag?post=124068"}],"curies":[{"name":"wp","href":"https:\/\/api.w.org\/{rel}","templated":true}]}}