{"id":118528,"date":"2024-05-05T21:58:56","date_gmt":"2024-05-05T20:58:56","guid":{"rendered":"https:\/\/faktumonline.com\/?post_type=product&#038;p=118528"},"modified":"2024-12-12T10:06:17","modified_gmt":"2024-12-12T09:06:17","slug":"deckseite-nach-mass-3","status":"publish","type":"product","link":"https:\/\/faktumonline.com\/de\/produkt\/deckseite-nach-mass-3\/","title":{"rendered":"Deckseite nach ma\u00df&#8230;"},"content":{"rendered":"","protected":false},"excerpt":{"rendered":"<p>Deckseiten sind f\u03cbr die sichtbaren Seiten der IKEA Schr\u00e4nke, wir stellen sie nat\u00fcrlich in der gleichen hochwertigen Qualit\u00e4t und Farbe wie unsere T\u03cbren her.<\/p>\n<p>Dicken = 10 mm, 12 mm, 16 mm &amp; 18 mm<\/p>\n<p>Mindestbreite = 100 mm<br \/>\nMindesth\u00f6he = 100 mm<\/p>\n<p>Maximale Breite = 750 mm<br \/>\nMaximale H\u00f6he = 2350 mm<\/p>\n<p>Hinweis: Wenn Ihr bevorzugtes Ma\u00df nicht in die obigen Einschr\u00e4nkungen passt, versuchen Sie bitte, die Breite und die H\u00f6he umzukehren. Funktioniert f\u00fcr alle Oberfl\u00e4chen au\u00dfer denen mit einer Maserung (zB California Oak usw.).<\/p>\n<p>Unabh\u00e4ngig von dem gew\u00e4hlten Modell f\u00fcr T\u00fcren und Schubladenfronten wird diese Front mit einer flachen Oberfl\u00e4che mit Rundung W28 ausgef\u00fchrt. Wird in der gleichen Premiumqualit\u00e4t und Farbe wie Ihre neuen T\u00fcren hergestellt.<\/p>\n","protected":false},"featured_media":36781,"template":"","meta":[],"product_brand":[],"product_cat":[751],"product_tag":[],"class_list":{"0":"post-118528","1":"product","2":"type-product","3":"status-publish","4":"has-post-thumbnail","6":"product_cat-massgeschneidert","7":"sales-flash-overlay","8":"woocommerce-text-align-center","9":"woocommerce-image-align-center","11":"first","12":"discontinued","13":"taxable","14":"shipping-taxable","15":"purchasable","16":"product-type-simple"},"exclude_global_add_ons":[],"addons":[],"yoast_head":"<!-- This site is optimized with the Yoast SEO Premium plugin v27.4 (Yoast SEO v27.4) - https:\/\/yoast.com\/product\/yoast-seo-premium-wordpress\/ -->\n<title>Deckseite nach ma\u00df... - Faktum Online Store<\/title>\n<meta name=\"robots\" content=\"index, follow, max-snippet:-1, max-image-preview:large, max-video-preview:-1\" \/>\n<link rel=\"canonical\" href=\"https:\/\/faktumonline.com\/de\/produkt\/deckseite-nach-mass-3\/\" \/>\n<meta property=\"og:locale\" content=\"de_DE\" \/>\n<meta property=\"og:type\" content=\"article\" \/>\n<meta property=\"og:title\" content=\"Deckseite nach ma\u00df...\" \/>\n<meta property=\"og:description\" content=\"Deckseiten sind f\u03cbr die sichtbaren Seiten der IKEA Schr\u00e4nke, wir stellen sie nat\u00fcrlich in der gleichen hochwertigen Qualit\u00e4t und Farbe wie unsere T\u03cbren her.  Dicken = 10 mm, 12 mm, 16 mm &amp; 18 mm  Mindestbreite = 100 mm Mindesth\u00f6he = 100 mm  Maximale Breite = 750 mm Maximale H\u00f6he = 2350 mm  Hinweis: Wenn Ihr bevorzugtes Ma\u00df nicht in die obigen Einschr\u00e4nkungen passt, versuchen Sie bitte, die Breite und die H\u00f6he umzukehren. Funktioniert f\u00fcr alle Oberfl\u00e4chen au\u00dfer denen mit einer Maserung (zB California Oak usw.).  Unabh\u00e4ngig von dem gew\u00e4hlten Modell f\u00fcr T\u00fcren und Schubladenfronten wird diese Front mit einer flachen Oberfl\u00e4che mit Rundung W28 ausgef\u00fchrt. Wird in der gleichen Premiumqualit\u00e4t und Farbe wie Ihre neuen T\u00fcren hergestellt.\" \/>\n<meta property=\"og:url\" content=\"https:\/\/faktumonline.com\/de\/produkt\/deckseite-nach-mass-3\/\" \/>\n<meta property=\"og:site_name\" content=\"Faktum Online Store\" \/>\n<meta property=\"article:modified_time\" content=\"2024-12-12T09:06:17+00:00\" \/>\n<meta property=\"og:image\" content=\"https:\/\/faktumonline.com\/wp-content\/uploads\/2020\/04\/Deckseiten.jpg\" \/>\n\t<meta property=\"og:image:width\" content=\"466\" \/>\n\t<meta property=\"og:image:height\" content=\"583\" \/>\n\t<meta property=\"og:image:type\" content=\"image\/jpeg\" \/>\n<meta name=\"twitter:card\" content=\"summary_large_image\" \/>\n<meta name=\"twitter:label1\" content=\"Gesch\u00e4tzte Lesezeit\" \/>\n\t<meta name=\"twitter:data1\" content=\"1\u00a0Minute\" \/>\n<script type=\"application\/ld+json\" class=\"yoast-schema-graph\">{\"@context\":\"https:\\\/\\\/schema.org\",\"@graph\":[{\"@type\":\"WebPage\",\"@id\":\"https:\\\/\\\/faktumonline.com\\\/de\\\/produkt\\\/deckseite-nach-mass-3\\\/\",\"url\":\"https:\\\/\\\/faktumonline.com\\\/de\\\/produkt\\\/deckseite-nach-mass-3\\\/\",\"name\":\"Deckseite nach ma\u00df... - Faktum Online Store\",\"isPartOf\":{\"@id\":\"https:\\\/\\\/faktumonline.com\\\/da\\\/#website\"},\"primaryImageOfPage\":{\"@id\":\"https:\\\/\\\/faktumonline.com\\\/de\\\/produkt\\\/deckseite-nach-mass-3\\\/#primaryimage\"},\"image\":{\"@id\":\"https:\\\/\\\/faktumonline.com\\\/de\\\/produkt\\\/deckseite-nach-mass-3\\\/#primaryimage\"},\"thumbnailUrl\":\"https:\\\/\\\/faktumonline.com\\\/wp-content\\\/uploads\\\/2020\\\/04\\\/Deckseiten.jpg\",\"datePublished\":\"2024-05-05T20:58:56+00:00\",\"dateModified\":\"2024-12-12T09:06:17+00:00\",\"breadcrumb\":{\"@id\":\"https:\\\/\\\/faktumonline.com\\\/de\\\/produkt\\\/deckseite-nach-mass-3\\\/#breadcrumb\"},\"inLanguage\":\"de\",\"potentialAction\":[{\"@type\":\"ReadAction\",\"target\":[\"https:\\\/\\\/faktumonline.com\\\/de\\\/produkt\\\/deckseite-nach-mass-3\\\/\"]}]},{\"@type\":\"ImageObject\",\"inLanguage\":\"de\",\"@id\":\"https:\\\/\\\/faktumonline.com\\\/de\\\/produkt\\\/deckseite-nach-mass-3\\\/#primaryimage\",\"url\":\"https:\\\/\\\/faktumonline.com\\\/wp-content\\\/uploads\\\/2020\\\/04\\\/Deckseiten.jpg\",\"contentUrl\":\"https:\\\/\\\/faktumonline.com\\\/wp-content\\\/uploads\\\/2020\\\/04\\\/Deckseiten.jpg\",\"width\":466,\"height\":583,\"caption\":\"Deckseiten f\u00fcr IKEA Faktum k\u00fcche\"},{\"@type\":\"BreadcrumbList\",\"@id\":\"https:\\\/\\\/faktumonline.com\\\/de\\\/produkt\\\/deckseite-nach-mass-3\\\/#breadcrumb\",\"itemListElement\":[{\"@type\":\"ListItem\",\"position\":1,\"name\":\"Hem\",\"item\":\"https:\\\/\\\/faktumonline.com\\\/de\\\/\"},{\"@type\":\"ListItem\",\"position\":2,\"name\":\"Webshop\",\"item\":\"https:\\\/\\\/faktumonline.com\\\/de\\\/webshop\\\/\"},{\"@type\":\"ListItem\",\"position\":3,\"name\":\"Deckseite nach ma\u00df&#8230;\"}]},{\"@type\":\"WebSite\",\"@id\":\"https:\\\/\\\/faktumonline.com\\\/da\\\/#website\",\"url\":\"https:\\\/\\\/faktumonline.com\\\/da\\\/\",\"name\":\"Faktum Online Store\",\"description\":\"Premium doors for IKEA kitchens\",\"potentialAction\":[{\"@type\":\"SearchAction\",\"target\":{\"@type\":\"EntryPoint\",\"urlTemplate\":\"https:\\\/\\\/faktumonline.com\\\/da\\\/?s={search_term_string}\"},\"query-input\":{\"@type\":\"PropertyValueSpecification\",\"valueRequired\":true,\"valueName\":\"search_term_string\"}}],\"inLanguage\":\"de\"}]}<\/script>\n<!-- \/ Yoast SEO Premium plugin. -->","yoast_head_json":{"title":"Deckseite nach ma\u00df... - Faktum Online Store","robots":{"index":"index","follow":"follow","max-snippet":"max-snippet:-1","max-image-preview":"max-image-preview:large","max-video-preview":"max-video-preview:-1"},"canonical":"https:\/\/faktumonline.com\/de\/produkt\/deckseite-nach-mass-3\/","og_locale":"de_DE","og_type":"article","og_title":"Deckseite nach ma\u00df...","og_description":"Deckseiten sind f\u03cbr die sichtbaren Seiten der IKEA Schr\u00e4nke, wir stellen sie nat\u00fcrlich in der gleichen hochwertigen Qualit\u00e4t und Farbe wie unsere T\u03cbren her.  Dicken = 10 mm, 12 mm, 16 mm &amp; 18 mm  Mindestbreite = 100 mm Mindesth\u00f6he = 100 mm  Maximale Breite = 750 mm Maximale H\u00f6he = 2350 mm  Hinweis: Wenn Ihr bevorzugtes Ma\u00df nicht in die obigen Einschr\u00e4nkungen passt, versuchen Sie bitte, die Breite und die H\u00f6he umzukehren. Funktioniert f\u00fcr alle Oberfl\u00e4chen au\u00dfer denen mit einer Maserung (zB California Oak usw.).  Unabh\u00e4ngig von dem gew\u00e4hlten Modell f\u00fcr T\u00fcren und Schubladenfronten wird diese Front mit einer flachen Oberfl\u00e4che mit Rundung W28 ausgef\u00fchrt. Wird in der gleichen Premiumqualit\u00e4t und Farbe wie Ihre neuen T\u00fcren hergestellt.","og_url":"https:\/\/faktumonline.com\/de\/produkt\/deckseite-nach-mass-3\/","og_site_name":"Faktum Online Store","article_modified_time":"2024-12-12T09:06:17+00:00","og_image":[{"width":466,"height":583,"url":"https:\/\/faktumonline.com\/wp-content\/uploads\/2020\/04\/Deckseiten.jpg","type":"image\/jpeg"}],"twitter_card":"summary_large_image","twitter_misc":{"Gesch\u00e4tzte Lesezeit":"1\u00a0Minute"},"schema":{"@context":"https:\/\/schema.org","@graph":[{"@type":"WebPage","@id":"https:\/\/faktumonline.com\/de\/produkt\/deckseite-nach-mass-3\/","url":"https:\/\/faktumonline.com\/de\/produkt\/deckseite-nach-mass-3\/","name":"Deckseite nach ma\u00df... - Faktum Online Store","isPartOf":{"@id":"https:\/\/faktumonline.com\/da\/#website"},"primaryImageOfPage":{"@id":"https:\/\/faktumonline.com\/de\/produkt\/deckseite-nach-mass-3\/#primaryimage"},"image":{"@id":"https:\/\/faktumonline.com\/de\/produkt\/deckseite-nach-mass-3\/#primaryimage"},"thumbnailUrl":"https:\/\/faktumonline.com\/wp-content\/uploads\/2020\/04\/Deckseiten.jpg","datePublished":"2024-05-05T20:58:56+00:00","dateModified":"2024-12-12T09:06:17+00:00","breadcrumb":{"@id":"https:\/\/faktumonline.com\/de\/produkt\/deckseite-nach-mass-3\/#breadcrumb"},"inLanguage":"de","potentialAction":[{"@type":"ReadAction","target":["https:\/\/faktumonline.com\/de\/produkt\/deckseite-nach-mass-3\/"]}]},{"@type":"ImageObject","inLanguage":"de","@id":"https:\/\/faktumonline.com\/de\/produkt\/deckseite-nach-mass-3\/#primaryimage","url":"https:\/\/faktumonline.com\/wp-content\/uploads\/2020\/04\/Deckseiten.jpg","contentUrl":"https:\/\/faktumonline.com\/wp-content\/uploads\/2020\/04\/Deckseiten.jpg","width":466,"height":583,"caption":"Deckseiten f\u00fcr IKEA Faktum k\u00fcche"},{"@type":"BreadcrumbList","@id":"https:\/\/faktumonline.com\/de\/produkt\/deckseite-nach-mass-3\/#breadcrumb","itemListElement":[{"@type":"ListItem","position":1,"name":"Hem","item":"https:\/\/faktumonline.com\/de\/"},{"@type":"ListItem","position":2,"name":"Webshop","item":"https:\/\/faktumonline.com\/de\/webshop\/"},{"@type":"ListItem","position":3,"name":"Deckseite nach ma\u00df&#8230;"}]},{"@type":"WebSite","@id":"https:\/\/faktumonline.com\/da\/#website","url":"https:\/\/faktumonline.com\/da\/","name":"Faktum Online Store","description":"Premium doors for IKEA kitchens","potentialAction":[{"@type":"SearchAction","target":{"@type":"EntryPoint","urlTemplate":"https:\/\/faktumonline.com\/da\/?s={search_term_string}"},"query-input":{"@type":"PropertyValueSpecification","valueRequired":true,"valueName":"search_term_string"}}],"inLanguage":"de"}]}},"_links":{"self":[{"href":"https:\/\/faktumonline.com\/de\/wp-json\/wp\/v2\/product\/118528","targetHints":{"allow":["GET"]}}],"collection":[{"href":"https:\/\/faktumonline.com\/de\/wp-json\/wp\/v2\/product"}],"about":[{"href":"https:\/\/faktumonline.com\/de\/wp-json\/wp\/v2\/types\/product"}],"version-history":[{"count":2,"href":"https:\/\/faktumonline.com\/de\/wp-json\/wp\/v2\/product\/118528\/revisions"}],"predecessor-version":[{"id":129480,"href":"https:\/\/faktumonline.com\/de\/wp-json\/wp\/v2\/product\/118528\/revisions\/129480"}],"wp:featuredmedia":[{"embeddable":true,"href":"https:\/\/faktumonline.com\/de\/wp-json\/wp\/v2\/media\/36781"}],"wp:attachment":[{"href":"https:\/\/faktumonline.com\/de\/wp-json\/wp\/v2\/media?parent=118528"}],"wp:term":[{"taxonomy":"product_brand","embeddable":true,"href":"https:\/\/faktumonline.com\/de\/wp-json\/wp\/v2\/product_brand?post=118528"},{"taxonomy":"product_cat","embeddable":true,"href":"https:\/\/faktumonline.com\/de\/wp-json\/wp\/v2\/product_cat?post=118528"},{"taxonomy":"product_tag","embeddable":true,"href":"https:\/\/faktumonline.com\/de\/wp-json\/wp\/v2\/product_tag?post=118528"}],"curies":[{"name":"wp","href":"https:\/\/api.w.org\/{rel}","templated":true}]}}