{"id":114511,"date":"2024-03-09T11:45:28","date_gmt":"2024-03-09T10:45:28","guid":{"rendered":"https:\/\/faktumonline.com\/?post_type=product&#038;p=114511"},"modified":"2024-03-12T21:27:15","modified_gmt":"2024-03-12T20:27:15","slug":"tur-60x125-copy-2","status":"publish","type":"product","link":"https:\/\/faktumonline.com\/de\/produkt\/tur-60x125-copy-2\/","title":{"rendered":"Furnierte T\u00fcr Faktum 60&#215;125"},"content":{"rendered":"<p>596&#215;1245<\/p>\n","protected":false},"excerpt":{"rendered":"<p>Die T\u00fcr kann an der Unterseite des Schranks mit einer weiteren T\u00fcr dar\u00fcber angebracht werden oder an der Oberseite des Schranks mit anderen Fronten darunter angebracht werden. Die Vorbohrungen f\u00fcr die Scharniere sind auf der R\u00fcckseite dieser T\u00fcr nicht gleichm\u00e4\u00dfig verteilt. Der IKEA-L\u00f6sungsweg bestand darin, an allen vier Ecken f\u00fcr die Scharniere zu bohren, sodass bei jedem \u00d6ffnen der T\u00fcr rohe und h\u00e4ssliche leere L\u00f6cher deutlich sichtbar waren.<\/p>\n<p>Bitte teilen Sie uns die vorgesehene Positionierung dieser T\u00fcr an Ihrem Schrank (<u>oben oder unten<\/u>) mit und ob die T\u00fcr links oder rechts angeschlagen wird und wir bohren gerne die Scharniere entsprechend vor. Dadurch bekommen Sie nicht unn\u00f6tigten zus\u00e4tzlichen Bohrungen f\u00fcr die Scharniere.<\/p>\n<p>Bitte sehen Sie sich die Bilder 1 und 2 als Hinweis.<\/p>\n<p><strong>Die T\u00fcr links angeschlagen oder rechts angeschlagen?<\/strong> Bitte stehen Sie vor die geschlossene T\u00fcr. Sind die Scharniere links (auf der R\u00fcckseite der geschlossenen T\u00fcr) ist die T\u00fcr links angeschlagen. Sind die Scharniere rechts, ist die T\u00fcr rechts angeschlagen. Bitte sehen Sie Bild 3 als Hinweis.<\/p>\n<p>Bitte treffen Sie unten Ihre Auswahl und legen Sie die in den Warenkorb.<\/p>\n<p>&nbsp;<\/p>\n","protected":false},"featured_media":65042,"template":"","meta":[],"product_brand":[],"product_cat":[15],"product_tag":[],"class_list":{"0":"post-114511","1":"product","2":"type-product","3":"status-publish","4":"has-post-thumbnail","6":"product_cat-okategoriserad","7":"sales-flash-overlay","8":"woocommerce-text-align-center","9":"woocommerce-image-align-center","10":"wc-has-gallery","12":"first","13":"discontinued","14":"taxable","15":"shipping-taxable","16":"purchasable","17":"product-type-simple"},"exclude_global_add_ons":[],"addons":[],"yoast_head":"<!-- This site is optimized with the Yoast SEO Premium plugin v27.0 (Yoast SEO v27.0) - https:\/\/yoast.com\/product\/yoast-seo-premium-wordpress\/ -->\n<title>Furnierte T\u00fcr Faktum 60x125 - Faktum Online Store<\/title>\n<meta name=\"robots\" content=\"index, follow, max-snippet:-1, max-image-preview:large, max-video-preview:-1\" \/>\n<link rel=\"canonical\" href=\"https:\/\/faktumonline.com\/de\/produkt\/tur-60x125-copy-2\/\" \/>\n<meta property=\"og:locale\" content=\"de_DE\" \/>\n<meta property=\"og:type\" content=\"article\" \/>\n<meta property=\"og:title\" content=\"Furnierte T\u00fcr Faktum 60x125\" \/>\n<meta property=\"og:description\" content=\"Die T\u00fcr kann an der Unterseite des Schranks mit einer weiteren T\u00fcr dar\u00fcber angebracht werden oder an der Oberseite des Schranks mit anderen Fronten darunter angebracht werden. Die Vorbohrungen f\u00fcr die Scharniere sind auf der R\u00fcckseite dieser T\u00fcr nicht gleichm\u00e4\u00dfig verteilt. Der IKEA-L\u00f6sungsweg bestand darin, an allen vier Ecken f\u00fcr die Scharniere zu bohren, sodass bei jedem \u00d6ffnen der T\u00fcr rohe und h\u00e4ssliche leere L\u00f6cher deutlich sichtbar waren.  Bitte teilen Sie uns die vorgesehene Positionierung dieser T\u00fcr an Ihrem Schrank (oben oder unten) mit und ob die T\u00fcr links oder rechts angeschlagen wird und wir bohren gerne die Scharniere entsprechend vor. Dadurch bekommen Sie nicht unn\u00f6tigten zus\u00e4tzlichen Bohrungen f\u00fcr die Scharniere.  Bitte sehen Sie sich die Bilder 1 und 2 als Hinweis.  Die T\u00fcr links angeschlagen oder rechts angeschlagen? Bitte stehen Sie vor die geschlossene T\u00fcr. Sind die Scharniere links (auf der R\u00fcckseite der geschlossenen T\u00fcr) ist die T\u00fcr links angeschlagen. Sind die Scharniere rechts, ist die T\u00fcr rechts angeschlagen. Bitte sehen Sie Bild 3 als Hinweis.  Bitte treffen Sie unten Ihre Auswahl und legen Sie die in den Warenkorb.  &nbsp;\" \/>\n<meta property=\"og:url\" content=\"https:\/\/faktumonline.com\/de\/produkt\/tur-60x125-copy-2\/\" \/>\n<meta property=\"og:site_name\" content=\"Faktum Online Store\" \/>\n<meta property=\"article:modified_time\" content=\"2024-03-12T20:27:15+00:00\" \/>\n<meta property=\"og:image\" content=\"https:\/\/faktumonline.com\/wp-content\/uploads\/2021\/12\/125-door-bottom.jpg\" \/>\n\t<meta property=\"og:image:width\" content=\"1048\" \/>\n\t<meta property=\"og:image:height\" content=\"1572\" \/>\n\t<meta property=\"og:image:type\" content=\"image\/jpeg\" \/>\n<meta name=\"twitter:card\" content=\"summary_large_image\" \/>\n<script type=\"application\/ld+json\" class=\"yoast-schema-graph\">{\"@context\":\"https:\/\/schema.org\",\"@graph\":[{\"@type\":\"WebPage\",\"@id\":\"https:\/\/faktumonline.com\/de\/produkt\/tur-60x125-copy-2\/\",\"url\":\"https:\/\/faktumonline.com\/de\/produkt\/tur-60x125-copy-2\/\",\"name\":\"Furnierte T\u00fcr Faktum 60x125 - Faktum Online Store\",\"isPartOf\":{\"@id\":\"https:\/\/faktumonline.com\/da\/#website\"},\"primaryImageOfPage\":{\"@id\":\"https:\/\/faktumonline.com\/de\/produkt\/tur-60x125-copy-2\/#primaryimage\"},\"image\":{\"@id\":\"https:\/\/faktumonline.com\/de\/produkt\/tur-60x125-copy-2\/#primaryimage\"},\"thumbnailUrl\":\"https:\/\/faktumonline.com\/wp-content\/uploads\/2021\/12\/125-door-bottom.jpg\",\"datePublished\":\"2024-03-09T10:45:28+00:00\",\"dateModified\":\"2024-03-12T20:27:15+00:00\",\"breadcrumb\":{\"@id\":\"https:\/\/faktumonline.com\/de\/produkt\/tur-60x125-copy-2\/#breadcrumb\"},\"inLanguage\":\"de\",\"potentialAction\":[{\"@type\":\"ReadAction\",\"target\":[\"https:\/\/faktumonline.com\/de\/produkt\/tur-60x125-copy-2\/\"]}]},{\"@type\":\"ImageObject\",\"inLanguage\":\"de\",\"@id\":\"https:\/\/faktumonline.com\/de\/produkt\/tur-60x125-copy-2\/#primaryimage\",\"url\":\"https:\/\/faktumonline.com\/wp-content\/uploads\/2021\/12\/125-door-bottom.jpg\",\"contentUrl\":\"https:\/\/faktumonline.com\/wp-content\/uploads\/2021\/12\/125-door-bottom.jpg\",\"width\":1048,\"height\":1572},{\"@type\":\"BreadcrumbList\",\"@id\":\"https:\/\/faktumonline.com\/de\/produkt\/tur-60x125-copy-2\/#breadcrumb\",\"itemListElement\":[{\"@type\":\"ListItem\",\"position\":1,\"name\":\"Hem\",\"item\":\"https:\/\/faktumonline.com\/de\/\"},{\"@type\":\"ListItem\",\"position\":2,\"name\":\"Webshop\",\"item\":\"https:\/\/faktumonline.com\/de\/webshop\/\"},{\"@type\":\"ListItem\",\"position\":3,\"name\":\"Furnierte T\u00fcr Faktum 60&#215;125\"}]},{\"@type\":\"WebSite\",\"@id\":\"https:\/\/faktumonline.com\/da\/#website\",\"url\":\"https:\/\/faktumonline.com\/da\/\",\"name\":\"Faktum Online Store\",\"description\":\"Premium doors for IKEA kitchens\",\"potentialAction\":[{\"@type\":\"SearchAction\",\"target\":{\"@type\":\"EntryPoint\",\"urlTemplate\":\"https:\/\/faktumonline.com\/da\/?s={search_term_string}\"},\"query-input\":{\"@type\":\"PropertyValueSpecification\",\"valueRequired\":true,\"valueName\":\"search_term_string\"}}],\"inLanguage\":\"de\"}]}<\/script>\n<!-- \/ Yoast SEO Premium plugin. -->","yoast_head_json":{"title":"Furnierte T\u00fcr Faktum 60x125 - Faktum Online Store","robots":{"index":"index","follow":"follow","max-snippet":"max-snippet:-1","max-image-preview":"max-image-preview:large","max-video-preview":"max-video-preview:-1"},"canonical":"https:\/\/faktumonline.com\/de\/produkt\/tur-60x125-copy-2\/","og_locale":"de_DE","og_type":"article","og_title":"Furnierte T\u00fcr Faktum 60x125","og_description":"Die T\u00fcr kann an der Unterseite des Schranks mit einer weiteren T\u00fcr dar\u00fcber angebracht werden oder an der Oberseite des Schranks mit anderen Fronten darunter angebracht werden. Die Vorbohrungen f\u00fcr die Scharniere sind auf der R\u00fcckseite dieser T\u00fcr nicht gleichm\u00e4\u00dfig verteilt. Der IKEA-L\u00f6sungsweg bestand darin, an allen vier Ecken f\u00fcr die Scharniere zu bohren, sodass bei jedem \u00d6ffnen der T\u00fcr rohe und h\u00e4ssliche leere L\u00f6cher deutlich sichtbar waren.  Bitte teilen Sie uns die vorgesehene Positionierung dieser T\u00fcr an Ihrem Schrank (oben oder unten) mit und ob die T\u00fcr links oder rechts angeschlagen wird und wir bohren gerne die Scharniere entsprechend vor. Dadurch bekommen Sie nicht unn\u00f6tigten zus\u00e4tzlichen Bohrungen f\u00fcr die Scharniere.  Bitte sehen Sie sich die Bilder 1 und 2 als Hinweis.  Die T\u00fcr links angeschlagen oder rechts angeschlagen? Bitte stehen Sie vor die geschlossene T\u00fcr. Sind die Scharniere links (auf der R\u00fcckseite der geschlossenen T\u00fcr) ist die T\u00fcr links angeschlagen. Sind die Scharniere rechts, ist die T\u00fcr rechts angeschlagen. Bitte sehen Sie Bild 3 als Hinweis.  Bitte treffen Sie unten Ihre Auswahl und legen Sie die in den Warenkorb.  &nbsp;","og_url":"https:\/\/faktumonline.com\/de\/produkt\/tur-60x125-copy-2\/","og_site_name":"Faktum Online Store","article_modified_time":"2024-03-12T20:27:15+00:00","og_image":[{"width":1048,"height":1572,"url":"https:\/\/faktumonline.com\/wp-content\/uploads\/2021\/12\/125-door-bottom.jpg","type":"image\/jpeg"}],"twitter_card":"summary_large_image","schema":{"@context":"https:\/\/schema.org","@graph":[{"@type":"WebPage","@id":"https:\/\/faktumonline.com\/de\/produkt\/tur-60x125-copy-2\/","url":"https:\/\/faktumonline.com\/de\/produkt\/tur-60x125-copy-2\/","name":"Furnierte T\u00fcr Faktum 60x125 - Faktum Online Store","isPartOf":{"@id":"https:\/\/faktumonline.com\/da\/#website"},"primaryImageOfPage":{"@id":"https:\/\/faktumonline.com\/de\/produkt\/tur-60x125-copy-2\/#primaryimage"},"image":{"@id":"https:\/\/faktumonline.com\/de\/produkt\/tur-60x125-copy-2\/#primaryimage"},"thumbnailUrl":"https:\/\/faktumonline.com\/wp-content\/uploads\/2021\/12\/125-door-bottom.jpg","datePublished":"2024-03-09T10:45:28+00:00","dateModified":"2024-03-12T20:27:15+00:00","breadcrumb":{"@id":"https:\/\/faktumonline.com\/de\/produkt\/tur-60x125-copy-2\/#breadcrumb"},"inLanguage":"de","potentialAction":[{"@type":"ReadAction","target":["https:\/\/faktumonline.com\/de\/produkt\/tur-60x125-copy-2\/"]}]},{"@type":"ImageObject","inLanguage":"de","@id":"https:\/\/faktumonline.com\/de\/produkt\/tur-60x125-copy-2\/#primaryimage","url":"https:\/\/faktumonline.com\/wp-content\/uploads\/2021\/12\/125-door-bottom.jpg","contentUrl":"https:\/\/faktumonline.com\/wp-content\/uploads\/2021\/12\/125-door-bottom.jpg","width":1048,"height":1572},{"@type":"BreadcrumbList","@id":"https:\/\/faktumonline.com\/de\/produkt\/tur-60x125-copy-2\/#breadcrumb","itemListElement":[{"@type":"ListItem","position":1,"name":"Hem","item":"https:\/\/faktumonline.com\/de\/"},{"@type":"ListItem","position":2,"name":"Webshop","item":"https:\/\/faktumonline.com\/de\/webshop\/"},{"@type":"ListItem","position":3,"name":"Furnierte T\u00fcr Faktum 60&#215;125"}]},{"@type":"WebSite","@id":"https:\/\/faktumonline.com\/da\/#website","url":"https:\/\/faktumonline.com\/da\/","name":"Faktum Online Store","description":"Premium doors for IKEA kitchens","potentialAction":[{"@type":"SearchAction","target":{"@type":"EntryPoint","urlTemplate":"https:\/\/faktumonline.com\/da\/?s={search_term_string}"},"query-input":{"@type":"PropertyValueSpecification","valueRequired":true,"valueName":"search_term_string"}}],"inLanguage":"de"}]}},"_links":{"self":[{"href":"https:\/\/faktumonline.com\/de\/wp-json\/wp\/v2\/product\/114511","targetHints":{"allow":["GET"]}}],"collection":[{"href":"https:\/\/faktumonline.com\/de\/wp-json\/wp\/v2\/product"}],"about":[{"href":"https:\/\/faktumonline.com\/de\/wp-json\/wp\/v2\/types\/product"}],"version-history":[{"count":2,"href":"https:\/\/faktumonline.com\/de\/wp-json\/wp\/v2\/product\/114511\/revisions"}],"predecessor-version":[{"id":115089,"href":"https:\/\/faktumonline.com\/de\/wp-json\/wp\/v2\/product\/114511\/revisions\/115089"}],"wp:featuredmedia":[{"embeddable":true,"href":"https:\/\/faktumonline.com\/de\/wp-json\/wp\/v2\/media\/65042"}],"wp:attachment":[{"href":"https:\/\/faktumonline.com\/de\/wp-json\/wp\/v2\/media?parent=114511"}],"wp:term":[{"taxonomy":"product_brand","embeddable":true,"href":"https:\/\/faktumonline.com\/de\/wp-json\/wp\/v2\/product_brand?post=114511"},{"taxonomy":"product_cat","embeddable":true,"href":"https:\/\/faktumonline.com\/de\/wp-json\/wp\/v2\/product_cat?post=114511"},{"taxonomy":"product_tag","embeddable":true,"href":"https:\/\/faktumonline.com\/de\/wp-json\/wp\/v2\/product_tag?post=114511"}],"curies":[{"name":"wp","href":"https:\/\/api.w.org\/{rel}","templated":true}]}}