{"id":112035,"date":"2024-02-24T17:58:04","date_gmt":"2024-02-24T16:58:04","guid":{"rendered":"https:\/\/faktumonline.com\/?post_type=product&#038;p=112035"},"modified":"2024-03-13T22:04:13","modified_gmt":"2024-03-13T21:04:13","slug":"american-walnut-farbmuster-copy-copy-copy-copy","status":"publish","type":"product","link":"https:\/\/faktumonline.com\/de\/produkt\/american-walnut-farbmuster-copy-copy-copy-copy\/","title":{"rendered":"Dark Brown Oak Furnier Muster*"},"content":{"rendered":"","protected":false},"excerpt":{"rendered":"<p>Dies ist ein Furnier Farbmuster aus echtem Holz. Ca 40\u00d715 cm. Ungef\u00e4hr so gro\u00df wie eine Schubladenfront. Bitte markieren Sie \u201eIn den Warenkorb\u201c, um dieses Muster zu bestellen.<\/p>\n<p>Achtung: Nicht alle Computerbildschirme (Tablets oder Telefone usw.) sind gleich. Die in diesem Dialogfeld angezeigten Bilder zeigen m\u00f6glicherweise andere Farben als die im wirklichen Leben. Bitte betrachten Sie deshalb diese Bilder nur als eine grobe Richtlinie. Das ist einer der Gr\u00fcnde, warum wir einen Musterservice anbieten. Dies gibt Ihnen die M\u00f6glichkeit, die sch\u00f6ne Farbe und unsere Premium-Qualit\u00e4t in Ihrer eigenen K\u00fcche und Beleuchtung zu erleben.<\/p>\n<p>Bitte observieren, dass B\u00e4ume sich voneinander unterscheiden und es wird optische Unterschiede geben. So funktioniert Mutter Natur und auch die Sch\u00f6nheit von echtem Holz.<\/p>\n","protected":false},"featured_media":157739,"template":"","meta":[],"product_brand":[],"product_cat":[1767],"product_tag":[],"class_list":{"0":"post-112035","1":"product","2":"type-product","3":"status-publish","4":"has-post-thumbnail","6":"product_cat-veneer-samples-de","7":"product_shipping_class-frakt35-de","8":"sales-flash-overlay","9":"woocommerce-text-align-center","10":"woocommerce-image-align-center","12":"first","13":"instock","14":"sold-individually","15":"taxable","16":"shipping-taxable","17":"purchasable","18":"product-type-simple"},"exclude_global_add_ons":[],"addons":[],"yoast_head":"<!-- This site is optimized with the Yoast SEO Premium plugin v27.0 (Yoast SEO v27.0) - https:\/\/yoast.com\/product\/yoast-seo-premium-wordpress\/ -->\n<title>Dark Brown Oak Furnier Muster* - Faktum Online Store<\/title>\n<meta name=\"robots\" content=\"index, follow, max-snippet:-1, max-image-preview:large, max-video-preview:-1\" \/>\n<link rel=\"canonical\" href=\"https:\/\/faktumonline.com\/de\/produkt\/american-walnut-farbmuster-copy-copy-copy-copy\/\" \/>\n<meta property=\"og:locale\" content=\"de_DE\" \/>\n<meta property=\"og:type\" content=\"article\" \/>\n<meta property=\"og:title\" content=\"Dark Brown Oak Furnier Muster*\" \/>\n<meta property=\"og:description\" content=\"Dies ist ein Furnier Farbmuster aus echtem Holz. Ca 40\u00d715 cm. Ungef\u00e4hr so gro\u00df wie eine Schubladenfront. Bitte markieren Sie \u201eIn den Warenkorb\u201c, um dieses Muster zu bestellen.  Achtung: Nicht alle Computerbildschirme (Tablets oder Telefone usw.) sind gleich. Die in diesem Dialogfeld angezeigten Bilder zeigen m\u00f6glicherweise andere Farben als die im wirklichen Leben. Bitte betrachten Sie deshalb diese Bilder nur als eine grobe Richtlinie. Das ist einer der Gr\u00fcnde, warum wir einen Musterservice anbieten. Dies gibt Ihnen die M\u00f6glichkeit, die sch\u00f6ne Farbe und unsere Premium-Qualit\u00e4t in Ihrer eigenen K\u00fcche und Beleuchtung zu erleben.  Bitte observieren, dass B\u00e4ume sich voneinander unterscheiden und es wird optische Unterschiede geben. So funktioniert Mutter Natur und auch die Sch\u00f6nheit von echtem Holz.\" \/>\n<meta property=\"og:url\" content=\"https:\/\/faktumonline.com\/de\/produkt\/american-walnut-farbmuster-copy-copy-copy-copy\/\" \/>\n<meta property=\"og:site_name\" content=\"Faktum Online Store\" \/>\n<meta property=\"article:modified_time\" content=\"2024-03-13T21:04:13+00:00\" \/>\n<meta property=\"og:image\" content=\"https:\/\/faktumonline.com\/wp-content\/uploads\/2024\/02\/Dark-Brown-Veneer-Closeup.jpg\" \/>\n\t<meta property=\"og:image:width\" content=\"1200\" \/>\n\t<meta property=\"og:image:height\" content=\"1800\" \/>\n\t<meta property=\"og:image:type\" content=\"image\/jpeg\" \/>\n<meta name=\"twitter:card\" content=\"summary_large_image\" \/>\n<script type=\"application\/ld+json\" class=\"yoast-schema-graph\">{\"@context\":\"https:\/\/schema.org\",\"@graph\":[{\"@type\":\"WebPage\",\"@id\":\"https:\/\/faktumonline.com\/de\/produkt\/american-walnut-farbmuster-copy-copy-copy-copy\/\",\"url\":\"https:\/\/faktumonline.com\/de\/produkt\/american-walnut-farbmuster-copy-copy-copy-copy\/\",\"name\":\"Dark Brown Oak Furnier Muster* - Faktum Online Store\",\"isPartOf\":{\"@id\":\"https:\/\/faktumonline.com\/da\/#website\"},\"primaryImageOfPage\":{\"@id\":\"https:\/\/faktumonline.com\/de\/produkt\/american-walnut-farbmuster-copy-copy-copy-copy\/#primaryimage\"},\"image\":{\"@id\":\"https:\/\/faktumonline.com\/de\/produkt\/american-walnut-farbmuster-copy-copy-copy-copy\/#primaryimage\"},\"thumbnailUrl\":\"https:\/\/faktumonline.com\/wp-content\/uploads\/2026\/02\/Dark-Brown-Veneer-Closeup.webp\",\"datePublished\":\"2024-02-24T16:58:04+00:00\",\"dateModified\":\"2024-03-13T21:04:13+00:00\",\"breadcrumb\":{\"@id\":\"https:\/\/faktumonline.com\/de\/produkt\/american-walnut-farbmuster-copy-copy-copy-copy\/#breadcrumb\"},\"inLanguage\":\"de\",\"potentialAction\":[{\"@type\":\"ReadAction\",\"target\":[\"https:\/\/faktumonline.com\/de\/produkt\/american-walnut-farbmuster-copy-copy-copy-copy\/\"]}]},{\"@type\":\"ImageObject\",\"inLanguage\":\"de\",\"@id\":\"https:\/\/faktumonline.com\/de\/produkt\/american-walnut-farbmuster-copy-copy-copy-copy\/#primaryimage\",\"url\":\"https:\/\/faktumonline.com\/wp-content\/uploads\/2026\/02\/Dark-Brown-Veneer-Closeup.webp\",\"contentUrl\":\"https:\/\/faktumonline.com\/wp-content\/uploads\/2026\/02\/Dark-Brown-Veneer-Closeup.webp\",\"width\":1200,\"height\":1800},{\"@type\":\"BreadcrumbList\",\"@id\":\"https:\/\/faktumonline.com\/de\/produkt\/american-walnut-farbmuster-copy-copy-copy-copy\/#breadcrumb\",\"itemListElement\":[{\"@type\":\"ListItem\",\"position\":1,\"name\":\"Hem\",\"item\":\"https:\/\/faktumonline.com\/de\/\"},{\"@type\":\"ListItem\",\"position\":2,\"name\":\"Webshop\",\"item\":\"https:\/\/faktumonline.com\/de\/webshop\/\"},{\"@type\":\"ListItem\",\"position\":3,\"name\":\"Dark Brown Oak Furnier Muster*\"}]},{\"@type\":\"WebSite\",\"@id\":\"https:\/\/faktumonline.com\/da\/#website\",\"url\":\"https:\/\/faktumonline.com\/da\/\",\"name\":\"Faktum Online Store\",\"description\":\"Premium doors for IKEA kitchens\",\"potentialAction\":[{\"@type\":\"SearchAction\",\"target\":{\"@type\":\"EntryPoint\",\"urlTemplate\":\"https:\/\/faktumonline.com\/da\/?s={search_term_string}\"},\"query-input\":{\"@type\":\"PropertyValueSpecification\",\"valueRequired\":true,\"valueName\":\"search_term_string\"}}],\"inLanguage\":\"de\"}]}<\/script>\n<!-- \/ Yoast SEO Premium plugin. -->","yoast_head_json":{"title":"Dark Brown Oak Furnier Muster* - Faktum Online Store","robots":{"index":"index","follow":"follow","max-snippet":"max-snippet:-1","max-image-preview":"max-image-preview:large","max-video-preview":"max-video-preview:-1"},"canonical":"https:\/\/faktumonline.com\/de\/produkt\/american-walnut-farbmuster-copy-copy-copy-copy\/","og_locale":"de_DE","og_type":"article","og_title":"Dark Brown Oak Furnier Muster*","og_description":"Dies ist ein Furnier Farbmuster aus echtem Holz. Ca 40\u00d715 cm. Ungef\u00e4hr so gro\u00df wie eine Schubladenfront. Bitte markieren Sie \u201eIn den Warenkorb\u201c, um dieses Muster zu bestellen.  Achtung: Nicht alle Computerbildschirme (Tablets oder Telefone usw.) sind gleich. Die in diesem Dialogfeld angezeigten Bilder zeigen m\u00f6glicherweise andere Farben als die im wirklichen Leben. Bitte betrachten Sie deshalb diese Bilder nur als eine grobe Richtlinie. Das ist einer der Gr\u00fcnde, warum wir einen Musterservice anbieten. Dies gibt Ihnen die M\u00f6glichkeit, die sch\u00f6ne Farbe und unsere Premium-Qualit\u00e4t in Ihrer eigenen K\u00fcche und Beleuchtung zu erleben.  Bitte observieren, dass B\u00e4ume sich voneinander unterscheiden und es wird optische Unterschiede geben. So funktioniert Mutter Natur und auch die Sch\u00f6nheit von echtem Holz.","og_url":"https:\/\/faktumonline.com\/de\/produkt\/american-walnut-farbmuster-copy-copy-copy-copy\/","og_site_name":"Faktum Online Store","article_modified_time":"2024-03-13T21:04:13+00:00","og_image":[{"width":1200,"height":1800,"url":"https:\/\/faktumonline.com\/wp-content\/uploads\/2024\/02\/Dark-Brown-Veneer-Closeup.jpg","type":"image\/jpeg"}],"twitter_card":"summary_large_image","schema":{"@context":"https:\/\/schema.org","@graph":[{"@type":"WebPage","@id":"https:\/\/faktumonline.com\/de\/produkt\/american-walnut-farbmuster-copy-copy-copy-copy\/","url":"https:\/\/faktumonline.com\/de\/produkt\/american-walnut-farbmuster-copy-copy-copy-copy\/","name":"Dark Brown Oak Furnier Muster* - Faktum Online Store","isPartOf":{"@id":"https:\/\/faktumonline.com\/da\/#website"},"primaryImageOfPage":{"@id":"https:\/\/faktumonline.com\/de\/produkt\/american-walnut-farbmuster-copy-copy-copy-copy\/#primaryimage"},"image":{"@id":"https:\/\/faktumonline.com\/de\/produkt\/american-walnut-farbmuster-copy-copy-copy-copy\/#primaryimage"},"thumbnailUrl":"https:\/\/faktumonline.com\/wp-content\/uploads\/2026\/02\/Dark-Brown-Veneer-Closeup.webp","datePublished":"2024-02-24T16:58:04+00:00","dateModified":"2024-03-13T21:04:13+00:00","breadcrumb":{"@id":"https:\/\/faktumonline.com\/de\/produkt\/american-walnut-farbmuster-copy-copy-copy-copy\/#breadcrumb"},"inLanguage":"de","potentialAction":[{"@type":"ReadAction","target":["https:\/\/faktumonline.com\/de\/produkt\/american-walnut-farbmuster-copy-copy-copy-copy\/"]}]},{"@type":"ImageObject","inLanguage":"de","@id":"https:\/\/faktumonline.com\/de\/produkt\/american-walnut-farbmuster-copy-copy-copy-copy\/#primaryimage","url":"https:\/\/faktumonline.com\/wp-content\/uploads\/2026\/02\/Dark-Brown-Veneer-Closeup.webp","contentUrl":"https:\/\/faktumonline.com\/wp-content\/uploads\/2026\/02\/Dark-Brown-Veneer-Closeup.webp","width":1200,"height":1800},{"@type":"BreadcrumbList","@id":"https:\/\/faktumonline.com\/de\/produkt\/american-walnut-farbmuster-copy-copy-copy-copy\/#breadcrumb","itemListElement":[{"@type":"ListItem","position":1,"name":"Hem","item":"https:\/\/faktumonline.com\/de\/"},{"@type":"ListItem","position":2,"name":"Webshop","item":"https:\/\/faktumonline.com\/de\/webshop\/"},{"@type":"ListItem","position":3,"name":"Dark Brown Oak Furnier Muster*"}]},{"@type":"WebSite","@id":"https:\/\/faktumonline.com\/da\/#website","url":"https:\/\/faktumonline.com\/da\/","name":"Faktum Online Store","description":"Premium doors for IKEA kitchens","potentialAction":[{"@type":"SearchAction","target":{"@type":"EntryPoint","urlTemplate":"https:\/\/faktumonline.com\/da\/?s={search_term_string}"},"query-input":{"@type":"PropertyValueSpecification","valueRequired":true,"valueName":"search_term_string"}}],"inLanguage":"de"}]}},"_links":{"self":[{"href":"https:\/\/faktumonline.com\/de\/wp-json\/wp\/v2\/product\/112035","targetHints":{"allow":["GET"]}}],"collection":[{"href":"https:\/\/faktumonline.com\/de\/wp-json\/wp\/v2\/product"}],"about":[{"href":"https:\/\/faktumonline.com\/de\/wp-json\/wp\/v2\/types\/product"}],"version-history":[{"count":3,"href":"https:\/\/faktumonline.com\/de\/wp-json\/wp\/v2\/product\/112035\/revisions"}],"predecessor-version":[{"id":115164,"href":"https:\/\/faktumonline.com\/de\/wp-json\/wp\/v2\/product\/112035\/revisions\/115164"}],"wp:featuredmedia":[{"embeddable":true,"href":"https:\/\/faktumonline.com\/de\/wp-json\/wp\/v2\/media\/157739"}],"wp:attachment":[{"href":"https:\/\/faktumonline.com\/de\/wp-json\/wp\/v2\/media?parent=112035"}],"wp:term":[{"taxonomy":"product_brand","embeddable":true,"href":"https:\/\/faktumonline.com\/de\/wp-json\/wp\/v2\/product_brand?post=112035"},{"taxonomy":"product_cat","embeddable":true,"href":"https:\/\/faktumonline.com\/de\/wp-json\/wp\/v2\/product_cat?post=112035"},{"taxonomy":"product_tag","embeddable":true,"href":"https:\/\/faktumonline.com\/de\/wp-json\/wp\/v2\/product_tag?post=112035"}],"curies":[{"name":"wp","href":"https:\/\/api.w.org\/{rel}","templated":true}]}}