{"id":10214,"date":"2019-04-14T15:58:41","date_gmt":"2019-04-14T14:58:41","guid":{"rendered":"https:\/\/faktumonline.com\/webshop\/unkategorisiert\/glaseinlegeboden-80x35-3x"},"modified":"2025-11-27T19:27:13","modified_gmt":"2025-11-27T18:27:13","slug":"glasboden-3x-80x35","status":"publish","type":"product","link":"https:\/\/faktumonline.com\/de\/produkt\/glasboden-3x-80x35\/","title":{"rendered":"Glasb\u00f6den 3x 80&#215;35"},"content":{"rendered":"","protected":false},"excerpt":{"rendered":"<p style=\"font-weight: 400;\">Dieses ist ein Set mit 3 B\u00f6den aus geh\u00e4rtetem Glas f\u00fcr IKEA Faktum und IKEA Rationell Wandschr\u00e4nke. Ein sch\u00f6ner Begleiter f\u00fcr jede Glast\u00fcr anstelle gew\u00f6hnlicher dicker und wei\u00dfer B\u00f6den.<\/p>\n<p style=\"font-weight: 400;\">Die Gr\u00f6\u00dfe bezieht sich auf die AUSSEN Breite x Tiefe des Schranks, in dem diese B\u00f6den untergebracht werden sollen. Der B\u00f6den selbst ist etwas kleiner, damit es hineinpasst. Im Lieferumfang pro B\u00f6den sind 4 Unterst\u00fctzen enthalten.<\/p>\n","protected":false},"featured_media":69898,"template":"","meta":[],"product_brand":[],"product_cat":[1531],"product_tag":[],"class_list":{"0":"post-10214","1":"product","2":"type-product","3":"status-publish","4":"has-post-thumbnail","6":"product_cat-glasboden-3x","7":"product_shipping_class-frakt-59-de","8":"sales-flash-overlay","9":"woocommerce-text-align-center","10":"woocommerce-image-align-center","12":"first","13":"instock","14":"taxable","15":"shipping-taxable","16":"purchasable","17":"product-type-simple"},"exclude_global_add_ons":[],"addons":[],"yoast_head":"<!-- This site is optimized with the Yoast SEO Premium plugin v27.4 (Yoast SEO v27.4) - https:\/\/yoast.com\/product\/yoast-seo-premium-wordpress\/ -->\n<title>Glasb\u00f6den 3x 80x35 - Faktum Online Store<\/title>\n<meta name=\"robots\" content=\"index, follow, max-snippet:-1, max-image-preview:large, max-video-preview:-1\" \/>\n<link rel=\"canonical\" href=\"https:\/\/faktumonline.com\/de\/produkt\/glasboden-3x-80x35\/\" \/>\n<meta property=\"og:locale\" content=\"de_DE\" \/>\n<meta property=\"og:type\" content=\"article\" \/>\n<meta property=\"og:title\" content=\"Glasb\u00f6den 3x 80x35\" \/>\n<meta property=\"og:description\" content=\"Dieses ist ein Set mit 3 B\u00f6den aus geh\u00e4rtetem Glas f\u00fcr IKEA Faktum und IKEA Rationell Wandschr\u00e4nke. Ein sch\u00f6ner Begleiter f\u00fcr jede Glast\u00fcr anstelle gew\u00f6hnlicher dicker und wei\u00dfer B\u00f6den. Die Gr\u00f6\u00dfe bezieht sich auf die AUSSEN Breite x Tiefe des Schranks, in dem diese B\u00f6den untergebracht werden sollen. Der B\u00f6den selbst ist etwas kleiner, damit es hineinpasst. Im Lieferumfang pro B\u00f6den sind 4 Unterst\u00fctzen enthalten.\" \/>\n<meta property=\"og:url\" content=\"https:\/\/faktumonline.com\/de\/produkt\/glasboden-3x-80x35\/\" \/>\n<meta property=\"og:site_name\" content=\"Faktum Online Store\" \/>\n<meta property=\"article:modified_time\" content=\"2025-11-27T18:27:13+00:00\" \/>\n<meta property=\"og:image\" content=\"https:\/\/faktumonline.com\/wp-content\/uploads\/2019\/04\/Glass-shelves-for-IKEA-Faktum-kitchen.jpg\" \/>\n\t<meta property=\"og:image:width\" content=\"784\" \/>\n\t<meta property=\"og:image:height\" content=\"441\" \/>\n\t<meta property=\"og:image:type\" content=\"image\/jpeg\" \/>\n<meta name=\"twitter:card\" content=\"summary_large_image\" \/>\n<meta name=\"twitter:label1\" content=\"Gesch\u00e4tzte Lesezeit\" \/>\n\t<meta name=\"twitter:data1\" content=\"1\u00a0Minute\" \/>\n<script type=\"application\/ld+json\" class=\"yoast-schema-graph\">{\"@context\":\"https:\\\/\\\/schema.org\",\"@graph\":[{\"@type\":\"WebPage\",\"@id\":\"https:\\\/\\\/faktumonline.com\\\/de\\\/produkt\\\/glasboden-3x-80x35\\\/\",\"url\":\"https:\\\/\\\/faktumonline.com\\\/de\\\/produkt\\\/glasboden-3x-80x35\\\/\",\"name\":\"Glasb\u00f6den 3x 80x35 - Faktum Online Store\",\"isPartOf\":{\"@id\":\"https:\\\/\\\/faktumonline.com\\\/da\\\/#website\"},\"primaryImageOfPage\":{\"@id\":\"https:\\\/\\\/faktumonline.com\\\/de\\\/produkt\\\/glasboden-3x-80x35\\\/#primaryimage\"},\"image\":{\"@id\":\"https:\\\/\\\/faktumonline.com\\\/de\\\/produkt\\\/glasboden-3x-80x35\\\/#primaryimage\"},\"thumbnailUrl\":\"https:\\\/\\\/faktumonline.com\\\/wp-content\\\/uploads\\\/2019\\\/04\\\/Glass-shelves-for-IKEA-Faktum-kitchen.jpg\",\"datePublished\":\"2019-04-14T14:58:41+00:00\",\"dateModified\":\"2025-11-27T18:27:13+00:00\",\"breadcrumb\":{\"@id\":\"https:\\\/\\\/faktumonline.com\\\/de\\\/produkt\\\/glasboden-3x-80x35\\\/#breadcrumb\"},\"inLanguage\":\"de\",\"potentialAction\":[{\"@type\":\"ReadAction\",\"target\":[\"https:\\\/\\\/faktumonline.com\\\/de\\\/produkt\\\/glasboden-3x-80x35\\\/\"]}]},{\"@type\":\"ImageObject\",\"inLanguage\":\"de\",\"@id\":\"https:\\\/\\\/faktumonline.com\\\/de\\\/produkt\\\/glasboden-3x-80x35\\\/#primaryimage\",\"url\":\"https:\\\/\\\/faktumonline.com\\\/wp-content\\\/uploads\\\/2019\\\/04\\\/Glass-shelves-for-IKEA-Faktum-kitchen.jpg\",\"contentUrl\":\"https:\\\/\\\/faktumonline.com\\\/wp-content\\\/uploads\\\/2019\\\/04\\\/Glass-shelves-for-IKEA-Faktum-kitchen.jpg\",\"width\":784,\"height\":441},{\"@type\":\"BreadcrumbList\",\"@id\":\"https:\\\/\\\/faktumonline.com\\\/de\\\/produkt\\\/glasboden-3x-80x35\\\/#breadcrumb\",\"itemListElement\":[{\"@type\":\"ListItem\",\"position\":1,\"name\":\"Hem\",\"item\":\"https:\\\/\\\/faktumonline.com\\\/de\\\/\"},{\"@type\":\"ListItem\",\"position\":2,\"name\":\"Webshop\",\"item\":\"https:\\\/\\\/faktumonline.com\\\/de\\\/webshop\\\/\"},{\"@type\":\"ListItem\",\"position\":3,\"name\":\"Glasb\u00f6den 3x 80&#215;35\"}]},{\"@type\":\"WebSite\",\"@id\":\"https:\\\/\\\/faktumonline.com\\\/da\\\/#website\",\"url\":\"https:\\\/\\\/faktumonline.com\\\/da\\\/\",\"name\":\"Faktum Online Store\",\"description\":\"Premium doors for IKEA kitchens\",\"potentialAction\":[{\"@type\":\"SearchAction\",\"target\":{\"@type\":\"EntryPoint\",\"urlTemplate\":\"https:\\\/\\\/faktumonline.com\\\/da\\\/?s={search_term_string}\"},\"query-input\":{\"@type\":\"PropertyValueSpecification\",\"valueRequired\":true,\"valueName\":\"search_term_string\"}}],\"inLanguage\":\"de\"}]}<\/script>\n<!-- \/ Yoast SEO Premium plugin. -->","yoast_head_json":{"title":"Glasb\u00f6den 3x 80x35 - Faktum Online Store","robots":{"index":"index","follow":"follow","max-snippet":"max-snippet:-1","max-image-preview":"max-image-preview:large","max-video-preview":"max-video-preview:-1"},"canonical":"https:\/\/faktumonline.com\/de\/produkt\/glasboden-3x-80x35\/","og_locale":"de_DE","og_type":"article","og_title":"Glasb\u00f6den 3x 80x35","og_description":"Dieses ist ein Set mit 3 B\u00f6den aus geh\u00e4rtetem Glas f\u00fcr IKEA Faktum und IKEA Rationell Wandschr\u00e4nke. Ein sch\u00f6ner Begleiter f\u00fcr jede Glast\u00fcr anstelle gew\u00f6hnlicher dicker und wei\u00dfer B\u00f6den. Die Gr\u00f6\u00dfe bezieht sich auf die AUSSEN Breite x Tiefe des Schranks, in dem diese B\u00f6den untergebracht werden sollen. Der B\u00f6den selbst ist etwas kleiner, damit es hineinpasst. Im Lieferumfang pro B\u00f6den sind 4 Unterst\u00fctzen enthalten.","og_url":"https:\/\/faktumonline.com\/de\/produkt\/glasboden-3x-80x35\/","og_site_name":"Faktum Online Store","article_modified_time":"2025-11-27T18:27:13+00:00","og_image":[{"width":784,"height":441,"url":"https:\/\/faktumonline.com\/wp-content\/uploads\/2019\/04\/Glass-shelves-for-IKEA-Faktum-kitchen.jpg","type":"image\/jpeg"}],"twitter_card":"summary_large_image","twitter_misc":{"Gesch\u00e4tzte Lesezeit":"1\u00a0Minute"},"schema":{"@context":"https:\/\/schema.org","@graph":[{"@type":"WebPage","@id":"https:\/\/faktumonline.com\/de\/produkt\/glasboden-3x-80x35\/","url":"https:\/\/faktumonline.com\/de\/produkt\/glasboden-3x-80x35\/","name":"Glasb\u00f6den 3x 80x35 - Faktum Online Store","isPartOf":{"@id":"https:\/\/faktumonline.com\/da\/#website"},"primaryImageOfPage":{"@id":"https:\/\/faktumonline.com\/de\/produkt\/glasboden-3x-80x35\/#primaryimage"},"image":{"@id":"https:\/\/faktumonline.com\/de\/produkt\/glasboden-3x-80x35\/#primaryimage"},"thumbnailUrl":"https:\/\/faktumonline.com\/wp-content\/uploads\/2019\/04\/Glass-shelves-for-IKEA-Faktum-kitchen.jpg","datePublished":"2019-04-14T14:58:41+00:00","dateModified":"2025-11-27T18:27:13+00:00","breadcrumb":{"@id":"https:\/\/faktumonline.com\/de\/produkt\/glasboden-3x-80x35\/#breadcrumb"},"inLanguage":"de","potentialAction":[{"@type":"ReadAction","target":["https:\/\/faktumonline.com\/de\/produkt\/glasboden-3x-80x35\/"]}]},{"@type":"ImageObject","inLanguage":"de","@id":"https:\/\/faktumonline.com\/de\/produkt\/glasboden-3x-80x35\/#primaryimage","url":"https:\/\/faktumonline.com\/wp-content\/uploads\/2019\/04\/Glass-shelves-for-IKEA-Faktum-kitchen.jpg","contentUrl":"https:\/\/faktumonline.com\/wp-content\/uploads\/2019\/04\/Glass-shelves-for-IKEA-Faktum-kitchen.jpg","width":784,"height":441},{"@type":"BreadcrumbList","@id":"https:\/\/faktumonline.com\/de\/produkt\/glasboden-3x-80x35\/#breadcrumb","itemListElement":[{"@type":"ListItem","position":1,"name":"Hem","item":"https:\/\/faktumonline.com\/de\/"},{"@type":"ListItem","position":2,"name":"Webshop","item":"https:\/\/faktumonline.com\/de\/webshop\/"},{"@type":"ListItem","position":3,"name":"Glasb\u00f6den 3x 80&#215;35"}]},{"@type":"WebSite","@id":"https:\/\/faktumonline.com\/da\/#website","url":"https:\/\/faktumonline.com\/da\/","name":"Faktum Online Store","description":"Premium doors for IKEA kitchens","potentialAction":[{"@type":"SearchAction","target":{"@type":"EntryPoint","urlTemplate":"https:\/\/faktumonline.com\/da\/?s={search_term_string}"},"query-input":{"@type":"PropertyValueSpecification","valueRequired":true,"valueName":"search_term_string"}}],"inLanguage":"de"}]}},"_links":{"self":[{"href":"https:\/\/faktumonline.com\/de\/wp-json\/wp\/v2\/product\/10214","targetHints":{"allow":["GET"]}}],"collection":[{"href":"https:\/\/faktumonline.com\/de\/wp-json\/wp\/v2\/product"}],"about":[{"href":"https:\/\/faktumonline.com\/de\/wp-json\/wp\/v2\/types\/product"}],"version-history":[{"count":2,"href":"https:\/\/faktumonline.com\/de\/wp-json\/wp\/v2\/product\/10214\/revisions"}],"predecessor-version":[{"id":153150,"href":"https:\/\/faktumonline.com\/de\/wp-json\/wp\/v2\/product\/10214\/revisions\/153150"}],"wp:featuredmedia":[{"embeddable":true,"href":"https:\/\/faktumonline.com\/de\/wp-json\/wp\/v2\/media\/69898"}],"wp:attachment":[{"href":"https:\/\/faktumonline.com\/de\/wp-json\/wp\/v2\/media?parent=10214"}],"wp:term":[{"taxonomy":"product_brand","embeddable":true,"href":"https:\/\/faktumonline.com\/de\/wp-json\/wp\/v2\/product_brand?post=10214"},{"taxonomy":"product_cat","embeddable":true,"href":"https:\/\/faktumonline.com\/de\/wp-json\/wp\/v2\/product_cat?post=10214"},{"taxonomy":"product_tag","embeddable":true,"href":"https:\/\/faktumonline.com\/de\/wp-json\/wp\/v2\/product_tag?post=10214"}],"curies":[{"name":"wp","href":"https:\/\/api.w.org\/{rel}","templated":true}]}}