{"id":69250,"date":"2022-03-12T21:25:00","date_gmt":"2022-03-12T20:25:00","guid":{"rendered":"https:\/\/faktumonline.com\/?page_id=69250"},"modified":"2022-03-12T22:07:57","modified_gmt":"2022-03-12T21:07:57","slug":"wichtige-informationen-zu-schubladen-fuer-ikea-faktum-kuechen","status":"publish","type":"page","link":"https:\/\/faktumonline.com\/de\/ikea\/faktum\/wichtige-informationen-zu-schubladen-fuer-ikea-faktum-kuechen\/","title":{"rendered":"Wichtige Informationen zu Schubladen f\u00fcr IKEA Faktum K\u00fcchen"},"content":{"rendered":"\t\t<div data-elementor-type=\"wp-page\" data-elementor-id=\"69250\" class=\"elementor elementor-69250\" data-elementor-settings=\"{&quot;ha_cmc_init_switcher&quot;:&quot;no&quot;}\" data-elementor-post-type=\"page\">\n\t\t\t\t\t\t<section class=\"elementor-section elementor-top-section elementor-element elementor-element-22084fb3 elementor-section-stretched elementor-section-boxed elementor-section-height-default elementor-section-height-default\" data-id=\"22084fb3\" data-element_type=\"section\" data-e-type=\"section\" data-settings=\"{&quot;stretch_section&quot;:&quot;section-stretched&quot;,&quot;background_background&quot;:&quot;classic&quot;,&quot;_ha_eqh_enable&quot;:false}\">\n\t\t\t\t\t\t<div class=\"elementor-container elementor-column-gap-default\">\n\t\t\t\t\t<div class=\"elementor-column elementor-col-100 elementor-top-column elementor-element elementor-element-118b3fdc\" data-id=\"118b3fdc\" data-element_type=\"column\" data-e-type=\"column\">\n\t\t\t<div class=\"elementor-widget-wrap elementor-element-populated\">\n\t\t\t\t\t\t<div class=\"elementor-element elementor-element-3baf6d0f elementor-widget elementor-widget-heading\" data-id=\"3baf6d0f\" data-element_type=\"widget\" data-e-type=\"widget\" data-widget_type=\"heading.default\">\n\t\t\t\t<div class=\"elementor-widget-container\">\n\t\t\t\t\t<h1 class=\"elementor-heading-title elementor-size-default\">Wichtige Informationen zu Schubladen f\u00fcr IKEA Faktum K\u00fcchen<\/h1>\t\t\t\t<\/div>\n\t\t\t\t<\/div>\n\t\t\t\t\t<\/div>\n\t\t<\/div>\n\t\t\t\t\t<\/div>\n\t\t<\/section>\n\t\t\t\t<section class=\"elementor-section elementor-top-section elementor-element elementor-element-622d622 elementor-section-stretched elementor-section-boxed elementor-section-height-default elementor-section-height-default\" data-id=\"622d622\" data-element_type=\"section\" data-e-type=\"section\" data-settings=\"{&quot;stretch_section&quot;:&quot;section-stretched&quot;,&quot;_ha_eqh_enable&quot;:false}\">\n\t\t\t\t\t\t<div class=\"elementor-container elementor-column-gap-default\">\n\t\t\t\t\t<div class=\"elementor-column elementor-col-100 elementor-top-column elementor-element elementor-element-b6f1153\" data-id=\"b6f1153\" data-element_type=\"column\" data-e-type=\"column\">\n\t\t\t<div class=\"elementor-widget-wrap elementor-element-populated\">\n\t\t\t\t\t\t<div class=\"elementor-element elementor-element-fbc8d45 elementor-widget elementor-widget-heading\" data-id=\"fbc8d45\" data-element_type=\"widget\" data-e-type=\"widget\" data-widget_type=\"heading.default\">\n\t\t\t\t<div class=\"elementor-widget-container\">\n\t\t\t\t\t<h2 class=\"elementor-heading-title elementor-size-default\">Qualit\u00e4t Verbesserungen von den neuen Schubladen im Vergleich zu den alten Schubladen von IKEA<\/h2>\t\t\t\t<\/div>\n\t\t\t\t<\/div>\n\t\t\t\t<div class=\"elementor-element elementor-element-fbc6efe elementor-widget elementor-widget-text-editor\" data-id=\"fbc6efe\" data-element_type=\"widget\" data-e-type=\"widget\" data-widget_type=\"text-editor.default\">\n\t\t\t\t<div class=\"elementor-widget-container\">\n\t\t\t\t\t\t\t\t\t<p>Diese Schubladen sind im Vergleich zu den alten Schubladen, die in der Vergangenheit von IKEA verkauft wurden, etwas modifiziert, moderner und besser. Diese Schubladen nehmen mehr Gewicht auf und sind mit der sch\u00f6nen SoftClosing-Technologie ausgestattet.<\/p>\t\t\t\t\t\t\t\t<\/div>\n\t\t\t\t<\/div>\n\t\t\t\t<div class=\"elementor-element elementor-element-be8fb95 elementor-widget elementor-widget-heading\" data-id=\"be8fb95\" data-element_type=\"widget\" data-e-type=\"widget\" data-widget_type=\"heading.default\">\n\t\t\t\t<div class=\"elementor-widget-container\">\n\t\t\t\t\t<h2 class=\"elementor-heading-title elementor-size-default\">Warum ist es wichtig neue Fronten zu bestellen?<\/h2>\t\t\t\t<\/div>\n\t\t\t\t<\/div>\n\t\t\t\t<div class=\"elementor-element elementor-element-2794fc1 elementor-widget elementor-widget-text-editor\" data-id=\"2794fc1\" data-element_type=\"widget\" data-e-type=\"widget\" data-widget_type=\"text-editor.default\">\n\t\t\t\t<div class=\"elementor-widget-container\">\n\t\t\t\t\t\t\t\t\t<p>Daher dass die neuen Schubladen im Vergleich zu IKEAs alte Schubladen verbessert sind, sind die Bohrspezifikationen f\u00fcr die Fronten etwas anders als bei den \u00e4lteren Schubladenfronten. Neue Schubladenfronten, die gleichzeitig mit den neuen Schubladen bestellt werden, werden nach dem neuen Standard vorgebohrt und passen direkt aus der Box. Wir empfehlen Ihnen, Ihre alten Schubladenfronten nicht zu behalten und zu versuchen, die alten Fronten auf die neuen Schubladen zu montieren, da die Bohrungen f\u00fcr die Beschl\u00e4ge etwas anders sind.<\/p>\t\t\t\t\t\t\t\t<\/div>\n\t\t\t\t<\/div>\n\t\t\t\t<div class=\"elementor-element elementor-element-5551e63 elementor-widget elementor-widget-heading\" data-id=\"5551e63\" data-element_type=\"widget\" data-e-type=\"widget\" data-widget_type=\"heading.default\">\n\t\t\t\t<div class=\"elementor-widget-container\">\n\t\t\t\t\t<h2 class=\"elementor-heading-title elementor-size-default\">Montierung tipp von neuen Schubladen in einen alten Schrank.<\/h2>\t\t\t\t<\/div>\n\t\t\t\t<\/div>\n\t\t\t\t<div class=\"elementor-element elementor-element-a23027f elementor-widget elementor-widget-text-editor\" data-id=\"a23027f\" data-element_type=\"widget\" data-e-type=\"widget\" data-widget_type=\"text-editor.default\">\n\t\t\t\t<div class=\"elementor-widget-container\">\n\t\t\t\t\t\t\t\t\t<p>Die neuen Schubladen k\u00f6nnen mit einer leichten Modifikation in die alten Schr\u00e4nke eingebaut werden. Bohren Sie einfach ein neues Loch pro L\u00e4ufer in den alten Schrank. Der L\u00e4ufer selbst kann als Vorlage verwendet werden.<br \/>So machen Sie es: zuerst eine Gleitschiene an der Vorderkante anbringen und schrauben. Dann schauen Sie in den Schrank, wo Loch Nr. 2 in der Gleitschiene hingeht. Dort machen Sie eine Markierung, bohren ein Loch und schrauben die zweite Schraube in die Gleitschiene.<\/p>\t\t\t\t\t\t\t\t<\/div>\n\t\t\t\t<\/div>\n\t\t\t\t\t<\/div>\n\t\t<\/div>\n\t\t\t\t\t<\/div>\n\t\t<\/section>\n\t\t\t\t<\/div>\n\t\t","protected":false},"excerpt":{"rendered":"<p>Wichtige Informationen zu Schubladen f\u00fcr IKEA Faktum K\u00fcchen Qualit\u00e4t Verbesserungen von den neuen Schubladen im Vergleich zu den alten Schubladen von IKEA Diese Schubladen sind im Vergleich zu den alten Schubladen, die in der Vergangenheit von IKEA verkauft wurden, etwas modifiziert, moderner und besser. Diese Schubladen nehmen mehr Gewicht auf und sind mit der sch\u00f6nen &#8230; <a title=\"Wichtige Informationen zu Schubladen f\u00fcr IKEA Faktum K\u00fcchen\" class=\"read-more\" href=\"https:\/\/faktumonline.com\/de\/ikea\/faktum\/wichtige-informationen-zu-schubladen-fuer-ikea-faktum-kuechen\/\" aria-label=\"Mehr Informationen \u00fcber Wichtige Informationen zu Schubladen f\u00fcr IKEA Faktum K\u00fcchen\">Weiterlesen<\/a><\/p>\n","protected":false},"author":2,"featured_media":0,"parent":4561,"menu_order":0,"comment_status":"closed","ping_status":"closed","template":"elementor_header_footer","meta":{"footnotes":""},"class_list":["post-69250","page","type-page","status-publish"],"yoast_head":"<!-- This site is optimized with the Yoast SEO Premium plugin v27.4 (Yoast SEO v27.4) - https:\/\/yoast.com\/product\/yoast-seo-premium-wordpress\/ -->\n<title>Wichtige Informationen zu Schubladen f\u00fcr IKEA Faktum K\u00fcchen - Faktum Online Store<\/title>\n<meta name=\"robots\" content=\"index, follow, max-snippet:-1, max-image-preview:large, max-video-preview:-1\" \/>\n<link rel=\"canonical\" href=\"https:\/\/faktumonline.com\/de\/ikea\/faktum\/wichtige-informationen-zu-schubladen-fuer-ikea-faktum-kuechen\/\" \/>\n<meta property=\"og:locale\" content=\"de_DE\" \/>\n<meta property=\"og:type\" content=\"article\" \/>\n<meta property=\"og:title\" content=\"Wichtige Informationen zu Schubladen f\u00fcr IKEA Faktum K\u00fcchen\" \/>\n<meta property=\"og:description\" content=\"Wichtige Informationen zu Schubladen f\u00fcr IKEA Faktum K\u00fcchen Qualit\u00e4t Verbesserungen von den neuen Schubladen im Vergleich zu den alten Schubladen von IKEA Diese Schubladen sind im Vergleich zu den alten Schubladen, die in der Vergangenheit von IKEA verkauft wurden, etwas modifiziert, moderner und besser. Diese Schubladen nehmen mehr Gewicht auf und sind mit der sch\u00f6nen ... Weiterlesen\" \/>\n<meta property=\"og:url\" content=\"https:\/\/faktumonline.com\/de\/ikea\/faktum\/wichtige-informationen-zu-schubladen-fuer-ikea-faktum-kuechen\/\" \/>\n<meta property=\"og:site_name\" content=\"Faktum Online Store\" \/>\n<meta property=\"article:modified_time\" content=\"2022-03-12T21:07:57+00:00\" \/>\n<meta name=\"twitter:card\" content=\"summary_large_image\" \/>\n<meta name=\"twitter:label1\" content=\"Gesch\u00e4tzte Lesezeit\" \/>\n\t<meta name=\"twitter:data1\" content=\"2\u00a0Minuten\" \/>\n<script type=\"application\/ld+json\" class=\"yoast-schema-graph\">{\"@context\":\"https:\\\/\\\/schema.org\",\"@graph\":[{\"@type\":\"WebPage\",\"@id\":\"https:\\\/\\\/faktumonline.com\\\/de\\\/ikea\\\/faktum\\\/wichtige-informationen-zu-schubladen-fuer-ikea-faktum-kuechen\\\/\",\"url\":\"https:\\\/\\\/faktumonline.com\\\/de\\\/ikea\\\/faktum\\\/wichtige-informationen-zu-schubladen-fuer-ikea-faktum-kuechen\\\/\",\"name\":\"Wichtige Informationen zu Schubladen f\u00fcr IKEA Faktum K\u00fcchen - Faktum Online Store\",\"isPartOf\":{\"@id\":\"https:\\\/\\\/faktumonline.com\\\/da\\\/#website\"},\"datePublished\":\"2022-03-12T20:25:00+00:00\",\"dateModified\":\"2022-03-12T21:07:57+00:00\",\"breadcrumb\":{\"@id\":\"https:\\\/\\\/faktumonline.com\\\/de\\\/ikea\\\/faktum\\\/wichtige-informationen-zu-schubladen-fuer-ikea-faktum-kuechen\\\/#breadcrumb\"},\"inLanguage\":\"de\",\"potentialAction\":[{\"@type\":\"ReadAction\",\"target\":[\"https:\\\/\\\/faktumonline.com\\\/de\\\/ikea\\\/faktum\\\/wichtige-informationen-zu-schubladen-fuer-ikea-faktum-kuechen\\\/\"]}]},{\"@type\":\"BreadcrumbList\",\"@id\":\"https:\\\/\\\/faktumonline.com\\\/de\\\/ikea\\\/faktum\\\/wichtige-informationen-zu-schubladen-fuer-ikea-faktum-kuechen\\\/#breadcrumb\",\"itemListElement\":[{\"@type\":\"ListItem\",\"position\":1,\"name\":\"Hem\",\"item\":\"https:\\\/\\\/faktumonline.com\\\/de\\\/\"},{\"@type\":\"ListItem\",\"position\":2,\"name\":\"IKEA\",\"item\":\"https:\\\/\\\/faktumonline.com\\\/de\\\/ikea\\\/\"},{\"@type\":\"ListItem\",\"position\":3,\"name\":\"Faktum\",\"item\":\"https:\\\/\\\/faktumonline.com\\\/de\\\/ikea\\\/faktum\\\/\"},{\"@type\":\"ListItem\",\"position\":4,\"name\":\"Wichtige Informationen zu Schubladen f\u00fcr IKEA Faktum K\u00fcchen\"}]},{\"@type\":\"WebSite\",\"@id\":\"https:\\\/\\\/faktumonline.com\\\/da\\\/#website\",\"url\":\"https:\\\/\\\/faktumonline.com\\\/da\\\/\",\"name\":\"Faktum Online Store\",\"description\":\"Premium doors for IKEA kitchens\",\"potentialAction\":[{\"@type\":\"SearchAction\",\"target\":{\"@type\":\"EntryPoint\",\"urlTemplate\":\"https:\\\/\\\/faktumonline.com\\\/da\\\/?s={search_term_string}\"},\"query-input\":{\"@type\":\"PropertyValueSpecification\",\"valueRequired\":true,\"valueName\":\"search_term_string\"}}],\"inLanguage\":\"de\"}]}<\/script>\n<!-- \/ Yoast SEO Premium plugin. -->","yoast_head_json":{"title":"Wichtige Informationen zu Schubladen f\u00fcr IKEA Faktum K\u00fcchen - Faktum Online Store","robots":{"index":"index","follow":"follow","max-snippet":"max-snippet:-1","max-image-preview":"max-image-preview:large","max-video-preview":"max-video-preview:-1"},"canonical":"https:\/\/faktumonline.com\/de\/ikea\/faktum\/wichtige-informationen-zu-schubladen-fuer-ikea-faktum-kuechen\/","og_locale":"de_DE","og_type":"article","og_title":"Wichtige Informationen zu Schubladen f\u00fcr IKEA Faktum K\u00fcchen","og_description":"Wichtige Informationen zu Schubladen f\u00fcr IKEA Faktum K\u00fcchen Qualit\u00e4t Verbesserungen von den neuen Schubladen im Vergleich zu den alten Schubladen von IKEA Diese Schubladen sind im Vergleich zu den alten Schubladen, die in der Vergangenheit von IKEA verkauft wurden, etwas modifiziert, moderner und besser. Diese Schubladen nehmen mehr Gewicht auf und sind mit der sch\u00f6nen ... Weiterlesen","og_url":"https:\/\/faktumonline.com\/de\/ikea\/faktum\/wichtige-informationen-zu-schubladen-fuer-ikea-faktum-kuechen\/","og_site_name":"Faktum Online Store","article_modified_time":"2022-03-12T21:07:57+00:00","twitter_card":"summary_large_image","twitter_misc":{"Gesch\u00e4tzte Lesezeit":"2\u00a0Minuten"},"schema":{"@context":"https:\/\/schema.org","@graph":[{"@type":"WebPage","@id":"https:\/\/faktumonline.com\/de\/ikea\/faktum\/wichtige-informationen-zu-schubladen-fuer-ikea-faktum-kuechen\/","url":"https:\/\/faktumonline.com\/de\/ikea\/faktum\/wichtige-informationen-zu-schubladen-fuer-ikea-faktum-kuechen\/","name":"Wichtige Informationen zu Schubladen f\u00fcr IKEA Faktum K\u00fcchen - Faktum Online Store","isPartOf":{"@id":"https:\/\/faktumonline.com\/da\/#website"},"datePublished":"2022-03-12T20:25:00+00:00","dateModified":"2022-03-12T21:07:57+00:00","breadcrumb":{"@id":"https:\/\/faktumonline.com\/de\/ikea\/faktum\/wichtige-informationen-zu-schubladen-fuer-ikea-faktum-kuechen\/#breadcrumb"},"inLanguage":"de","potentialAction":[{"@type":"ReadAction","target":["https:\/\/faktumonline.com\/de\/ikea\/faktum\/wichtige-informationen-zu-schubladen-fuer-ikea-faktum-kuechen\/"]}]},{"@type":"BreadcrumbList","@id":"https:\/\/faktumonline.com\/de\/ikea\/faktum\/wichtige-informationen-zu-schubladen-fuer-ikea-faktum-kuechen\/#breadcrumb","itemListElement":[{"@type":"ListItem","position":1,"name":"Hem","item":"https:\/\/faktumonline.com\/de\/"},{"@type":"ListItem","position":2,"name":"IKEA","item":"https:\/\/faktumonline.com\/de\/ikea\/"},{"@type":"ListItem","position":3,"name":"Faktum","item":"https:\/\/faktumonline.com\/de\/ikea\/faktum\/"},{"@type":"ListItem","position":4,"name":"Wichtige Informationen zu Schubladen f\u00fcr IKEA Faktum K\u00fcchen"}]},{"@type":"WebSite","@id":"https:\/\/faktumonline.com\/da\/#website","url":"https:\/\/faktumonline.com\/da\/","name":"Faktum Online Store","description":"Premium doors for IKEA kitchens","potentialAction":[{"@type":"SearchAction","target":{"@type":"EntryPoint","urlTemplate":"https:\/\/faktumonline.com\/da\/?s={search_term_string}"},"query-input":{"@type":"PropertyValueSpecification","valueRequired":true,"valueName":"search_term_string"}}],"inLanguage":"de"}]}},"_links":{"self":[{"href":"https:\/\/faktumonline.com\/de\/wp-json\/wp\/v2\/pages\/69250","targetHints":{"allow":["GET"]}}],"collection":[{"href":"https:\/\/faktumonline.com\/de\/wp-json\/wp\/v2\/pages"}],"about":[{"href":"https:\/\/faktumonline.com\/de\/wp-json\/wp\/v2\/types\/page"}],"author":[{"embeddable":true,"href":"https:\/\/faktumonline.com\/de\/wp-json\/wp\/v2\/users\/2"}],"replies":[{"embeddable":true,"href":"https:\/\/faktumonline.com\/de\/wp-json\/wp\/v2\/comments?post=69250"}],"version-history":[{"count":5,"href":"https:\/\/faktumonline.com\/de\/wp-json\/wp\/v2\/pages\/69250\/revisions"}],"predecessor-version":[{"id":69259,"href":"https:\/\/faktumonline.com\/de\/wp-json\/wp\/v2\/pages\/69250\/revisions\/69259"}],"up":[{"embeddable":true,"href":"https:\/\/faktumonline.com\/de\/wp-json\/wp\/v2\/pages\/4561"}],"wp:attachment":[{"href":"https:\/\/faktumonline.com\/de\/wp-json\/wp\/v2\/media?parent=69250"}],"curies":[{"name":"wp","href":"https:\/\/api.w.org\/{rel}","templated":true}]}}