{"id":65606,"date":"2021-12-13T17:59:41","date_gmt":"2021-12-13T16:59:41","guid":{"rendered":"https:\/\/faktumonline.com\/informationen-zur-bestellung-von-einer-zweifarbigen-kueche\/"},"modified":"2022-02-03T15:03:18","modified_gmt":"2022-02-03T14:03:18","slug":"informationen-zur-bestellung-von-einer-zweifarbigen-kueche","status":"publish","type":"page","link":"https:\/\/faktumonline.com\/de\/informationen-zur-bestellung-von-einer-zweifarbigen-kueche\/","title":{"rendered":"Informationen zur Bestellung von einer zweifarbigen K\u00fcche"},"content":{"rendered":"\t\t<div data-elementor-type=\"wp-page\" data-elementor-id=\"65606\" class=\"elementor elementor-65606 elementor-65604\" data-elementor-settings=\"{&quot;ha_cmc_init_switcher&quot;:&quot;no&quot;}\" data-elementor-post-type=\"page\">\n\t\t\t\t\t\t<section class=\"elementor-section elementor-top-section elementor-element elementor-element-3b45d499 elementor-section-stretched elementor-section-boxed elementor-section-height-default elementor-section-height-default\" data-id=\"3b45d499\" data-element_type=\"section\" data-e-type=\"section\" data-settings=\"{&quot;stretch_section&quot;:&quot;section-stretched&quot;,&quot;background_background&quot;:&quot;classic&quot;,&quot;_ha_eqh_enable&quot;:false}\">\n\t\t\t\t\t\t<div class=\"elementor-container elementor-column-gap-default\">\n\t\t\t\t\t<div class=\"elementor-column elementor-col-100 elementor-top-column elementor-element elementor-element-5d71c861\" data-id=\"5d71c861\" data-element_type=\"column\" data-e-type=\"column\">\n\t\t\t<div class=\"elementor-widget-wrap elementor-element-populated\">\n\t\t\t\t\t\t<div class=\"elementor-element elementor-element-6b47a80d elementor-widget elementor-widget-heading\" data-id=\"6b47a80d\" data-element_type=\"widget\" data-e-type=\"widget\" data-widget_type=\"heading.default\">\n\t\t\t\t<div class=\"elementor-widget-container\">\n\t\t\t\t\t<h1 class=\"elementor-heading-title elementor-size-default\">Falls Sie eine zweifarbige K\u00fcche bestellen m\u00f6chten<\/h1>\t\t\t\t<\/div>\n\t\t\t\t<\/div>\n\t\t\t\t\t<\/div>\n\t\t<\/div>\n\t\t\t\t\t<\/div>\n\t\t<\/section>\n\t\t\t\t<section class=\"elementor-section elementor-top-section elementor-element elementor-element-1b6826a elementor-section-boxed elementor-section-height-default elementor-section-height-default\" data-id=\"1b6826a\" data-element_type=\"section\" data-e-type=\"section\" data-settings=\"{&quot;_ha_eqh_enable&quot;:false}\">\n\t\t\t\t\t\t<div class=\"elementor-container elementor-column-gap-default\">\n\t\t\t\t\t<div class=\"elementor-column elementor-col-100 elementor-top-column elementor-element elementor-element-961d2ef\" data-id=\"961d2ef\" data-element_type=\"column\" data-e-type=\"column\">\n\t\t\t<div class=\"elementor-widget-wrap elementor-element-populated\">\n\t\t\t\t\t\t<div class=\"elementor-element elementor-element-779493f elementor-widget elementor-widget-image\" data-id=\"779493f\" data-element_type=\"widget\" data-e-type=\"widget\" data-widget_type=\"image.default\">\n\t\t\t\t<div class=\"elementor-widget-container\">\n\t\t\t\t\t\t\t\t\t\t\t\t\t\t\t<img fetchpriority=\"high\" decoding=\"async\" width=\"1521\" height=\"856\" src=\"https:\/\/faktumonline.com\/wp-content\/uploads\/2019\/05\/W11-DM2448-California-Oak-PT5000-Easy-Grey-16-9-1.jpg\" class=\"attachment-full size-full wp-image-11238\" alt=\"\" srcset=\"https:\/\/faktumonline.com\/wp-content\/uploads\/2019\/05\/W11-DM2448-California-Oak-PT5000-Easy-Grey-16-9-1.jpg 1521w, https:\/\/faktumonline.com\/wp-content\/uploads\/2019\/05\/W11-DM2448-California-Oak-PT5000-Easy-Grey-16-9-1-200x113.jpg 200w, https:\/\/faktumonline.com\/wp-content\/uploads\/2019\/05\/W11-DM2448-California-Oak-PT5000-Easy-Grey-16-9-1-300x169.jpg 300w, https:\/\/faktumonline.com\/wp-content\/uploads\/2019\/05\/W11-DM2448-California-Oak-PT5000-Easy-Grey-16-9-1-768x432.jpg 768w, https:\/\/faktumonline.com\/wp-content\/uploads\/2019\/05\/W11-DM2448-California-Oak-PT5000-Easy-Grey-16-9-1-1024x576.jpg 1024w, https:\/\/faktumonline.com\/wp-content\/uploads\/2019\/05\/W11-DM2448-California-Oak-PT5000-Easy-Grey-16-9-1-150x84.jpg 150w, https:\/\/faktumonline.com\/wp-content\/uploads\/2019\/05\/W11-DM2448-California-Oak-PT5000-Easy-Grey-16-9-1-20x11.jpg 20w\" sizes=\"(max-width: 1521px) 100vw, 1521px\" \/>\t\t\t\t\t\t\t\t\t\t\t\t\t\t\t<\/div>\n\t\t\t\t<\/div>\n\t\t\t\t\t<\/div>\n\t\t<\/div>\n\t\t\t\t\t<\/div>\n\t\t<\/section>\n\t\t\t\t<section class=\"elementor-section elementor-top-section elementor-element elementor-element-5ddf651 elementor-section-boxed elementor-section-height-default elementor-section-height-default\" data-id=\"5ddf651\" data-element_type=\"section\" data-e-type=\"section\" data-settings=\"{&quot;_ha_eqh_enable&quot;:false}\">\n\t\t\t\t\t\t<div class=\"elementor-container elementor-column-gap-default\">\n\t\t\t\t\t<div class=\"elementor-column elementor-col-100 elementor-top-column elementor-element elementor-element-b97b473\" data-id=\"b97b473\" data-element_type=\"column\" data-e-type=\"column\">\n\t\t\t<div class=\"elementor-widget-wrap elementor-element-populated\">\n\t\t\t\t\t\t<div class=\"elementor-element elementor-element-f9314cf elementor-widget elementor-widget-heading\" data-id=\"f9314cf\" data-element_type=\"widget\" data-e-type=\"widget\" data-widget_type=\"heading.default\">\n\t\t\t\t<div class=\"elementor-widget-container\">\n\t\t\t\t\t<h2 class=\"elementor-heading-title elementor-size-default\">Es gibt zwei M\u00f6glichkeiten (A und B):<\/h2>\t\t\t\t<\/div>\n\t\t\t\t<\/div>\n\t\t\t\t<div class=\"elementor-element elementor-element-b0aa2f1 elementor-widget elementor-widget-text-editor\" data-id=\"b0aa2f1\" data-element_type=\"widget\" data-e-type=\"widget\" data-widget_type=\"text-editor.default\">\n\t\t\t\t<div class=\"elementor-widget-container\">\n\t\t\t\t\t\t\t\t\t<p><strong>A (wenn 1 Modell und 2 Farben gew\u00fcnscht werden):<\/strong><\/p><ol><li>Man legt 1xModell und 1xFarbe in den Warenkorb rein (gerne die Farbe die betreffend Bestellung am h\u00e4ufigsten erscheint).<\/li><li>Dann legt man <u>alle<\/u> Produkte in den Warenkorb rein.<\/li><li>Wenn man zur Kasse geht gibt es links \u00abAnmerkungen zur deiner Bestellung\u00bb. Da schreibt man die andere Farbe rein und Sie schreiben auch welche von den Produkten, die bestellt sind, die mit dieser Farbe produziert werden sollen.<\/li><li>Danach bezahlen Sie.<\/li><li>Wir schicken Ihnen eine Summary.<\/li><li>Wenn die Summary von Ihnen best\u00e4tigt werde, schicken wir eine Best\u00e4tigung mit Lieferzeit zu Ihnen.<\/li><\/ol><p><strong>B (wenn 1 Modell und 2 Farben gew\u00fcnscht werden):<\/strong><\/p><p>Ausgangspunkt ist dass Sie per mail einen genauen \u00dcbersicht von Ihrer Bestellung zu unserer Mail: <a href=\"mailto:kundendienst@faktumonline.com\">kundendienst@faktumonline.com<\/a>schicken, so wir exakt sehen k\u00f6nnen welche Produkte mit welcher Modell und Farbe gew\u00fcnscht werden.<\/p><p>Ausserdem m\u00f6chten wir dass Sie bestellen. Machen Sie wie so.<\/p><ol><li>Bestellen Sie kein Modell oder Farbe.<\/li><li>Legen Sie <u>alle<\/u> Produkte in den Warenkorb rein und gehen Sie zur Kasse.<\/li><li>Wenn man zur Kasse geht gibt es links \u00abAnmerkungen zur deiner Bestellung\u00bb. Da schreiben Sie: \u00abBitte sehe seperate Mail betreffend Farbe und Modell\u00bb.<\/li><li>Danach bezahlen Sie.<\/li><li>Wir schicken Ihnen danach eine Summary.<\/li><li>Wenn die ok ist, schicken wir eine Best\u00e4tigung mit Lieferzeit zu Ihnen.<\/li><\/ol><p><strong>C:\u00a0M\u00f6chten Sie mehrere Modelle und Farben bestellen benutzen Sie bitte die Richtlinien in \u201eB\u201c.<\/strong><\/p>\t\t\t\t\t\t\t\t<\/div>\n\t\t\t\t<\/div>\n\t\t\t\t\t<\/div>\n\t\t<\/div>\n\t\t\t\t\t<\/div>\n\t\t<\/section>\n\t\t\t\t<\/div>\n\t\t","protected":false},"excerpt":{"rendered":"<p>Falls Sie eine zweifarbige K\u00fcche bestellen m\u00f6chten Es gibt zwei M\u00f6glichkeiten (A und B): A (wenn 1 Modell und 2 Farben gew\u00fcnscht werden): Man legt 1xModell und 1xFarbe in den Warenkorb rein (gerne die Farbe die betreffend Bestellung am h\u00e4ufigsten erscheint). Dann legt man alle Produkte in den Warenkorb rein. Wenn man zur Kasse geht &#8230; <a title=\"Informationen zur Bestellung von einer zweifarbigen K\u00fcche\" class=\"read-more\" href=\"https:\/\/faktumonline.com\/de\/informationen-zur-bestellung-von-einer-zweifarbigen-kueche\/\" aria-label=\"Mehr Informationen \u00fcber Informationen zur Bestellung von einer zweifarbigen K\u00fcche\">Weiterlesen<\/a><\/p>\n","protected":false},"author":2,"featured_media":0,"parent":0,"menu_order":0,"comment_status":"closed","ping_status":"closed","template":"elementor_header_footer","meta":{"footnotes":""},"class_list":["post-65606","page","type-page","status-publish"],"yoast_head":"<!-- This site is optimized with the Yoast SEO Premium plugin v27.4 (Yoast SEO v27.4) - https:\/\/yoast.com\/product\/yoast-seo-premium-wordpress\/ -->\n<title>Informationen zur Bestellung von einer zweifarbigen K\u00fcche - Faktum Online Store<\/title>\n<meta name=\"robots\" content=\"index, follow, max-snippet:-1, max-image-preview:large, max-video-preview:-1\" \/>\n<link rel=\"canonical\" href=\"https:\/\/faktumonline.com\/de\/informationen-zur-bestellung-von-einer-zweifarbigen-kueche\/\" \/>\n<meta property=\"og:locale\" content=\"de_DE\" \/>\n<meta property=\"og:type\" content=\"article\" \/>\n<meta property=\"og:title\" content=\"Informationen zur Bestellung von einer zweifarbigen K\u00fcche\" \/>\n<meta property=\"og:description\" content=\"Falls Sie eine zweifarbige K\u00fcche bestellen m\u00f6chten Es gibt zwei M\u00f6glichkeiten (A und B): A (wenn 1 Modell und 2 Farben gew\u00fcnscht werden): Man legt 1xModell und 1xFarbe in den Warenkorb rein (gerne die Farbe die betreffend Bestellung am h\u00e4ufigsten erscheint). Dann legt man alle Produkte in den Warenkorb rein. Wenn man zur Kasse geht ... Weiterlesen\" \/>\n<meta property=\"og:url\" content=\"https:\/\/faktumonline.com\/de\/informationen-zur-bestellung-von-einer-zweifarbigen-kueche\/\" \/>\n<meta property=\"og:site_name\" content=\"Faktum Online Store\" \/>\n<meta property=\"article:modified_time\" content=\"2022-02-03T14:03:18+00:00\" \/>\n<meta property=\"og:image\" content=\"https:\/\/faktumonline.com\/wp-content\/uploads\/2019\/05\/W11-DM2448-California-Oak-PT5000-Easy-Grey-16-9-1.jpg\" \/>\n\t<meta property=\"og:image:width\" content=\"1521\" \/>\n\t<meta property=\"og:image:height\" content=\"856\" \/>\n\t<meta property=\"og:image:type\" content=\"image\/jpeg\" \/>\n<meta name=\"twitter:card\" content=\"summary_large_image\" \/>\n<meta name=\"twitter:label1\" content=\"Gesch\u00e4tzte Lesezeit\" \/>\n\t<meta name=\"twitter:data1\" content=\"2\u00a0Minuten\" \/>\n<script type=\"application\/ld+json\" class=\"yoast-schema-graph\">{\"@context\":\"https:\\\/\\\/schema.org\",\"@graph\":[{\"@type\":\"WebPage\",\"@id\":\"https:\\\/\\\/faktumonline.com\\\/de\\\/informationen-zur-bestellung-von-einer-zweifarbigen-kueche\\\/\",\"url\":\"https:\\\/\\\/faktumonline.com\\\/de\\\/informationen-zur-bestellung-von-einer-zweifarbigen-kueche\\\/\",\"name\":\"Informationen zur Bestellung von einer zweifarbigen K\u00fcche - Faktum Online Store\",\"isPartOf\":{\"@id\":\"https:\\\/\\\/faktumonline.com\\\/da\\\/#website\"},\"primaryImageOfPage\":{\"@id\":\"https:\\\/\\\/faktumonline.com\\\/de\\\/informationen-zur-bestellung-von-einer-zweifarbigen-kueche\\\/#primaryimage\"},\"image\":{\"@id\":\"https:\\\/\\\/faktumonline.com\\\/de\\\/informationen-zur-bestellung-von-einer-zweifarbigen-kueche\\\/#primaryimage\"},\"thumbnailUrl\":\"https:\\\/\\\/faktumonline.com\\\/wp-content\\\/uploads\\\/2019\\\/05\\\/W11-DM2448-California-Oak-PT5000-Easy-Grey-16-9-1.jpg\",\"datePublished\":\"2021-12-13T16:59:41+00:00\",\"dateModified\":\"2022-02-03T14:03:18+00:00\",\"breadcrumb\":{\"@id\":\"https:\\\/\\\/faktumonline.com\\\/de\\\/informationen-zur-bestellung-von-einer-zweifarbigen-kueche\\\/#breadcrumb\"},\"inLanguage\":\"de\",\"potentialAction\":[{\"@type\":\"ReadAction\",\"target\":[\"https:\\\/\\\/faktumonline.com\\\/de\\\/informationen-zur-bestellung-von-einer-zweifarbigen-kueche\\\/\"]}]},{\"@type\":\"ImageObject\",\"inLanguage\":\"de\",\"@id\":\"https:\\\/\\\/faktumonline.com\\\/de\\\/informationen-zur-bestellung-von-einer-zweifarbigen-kueche\\\/#primaryimage\",\"url\":\"https:\\\/\\\/faktumonline.com\\\/wp-content\\\/uploads\\\/2019\\\/05\\\/W11-DM2448-California-Oak-PT5000-Easy-Grey-16-9-1.jpg\",\"contentUrl\":\"https:\\\/\\\/faktumonline.com\\\/wp-content\\\/uploads\\\/2019\\\/05\\\/W11-DM2448-California-Oak-PT5000-Easy-Grey-16-9-1.jpg\"},{\"@type\":\"BreadcrumbList\",\"@id\":\"https:\\\/\\\/faktumonline.com\\\/de\\\/informationen-zur-bestellung-von-einer-zweifarbigen-kueche\\\/#breadcrumb\",\"itemListElement\":[{\"@type\":\"ListItem\",\"position\":1,\"name\":\"Hem\",\"item\":\"https:\\\/\\\/faktumonline.com\\\/de\\\/\"},{\"@type\":\"ListItem\",\"position\":2,\"name\":\"Informationen zur Bestellung von einer zweifarbigen K\u00fcche\"}]},{\"@type\":\"WebSite\",\"@id\":\"https:\\\/\\\/faktumonline.com\\\/da\\\/#website\",\"url\":\"https:\\\/\\\/faktumonline.com\\\/da\\\/\",\"name\":\"Faktum Online Store\",\"description\":\"Premium doors for IKEA kitchens\",\"potentialAction\":[{\"@type\":\"SearchAction\",\"target\":{\"@type\":\"EntryPoint\",\"urlTemplate\":\"https:\\\/\\\/faktumonline.com\\\/da\\\/?s={search_term_string}\"},\"query-input\":{\"@type\":\"PropertyValueSpecification\",\"valueRequired\":true,\"valueName\":\"search_term_string\"}}],\"inLanguage\":\"de\"}]}<\/script>\n<!-- \/ Yoast SEO Premium plugin. -->","yoast_head_json":{"title":"Informationen zur Bestellung von einer zweifarbigen K\u00fcche - Faktum Online Store","robots":{"index":"index","follow":"follow","max-snippet":"max-snippet:-1","max-image-preview":"max-image-preview:large","max-video-preview":"max-video-preview:-1"},"canonical":"https:\/\/faktumonline.com\/de\/informationen-zur-bestellung-von-einer-zweifarbigen-kueche\/","og_locale":"de_DE","og_type":"article","og_title":"Informationen zur Bestellung von einer zweifarbigen K\u00fcche","og_description":"Falls Sie eine zweifarbige K\u00fcche bestellen m\u00f6chten Es gibt zwei M\u00f6glichkeiten (A und B): A (wenn 1 Modell und 2 Farben gew\u00fcnscht werden): Man legt 1xModell und 1xFarbe in den Warenkorb rein (gerne die Farbe die betreffend Bestellung am h\u00e4ufigsten erscheint). Dann legt man alle Produkte in den Warenkorb rein. Wenn man zur Kasse geht ... Weiterlesen","og_url":"https:\/\/faktumonline.com\/de\/informationen-zur-bestellung-von-einer-zweifarbigen-kueche\/","og_site_name":"Faktum Online Store","article_modified_time":"2022-02-03T14:03:18+00:00","og_image":[{"width":1521,"height":856,"url":"https:\/\/faktumonline.com\/wp-content\/uploads\/2019\/05\/W11-DM2448-California-Oak-PT5000-Easy-Grey-16-9-1.jpg","type":"image\/jpeg"}],"twitter_card":"summary_large_image","twitter_misc":{"Gesch\u00e4tzte Lesezeit":"2\u00a0Minuten"},"schema":{"@context":"https:\/\/schema.org","@graph":[{"@type":"WebPage","@id":"https:\/\/faktumonline.com\/de\/informationen-zur-bestellung-von-einer-zweifarbigen-kueche\/","url":"https:\/\/faktumonline.com\/de\/informationen-zur-bestellung-von-einer-zweifarbigen-kueche\/","name":"Informationen zur Bestellung von einer zweifarbigen K\u00fcche - Faktum Online Store","isPartOf":{"@id":"https:\/\/faktumonline.com\/da\/#website"},"primaryImageOfPage":{"@id":"https:\/\/faktumonline.com\/de\/informationen-zur-bestellung-von-einer-zweifarbigen-kueche\/#primaryimage"},"image":{"@id":"https:\/\/faktumonline.com\/de\/informationen-zur-bestellung-von-einer-zweifarbigen-kueche\/#primaryimage"},"thumbnailUrl":"https:\/\/faktumonline.com\/wp-content\/uploads\/2019\/05\/W11-DM2448-California-Oak-PT5000-Easy-Grey-16-9-1.jpg","datePublished":"2021-12-13T16:59:41+00:00","dateModified":"2022-02-03T14:03:18+00:00","breadcrumb":{"@id":"https:\/\/faktumonline.com\/de\/informationen-zur-bestellung-von-einer-zweifarbigen-kueche\/#breadcrumb"},"inLanguage":"de","potentialAction":[{"@type":"ReadAction","target":["https:\/\/faktumonline.com\/de\/informationen-zur-bestellung-von-einer-zweifarbigen-kueche\/"]}]},{"@type":"ImageObject","inLanguage":"de","@id":"https:\/\/faktumonline.com\/de\/informationen-zur-bestellung-von-einer-zweifarbigen-kueche\/#primaryimage","url":"https:\/\/faktumonline.com\/wp-content\/uploads\/2019\/05\/W11-DM2448-California-Oak-PT5000-Easy-Grey-16-9-1.jpg","contentUrl":"https:\/\/faktumonline.com\/wp-content\/uploads\/2019\/05\/W11-DM2448-California-Oak-PT5000-Easy-Grey-16-9-1.jpg"},{"@type":"BreadcrumbList","@id":"https:\/\/faktumonline.com\/de\/informationen-zur-bestellung-von-einer-zweifarbigen-kueche\/#breadcrumb","itemListElement":[{"@type":"ListItem","position":1,"name":"Hem","item":"https:\/\/faktumonline.com\/de\/"},{"@type":"ListItem","position":2,"name":"Informationen zur Bestellung von einer zweifarbigen K\u00fcche"}]},{"@type":"WebSite","@id":"https:\/\/faktumonline.com\/da\/#website","url":"https:\/\/faktumonline.com\/da\/","name":"Faktum Online Store","description":"Premium doors for IKEA kitchens","potentialAction":[{"@type":"SearchAction","target":{"@type":"EntryPoint","urlTemplate":"https:\/\/faktumonline.com\/da\/?s={search_term_string}"},"query-input":{"@type":"PropertyValueSpecification","valueRequired":true,"valueName":"search_term_string"}}],"inLanguage":"de"}]}},"_links":{"self":[{"href":"https:\/\/faktumonline.com\/de\/wp-json\/wp\/v2\/pages\/65606","targetHints":{"allow":["GET"]}}],"collection":[{"href":"https:\/\/faktumonline.com\/de\/wp-json\/wp\/v2\/pages"}],"about":[{"href":"https:\/\/faktumonline.com\/de\/wp-json\/wp\/v2\/types\/page"}],"author":[{"embeddable":true,"href":"https:\/\/faktumonline.com\/de\/wp-json\/wp\/v2\/users\/2"}],"replies":[{"embeddable":true,"href":"https:\/\/faktumonline.com\/de\/wp-json\/wp\/v2\/comments?post=65606"}],"version-history":[{"count":14,"href":"https:\/\/faktumonline.com\/de\/wp-json\/wp\/v2\/pages\/65606\/revisions"}],"predecessor-version":[{"id":67798,"href":"https:\/\/faktumonline.com\/de\/wp-json\/wp\/v2\/pages\/65606\/revisions\/67798"}],"wp:attachment":[{"href":"https:\/\/faktumonline.com\/de\/wp-json\/wp\/v2\/media?parent=65606"}],"curies":[{"name":"wp","href":"https:\/\/api.w.org\/{rel}","templated":true}]}}