{"id":64774,"date":"2021-12-09T21:09:05","date_gmt":"2021-12-09T20:09:05","guid":{"rendered":"https:\/\/faktumonline.com\/wie-sie-sich-eine-kopie-der-alten-bohrungen-fuer-ihre-neuen-fronten-anfertigen-koennen\/"},"modified":"2021-12-12T12:48:46","modified_gmt":"2021-12-12T11:48:46","slug":"wie-sie-sich-eine-kopie-der-alten-bohrungen-fuer-ihre-neuen-fronten-anfertigen-koennen","status":"publish","type":"page","link":"https:\/\/faktumonline.com\/de\/wie-sie-sich-eine-kopie-der-alten-bohrungen-fuer-ihre-neuen-fronten-anfertigen-koennen\/","title":{"rendered":"Wie Sie sich eine Kopie der alten Bohrungen f\u00fcr Ihre neuen Fronten anfertigen k\u00f6nnen"},"content":{"rendered":"\t\t<div data-elementor-type=\"wp-page\" data-elementor-id=\"64774\" class=\"elementor elementor-64774 elementor-64626\" data-elementor-settings=\"{&quot;ha_cmc_init_switcher&quot;:&quot;no&quot;}\" data-elementor-post-type=\"page\">\n\t\t\t\t\t\t<section class=\"elementor-section elementor-top-section elementor-element elementor-element-43633e0e elementor-section-stretched elementor-section-boxed elementor-section-height-default elementor-section-height-default\" data-id=\"43633e0e\" data-element_type=\"section\" data-e-type=\"section\" data-settings=\"{&quot;stretch_section&quot;:&quot;section-stretched&quot;,&quot;background_background&quot;:&quot;classic&quot;,&quot;_ha_eqh_enable&quot;:false}\">\n\t\t\t\t\t\t<div class=\"elementor-container elementor-column-gap-default\">\n\t\t\t\t\t<div class=\"elementor-column elementor-col-100 elementor-top-column elementor-element elementor-element-326e648c\" data-id=\"326e648c\" data-element_type=\"column\" data-e-type=\"column\">\n\t\t\t<div class=\"elementor-widget-wrap elementor-element-populated\">\n\t\t\t\t\t\t<div class=\"elementor-element elementor-element-30dbad7 elementor-widget elementor-widget-heading\" data-id=\"30dbad7\" data-element_type=\"widget\" data-e-type=\"widget\" data-widget_type=\"heading.default\">\n\t\t\t\t<div class=\"elementor-widget-container\">\n\t\t\t\t\t<h1 class=\"elementor-heading-title elementor-size-default\">Wie Sie sich eine Kopie der alten Bohrungen f\u00fcr Ihre neuen Fronten anfertigen k\u00f6nnen<\/h1>\t\t\t\t<\/div>\n\t\t\t\t<\/div>\n\t\t\t\t\t<\/div>\n\t\t<\/div>\n\t\t\t\t\t<\/div>\n\t\t<\/section>\n\t\t\t\t<section class=\"elementor-section elementor-top-section elementor-element elementor-element-faa274c elementor-section-boxed elementor-section-height-default elementor-section-height-default\" data-id=\"faa274c\" data-element_type=\"section\" data-e-type=\"section\" data-settings=\"{&quot;_ha_eqh_enable&quot;:false}\">\n\t\t\t\t\t\t<div class=\"elementor-container elementor-column-gap-default\">\n\t\t\t\t\t<div class=\"elementor-column elementor-col-100 elementor-top-column elementor-element elementor-element-be4c947\" data-id=\"be4c947\" data-element_type=\"column\" data-e-type=\"column\">\n\t\t\t<div class=\"elementor-widget-wrap elementor-element-populated\">\n\t\t\t\t\t\t<div class=\"elementor-element elementor-element-2fb0b552 elementor-widget elementor-widget-text-editor\" data-id=\"2fb0b552\" data-element_type=\"widget\" data-e-type=\"widget\" data-widget_type=\"text-editor.default\">\n\t\t\t\t<div class=\"elementor-widget-container\">\n\t\t\t\t\t\t\t\t\t<p><strong>Hier ein Tipp, wie Sie mit Ihrer alten Front als Schablone selbst bohren k\u00f6nnen.<\/strong><\/p>\t\t\t\t\t\t\t\t<\/div>\n\t\t\t\t<\/div>\n\t\t\t\t<div class=\"elementor-element elementor-element-83c2003 elementor-widget elementor-widget-text-editor\" data-id=\"83c2003\" data-element_type=\"widget\" data-e-type=\"widget\" data-widget_type=\"text-editor.default\">\n\t\t\t\t<div class=\"elementor-widget-container\">\n\t\t\t\t\t\t\t\t\t<p>IKEA hat die 125 cm (1245 mm) und 195cm (1942mm) hohen T\u00fcren nie als \u201eSchubladenfront\u201c angeboten. \u00dcberzeugen Sie sich auf der R\u00fcckseite der Front und finden Sie die Originalbohrungen f\u00fcr die Scharniere.<\/p><p>Einige Kunden nutzten diese 125 cm und 195cm hohe Front jedoch lieber zur Abdeckung einer Schubladenset. Da die Bohrungen Eigenbau sind und sich daher von K\u00fcche zu K\u00fcche unterscheiden k\u00f6nnen, k\u00f6nnen wir eine 125 cm hohe Schubladenfront nicht industriell vorbohren. Deshalb geben wir Ihnen \u00a0folgende Tipps, wie Sie Ihre neue Front anpassen k\u00f6nnen so dass die perfekt auf Ihre Schubladen passt:<\/p><p>A. Bestellen Sie die neue Front ohne Bohrungen f\u00fcr die Scharniere.<\/p><p>B. Legen Sie die neue Front mit der R\u00fcckseite nach oben auf eine ebene Fl\u00e4che.<\/p><p>C. Positionieren Sie die alte Front oben drauf, die R\u00fcckseite nach oben.<\/p><p>D.Bohren Sie durch die alten L\u00f6cher und nach unten in die neue Front.<\/p><p>E.Jetzt haben Sie sich eine exakte Kopie angefertigt und die neue Front passt perfekt auf Ihre Schubladen.<\/p><p><strong>\u00a0<\/strong><\/p>\t\t\t\t\t\t\t\t<\/div>\n\t\t\t\t<\/div>\n\t\t\t\t\t<\/div>\n\t\t<\/div>\n\t\t\t\t\t<\/div>\n\t\t<\/section>\n\t\t\t\t<\/div>\n\t\t","protected":false},"excerpt":{"rendered":"<p>Wie Sie sich eine Kopie der alten Bohrungen f\u00fcr Ihre neuen Fronten anfertigen k\u00f6nnen Hier ein Tipp, wie Sie mit Ihrer alten Front als Schablone selbst bohren k\u00f6nnen. IKEA hat die 125 cm (1245 mm) und 195cm (1942mm) hohen T\u00fcren nie als \u201eSchubladenfront\u201c angeboten. \u00dcberzeugen Sie sich auf der R\u00fcckseite der Front und finden Sie &#8230; <a title=\"Wie Sie sich eine Kopie der alten Bohrungen f\u00fcr Ihre neuen Fronten anfertigen k\u00f6nnen\" class=\"read-more\" href=\"https:\/\/faktumonline.com\/de\/wie-sie-sich-eine-kopie-der-alten-bohrungen-fuer-ihre-neuen-fronten-anfertigen-koennen\/\" aria-label=\"Mehr Informationen \u00fcber Wie Sie sich eine Kopie der alten Bohrungen f\u00fcr Ihre neuen Fronten anfertigen k\u00f6nnen\">Weiterlesen<\/a><\/p>\n","protected":false},"author":2,"featured_media":0,"parent":0,"menu_order":0,"comment_status":"closed","ping_status":"closed","template":"elementor_header_footer","meta":{"footnotes":""},"class_list":["post-64774","page","type-page","status-publish"],"yoast_head":"<!-- This site is optimized with the Yoast SEO Premium plugin v27.4 (Yoast SEO v27.4) - https:\/\/yoast.com\/product\/yoast-seo-premium-wordpress\/ -->\n<title>Wie Sie sich eine Kopie der alten Bohrungen f\u00fcr Ihre neuen Fronten anfertigen k\u00f6nnen - Faktum Online Store<\/title>\n<meta name=\"robots\" content=\"index, follow, max-snippet:-1, max-image-preview:large, max-video-preview:-1\" \/>\n<link rel=\"canonical\" href=\"https:\/\/faktumonline.com\/de\/wie-sie-sich-eine-kopie-der-alten-bohrungen-fuer-ihre-neuen-fronten-anfertigen-koennen\/\" \/>\n<meta property=\"og:locale\" content=\"de_DE\" \/>\n<meta property=\"og:type\" content=\"article\" \/>\n<meta property=\"og:title\" content=\"Wie Sie sich eine Kopie der alten Bohrungen f\u00fcr Ihre neuen Fronten anfertigen k\u00f6nnen\" \/>\n<meta property=\"og:description\" content=\"Wie Sie sich eine Kopie der alten Bohrungen f\u00fcr Ihre neuen Fronten anfertigen k\u00f6nnen Hier ein Tipp, wie Sie mit Ihrer alten Front als Schablone selbst bohren k\u00f6nnen. IKEA hat die 125 cm (1245 mm) und 195cm (1942mm) hohen T\u00fcren nie als \u201eSchubladenfront\u201c angeboten. \u00dcberzeugen Sie sich auf der R\u00fcckseite der Front und finden Sie ... Weiterlesen\" \/>\n<meta property=\"og:url\" content=\"https:\/\/faktumonline.com\/de\/wie-sie-sich-eine-kopie-der-alten-bohrungen-fuer-ihre-neuen-fronten-anfertigen-koennen\/\" \/>\n<meta property=\"og:site_name\" content=\"Faktum Online Store\" \/>\n<meta property=\"article:modified_time\" content=\"2021-12-12T11:48:46+00:00\" \/>\n<meta name=\"twitter:card\" content=\"summary_large_image\" \/>\n<meta name=\"twitter:label1\" content=\"Gesch\u00e4tzte Lesezeit\" \/>\n\t<meta name=\"twitter:data1\" content=\"1\u00a0Minute\" \/>\n<script type=\"application\/ld+json\" class=\"yoast-schema-graph\">{\"@context\":\"https:\\\/\\\/schema.org\",\"@graph\":[{\"@type\":\"WebPage\",\"@id\":\"https:\\\/\\\/faktumonline.com\\\/de\\\/wie-sie-sich-eine-kopie-der-alten-bohrungen-fuer-ihre-neuen-fronten-anfertigen-koennen\\\/\",\"url\":\"https:\\\/\\\/faktumonline.com\\\/de\\\/wie-sie-sich-eine-kopie-der-alten-bohrungen-fuer-ihre-neuen-fronten-anfertigen-koennen\\\/\",\"name\":\"Wie Sie sich eine Kopie der alten Bohrungen f\u00fcr Ihre neuen Fronten anfertigen k\u00f6nnen - Faktum Online Store\",\"isPartOf\":{\"@id\":\"https:\\\/\\\/faktumonline.com\\\/da\\\/#website\"},\"datePublished\":\"2021-12-09T20:09:05+00:00\",\"dateModified\":\"2021-12-12T11:48:46+00:00\",\"breadcrumb\":{\"@id\":\"https:\\\/\\\/faktumonline.com\\\/de\\\/wie-sie-sich-eine-kopie-der-alten-bohrungen-fuer-ihre-neuen-fronten-anfertigen-koennen\\\/#breadcrumb\"},\"inLanguage\":\"de\",\"potentialAction\":[{\"@type\":\"ReadAction\",\"target\":[\"https:\\\/\\\/faktumonline.com\\\/de\\\/wie-sie-sich-eine-kopie-der-alten-bohrungen-fuer-ihre-neuen-fronten-anfertigen-koennen\\\/\"]}]},{\"@type\":\"BreadcrumbList\",\"@id\":\"https:\\\/\\\/faktumonline.com\\\/de\\\/wie-sie-sich-eine-kopie-der-alten-bohrungen-fuer-ihre-neuen-fronten-anfertigen-koennen\\\/#breadcrumb\",\"itemListElement\":[{\"@type\":\"ListItem\",\"position\":1,\"name\":\"Hem\",\"item\":\"https:\\\/\\\/faktumonline.com\\\/de\\\/\"},{\"@type\":\"ListItem\",\"position\":2,\"name\":\"Wie Sie sich eine Kopie der alten Bohrungen f\u00fcr Ihre neuen Fronten anfertigen k\u00f6nnen\"}]},{\"@type\":\"WebSite\",\"@id\":\"https:\\\/\\\/faktumonline.com\\\/da\\\/#website\",\"url\":\"https:\\\/\\\/faktumonline.com\\\/da\\\/\",\"name\":\"Faktum Online Store\",\"description\":\"Premium doors for IKEA kitchens\",\"potentialAction\":[{\"@type\":\"SearchAction\",\"target\":{\"@type\":\"EntryPoint\",\"urlTemplate\":\"https:\\\/\\\/faktumonline.com\\\/da\\\/?s={search_term_string}\"},\"query-input\":{\"@type\":\"PropertyValueSpecification\",\"valueRequired\":true,\"valueName\":\"search_term_string\"}}],\"inLanguage\":\"de\"}]}<\/script>\n<!-- \/ Yoast SEO Premium plugin. -->","yoast_head_json":{"title":"Wie Sie sich eine Kopie der alten Bohrungen f\u00fcr Ihre neuen Fronten anfertigen k\u00f6nnen - Faktum Online Store","robots":{"index":"index","follow":"follow","max-snippet":"max-snippet:-1","max-image-preview":"max-image-preview:large","max-video-preview":"max-video-preview:-1"},"canonical":"https:\/\/faktumonline.com\/de\/wie-sie-sich-eine-kopie-der-alten-bohrungen-fuer-ihre-neuen-fronten-anfertigen-koennen\/","og_locale":"de_DE","og_type":"article","og_title":"Wie Sie sich eine Kopie der alten Bohrungen f\u00fcr Ihre neuen Fronten anfertigen k\u00f6nnen","og_description":"Wie Sie sich eine Kopie der alten Bohrungen f\u00fcr Ihre neuen Fronten anfertigen k\u00f6nnen Hier ein Tipp, wie Sie mit Ihrer alten Front als Schablone selbst bohren k\u00f6nnen. IKEA hat die 125 cm (1245 mm) und 195cm (1942mm) hohen T\u00fcren nie als \u201eSchubladenfront\u201c angeboten. \u00dcberzeugen Sie sich auf der R\u00fcckseite der Front und finden Sie ... Weiterlesen","og_url":"https:\/\/faktumonline.com\/de\/wie-sie-sich-eine-kopie-der-alten-bohrungen-fuer-ihre-neuen-fronten-anfertigen-koennen\/","og_site_name":"Faktum Online Store","article_modified_time":"2021-12-12T11:48:46+00:00","twitter_card":"summary_large_image","twitter_misc":{"Gesch\u00e4tzte Lesezeit":"1\u00a0Minute"},"schema":{"@context":"https:\/\/schema.org","@graph":[{"@type":"WebPage","@id":"https:\/\/faktumonline.com\/de\/wie-sie-sich-eine-kopie-der-alten-bohrungen-fuer-ihre-neuen-fronten-anfertigen-koennen\/","url":"https:\/\/faktumonline.com\/de\/wie-sie-sich-eine-kopie-der-alten-bohrungen-fuer-ihre-neuen-fronten-anfertigen-koennen\/","name":"Wie Sie sich eine Kopie der alten Bohrungen f\u00fcr Ihre neuen Fronten anfertigen k\u00f6nnen - Faktum Online Store","isPartOf":{"@id":"https:\/\/faktumonline.com\/da\/#website"},"datePublished":"2021-12-09T20:09:05+00:00","dateModified":"2021-12-12T11:48:46+00:00","breadcrumb":{"@id":"https:\/\/faktumonline.com\/de\/wie-sie-sich-eine-kopie-der-alten-bohrungen-fuer-ihre-neuen-fronten-anfertigen-koennen\/#breadcrumb"},"inLanguage":"de","potentialAction":[{"@type":"ReadAction","target":["https:\/\/faktumonline.com\/de\/wie-sie-sich-eine-kopie-der-alten-bohrungen-fuer-ihre-neuen-fronten-anfertigen-koennen\/"]}]},{"@type":"BreadcrumbList","@id":"https:\/\/faktumonline.com\/de\/wie-sie-sich-eine-kopie-der-alten-bohrungen-fuer-ihre-neuen-fronten-anfertigen-koennen\/#breadcrumb","itemListElement":[{"@type":"ListItem","position":1,"name":"Hem","item":"https:\/\/faktumonline.com\/de\/"},{"@type":"ListItem","position":2,"name":"Wie Sie sich eine Kopie der alten Bohrungen f\u00fcr Ihre neuen Fronten anfertigen k\u00f6nnen"}]},{"@type":"WebSite","@id":"https:\/\/faktumonline.com\/da\/#website","url":"https:\/\/faktumonline.com\/da\/","name":"Faktum Online Store","description":"Premium doors for IKEA kitchens","potentialAction":[{"@type":"SearchAction","target":{"@type":"EntryPoint","urlTemplate":"https:\/\/faktumonline.com\/da\/?s={search_term_string}"},"query-input":{"@type":"PropertyValueSpecification","valueRequired":true,"valueName":"search_term_string"}}],"inLanguage":"de"}]}},"_links":{"self":[{"href":"https:\/\/faktumonline.com\/de\/wp-json\/wp\/v2\/pages\/64774","targetHints":{"allow":["GET"]}}],"collection":[{"href":"https:\/\/faktumonline.com\/de\/wp-json\/wp\/v2\/pages"}],"about":[{"href":"https:\/\/faktumonline.com\/de\/wp-json\/wp\/v2\/types\/page"}],"author":[{"embeddable":true,"href":"https:\/\/faktumonline.com\/de\/wp-json\/wp\/v2\/users\/2"}],"replies":[{"embeddable":true,"href":"https:\/\/faktumonline.com\/de\/wp-json\/wp\/v2\/comments?post=64774"}],"version-history":[{"count":4,"href":"https:\/\/faktumonline.com\/de\/wp-json\/wp\/v2\/pages\/64774\/revisions"}],"predecessor-version":[{"id":65291,"href":"https:\/\/faktumonline.com\/de\/wp-json\/wp\/v2\/pages\/64774\/revisions\/65291"}],"wp:attachment":[{"href":"https:\/\/faktumonline.com\/de\/wp-json\/wp\/v2\/media?parent=64774"}],"curies":[{"name":"wp","href":"https:\/\/api.w.org\/{rel}","templated":true}]}}