{"id":4081,"date":"2018-11-12T14:23:41","date_gmt":"2018-11-12T13:23:41","guid":{"rendered":"https:\/\/faktumonline.com\/uber-uns"},"modified":"2022-02-20T19:07:04","modified_gmt":"2022-02-20T18:07:04","slug":"uber-uns","status":"publish","type":"page","link":"https:\/\/faktumonline.com\/de\/uber-uns\/","title":{"rendered":"\u00dcber uns"},"content":{"rendered":"\t\t<div data-elementor-type=\"wp-page\" data-elementor-id=\"4081\" class=\"elementor elementor-4081\" data-elementor-settings=\"{&quot;ha_cmc_init_switcher&quot;:&quot;no&quot;}\" data-elementor-post-type=\"page\">\n\t\t\t\t\t\t<section class=\"elementor-section elementor-top-section elementor-element elementor-element-ed72c60 elementor-section-boxed elementor-section-height-default elementor-section-height-default\" data-id=\"ed72c60\" data-element_type=\"section\" data-e-type=\"section\" data-settings=\"{&quot;_ha_eqh_enable&quot;:false}\">\n\t\t\t\t\t\t<div class=\"elementor-container elementor-column-gap-default\">\n\t\t\t\t\t<div class=\"elementor-column elementor-col-100 elementor-top-column elementor-element elementor-element-44836ebc\" data-id=\"44836ebc\" data-element_type=\"column\" data-e-type=\"column\">\n\t\t\t<div class=\"elementor-widget-wrap elementor-element-populated\">\n\t\t\t\t\t\t<div class=\"elementor-element elementor-element-6df0dea6 elementor-widget elementor-widget-text-editor\" data-id=\"6df0dea6\" data-element_type=\"widget\" data-e-type=\"widget\" data-widget_type=\"text-editor.default\">\n\t\t\t\t<div class=\"elementor-widget-container\">\n\t\t\t\t\t\t\t\t\t[section bg_overlay=&#8221;rgba(255, 255, 255, 0.5)&#8221;]\n\n[row style=&#8221;collapse&#8221; col_bg=&#8221;rgb(255, 255, 255)&#8221; padding=&#8221;30px 30px 30px 30px&#8221;]\n\n[col span__sm=&#8221;12&#8243;]\n\n<h4><strong>NEW FRONTS MADE FOR FAKTUM, BASED ON IKEA\u00b4s ORIGINAL DRAWINGS WITH A PERFECT FIT FOR YOUR FAKTUM CABINETS AND YOUR FAKTUM HINGES<\/strong><\/h4>\n<h3><strong>ABOUT US<\/strong><\/h3>\n<p>We are EasyFront, one of the largest companies in Scandinavia producing replacement fronts especially for IKEA Faktum kitchen cabinets. Since IKEA terminated the Faktum Series some years ago it is possible to order directly from us. Our production is purpose made for Faktum and based on IKEA\u00b4s original drawings with a perfect fit for your Faktum cabinets and your Faktum hinges. We deliver in flat packages to your address in about 3-4 weeks and everything comes ready out of the box. No local adjustments needed.<\/p>\n<p>Our Customer Service Center is based in Stockholm Sweden. Please ask us any question regarding your kitchen update project at hello@faktumonline.com<\/p>\n<h3><strong>FAKTUM vs METOD?\u00a0<\/strong><\/h3>\n<p>IKEA had \u201cSystem Faktum\u201d in stock up until about mid 2013 and was then terminated. The current kitchen range at IKEA is named \u201cSystem Metod\u201d and is still available at the IKEA warehouses. Our main focus is replacement fronts for the older System Faktum but our designs are possible to order for Metod as well. A perfect combination if you have a mixed kitchen with cabinets from both the Faktum and the Metod range and wish to have them all replaced in the same design and the same colour. Please reach out to our professionals at our Customer Service Center in Stockholm and we will provide you all the information you\u00b4ll regarding your project. We are happy to help!<\/p>\n[ux_image id=&#8221;3171&#8243;]\n\n<p>How can I tell if my carcasses from IKEA are in the Metod or in the Faktum range? Please see the drillings for the hinges. Metod (left) = 2 collumns and Faktum (right) = 1 collumn in the front of the cabinet.<\/p>\n<h2><strong>How can I tell if my cabinets are IKEA Faktum or IKEA Metod?<\/strong><\/h2>\n<div id=\"content\" class=\"site-content\">\n<div class=\"corp-container\">\n<div class=\"elementor elementor-742\">\n<div class=\"elementor-inner\">\n<div class=\"elementor-section-wrap\">\n<section class=\"elementor-element elementor-element-cd3a634 elementor-section-boxed elementor-section-height-default elementor-section-height-default elementor-section elementor-top-section\" data-id=\"cd3a634\" data-element_type=\"section\">\n<div class=\"elementor-container elementor-column-gap-default\">\n<div class=\"elementor-row\">\n<div class=\"elementor-element elementor-element-673132a elementor-column elementor-col-100 elementor-top-column\" data-id=\"673132a\" data-element_type=\"column\">\n<div class=\"elementor-column-wrap elementor-element-populated\">\n<div class=\"elementor-widget-wrap\">\n<div class=\"elementor-element elementor-element-2c04e42 elementor-widget elementor-widget-text-editor\" data-id=\"2c04e42\" data-element_type=\"text-editor.default\">\n<div class=\"elementor-widget-container\">\n<div class=\"elementor-text-editor elementor-clearfix\">\n<p>If you are not sure about what type of IKEA kitchen you have you can tell by looking at the holes inside the cabinets: Faktum cupboards have a single row of holes along the edge and Metod cupboards have a double row.<\/p>\n<\/div>\n<\/div>\n<\/div>\n<\/div>\n<\/div>\n<\/div>\n<\/div>\n<\/div>\n<\/section>\n<\/div>\n<\/div>\n<\/div>\n<\/div>\n<\/div>\n<footer id=\"colophon\" class=\"site-footer\">\n<div class=\"corp-container\">\n<div class=\"widgets widgets-1\" aria-label=\"Footer Widgets\"><\/div>\n<\/div>\n<\/footer>\n\n[\/col]\n\n[\/row]\n\n[\/section]\t\t\t\t\t\t\t\t<\/div>\n\t\t\t\t<\/div>\n\t\t\t\t\t<\/div>\n\t\t<\/div>\n\t\t\t\t\t<\/div>\n\t\t<\/section>\n\t\t\t\t<\/div>\n\t\t","protected":false},"excerpt":{"rendered":"<p>[section bg_overlay=&#8221;rgba(255, 255, 255, 0.5)&#8221;] [row style=&#8221;collapse&#8221; col_bg=&#8221;rgb(255, 255, 255)&#8221; padding=&#8221;30px 30px 30px 30px&#8221;] [col span__sm=&#8221;12&#8243;] Wir stellen neue K\u00fcchenschrankt\u00fcren f\u00fcr Ihre IKEA Faktum K\u00fcche her \u00a0 \u00dcber uns Wir sind Easyfront, eines der gr\u00f6\u00dften Unternehmen Skandinaviens spezialisiert auf die Fertigung neuer K\u00fcchenschrankt\u00fcren und stellen speziell Fronten f\u00fcr die K\u00fcche IKEA Faktum her. Genau das &#8230; <a title=\"\u00dcber uns\" class=\"read-more\" href=\"https:\/\/faktumonline.com\/de\/uber-uns\/\" aria-label=\"Mehr Informationen \u00fcber \u00dcber uns\">Weiterlesen<\/a><\/p>\n","protected":false},"author":2,"featured_media":0,"parent":0,"menu_order":0,"comment_status":"closed","ping_status":"closed","template":"elementor_header_footer","meta":{"footnotes":""},"class_list":["post-4081","page","type-page","status-publish"],"yoast_head":"<!-- This site is optimized with the Yoast SEO Premium plugin v27.5 (Yoast SEO v27.5) - https:\/\/yoast.com\/product\/yoast-seo-premium-wordpress\/ -->\n<title>\u00dcber uns - Faktum Online Store<\/title>\n<meta name=\"robots\" content=\"index, follow, max-snippet:-1, max-image-preview:large, max-video-preview:-1\" \/>\n<link rel=\"canonical\" href=\"https:\/\/faktumonline.com\/de\/uber-uns\/\" \/>\n<meta property=\"og:locale\" content=\"de_DE\" \/>\n<meta property=\"og:type\" content=\"article\" \/>\n<meta property=\"og:title\" content=\"\u00dcber uns\" \/>\n<meta property=\"og:description\" content=\"[section bg_overlay=&#8221;rgba(255, 255, 255, 0.5)&#8221;] [row style=&#8221;collapse&#8221; col_bg=&#8221;rgb(255, 255, 255)&#8221; padding=&#8221;30px 30px 30px 30px&#8221;] [col span__sm=&#8221;12&#8243;] Wir stellen neue K\u00fcchenschrankt\u00fcren f\u00fcr Ihre IKEA Faktum K\u00fcche her \u00a0 \u00dcber uns Wir sind Easyfront, eines der gr\u00f6\u00dften Unternehmen Skandinaviens spezialisiert auf die Fertigung neuer K\u00fcchenschrankt\u00fcren und stellen speziell Fronten f\u00fcr die K\u00fcche IKEA Faktum her. Genau das ... Weiterlesen\" \/>\n<meta property=\"og:url\" content=\"https:\/\/faktumonline.com\/de\/uber-uns\/\" \/>\n<meta property=\"og:site_name\" content=\"Faktum Online Store\" \/>\n<meta property=\"article:modified_time\" content=\"2022-02-20T18:07:04+00:00\" \/>\n<meta name=\"twitter:card\" content=\"summary_large_image\" \/>\n<meta name=\"twitter:label1\" content=\"Gesch\u00e4tzte Lesezeit\" \/>\n\t<meta name=\"twitter:data1\" content=\"1\u00a0Minute\" \/>\n<script type=\"application\/ld+json\" class=\"yoast-schema-graph\">{\"@context\":\"https:\\\/\\\/schema.org\",\"@graph\":[{\"@type\":\"WebPage\",\"@id\":\"https:\\\/\\\/faktumonline.com\\\/de\\\/uber-uns\\\/\",\"url\":\"https:\\\/\\\/faktumonline.com\\\/de\\\/uber-uns\\\/\",\"name\":\"\u00dcber uns - Faktum Online Store\",\"isPartOf\":{\"@id\":\"https:\\\/\\\/faktumonline.com\\\/da\\\/#website\"},\"datePublished\":\"2018-11-12T13:23:41+00:00\",\"dateModified\":\"2022-02-20T18:07:04+00:00\",\"breadcrumb\":{\"@id\":\"https:\\\/\\\/faktumonline.com\\\/de\\\/uber-uns\\\/#breadcrumb\"},\"inLanguage\":\"de\",\"potentialAction\":[{\"@type\":\"ReadAction\",\"target\":[\"https:\\\/\\\/faktumonline.com\\\/de\\\/uber-uns\\\/\"]}]},{\"@type\":\"BreadcrumbList\",\"@id\":\"https:\\\/\\\/faktumonline.com\\\/de\\\/uber-uns\\\/#breadcrumb\",\"itemListElement\":[{\"@type\":\"ListItem\",\"position\":1,\"name\":\"Hem\",\"item\":\"https:\\\/\\\/faktumonline.com\\\/de\\\/\"},{\"@type\":\"ListItem\",\"position\":2,\"name\":\"\u00dcber uns\"}]},{\"@type\":\"WebSite\",\"@id\":\"https:\\\/\\\/faktumonline.com\\\/da\\\/#website\",\"url\":\"https:\\\/\\\/faktumonline.com\\\/da\\\/\",\"name\":\"Faktum Online Store\",\"description\":\"Premium doors for IKEA kitchens\",\"potentialAction\":[{\"@type\":\"SearchAction\",\"target\":{\"@type\":\"EntryPoint\",\"urlTemplate\":\"https:\\\/\\\/faktumonline.com\\\/da\\\/?s={search_term_string}\"},\"query-input\":{\"@type\":\"PropertyValueSpecification\",\"valueRequired\":true,\"valueName\":\"search_term_string\"}}],\"inLanguage\":\"de\"}]}<\/script>\n<!-- \/ Yoast SEO Premium plugin. -->","yoast_head_json":{"title":"\u00dcber uns - Faktum Online Store","robots":{"index":"index","follow":"follow","max-snippet":"max-snippet:-1","max-image-preview":"max-image-preview:large","max-video-preview":"max-video-preview:-1"},"canonical":"https:\/\/faktumonline.com\/de\/uber-uns\/","og_locale":"de_DE","og_type":"article","og_title":"\u00dcber uns","og_description":"[section bg_overlay=&#8221;rgba(255, 255, 255, 0.5)&#8221;] [row style=&#8221;collapse&#8221; col_bg=&#8221;rgb(255, 255, 255)&#8221; padding=&#8221;30px 30px 30px 30px&#8221;] [col span__sm=&#8221;12&#8243;] Wir stellen neue K\u00fcchenschrankt\u00fcren f\u00fcr Ihre IKEA Faktum K\u00fcche her \u00a0 \u00dcber uns Wir sind Easyfront, eines der gr\u00f6\u00dften Unternehmen Skandinaviens spezialisiert auf die Fertigung neuer K\u00fcchenschrankt\u00fcren und stellen speziell Fronten f\u00fcr die K\u00fcche IKEA Faktum her. Genau das ... Weiterlesen","og_url":"https:\/\/faktumonline.com\/de\/uber-uns\/","og_site_name":"Faktum Online Store","article_modified_time":"2022-02-20T18:07:04+00:00","twitter_card":"summary_large_image","twitter_misc":{"Gesch\u00e4tzte Lesezeit":"1\u00a0Minute"},"schema":{"@context":"https:\/\/schema.org","@graph":[{"@type":"WebPage","@id":"https:\/\/faktumonline.com\/de\/uber-uns\/","url":"https:\/\/faktumonline.com\/de\/uber-uns\/","name":"\u00dcber uns - Faktum Online Store","isPartOf":{"@id":"https:\/\/faktumonline.com\/da\/#website"},"datePublished":"2018-11-12T13:23:41+00:00","dateModified":"2022-02-20T18:07:04+00:00","breadcrumb":{"@id":"https:\/\/faktumonline.com\/de\/uber-uns\/#breadcrumb"},"inLanguage":"de","potentialAction":[{"@type":"ReadAction","target":["https:\/\/faktumonline.com\/de\/uber-uns\/"]}]},{"@type":"BreadcrumbList","@id":"https:\/\/faktumonline.com\/de\/uber-uns\/#breadcrumb","itemListElement":[{"@type":"ListItem","position":1,"name":"Hem","item":"https:\/\/faktumonline.com\/de\/"},{"@type":"ListItem","position":2,"name":"\u00dcber uns"}]},{"@type":"WebSite","@id":"https:\/\/faktumonline.com\/da\/#website","url":"https:\/\/faktumonline.com\/da\/","name":"Faktum Online Store","description":"Premium doors for IKEA kitchens","potentialAction":[{"@type":"SearchAction","target":{"@type":"EntryPoint","urlTemplate":"https:\/\/faktumonline.com\/da\/?s={search_term_string}"},"query-input":{"@type":"PropertyValueSpecification","valueRequired":true,"valueName":"search_term_string"}}],"inLanguage":"de"}]}},"_links":{"self":[{"href":"https:\/\/faktumonline.com\/de\/wp-json\/wp\/v2\/pages\/4081","targetHints":{"allow":["GET"]}}],"collection":[{"href":"https:\/\/faktumonline.com\/de\/wp-json\/wp\/v2\/pages"}],"about":[{"href":"https:\/\/faktumonline.com\/de\/wp-json\/wp\/v2\/types\/page"}],"author":[{"embeddable":true,"href":"https:\/\/faktumonline.com\/de\/wp-json\/wp\/v2\/users\/2"}],"replies":[{"embeddable":true,"href":"https:\/\/faktumonline.com\/de\/wp-json\/wp\/v2\/comments?post=4081"}],"version-history":[{"count":1,"href":"https:\/\/faktumonline.com\/de\/wp-json\/wp\/v2\/pages\/4081\/revisions"}],"predecessor-version":[{"id":68465,"href":"https:\/\/faktumonline.com\/de\/wp-json\/wp\/v2\/pages\/4081\/revisions\/68465"}],"wp:attachment":[{"href":"https:\/\/faktumonline.com\/de\/wp-json\/wp\/v2\/media?parent=4081"}],"curies":[{"name":"wp","href":"https:\/\/api.w.org\/{rel}","templated":true}]}}