{"id":120958,"date":"2024-07-01T17:45:21","date_gmt":"2024-07-01T16:45:21","guid":{"rendered":"https:\/\/faktumonline.com\/datenschutzerklaerung\/"},"modified":"2024-07-01T17:45:22","modified_gmt":"2024-07-01T16:45:22","slug":"datenschutzerklaerung","status":"publish","type":"page","link":"https:\/\/faktumonline.com\/de\/datenschutzerklaerung\/","title":{"rendered":"Datenschutzerkl\u00e4rung"},"content":{"rendered":"\t\t<div data-elementor-type=\"wp-post\" data-elementor-id=\"120958\" class=\"elementor elementor-120958 elementor-3\" data-elementor-settings=\"{&quot;ha_cmc_init_switcher&quot;:&quot;no&quot;}\" data-elementor-post-type=\"page\">\n\t\t\t\t<div class=\"elementor-element elementor-element-14b5458c e-flex e-con-boxed e-con e-parent\" data-id=\"14b5458c\" data-element_type=\"container\" data-e-type=\"container\" data-settings=\"{&quot;_ha_eqh_enable&quot;:false}\">\n\t\t\t\t\t<div class=\"e-con-inner\">\n\t\t\t\t<div class=\"elementor-element elementor-element-6ad7fe1 elementor-widget elementor-widget-heading\" data-id=\"6ad7fe1\" data-element_type=\"widget\" data-e-type=\"widget\" data-widget_type=\"heading.default\">\n\t\t\t\t<div class=\"elementor-widget-container\">\n\t\t\t\t\t<h2 class=\"elementor-heading-title elementor-size-default\">Datenschutz<\/h2>\t\t\t\t<\/div>\n\t\t\t\t<\/div>\n\t\t\t\t<div class=\"elementor-element elementor-element-4a886d4 elementor-widget elementor-widget-text-editor\" data-id=\"4a886d4\" data-element_type=\"widget\" data-e-type=\"widget\" data-widget_type=\"text-editor.default\">\n\t\t\t\t<div class=\"elementor-widget-container\">\n\t\t\t\t\t\t\t\t\t<p>Wir verkaufen Ihre pers\u00f6nlichen Daten niemals und geben sie auch nicht an Dritte weiter, die f\u00fcr Ihre Kontaktaufnahme mit uns nicht relevant sind. Wir geben jedoch Ihren Namen und Ihre Lieferadresse sowie andere Daten, die mit der Erf\u00fcllung Ihrer Bestellung zusammenh\u00e4ngen, an unsere Logistikpartner usw. weiter. Sie k\u00f6nnen uns jederzeit auffordern, alle Ihre pers\u00f6nlichen Daten zu entfernen\/l\u00f6schen, indem Sie uns eine E-Mail an Hello@Faktumonline.com senden. Bitte beachten Sie jedoch, dass Sie, wenn Sie in Zukunft einen Garantieanspruch usw. geltend machen m\u00f6chten, eine Kopie Ihrer Rechnung vorlegen k\u00f6nnen m\u00fcssen, da wir keine Informationen \u00fcber Ihren Kauf haben, wenn Sie uns aufgefordert haben, Ihre pers\u00f6nlichen Daten zu l\u00f6schen. In seltenen F\u00e4llen senden wir Ihnen m\u00f6glicherweise Informationen \u00fcber Produktneuheiten und Angebote, von denen wir glauben, dass sie f\u00fcr Sie interessant sein k\u00f6nnten.<\/p>\n\t\t\t\t\t\t\t\t<\/div>\n\t\t\t\t<\/div>\n\t\t\t\t\t<\/div>\n\t\t\t\t<\/div>\n\t\t\t\t<\/div>\n\t\t","protected":false},"excerpt":{"rendered":"<p>Datenschutz Wir verkaufen Ihre pers\u00f6nlichen Daten niemals und geben sie auch nicht an Dritte weiter, die f\u00fcr Ihre Kontaktaufnahme mit uns nicht relevant sind. Wir geben jedoch Ihren Namen und Ihre Lieferadresse sowie andere Daten, die mit der Erf\u00fcllung Ihrer Bestellung zusammenh\u00e4ngen, an unsere Logistikpartner usw. weiter. Sie k\u00f6nnen uns jederzeit auffordern, alle Ihre pers\u00f6nlichen &#8230; <a title=\"Datenschutzerkl\u00e4rung\" class=\"read-more\" href=\"https:\/\/faktumonline.com\/de\/datenschutzerklaerung\/\" aria-label=\"Mehr Informationen \u00fcber Datenschutzerkl\u00e4rung\">Weiterlesen<\/a><\/p>\n","protected":false},"author":2,"featured_media":0,"parent":0,"menu_order":0,"comment_status":"closed","ping_status":"open","template":"","meta":{"footnotes":""},"class_list":["post-120958","page","type-page","status-publish"],"yoast_head":"<!-- This site is optimized with the Yoast SEO Premium plugin v27.0 (Yoast SEO v27.0) - https:\/\/yoast.com\/product\/yoast-seo-premium-wordpress\/ -->\n<title>Datenschutzerkl\u00e4rung - Faktum Online Store<\/title>\n<meta name=\"robots\" content=\"index, follow, max-snippet:-1, max-image-preview:large, max-video-preview:-1\" \/>\n<link rel=\"canonical\" href=\"https:\/\/faktumonline.com\/de\/datenschutzerklaerung\/\" \/>\n<meta property=\"og:locale\" content=\"de_DE\" \/>\n<meta property=\"og:type\" content=\"article\" \/>\n<meta property=\"og:title\" content=\"Datenschutzerkl\u00e4rung\" \/>\n<meta property=\"og:description\" content=\"Datenschutz Wir verkaufen Ihre pers\u00f6nlichen Daten niemals und geben sie auch nicht an Dritte weiter, die f\u00fcr Ihre Kontaktaufnahme mit uns nicht relevant sind. Wir geben jedoch Ihren Namen und Ihre Lieferadresse sowie andere Daten, die mit der Erf\u00fcllung Ihrer Bestellung zusammenh\u00e4ngen, an unsere Logistikpartner usw. weiter. Sie k\u00f6nnen uns jederzeit auffordern, alle Ihre pers\u00f6nlichen ... Weiterlesen\" \/>\n<meta property=\"og:url\" content=\"https:\/\/faktumonline.com\/de\/datenschutzerklaerung\/\" \/>\n<meta property=\"og:site_name\" content=\"Faktum Online Store\" \/>\n<meta property=\"article:modified_time\" content=\"2024-07-01T16:45:22+00:00\" \/>\n<meta name=\"twitter:card\" content=\"summary_large_image\" \/>\n<meta name=\"twitter:label1\" content=\"Gesch\u00e4tzte Lesezeit\" \/>\n\t<meta name=\"twitter:data1\" content=\"1\u00a0Minute\" \/>\n<script type=\"application\/ld+json\" class=\"yoast-schema-graph\">{\"@context\":\"https:\/\/schema.org\",\"@graph\":[{\"@type\":\"WebPage\",\"@id\":\"https:\/\/faktumonline.com\/de\/datenschutzerklaerung\/\",\"url\":\"https:\/\/faktumonline.com\/de\/datenschutzerklaerung\/\",\"name\":\"Datenschutzerkl\u00e4rung - Faktum Online Store\",\"isPartOf\":{\"@id\":\"https:\/\/faktumonline.com\/da\/#website\"},\"datePublished\":\"2024-07-01T16:45:21+00:00\",\"dateModified\":\"2024-07-01T16:45:22+00:00\",\"breadcrumb\":{\"@id\":\"https:\/\/faktumonline.com\/de\/datenschutzerklaerung\/#breadcrumb\"},\"inLanguage\":\"de\",\"potentialAction\":[{\"@type\":\"ReadAction\",\"target\":[\"https:\/\/faktumonline.com\/de\/datenschutzerklaerung\/\"]}]},{\"@type\":\"BreadcrumbList\",\"@id\":\"https:\/\/faktumonline.com\/de\/datenschutzerklaerung\/#breadcrumb\",\"itemListElement\":[{\"@type\":\"ListItem\",\"position\":1,\"name\":\"Hem\",\"item\":\"https:\/\/faktumonline.com\/de\/\"},{\"@type\":\"ListItem\",\"position\":2,\"name\":\"Datenschutzerkl\u00e4rung\"}]},{\"@type\":\"WebSite\",\"@id\":\"https:\/\/faktumonline.com\/da\/#website\",\"url\":\"https:\/\/faktumonline.com\/da\/\",\"name\":\"Faktum Online Store\",\"description\":\"Premium doors for IKEA kitchens\",\"potentialAction\":[{\"@type\":\"SearchAction\",\"target\":{\"@type\":\"EntryPoint\",\"urlTemplate\":\"https:\/\/faktumonline.com\/da\/?s={search_term_string}\"},\"query-input\":{\"@type\":\"PropertyValueSpecification\",\"valueRequired\":true,\"valueName\":\"search_term_string\"}}],\"inLanguage\":\"de\"}]}<\/script>\n<!-- \/ Yoast SEO Premium plugin. -->","yoast_head_json":{"title":"Datenschutzerkl\u00e4rung - Faktum Online Store","robots":{"index":"index","follow":"follow","max-snippet":"max-snippet:-1","max-image-preview":"max-image-preview:large","max-video-preview":"max-video-preview:-1"},"canonical":"https:\/\/faktumonline.com\/de\/datenschutzerklaerung\/","og_locale":"de_DE","og_type":"article","og_title":"Datenschutzerkl\u00e4rung","og_description":"Datenschutz Wir verkaufen Ihre pers\u00f6nlichen Daten niemals und geben sie auch nicht an Dritte weiter, die f\u00fcr Ihre Kontaktaufnahme mit uns nicht relevant sind. Wir geben jedoch Ihren Namen und Ihre Lieferadresse sowie andere Daten, die mit der Erf\u00fcllung Ihrer Bestellung zusammenh\u00e4ngen, an unsere Logistikpartner usw. weiter. Sie k\u00f6nnen uns jederzeit auffordern, alle Ihre pers\u00f6nlichen ... Weiterlesen","og_url":"https:\/\/faktumonline.com\/de\/datenschutzerklaerung\/","og_site_name":"Faktum Online Store","article_modified_time":"2024-07-01T16:45:22+00:00","twitter_card":"summary_large_image","twitter_misc":{"Gesch\u00e4tzte Lesezeit":"1\u00a0Minute"},"schema":{"@context":"https:\/\/schema.org","@graph":[{"@type":"WebPage","@id":"https:\/\/faktumonline.com\/de\/datenschutzerklaerung\/","url":"https:\/\/faktumonline.com\/de\/datenschutzerklaerung\/","name":"Datenschutzerkl\u00e4rung - Faktum Online Store","isPartOf":{"@id":"https:\/\/faktumonline.com\/da\/#website"},"datePublished":"2024-07-01T16:45:21+00:00","dateModified":"2024-07-01T16:45:22+00:00","breadcrumb":{"@id":"https:\/\/faktumonline.com\/de\/datenschutzerklaerung\/#breadcrumb"},"inLanguage":"de","potentialAction":[{"@type":"ReadAction","target":["https:\/\/faktumonline.com\/de\/datenschutzerklaerung\/"]}]},{"@type":"BreadcrumbList","@id":"https:\/\/faktumonline.com\/de\/datenschutzerklaerung\/#breadcrumb","itemListElement":[{"@type":"ListItem","position":1,"name":"Hem","item":"https:\/\/faktumonline.com\/de\/"},{"@type":"ListItem","position":2,"name":"Datenschutzerkl\u00e4rung"}]},{"@type":"WebSite","@id":"https:\/\/faktumonline.com\/da\/#website","url":"https:\/\/faktumonline.com\/da\/","name":"Faktum Online Store","description":"Premium doors for IKEA kitchens","potentialAction":[{"@type":"SearchAction","target":{"@type":"EntryPoint","urlTemplate":"https:\/\/faktumonline.com\/da\/?s={search_term_string}"},"query-input":{"@type":"PropertyValueSpecification","valueRequired":true,"valueName":"search_term_string"}}],"inLanguage":"de"}]}},"_links":{"self":[{"href":"https:\/\/faktumonline.com\/de\/wp-json\/wp\/v2\/pages\/120958","targetHints":{"allow":["GET"]}}],"collection":[{"href":"https:\/\/faktumonline.com\/de\/wp-json\/wp\/v2\/pages"}],"about":[{"href":"https:\/\/faktumonline.com\/de\/wp-json\/wp\/v2\/types\/page"}],"author":[{"embeddable":true,"href":"https:\/\/faktumonline.com\/de\/wp-json\/wp\/v2\/users\/2"}],"replies":[{"embeddable":true,"href":"https:\/\/faktumonline.com\/de\/wp-json\/wp\/v2\/comments?post=120958"}],"version-history":[{"count":1,"href":"https:\/\/faktumonline.com\/de\/wp-json\/wp\/v2\/pages\/120958\/revisions"}],"predecessor-version":[{"id":120959,"href":"https:\/\/faktumonline.com\/de\/wp-json\/wp\/v2\/pages\/120958\/revisions\/120959"}],"wp:attachment":[{"href":"https:\/\/faktumonline.com\/de\/wp-json\/wp\/v2\/media?parent=120958"}],"curies":[{"name":"wp","href":"https:\/\/api.w.org\/{rel}","templated":true}]}}