{"id":91829,"date":"2020-02-10T15:12:10","date_gmt":"2020-02-10T14:12:10","guid":{"rendered":"https:\/\/faktumonline.com\/product\/overskab-kol-frys-60x57\/"},"modified":"2020-02-10T15:12:10","modified_gmt":"2020-02-10T14:12:10","slug":"overskab-kol-frys-60x57","status":"publish","type":"product","link":"https:\/\/faktumonline.com\/da\/vare\/overskab-kol-frys-60x57\/","title":{"rendered":"Overskab k\u00f8l\/frys 60&#215;57"},"content":{"rendered":"<p>60 cm brede. 57 cm h\u00f8je. 58 cm dybe<\/p>\n","protected":false},"excerpt":{"rendered":"<p>Dette er et ventileret k\u00f8le-\/fryseroverskab til et IKEA Faktum k\u00f8kken. B=60, H=57, D=58 cm. Indvendig dybde = 52 cm. Ventileringen er skjult p\u00e5 bagsiden. Korpus og hylden bliver lavet i &#8220;almindelig hvid&#8221;, og fronten (hvis nogen) vil blive lavet i samme farve som de andre l\u00e5ger i din bestilling (hvis nogen). Du kan tilpasse din korpus ved at tilf\u00f8je nogle af f\u00f8lgende tilbeh\u00f8r:<\/p>\n","protected":false},"featured_media":127020,"template":"","meta":[],"product_brand":[],"product_cat":[1513],"product_tag":[],"class_list":{"0":"post-91829","1":"product","2":"type-product","3":"status-publish","4":"has-post-thumbnail","6":"product_cat-overskab","7":"sales-flash-overlay","8":"woocommerce-text-align-center","9":"woocommerce-image-align-center","11":"first","12":"instock","13":"taxable","14":"shipping-taxable","15":"purchasable","16":"product-type-simple"},"exclude_global_add_ons":true,"addons":[{"name":"Ekstraudstyr:","type":"checkbox","position":0,"required":false,"title_format":"label","default":"","description_enable":false,"description":"","placeholder_enable":false,"placeholder":"","display":"select","restrictions_type":"any_text","adjust_price":false,"price":"","price_type":"flat_fee","restrictions":false,"min":"0","max":"0","options":[{"label":"1x Hylde 60x52","price":"32","price_type":"quantity_based","image":0}]},{"name":"Ekstraudstyr (til en d\u00f8rkonfiguration):","type":"checkbox","position":1,"required":false,"title_format":"label","default":"","description_enable":true,"description":"En d\u00f8r er monteret p\u00e5 et s\u00e6t h\u00e6ngsler og \u00e5bner til siden.","placeholder_enable":false,"placeholder":"","display":"radiobutton","restrictions_type":"any_text","adjust_price":false,"price":"","price_type":"flat_fee","restrictions":false,"min":"0","max":"0","options":[{"label":"2x h\u00e6ngsler (SoftClose + SelfClose) + monteringsplader","price":"27","price_type":"quantity_based","image":0},{"label":"1x d\u00f8r 60x57 (596x566 mm)","price":"86","price_type":"quantity_based","image":0}]},{"name":"Ekstraudstyr (til en klapkonfiguration):","type":"checkbox","position":2,"required":false,"title_format":"label","default":"","description_enable":true,"description":"En klap er monteret p\u00e5 et s\u00e6t h\u00e6ngsler + en Stay Lift Mekanisme og \u00e5bnes op mod loftet","placeholder_enable":false,"placeholder":"","display":"select","restrictions_type":"any_text","adjust_price":false,"price":"","price_type":"flat_fee","restrictions":false,"min":"0","max":"0","options":[{"label":"2x h\u00e6ngsler + monteringsplader + 1x Stay Lift ","price":"63","price_type":"quantity_based","image":0},{"label":"1x klap 60x57 (596x566 mm)","price":"86","price_type":"quantity_based","image":0}]}],"yoast_head":"<!-- This site is optimized with the Yoast SEO Premium plugin v27.0 (Yoast SEO v27.0) - https:\/\/yoast.com\/product\/yoast-seo-premium-wordpress\/ -->\n<title>Overskab k\u00f8l\/frys 60x57 - Faktum Online Store<\/title>\n<meta name=\"robots\" content=\"index, follow, max-snippet:-1, max-image-preview:large, max-video-preview:-1\" \/>\n<link rel=\"canonical\" href=\"https:\/\/faktumonline.com\/da\/vare\/overskab-kol-frys-60x57\/\" \/>\n<meta property=\"og:locale\" content=\"da_DK\" \/>\n<meta property=\"og:type\" content=\"article\" \/>\n<meta property=\"og:title\" content=\"Overskab k\u00f8l\/frys 60x57\" \/>\n<meta property=\"og:description\" content=\"Dette er et ventileret k\u00f8le-\/fryseroverskab til et IKEA Faktum k\u00f8kken. B=60, H=57, D=58 cm. Indvendig dybde = 52 cm. Ventileringen er skjult p\u00e5 bagsiden. Korpus og hylden bliver lavet i &quot;almindelig hvid&quot;, og fronten (hvis nogen) vil blive lavet i samme farve som de andre l\u00e5ger i din bestilling (hvis nogen). Du kan tilpasse din korpus ved at tilf\u00f8je nogle af f\u00f8lgende tilbeh\u00f8r:\" \/>\n<meta property=\"og:url\" content=\"https:\/\/faktumonline.com\/da\/vare\/overskab-kol-frys-60x57\/\" \/>\n<meta property=\"og:site_name\" content=\"Faktum Online Store\" \/>\n<meta property=\"og:image\" content=\"https:\/\/faktumonline.com\/wp-content\/uploads\/2024\/11\/Fridge-Top-60x57-1.png\" \/>\n\t<meta property=\"og:image:width\" content=\"1554\" \/>\n\t<meta property=\"og:image:height\" content=\"1042\" \/>\n\t<meta property=\"og:image:type\" content=\"image\/png\" \/>\n<meta name=\"twitter:card\" content=\"summary_large_image\" \/>\n<script type=\"application\/ld+json\" class=\"yoast-schema-graph\">{\"@context\":\"https:\/\/schema.org\",\"@graph\":[{\"@type\":\"WebPage\",\"@id\":\"https:\/\/faktumonline.com\/da\/vare\/overskab-kol-frys-60x57\/\",\"url\":\"https:\/\/faktumonline.com\/da\/vare\/overskab-kol-frys-60x57\/\",\"name\":\"Overskab k\u00f8l\/frys 60x57 - Faktum Online Store\",\"isPartOf\":{\"@id\":\"https:\/\/faktumonline.com\/da\/#website\"},\"primaryImageOfPage\":{\"@id\":\"https:\/\/faktumonline.com\/da\/vare\/overskab-kol-frys-60x57\/#primaryimage\"},\"image\":{\"@id\":\"https:\/\/faktumonline.com\/da\/vare\/overskab-kol-frys-60x57\/#primaryimage\"},\"thumbnailUrl\":\"https:\/\/faktumonline.com\/wp-content\/uploads\/2024\/11\/Fridge-Top-60x57-1.png\",\"datePublished\":\"2020-02-10T14:12:10+00:00\",\"breadcrumb\":{\"@id\":\"https:\/\/faktumonline.com\/da\/vare\/overskab-kol-frys-60x57\/#breadcrumb\"},\"inLanguage\":\"da-DK\",\"potentialAction\":[{\"@type\":\"ReadAction\",\"target\":[\"https:\/\/faktumonline.com\/da\/vare\/overskab-kol-frys-60x57\/\"]}]},{\"@type\":\"ImageObject\",\"inLanguage\":\"da-DK\",\"@id\":\"https:\/\/faktumonline.com\/da\/vare\/overskab-kol-frys-60x57\/#primaryimage\",\"url\":\"https:\/\/faktumonline.com\/wp-content\/uploads\/2024\/11\/Fridge-Top-60x57-1.png\",\"contentUrl\":\"https:\/\/faktumonline.com\/wp-content\/uploads\/2024\/11\/Fridge-Top-60x57-1.png\",\"width\":1554,\"height\":1042},{\"@type\":\"BreadcrumbList\",\"@id\":\"https:\/\/faktumonline.com\/da\/vare\/overskab-kol-frys-60x57\/#breadcrumb\",\"itemListElement\":[{\"@type\":\"ListItem\",\"position\":1,\"name\":\"Hem\",\"item\":\"https:\/\/faktumonline.com\/da\/\"},{\"@type\":\"ListItem\",\"position\":2,\"name\":\"Webshop\",\"item\":\"https:\/\/faktumonline.com\/webshop\/\"},{\"@type\":\"ListItem\",\"position\":3,\"name\":\"Overskab k\u00f8l\/frys 60&#215;57\"}]},{\"@type\":\"WebSite\",\"@id\":\"https:\/\/faktumonline.com\/da\/#website\",\"url\":\"https:\/\/faktumonline.com\/da\/\",\"name\":\"Faktum Online Store\",\"description\":\"Premium doors for IKEA kitchens\",\"potentialAction\":[{\"@type\":\"SearchAction\",\"target\":{\"@type\":\"EntryPoint\",\"urlTemplate\":\"https:\/\/faktumonline.com\/da\/?s={search_term_string}\"},\"query-input\":{\"@type\":\"PropertyValueSpecification\",\"valueRequired\":true,\"valueName\":\"search_term_string\"}}],\"inLanguage\":\"da-DK\"}]}<\/script>\n<!-- \/ Yoast SEO Premium plugin. -->","yoast_head_json":{"title":"Overskab k\u00f8l\/frys 60x57 - Faktum Online Store","robots":{"index":"index","follow":"follow","max-snippet":"max-snippet:-1","max-image-preview":"max-image-preview:large","max-video-preview":"max-video-preview:-1"},"canonical":"https:\/\/faktumonline.com\/da\/vare\/overskab-kol-frys-60x57\/","og_locale":"da_DK","og_type":"article","og_title":"Overskab k\u00f8l\/frys 60x57","og_description":"Dette er et ventileret k\u00f8le-\/fryseroverskab til et IKEA Faktum k\u00f8kken. B=60, H=57, D=58 cm. Indvendig dybde = 52 cm. Ventileringen er skjult p\u00e5 bagsiden. Korpus og hylden bliver lavet i \"almindelig hvid\", og fronten (hvis nogen) vil blive lavet i samme farve som de andre l\u00e5ger i din bestilling (hvis nogen). Du kan tilpasse din korpus ved at tilf\u00f8je nogle af f\u00f8lgende tilbeh\u00f8r:","og_url":"https:\/\/faktumonline.com\/da\/vare\/overskab-kol-frys-60x57\/","og_site_name":"Faktum Online Store","og_image":[{"width":1554,"height":1042,"url":"https:\/\/faktumonline.com\/wp-content\/uploads\/2024\/11\/Fridge-Top-60x57-1.png","type":"image\/png"}],"twitter_card":"summary_large_image","schema":{"@context":"https:\/\/schema.org","@graph":[{"@type":"WebPage","@id":"https:\/\/faktumonline.com\/da\/vare\/overskab-kol-frys-60x57\/","url":"https:\/\/faktumonline.com\/da\/vare\/overskab-kol-frys-60x57\/","name":"Overskab k\u00f8l\/frys 60x57 - Faktum Online Store","isPartOf":{"@id":"https:\/\/faktumonline.com\/da\/#website"},"primaryImageOfPage":{"@id":"https:\/\/faktumonline.com\/da\/vare\/overskab-kol-frys-60x57\/#primaryimage"},"image":{"@id":"https:\/\/faktumonline.com\/da\/vare\/overskab-kol-frys-60x57\/#primaryimage"},"thumbnailUrl":"https:\/\/faktumonline.com\/wp-content\/uploads\/2024\/11\/Fridge-Top-60x57-1.png","datePublished":"2020-02-10T14:12:10+00:00","breadcrumb":{"@id":"https:\/\/faktumonline.com\/da\/vare\/overskab-kol-frys-60x57\/#breadcrumb"},"inLanguage":"da-DK","potentialAction":[{"@type":"ReadAction","target":["https:\/\/faktumonline.com\/da\/vare\/overskab-kol-frys-60x57\/"]}]},{"@type":"ImageObject","inLanguage":"da-DK","@id":"https:\/\/faktumonline.com\/da\/vare\/overskab-kol-frys-60x57\/#primaryimage","url":"https:\/\/faktumonline.com\/wp-content\/uploads\/2024\/11\/Fridge-Top-60x57-1.png","contentUrl":"https:\/\/faktumonline.com\/wp-content\/uploads\/2024\/11\/Fridge-Top-60x57-1.png","width":1554,"height":1042},{"@type":"BreadcrumbList","@id":"https:\/\/faktumonline.com\/da\/vare\/overskab-kol-frys-60x57\/#breadcrumb","itemListElement":[{"@type":"ListItem","position":1,"name":"Hem","item":"https:\/\/faktumonline.com\/da\/"},{"@type":"ListItem","position":2,"name":"Webshop","item":"https:\/\/faktumonline.com\/webshop\/"},{"@type":"ListItem","position":3,"name":"Overskab k\u00f8l\/frys 60&#215;57"}]},{"@type":"WebSite","@id":"https:\/\/faktumonline.com\/da\/#website","url":"https:\/\/faktumonline.com\/da\/","name":"Faktum Online Store","description":"Premium doors for IKEA kitchens","potentialAction":[{"@type":"SearchAction","target":{"@type":"EntryPoint","urlTemplate":"https:\/\/faktumonline.com\/da\/?s={search_term_string}"},"query-input":{"@type":"PropertyValueSpecification","valueRequired":true,"valueName":"search_term_string"}}],"inLanguage":"da-DK"}]}},"_links":{"self":[{"href":"https:\/\/faktumonline.com\/da\/wp-json\/wp\/v2\/product\/91829","targetHints":{"allow":["GET"]}}],"collection":[{"href":"https:\/\/faktumonline.com\/da\/wp-json\/wp\/v2\/product"}],"about":[{"href":"https:\/\/faktumonline.com\/da\/wp-json\/wp\/v2\/types\/product"}],"version-history":[{"count":0,"href":"https:\/\/faktumonline.com\/da\/wp-json\/wp\/v2\/product\/91829\/revisions"}],"wp:featuredmedia":[{"embeddable":true,"href":"https:\/\/faktumonline.com\/da\/wp-json\/wp\/v2\/media\/127020"}],"wp:attachment":[{"href":"https:\/\/faktumonline.com\/da\/wp-json\/wp\/v2\/media?parent=91829"}],"wp:term":[{"taxonomy":"product_brand","embeddable":true,"href":"https:\/\/faktumonline.com\/da\/wp-json\/wp\/v2\/product_brand?post=91829"},{"taxonomy":"product_cat","embeddable":true,"href":"https:\/\/faktumonline.com\/da\/wp-json\/wp\/v2\/product_cat?post=91829"},{"taxonomy":"product_tag","embeddable":true,"href":"https:\/\/faktumonline.com\/da\/wp-json\/wp\/v2\/product_tag?post=91829"}],"curies":[{"name":"wp","href":"https:\/\/api.w.org\/{rel}","templated":true}]}}