{"id":91648,"date":"2021-01-01T12:25:00","date_gmt":"2021-01-01T11:25:00","guid":{"rendered":"https:\/\/faktumonline.com\/product\/hojskab-til-indbygningsapparater-60x125\/"},"modified":"2021-01-01T12:25:00","modified_gmt":"2021-01-01T11:25:00","slug":"hojskab-til-indbygningsapparater-60x125","status":"publish","type":"product","link":"https:\/\/faktumonline.com\/da\/vare\/hojskab-til-indbygningsapparater-60x125\/","title":{"rendered":"H\u00f8jskab til indbygningsapparater 60\u00d7125"},"content":{"rendered":"<p>60 x 125 x 58 cm<\/p>\n","protected":false},"excerpt":{"rendered":"<p>Dette er et korpus, et h\u00f8jskab til at rumme en eller flere hvidevarer i et IKEA Faktum k\u00f8kken. Bagsiden er delvist \u00e5ben for ledninger og til ventilation. Bredde 60 cm, h\u00f8jde 195 cm og dybde 58 cm. Bliver produceret i &#8220;almindelig hvid&#8221; uanset den valgte farve til fronterne. To ventilationsgitre, der skal monteres i bunden og i soklen, f\u00f8lger med dette h\u00f8je apparatskab. Korpus kan bestilles alene eller sammen med f\u00f8lgende tilbeh\u00f8r:<\/p>\n","protected":false},"featured_media":91649,"template":"","meta":[],"product_brand":[],"product_cat":[1312],"product_tag":[],"class_list":{"0":"post-91648","1":"product","2":"type-product","3":"status-publish","4":"has-post-thumbnail","6":"product_cat-hvidevareskabe","7":"sales-flash-overlay","8":"woocommerce-text-align-center","9":"woocommerce-image-align-center","10":"wc-has-gallery","12":"first","13":"discontinued","14":"taxable","15":"shipping-taxable","16":"purchasable","17":"product-type-simple"},"exclude_global_add_ons":false,"addons":[{"name":"Door configuration","type":"checkbox","position":0,"required":false,"title_format":"heading","default":"","description_enable":false,"description":"","placeholder_enable":false,"placeholder":"","display":"select","restrictions_type":"any_text","adjust_price":false,"price":"","price_type":"flat_fee","restrictions":false,"min":"0","max":"0","options":[{"label":"Door 15x70","price":"69","price_type":"quantity_based","image":0},{"label":"Set of 2 hinges","price":"19","price_type":"quantity_based","image":0},{"label":"Set of 2 mounting plates","price":"9","price_type":"quantity_based","image":0}],"id":1738948690},{"name":"Pull Out Config","type":"checkbox","position":1,"required":false,"title_format":"heading","default":"","description_enable":false,"description":"","placeholder_enable":false,"placeholder":"","display":"select","restrictions_type":"any_text","adjust_price":false,"price":"","price_type":"flat_fee","restrictions":false,"min":"0","max":"0","options":[{"label":"Pull Out Draw Set","price":"159","price_type":"quantity_based","image":0},{"label":"Draw Front","price":"69","price_type":"quantity_based","image":0}],"id":1738948691},{"name":"Legs","type":"checkbox","position":2,"required":false,"title_format":"heading","default":"","description_enable":false,"description":"","placeholder_enable":false,"placeholder":"","display":"select","restrictions_type":"any_text","adjust_price":false,"price":"","price_type":"flat_fee","restrictions":false,"min":"0","max":"0","options":[{"label":"Set of 4 legs. 16 cm (14,5 - 17 cm)","price":"3.95","price_type":"quantity_based","image":0},{"label":"Set of 4 legs. 12 cm (11,5 - 14.4 cm)","price":"3.95","price_type":"quantity_based","image":0},{"label":"No legs","price":"","price_type":"quantity_based","image":0}],"id":1738948692}],"yoast_head":"<!-- This site is optimized with the Yoast SEO Premium plugin v27.4 (Yoast SEO v27.4) - https:\/\/yoast.com\/product\/yoast-seo-premium-wordpress\/ -->\n<title>H\u00f8jskab til indbygningsapparater 60\u00d7125 - Faktum Online Store<\/title>\n<meta name=\"robots\" content=\"index, follow, max-snippet:-1, max-image-preview:large, max-video-preview:-1\" \/>\n<link rel=\"canonical\" href=\"https:\/\/faktumonline.com\/da\/vare\/hojskab-til-indbygningsapparater-60x125\/\" \/>\n<meta property=\"og:locale\" content=\"da_DK\" \/>\n<meta property=\"og:type\" content=\"article\" \/>\n<meta property=\"og:title\" content=\"H\u00f8jskab til indbygningsapparater 60\u00d7125\" \/>\n<meta property=\"og:description\" content=\"Dette er et korpus, et h\u00f8jskab til at rumme en eller flere hvidevarer i et IKEA Faktum k\u00f8kken. Bagsiden er delvist \u00e5ben for ledninger og til ventilation. Bredde 60 cm, h\u00f8jde 195 cm og dybde 58 cm. Bliver produceret i &quot;almindelig hvid&quot; uanset den valgte farve til fronterne. To ventilationsgitre, der skal monteres i bunden og i soklen, f\u00f8lger med dette h\u00f8je apparatskab. Korpus kan bestilles alene eller sammen med f\u00f8lgende tilbeh\u00f8r:\" \/>\n<meta property=\"og:url\" content=\"https:\/\/faktumonline.com\/da\/vare\/hojskab-til-indbygningsapparater-60x125\/\" \/>\n<meta property=\"og:site_name\" content=\"Faktum Online Store\" \/>\n<meta property=\"og:image\" content=\"https:\/\/faktumonline.com\/wp-content\/uploads\/2021\/01\/Ska\u030ap-Inbyggnads-fo\u0308r-IKEA-Faktum-60x125-1.jpg\" \/>\n\t<meta property=\"og:image:width\" content=\"532\" \/>\n\t<meta property=\"og:image:height\" content=\"800\" \/>\n\t<meta property=\"og:image:type\" content=\"image\/jpeg\" \/>\n<meta name=\"twitter:card\" content=\"summary_large_image\" \/>\n<script type=\"application\/ld+json\" class=\"yoast-schema-graph\">{\"@context\":\"https:\\\/\\\/schema.org\",\"@graph\":[{\"@type\":\"WebPage\",\"@id\":\"https:\\\/\\\/faktumonline.com\\\/da\\\/vare\\\/hojskab-til-indbygningsapparater-60x125\\\/\",\"url\":\"https:\\\/\\\/faktumonline.com\\\/da\\\/vare\\\/hojskab-til-indbygningsapparater-60x125\\\/\",\"name\":\"H\u00f8jskab til indbygningsapparater 60\u00d7125 - Faktum Online Store\",\"isPartOf\":{\"@id\":\"https:\\\/\\\/faktumonline.com\\\/da\\\/#website\"},\"primaryImageOfPage\":{\"@id\":\"https:\\\/\\\/faktumonline.com\\\/da\\\/vare\\\/hojskab-til-indbygningsapparater-60x125\\\/#primaryimage\"},\"image\":{\"@id\":\"https:\\\/\\\/faktumonline.com\\\/da\\\/vare\\\/hojskab-til-indbygningsapparater-60x125\\\/#primaryimage\"},\"thumbnailUrl\":\"https:\\\/\\\/faktumonline.com\\\/wp-content\\\/uploads\\\/2021\\\/01\\\/Ska\u030ap-Inbyggnads-fo\u0308r-IKEA-Faktum-60x125-1.jpg\",\"datePublished\":\"2021-01-01T11:25:00+00:00\",\"breadcrumb\":{\"@id\":\"https:\\\/\\\/faktumonline.com\\\/da\\\/vare\\\/hojskab-til-indbygningsapparater-60x125\\\/#breadcrumb\"},\"inLanguage\":\"da-DK\",\"potentialAction\":[{\"@type\":\"ReadAction\",\"target\":[\"https:\\\/\\\/faktumonline.com\\\/da\\\/vare\\\/hojskab-til-indbygningsapparater-60x125\\\/\"]}]},{\"@type\":\"ImageObject\",\"inLanguage\":\"da-DK\",\"@id\":\"https:\\\/\\\/faktumonline.com\\\/da\\\/vare\\\/hojskab-til-indbygningsapparater-60x125\\\/#primaryimage\",\"url\":\"https:\\\/\\\/faktumonline.com\\\/wp-content\\\/uploads\\\/2021\\\/01\\\/Ska\u030ap-Inbyggnads-fo\u0308r-IKEA-Faktum-60x125-1.jpg\",\"contentUrl\":\"https:\\\/\\\/faktumonline.com\\\/wp-content\\\/uploads\\\/2021\\\/01\\\/Ska\u030ap-Inbyggnads-fo\u0308r-IKEA-Faktum-60x125-1.jpg\",\"width\":532,\"height\":800},{\"@type\":\"BreadcrumbList\",\"@id\":\"https:\\\/\\\/faktumonline.com\\\/da\\\/vare\\\/hojskab-til-indbygningsapparater-60x125\\\/#breadcrumb\",\"itemListElement\":[{\"@type\":\"ListItem\",\"position\":1,\"name\":\"Hem\",\"item\":\"https:\\\/\\\/faktumonline.com\\\/da\\\/\"},{\"@type\":\"ListItem\",\"position\":2,\"name\":\"Webshop\",\"item\":\"https:\\\/\\\/faktumonline.com\\\/webshop\\\/\"},{\"@type\":\"ListItem\",\"position\":3,\"name\":\"H\u00f8jskab til indbygningsapparater 60\u00d7125\"}]},{\"@type\":\"WebSite\",\"@id\":\"https:\\\/\\\/faktumonline.com\\\/da\\\/#website\",\"url\":\"https:\\\/\\\/faktumonline.com\\\/da\\\/\",\"name\":\"Faktum Online Store\",\"description\":\"Premium doors for IKEA kitchens\",\"potentialAction\":[{\"@type\":\"SearchAction\",\"target\":{\"@type\":\"EntryPoint\",\"urlTemplate\":\"https:\\\/\\\/faktumonline.com\\\/da\\\/?s={search_term_string}\"},\"query-input\":{\"@type\":\"PropertyValueSpecification\",\"valueRequired\":true,\"valueName\":\"search_term_string\"}}],\"inLanguage\":\"da-DK\"}]}<\/script>\n<!-- \/ Yoast SEO Premium plugin. -->","yoast_head_json":{"title":"H\u00f8jskab til indbygningsapparater 60\u00d7125 - Faktum Online Store","robots":{"index":"index","follow":"follow","max-snippet":"max-snippet:-1","max-image-preview":"max-image-preview:large","max-video-preview":"max-video-preview:-1"},"canonical":"https:\/\/faktumonline.com\/da\/vare\/hojskab-til-indbygningsapparater-60x125\/","og_locale":"da_DK","og_type":"article","og_title":"H\u00f8jskab til indbygningsapparater 60\u00d7125","og_description":"Dette er et korpus, et h\u00f8jskab til at rumme en eller flere hvidevarer i et IKEA Faktum k\u00f8kken. Bagsiden er delvist \u00e5ben for ledninger og til ventilation. Bredde 60 cm, h\u00f8jde 195 cm og dybde 58 cm. Bliver produceret i \"almindelig hvid\" uanset den valgte farve til fronterne. To ventilationsgitre, der skal monteres i bunden og i soklen, f\u00f8lger med dette h\u00f8je apparatskab. Korpus kan bestilles alene eller sammen med f\u00f8lgende tilbeh\u00f8r:","og_url":"https:\/\/faktumonline.com\/da\/vare\/hojskab-til-indbygningsapparater-60x125\/","og_site_name":"Faktum Online Store","og_image":[{"width":532,"height":800,"url":"https:\/\/faktumonline.com\/wp-content\/uploads\/2021\/01\/Ska\u030ap-Inbyggnads-fo\u0308r-IKEA-Faktum-60x125-1.jpg","type":"image\/jpeg"}],"twitter_card":"summary_large_image","schema":{"@context":"https:\/\/schema.org","@graph":[{"@type":"WebPage","@id":"https:\/\/faktumonline.com\/da\/vare\/hojskab-til-indbygningsapparater-60x125\/","url":"https:\/\/faktumonline.com\/da\/vare\/hojskab-til-indbygningsapparater-60x125\/","name":"H\u00f8jskab til indbygningsapparater 60\u00d7125 - Faktum Online Store","isPartOf":{"@id":"https:\/\/faktumonline.com\/da\/#website"},"primaryImageOfPage":{"@id":"https:\/\/faktumonline.com\/da\/vare\/hojskab-til-indbygningsapparater-60x125\/#primaryimage"},"image":{"@id":"https:\/\/faktumonline.com\/da\/vare\/hojskab-til-indbygningsapparater-60x125\/#primaryimage"},"thumbnailUrl":"https:\/\/faktumonline.com\/wp-content\/uploads\/2021\/01\/Ska\u030ap-Inbyggnads-fo\u0308r-IKEA-Faktum-60x125-1.jpg","datePublished":"2021-01-01T11:25:00+00:00","breadcrumb":{"@id":"https:\/\/faktumonline.com\/da\/vare\/hojskab-til-indbygningsapparater-60x125\/#breadcrumb"},"inLanguage":"da-DK","potentialAction":[{"@type":"ReadAction","target":["https:\/\/faktumonline.com\/da\/vare\/hojskab-til-indbygningsapparater-60x125\/"]}]},{"@type":"ImageObject","inLanguage":"da-DK","@id":"https:\/\/faktumonline.com\/da\/vare\/hojskab-til-indbygningsapparater-60x125\/#primaryimage","url":"https:\/\/faktumonline.com\/wp-content\/uploads\/2021\/01\/Ska\u030ap-Inbyggnads-fo\u0308r-IKEA-Faktum-60x125-1.jpg","contentUrl":"https:\/\/faktumonline.com\/wp-content\/uploads\/2021\/01\/Ska\u030ap-Inbyggnads-fo\u0308r-IKEA-Faktum-60x125-1.jpg","width":532,"height":800},{"@type":"BreadcrumbList","@id":"https:\/\/faktumonline.com\/da\/vare\/hojskab-til-indbygningsapparater-60x125\/#breadcrumb","itemListElement":[{"@type":"ListItem","position":1,"name":"Hem","item":"https:\/\/faktumonline.com\/da\/"},{"@type":"ListItem","position":2,"name":"Webshop","item":"https:\/\/faktumonline.com\/webshop\/"},{"@type":"ListItem","position":3,"name":"H\u00f8jskab til indbygningsapparater 60\u00d7125"}]},{"@type":"WebSite","@id":"https:\/\/faktumonline.com\/da\/#website","url":"https:\/\/faktumonline.com\/da\/","name":"Faktum Online Store","description":"Premium doors for IKEA kitchens","potentialAction":[{"@type":"SearchAction","target":{"@type":"EntryPoint","urlTemplate":"https:\/\/faktumonline.com\/da\/?s={search_term_string}"},"query-input":{"@type":"PropertyValueSpecification","valueRequired":true,"valueName":"search_term_string"}}],"inLanguage":"da-DK"}]}},"_links":{"self":[{"href":"https:\/\/faktumonline.com\/da\/wp-json\/wp\/v2\/product\/91648","targetHints":{"allow":["GET"]}}],"collection":[{"href":"https:\/\/faktumonline.com\/da\/wp-json\/wp\/v2\/product"}],"about":[{"href":"https:\/\/faktumonline.com\/da\/wp-json\/wp\/v2\/types\/product"}],"version-history":[{"count":0,"href":"https:\/\/faktumonline.com\/da\/wp-json\/wp\/v2\/product\/91648\/revisions"}],"wp:featuredmedia":[{"embeddable":true,"href":"https:\/\/faktumonline.com\/da\/wp-json\/wp\/v2\/media\/91649"}],"wp:attachment":[{"href":"https:\/\/faktumonline.com\/da\/wp-json\/wp\/v2\/media?parent=91648"}],"wp:term":[{"taxonomy":"product_brand","embeddable":true,"href":"https:\/\/faktumonline.com\/da\/wp-json\/wp\/v2\/product_brand?post=91648"},{"taxonomy":"product_cat","embeddable":true,"href":"https:\/\/faktumonline.com\/da\/wp-json\/wp\/v2\/product_cat?post=91648"},{"taxonomy":"product_tag","embeddable":true,"href":"https:\/\/faktumonline.com\/da\/wp-json\/wp\/v2\/product_tag?post=91648"}],"curies":[{"name":"wp","href":"https:\/\/api.w.org\/{rel}","templated":true}]}}