{"id":85293,"date":"2023-02-05T19:24:02","date_gmt":"2023-02-05T18:24:03","guid":{"rendered":"https:\/\/faktumonline.com\/?post_type=product&#038;p=85293"},"modified":"2023-02-05T19:30:01","modified_gmt":"2023-02-05T18:30:01","slug":"pearl-white-farveprove","status":"publish","type":"product","link":"https:\/\/faktumonline.com\/da\/vare\/pearl-white-farveprove\/","title":{"rendered":"Pearl White Farvepr\u00f8ve"},"content":{"rendered":"","protected":false},"excerpt":{"rendered":"<p>Dette er en farvepr\u00f8ve. S\u00e6t kryds ved &#8220;Tilf\u00f8j \u200b\u200bi kurv&#8221; for at bestille pr\u00f8ven, som repr\u00e6senterer det f\u00e6rdige produkt i den \u00f8nskede farve i vores Premium MDF kvalitet. Lavet i omtrent samme st\u00f8rrelse som en h\u00f8j skuffefront.<\/p>\n<p>Afh\u00e6ngigt af de individuelle indstillinger p\u00e5 din computersk\u00e6rm (telefon eller tablet osv.), kan farve, glans og finish se lidt anderledes ud i det virkelige liv og under lysforholdene i dit eget k\u00f8kken. Betragt venligst disse billeder kun som en grov guide.<\/p>\n","protected":false},"featured_media":84757,"template":"","meta":[],"product_brand":[],"product_cat":[1397],"product_tag":[],"class_list":{"0":"post-85293","1":"product","2":"type-product","3":"status-publish","4":"has-post-thumbnail","6":"product_cat-farveprover","7":"product_shipping_class-frakt35-da","8":"sales-flash-overlay","9":"woocommerce-text-align-center","10":"woocommerce-image-align-center","12":"first","13":"instock","14":"sold-individually","15":"taxable","16":"shipping-taxable","17":"purchasable","18":"product-type-simple"},"exclude_global_add_ons":[],"addons":[],"yoast_head":"<!-- This site is optimized with the Yoast SEO Premium plugin v27.4 (Yoast SEO v27.4) - https:\/\/yoast.com\/product\/yoast-seo-premium-wordpress\/ -->\n<title>Pearl White Farvepr\u00f8ve - Faktum Online Store<\/title>\n<meta name=\"robots\" content=\"index, follow, max-snippet:-1, max-image-preview:large, max-video-preview:-1\" \/>\n<link rel=\"canonical\" href=\"https:\/\/faktumonline.com\/da\/vare\/pearl-white-farveprove\/\" \/>\n<meta property=\"og:locale\" content=\"da_DK\" \/>\n<meta property=\"og:type\" content=\"article\" \/>\n<meta property=\"og:title\" content=\"Pearl White Farvepr\u00f8ve\" \/>\n<meta property=\"og:description\" content=\"Dette er en farvepr\u00f8ve. S\u00e6t kryds ved &quot;Tilf\u00f8j \u200b\u200bi kurv&quot; for at bestille pr\u00f8ven, som repr\u00e6senterer det f\u00e6rdige produkt i den \u00f8nskede farve i vores Premium MDF kvalitet. Lavet i omtrent samme st\u00f8rrelse som en h\u00f8j skuffefront.  Afh\u00e6ngigt af de individuelle indstillinger p\u00e5 din computersk\u00e6rm (telefon eller tablet osv.), kan farve, glans og finish se lidt anderledes ud i det virkelige liv og under lysforholdene i dit eget k\u00f8kken. Betragt venligst disse billeder kun som en grov guide.\" \/>\n<meta property=\"og:url\" content=\"https:\/\/faktumonline.com\/da\/vare\/pearl-white-farveprove\/\" \/>\n<meta property=\"og:site_name\" content=\"Faktum Online Store\" \/>\n<meta property=\"article:modified_time\" content=\"2023-02-05T18:30:01+00:00\" \/>\n<meta property=\"og:image\" content=\"https:\/\/faktumonline.com\/wp-content\/uploads\/2023\/01\/Pearl-White-UN5301.jpg\" \/>\n\t<meta property=\"og:image:width\" content=\"354\" \/>\n\t<meta property=\"og:image:height\" content=\"510\" \/>\n\t<meta property=\"og:image:type\" content=\"image\/jpeg\" \/>\n<meta name=\"twitter:card\" content=\"summary_large_image\" \/>\n<script type=\"application\/ld+json\" class=\"yoast-schema-graph\">{\"@context\":\"https:\\\/\\\/schema.org\",\"@graph\":[{\"@type\":\"WebPage\",\"@id\":\"https:\\\/\\\/faktumonline.com\\\/da\\\/vare\\\/pearl-white-farveprove\\\/\",\"url\":\"https:\\\/\\\/faktumonline.com\\\/da\\\/vare\\\/pearl-white-farveprove\\\/\",\"name\":\"Pearl White Farvepr\u00f8ve - Faktum Online Store\",\"isPartOf\":{\"@id\":\"https:\\\/\\\/faktumonline.com\\\/da\\\/#website\"},\"primaryImageOfPage\":{\"@id\":\"https:\\\/\\\/faktumonline.com\\\/da\\\/vare\\\/pearl-white-farveprove\\\/#primaryimage\"},\"image\":{\"@id\":\"https:\\\/\\\/faktumonline.com\\\/da\\\/vare\\\/pearl-white-farveprove\\\/#primaryimage\"},\"thumbnailUrl\":\"https:\\\/\\\/faktumonline.com\\\/wp-content\\\/uploads\\\/2023\\\/01\\\/Pearl-White-UN5301.jpg\",\"datePublished\":\"2023-02-05T18:24:03+00:00\",\"dateModified\":\"2023-02-05T18:30:01+00:00\",\"breadcrumb\":{\"@id\":\"https:\\\/\\\/faktumonline.com\\\/da\\\/vare\\\/pearl-white-farveprove\\\/#breadcrumb\"},\"inLanguage\":\"da-DK\",\"potentialAction\":[{\"@type\":\"ReadAction\",\"target\":[\"https:\\\/\\\/faktumonline.com\\\/da\\\/vare\\\/pearl-white-farveprove\\\/\"]}]},{\"@type\":\"ImageObject\",\"inLanguage\":\"da-DK\",\"@id\":\"https:\\\/\\\/faktumonline.com\\\/da\\\/vare\\\/pearl-white-farveprove\\\/#primaryimage\",\"url\":\"https:\\\/\\\/faktumonline.com\\\/wp-content\\\/uploads\\\/2023\\\/01\\\/Pearl-White-UN5301.jpg\",\"contentUrl\":\"https:\\\/\\\/faktumonline.com\\\/wp-content\\\/uploads\\\/2023\\\/01\\\/Pearl-White-UN5301.jpg\",\"width\":354,\"height\":510},{\"@type\":\"BreadcrumbList\",\"@id\":\"https:\\\/\\\/faktumonline.com\\\/da\\\/vare\\\/pearl-white-farveprove\\\/#breadcrumb\",\"itemListElement\":[{\"@type\":\"ListItem\",\"position\":1,\"name\":\"Hem\",\"item\":\"https:\\\/\\\/faktumonline.com\\\/da\\\/\"},{\"@type\":\"ListItem\",\"position\":2,\"name\":\"Webshop\",\"item\":\"https:\\\/\\\/faktumonline.com\\\/webshop\\\/\"},{\"@type\":\"ListItem\",\"position\":3,\"name\":\"Pearl White Farvepr\u00f8ve\"}]},{\"@type\":\"WebSite\",\"@id\":\"https:\\\/\\\/faktumonline.com\\\/da\\\/#website\",\"url\":\"https:\\\/\\\/faktumonline.com\\\/da\\\/\",\"name\":\"Faktum Online Store\",\"description\":\"Premium doors for IKEA kitchens\",\"potentialAction\":[{\"@type\":\"SearchAction\",\"target\":{\"@type\":\"EntryPoint\",\"urlTemplate\":\"https:\\\/\\\/faktumonline.com\\\/da\\\/?s={search_term_string}\"},\"query-input\":{\"@type\":\"PropertyValueSpecification\",\"valueRequired\":true,\"valueName\":\"search_term_string\"}}],\"inLanguage\":\"da-DK\"}]}<\/script>\n<!-- \/ Yoast SEO Premium plugin. -->","yoast_head_json":{"title":"Pearl White Farvepr\u00f8ve - Faktum Online Store","robots":{"index":"index","follow":"follow","max-snippet":"max-snippet:-1","max-image-preview":"max-image-preview:large","max-video-preview":"max-video-preview:-1"},"canonical":"https:\/\/faktumonline.com\/da\/vare\/pearl-white-farveprove\/","og_locale":"da_DK","og_type":"article","og_title":"Pearl White Farvepr\u00f8ve","og_description":"Dette er en farvepr\u00f8ve. S\u00e6t kryds ved \"Tilf\u00f8j \u200b\u200bi kurv\" for at bestille pr\u00f8ven, som repr\u00e6senterer det f\u00e6rdige produkt i den \u00f8nskede farve i vores Premium MDF kvalitet. Lavet i omtrent samme st\u00f8rrelse som en h\u00f8j skuffefront.  Afh\u00e6ngigt af de individuelle indstillinger p\u00e5 din computersk\u00e6rm (telefon eller tablet osv.), kan farve, glans og finish se lidt anderledes ud i det virkelige liv og under lysforholdene i dit eget k\u00f8kken. Betragt venligst disse billeder kun som en grov guide.","og_url":"https:\/\/faktumonline.com\/da\/vare\/pearl-white-farveprove\/","og_site_name":"Faktum Online Store","article_modified_time":"2023-02-05T18:30:01+00:00","og_image":[{"width":354,"height":510,"url":"https:\/\/faktumonline.com\/wp-content\/uploads\/2023\/01\/Pearl-White-UN5301.jpg","type":"image\/jpeg"}],"twitter_card":"summary_large_image","schema":{"@context":"https:\/\/schema.org","@graph":[{"@type":"WebPage","@id":"https:\/\/faktumonline.com\/da\/vare\/pearl-white-farveprove\/","url":"https:\/\/faktumonline.com\/da\/vare\/pearl-white-farveprove\/","name":"Pearl White Farvepr\u00f8ve - Faktum Online Store","isPartOf":{"@id":"https:\/\/faktumonline.com\/da\/#website"},"primaryImageOfPage":{"@id":"https:\/\/faktumonline.com\/da\/vare\/pearl-white-farveprove\/#primaryimage"},"image":{"@id":"https:\/\/faktumonline.com\/da\/vare\/pearl-white-farveprove\/#primaryimage"},"thumbnailUrl":"https:\/\/faktumonline.com\/wp-content\/uploads\/2023\/01\/Pearl-White-UN5301.jpg","datePublished":"2023-02-05T18:24:03+00:00","dateModified":"2023-02-05T18:30:01+00:00","breadcrumb":{"@id":"https:\/\/faktumonline.com\/da\/vare\/pearl-white-farveprove\/#breadcrumb"},"inLanguage":"da-DK","potentialAction":[{"@type":"ReadAction","target":["https:\/\/faktumonline.com\/da\/vare\/pearl-white-farveprove\/"]}]},{"@type":"ImageObject","inLanguage":"da-DK","@id":"https:\/\/faktumonline.com\/da\/vare\/pearl-white-farveprove\/#primaryimage","url":"https:\/\/faktumonline.com\/wp-content\/uploads\/2023\/01\/Pearl-White-UN5301.jpg","contentUrl":"https:\/\/faktumonline.com\/wp-content\/uploads\/2023\/01\/Pearl-White-UN5301.jpg","width":354,"height":510},{"@type":"BreadcrumbList","@id":"https:\/\/faktumonline.com\/da\/vare\/pearl-white-farveprove\/#breadcrumb","itemListElement":[{"@type":"ListItem","position":1,"name":"Hem","item":"https:\/\/faktumonline.com\/da\/"},{"@type":"ListItem","position":2,"name":"Webshop","item":"https:\/\/faktumonline.com\/webshop\/"},{"@type":"ListItem","position":3,"name":"Pearl White Farvepr\u00f8ve"}]},{"@type":"WebSite","@id":"https:\/\/faktumonline.com\/da\/#website","url":"https:\/\/faktumonline.com\/da\/","name":"Faktum Online Store","description":"Premium doors for IKEA kitchens","potentialAction":[{"@type":"SearchAction","target":{"@type":"EntryPoint","urlTemplate":"https:\/\/faktumonline.com\/da\/?s={search_term_string}"},"query-input":{"@type":"PropertyValueSpecification","valueRequired":true,"valueName":"search_term_string"}}],"inLanguage":"da-DK"}]}},"_links":{"self":[{"href":"https:\/\/faktumonline.com\/da\/wp-json\/wp\/v2\/product\/85293","targetHints":{"allow":["GET"]}}],"collection":[{"href":"https:\/\/faktumonline.com\/da\/wp-json\/wp\/v2\/product"}],"about":[{"href":"https:\/\/faktumonline.com\/da\/wp-json\/wp\/v2\/types\/product"}],"version-history":[{"count":2,"href":"https:\/\/faktumonline.com\/da\/wp-json\/wp\/v2\/product\/85293\/revisions"}],"predecessor-version":[{"id":85302,"href":"https:\/\/faktumonline.com\/da\/wp-json\/wp\/v2\/product\/85293\/revisions\/85302"}],"wp:featuredmedia":[{"embeddable":true,"href":"https:\/\/faktumonline.com\/da\/wp-json\/wp\/v2\/media\/84757"}],"wp:attachment":[{"href":"https:\/\/faktumonline.com\/da\/wp-json\/wp\/v2\/media?parent=85293"}],"wp:term":[{"taxonomy":"product_brand","embeddable":true,"href":"https:\/\/faktumonline.com\/da\/wp-json\/wp\/v2\/product_brand?post=85293"},{"taxonomy":"product_cat","embeddable":true,"href":"https:\/\/faktumonline.com\/da\/wp-json\/wp\/v2\/product_cat?post=85293"},{"taxonomy":"product_tag","embeddable":true,"href":"https:\/\/faktumonline.com\/da\/wp-json\/wp\/v2\/product_tag?post=85293"}],"curies":[{"name":"wp","href":"https:\/\/api.w.org\/{rel}","templated":true}]}}