{"id":80885,"date":"2020-08-02T20:37:57","date_gmt":"2020-08-02T19:37:57","guid":{"rendered":"https:\/\/faktumonline.com\/product\/vaegskabshylder-2x-80x35\/"},"modified":"2020-08-02T20:37:57","modified_gmt":"2020-08-02T19:37:57","slug":"vaegskabshylder-2x-80x35","status":"publish","type":"product","link":"https:\/\/faktumonline.com\/da\/vare\/vaegskabshylder-2x-80x35\/","title":{"rendered":"V\u00e6gskabshylder 2x 80\u00d735"},"content":{"rendered":"","protected":false},"excerpt":{"rendered":"<p>2 hylder. Passer inde i et 80 cm bredt og 35,5 cm dybt IKEA Faktum v\u00e6gskab.<\/p>\n<p>Vi anbefaler 2 hylder til et 70 cm h\u00f8jt v\u00e6gskab<br \/>\nVi anbefaler 3 hylder til et 92 cm h\u00f8jt v\u00e6gskab<\/p>\n","protected":false},"featured_media":69928,"template":"","meta":[],"product_brand":[],"product_cat":[1441],"product_tag":[],"class_list":{"0":"post-80885","1":"product","2":"type-product","3":"status-publish","4":"has-post-thumbnail","6":"product_cat-vaegskabshylder-2x","7":"product_shipping_class-frakt-59-da","8":"sales-flash-overlay","9":"woocommerce-text-align-center","10":"woocommerce-image-align-center","12":"first","13":"instock","14":"taxable","15":"shipping-taxable","16":"purchasable","17":"product-type-simple"},"exclude_global_add_ons":[],"addons":[],"yoast_head":"<!-- This site is optimized with the Yoast SEO Premium plugin v27.4 (Yoast SEO v27.4) - https:\/\/yoast.com\/product\/yoast-seo-premium-wordpress\/ -->\n<title>V\u00e6gskabshylder 2x 80\u00d735 - Faktum Online Store<\/title>\n<meta name=\"robots\" content=\"index, follow, max-snippet:-1, max-image-preview:large, max-video-preview:-1\" \/>\n<link rel=\"canonical\" href=\"https:\/\/faktumonline.com\/da\/vare\/vaegskabshylder-2x-80x35\/\" \/>\n<meta property=\"og:locale\" content=\"da_DK\" \/>\n<meta property=\"og:type\" content=\"article\" \/>\n<meta property=\"og:title\" content=\"V\u00e6gskabshylder 2x 80\u00d735\" \/>\n<meta property=\"og:description\" content=\"2 hylder. Passer inde i et 80 cm bredt og 35,5 cm dybt IKEA Faktum v\u00e6gskab.  Vi anbefaler 2 hylder til et 70 cm h\u00f8jt v\u00e6gskab Vi anbefaler 3 hylder til et 92 cm h\u00f8jt v\u00e6gskab\" \/>\n<meta property=\"og:url\" content=\"https:\/\/faktumonline.com\/da\/vare\/vaegskabshylder-2x-80x35\/\" \/>\n<meta property=\"og:site_name\" content=\"Faktum Online Store\" \/>\n<meta property=\"og:image\" content=\"https:\/\/faktumonline.com\/wp-content\/uploads\/2020\/08\/Shelves-IKEA-Faktum-cabinets.jpg\" \/>\n\t<meta property=\"og:image:width\" content=\"1200\" \/>\n\t<meta property=\"og:image:height\" content=\"1075\" \/>\n\t<meta property=\"og:image:type\" content=\"image\/jpeg\" \/>\n<meta name=\"twitter:card\" content=\"summary_large_image\" \/>\n<script type=\"application\/ld+json\" class=\"yoast-schema-graph\">{\"@context\":\"https:\\\/\\\/schema.org\",\"@graph\":[{\"@type\":\"WebPage\",\"@id\":\"https:\\\/\\\/faktumonline.com\\\/da\\\/vare\\\/vaegskabshylder-2x-80x35\\\/\",\"url\":\"https:\\\/\\\/faktumonline.com\\\/da\\\/vare\\\/vaegskabshylder-2x-80x35\\\/\",\"name\":\"V\u00e6gskabshylder 2x 80\u00d735 - Faktum Online Store\",\"isPartOf\":{\"@id\":\"https:\\\/\\\/faktumonline.com\\\/da\\\/#website\"},\"primaryImageOfPage\":{\"@id\":\"https:\\\/\\\/faktumonline.com\\\/da\\\/vare\\\/vaegskabshylder-2x-80x35\\\/#primaryimage\"},\"image\":{\"@id\":\"https:\\\/\\\/faktumonline.com\\\/da\\\/vare\\\/vaegskabshylder-2x-80x35\\\/#primaryimage\"},\"thumbnailUrl\":\"https:\\\/\\\/faktumonline.com\\\/wp-content\\\/uploads\\\/2020\\\/08\\\/Shelves-IKEA-Faktum-cabinets.jpg\",\"datePublished\":\"2020-08-02T19:37:57+00:00\",\"breadcrumb\":{\"@id\":\"https:\\\/\\\/faktumonline.com\\\/da\\\/vare\\\/vaegskabshylder-2x-80x35\\\/#breadcrumb\"},\"inLanguage\":\"da-DK\",\"potentialAction\":[{\"@type\":\"ReadAction\",\"target\":[\"https:\\\/\\\/faktumonline.com\\\/da\\\/vare\\\/vaegskabshylder-2x-80x35\\\/\"]}]},{\"@type\":\"ImageObject\",\"inLanguage\":\"da-DK\",\"@id\":\"https:\\\/\\\/faktumonline.com\\\/da\\\/vare\\\/vaegskabshylder-2x-80x35\\\/#primaryimage\",\"url\":\"https:\\\/\\\/faktumonline.com\\\/wp-content\\\/uploads\\\/2020\\\/08\\\/Shelves-IKEA-Faktum-cabinets.jpg\",\"contentUrl\":\"https:\\\/\\\/faktumonline.com\\\/wp-content\\\/uploads\\\/2020\\\/08\\\/Shelves-IKEA-Faktum-cabinets.jpg\",\"width\":1200,\"height\":1075},{\"@type\":\"BreadcrumbList\",\"@id\":\"https:\\\/\\\/faktumonline.com\\\/da\\\/vare\\\/vaegskabshylder-2x-80x35\\\/#breadcrumb\",\"itemListElement\":[{\"@type\":\"ListItem\",\"position\":1,\"name\":\"Hem\",\"item\":\"https:\\\/\\\/faktumonline.com\\\/da\\\/\"},{\"@type\":\"ListItem\",\"position\":2,\"name\":\"Webshop\",\"item\":\"https:\\\/\\\/faktumonline.com\\\/webshop\\\/\"},{\"@type\":\"ListItem\",\"position\":3,\"name\":\"V\u00e6gskabshylder 2x 80\u00d735\"}]},{\"@type\":\"WebSite\",\"@id\":\"https:\\\/\\\/faktumonline.com\\\/da\\\/#website\",\"url\":\"https:\\\/\\\/faktumonline.com\\\/da\\\/\",\"name\":\"Faktum Online Store\",\"description\":\"Premium doors for IKEA kitchens\",\"potentialAction\":[{\"@type\":\"SearchAction\",\"target\":{\"@type\":\"EntryPoint\",\"urlTemplate\":\"https:\\\/\\\/faktumonline.com\\\/da\\\/?s={search_term_string}\"},\"query-input\":{\"@type\":\"PropertyValueSpecification\",\"valueRequired\":true,\"valueName\":\"search_term_string\"}}],\"inLanguage\":\"da-DK\"}]}<\/script>\n<!-- \/ Yoast SEO Premium plugin. -->","yoast_head_json":{"title":"V\u00e6gskabshylder 2x 80\u00d735 - Faktum Online Store","robots":{"index":"index","follow":"follow","max-snippet":"max-snippet:-1","max-image-preview":"max-image-preview:large","max-video-preview":"max-video-preview:-1"},"canonical":"https:\/\/faktumonline.com\/da\/vare\/vaegskabshylder-2x-80x35\/","og_locale":"da_DK","og_type":"article","og_title":"V\u00e6gskabshylder 2x 80\u00d735","og_description":"2 hylder. Passer inde i et 80 cm bredt og 35,5 cm dybt IKEA Faktum v\u00e6gskab.  Vi anbefaler 2 hylder til et 70 cm h\u00f8jt v\u00e6gskab Vi anbefaler 3 hylder til et 92 cm h\u00f8jt v\u00e6gskab","og_url":"https:\/\/faktumonline.com\/da\/vare\/vaegskabshylder-2x-80x35\/","og_site_name":"Faktum Online Store","og_image":[{"width":1200,"height":1075,"url":"https:\/\/faktumonline.com\/wp-content\/uploads\/2020\/08\/Shelves-IKEA-Faktum-cabinets.jpg","type":"image\/jpeg"}],"twitter_card":"summary_large_image","schema":{"@context":"https:\/\/schema.org","@graph":[{"@type":"WebPage","@id":"https:\/\/faktumonline.com\/da\/vare\/vaegskabshylder-2x-80x35\/","url":"https:\/\/faktumonline.com\/da\/vare\/vaegskabshylder-2x-80x35\/","name":"V\u00e6gskabshylder 2x 80\u00d735 - Faktum Online Store","isPartOf":{"@id":"https:\/\/faktumonline.com\/da\/#website"},"primaryImageOfPage":{"@id":"https:\/\/faktumonline.com\/da\/vare\/vaegskabshylder-2x-80x35\/#primaryimage"},"image":{"@id":"https:\/\/faktumonline.com\/da\/vare\/vaegskabshylder-2x-80x35\/#primaryimage"},"thumbnailUrl":"https:\/\/faktumonline.com\/wp-content\/uploads\/2020\/08\/Shelves-IKEA-Faktum-cabinets.jpg","datePublished":"2020-08-02T19:37:57+00:00","breadcrumb":{"@id":"https:\/\/faktumonline.com\/da\/vare\/vaegskabshylder-2x-80x35\/#breadcrumb"},"inLanguage":"da-DK","potentialAction":[{"@type":"ReadAction","target":["https:\/\/faktumonline.com\/da\/vare\/vaegskabshylder-2x-80x35\/"]}]},{"@type":"ImageObject","inLanguage":"da-DK","@id":"https:\/\/faktumonline.com\/da\/vare\/vaegskabshylder-2x-80x35\/#primaryimage","url":"https:\/\/faktumonline.com\/wp-content\/uploads\/2020\/08\/Shelves-IKEA-Faktum-cabinets.jpg","contentUrl":"https:\/\/faktumonline.com\/wp-content\/uploads\/2020\/08\/Shelves-IKEA-Faktum-cabinets.jpg","width":1200,"height":1075},{"@type":"BreadcrumbList","@id":"https:\/\/faktumonline.com\/da\/vare\/vaegskabshylder-2x-80x35\/#breadcrumb","itemListElement":[{"@type":"ListItem","position":1,"name":"Hem","item":"https:\/\/faktumonline.com\/da\/"},{"@type":"ListItem","position":2,"name":"Webshop","item":"https:\/\/faktumonline.com\/webshop\/"},{"@type":"ListItem","position":3,"name":"V\u00e6gskabshylder 2x 80\u00d735"}]},{"@type":"WebSite","@id":"https:\/\/faktumonline.com\/da\/#website","url":"https:\/\/faktumonline.com\/da\/","name":"Faktum Online Store","description":"Premium doors for IKEA kitchens","potentialAction":[{"@type":"SearchAction","target":{"@type":"EntryPoint","urlTemplate":"https:\/\/faktumonline.com\/da\/?s={search_term_string}"},"query-input":{"@type":"PropertyValueSpecification","valueRequired":true,"valueName":"search_term_string"}}],"inLanguage":"da-DK"}]}},"_links":{"self":[{"href":"https:\/\/faktumonline.com\/da\/wp-json\/wp\/v2\/product\/80885","targetHints":{"allow":["GET"]}}],"collection":[{"href":"https:\/\/faktumonline.com\/da\/wp-json\/wp\/v2\/product"}],"about":[{"href":"https:\/\/faktumonline.com\/da\/wp-json\/wp\/v2\/types\/product"}],"version-history":[{"count":0,"href":"https:\/\/faktumonline.com\/da\/wp-json\/wp\/v2\/product\/80885\/revisions"}],"wp:featuredmedia":[{"embeddable":true,"href":"https:\/\/faktumonline.com\/da\/wp-json\/wp\/v2\/media\/69928"}],"wp:attachment":[{"href":"https:\/\/faktumonline.com\/da\/wp-json\/wp\/v2\/media?parent=80885"}],"wp:term":[{"taxonomy":"product_brand","embeddable":true,"href":"https:\/\/faktumonline.com\/da\/wp-json\/wp\/v2\/product_brand?post=80885"},{"taxonomy":"product_cat","embeddable":true,"href":"https:\/\/faktumonline.com\/da\/wp-json\/wp\/v2\/product_cat?post=80885"},{"taxonomy":"product_tag","embeddable":true,"href":"https:\/\/faktumonline.com\/da\/wp-json\/wp\/v2\/product_tag?post=80885"}],"curies":[{"name":"wp","href":"https:\/\/api.w.org\/{rel}","templated":true}]}}