{"id":74601,"date":"2019-08-10T18:41:34","date_gmt":"2019-08-10T17:41:34","guid":{"rendered":"https:\/\/faktumonline.com\/product\/underskab-50x70\/"},"modified":"2019-08-10T18:41:34","modified_gmt":"2019-08-10T17:41:34","slug":"underskab-50x70","status":"publish","type":"product","link":"https:\/\/faktumonline.com\/da\/vare\/underskab-50x70\/","title":{"rendered":"Underskab 50\u00d770"},"content":{"rendered":"<p>50 x 70 x\u00a0 58 cm<\/p>\n","protected":false},"excerpt":{"rendered":"<p>Dette er et korpus, et underskab til IKEA Faktum k\u00f8kkener. Bredde 50 cm, h\u00f8jde 70 cm og dybde 58 cm. Uanset den valgte farve til fronterne, er det fremstillet i &#8220;standard hvid&#8221;. Korpus kan bestilles enkeltvis eller sammen med nogle af nedenst\u00e5ende tilbeh\u00f8r.<\/p>\n","protected":false},"featured_media":124039,"template":"","meta":[],"product_brand":[],"product_cat":[1311],"product_tag":[],"class_list":{"0":"post-74601","1":"product","2":"type-product","3":"status-publish","4":"has-post-thumbnail","6":"product_cat-underskabe","7":"sales-flash-overlay","8":"woocommerce-text-align-center","9":"woocommerce-image-align-center","11":"first","12":"instock","13":"taxable","14":"shipping-taxable","15":"purchasable","16":"product-type-simple"},"exclude_global_add_ons":[],"addons":[],"yoast_head":"<!-- This site is optimized with the Yoast SEO Premium plugin v27.4 (Yoast SEO v27.4) - https:\/\/yoast.com\/product\/yoast-seo-premium-wordpress\/ -->\n<title>Underskab 50\u00d770 - Faktum Online Store<\/title>\n<meta name=\"robots\" content=\"index, follow, max-snippet:-1, max-image-preview:large, max-video-preview:-1\" \/>\n<link rel=\"canonical\" href=\"https:\/\/faktumonline.com\/da\/vare\/underskab-50x70\/\" \/>\n<meta property=\"og:locale\" content=\"da_DK\" \/>\n<meta property=\"og:type\" content=\"article\" \/>\n<meta property=\"og:title\" content=\"Underskab 50\u00d770\" \/>\n<meta property=\"og:description\" content=\"Dette er et korpus, et underskab til IKEA Faktum k\u00f8kkener. Bredde 50 cm, h\u00f8jde 70 cm og dybde 58 cm. Uanset den valgte farve til fronterne, er det fremstillet i &quot;standard hvid&quot;. Korpus kan bestilles enkeltvis eller sammen med nogle af nedenst\u00e5ende tilbeh\u00f8r.\" \/>\n<meta property=\"og:url\" content=\"https:\/\/faktumonline.com\/da\/vare\/underskab-50x70\/\" \/>\n<meta property=\"og:site_name\" content=\"Faktum Online Store\" \/>\n<meta property=\"og:image\" content=\"https:\/\/faktumonline.com\/wp-content\/uploads\/2019\/08\/Base-Cabinet-50x70-1.png\" \/>\n\t<meta property=\"og:image:width\" content=\"510\" \/>\n\t<meta property=\"og:image:height\" content=\"825\" \/>\n\t<meta property=\"og:image:type\" content=\"image\/png\" \/>\n<meta name=\"twitter:card\" content=\"summary_large_image\" \/>\n<script type=\"application\/ld+json\" class=\"yoast-schema-graph\">{\"@context\":\"https:\\\/\\\/schema.org\",\"@graph\":[{\"@type\":\"WebPage\",\"@id\":\"https:\\\/\\\/faktumonline.com\\\/da\\\/vare\\\/underskab-50x70\\\/\",\"url\":\"https:\\\/\\\/faktumonline.com\\\/da\\\/vare\\\/underskab-50x70\\\/\",\"name\":\"Underskab 50\u00d770 - Faktum Online Store\",\"isPartOf\":{\"@id\":\"https:\\\/\\\/faktumonline.com\\\/da\\\/#website\"},\"primaryImageOfPage\":{\"@id\":\"https:\\\/\\\/faktumonline.com\\\/da\\\/vare\\\/underskab-50x70\\\/#primaryimage\"},\"image\":{\"@id\":\"https:\\\/\\\/faktumonline.com\\\/da\\\/vare\\\/underskab-50x70\\\/#primaryimage\"},\"thumbnailUrl\":\"https:\\\/\\\/faktumonline.com\\\/wp-content\\\/uploads\\\/2019\\\/08\\\/Base-Cabinet-50x70-1.png\",\"datePublished\":\"2019-08-10T17:41:34+00:00\",\"breadcrumb\":{\"@id\":\"https:\\\/\\\/faktumonline.com\\\/da\\\/vare\\\/underskab-50x70\\\/#breadcrumb\"},\"inLanguage\":\"da-DK\",\"potentialAction\":[{\"@type\":\"ReadAction\",\"target\":[\"https:\\\/\\\/faktumonline.com\\\/da\\\/vare\\\/underskab-50x70\\\/\"]}]},{\"@type\":\"ImageObject\",\"inLanguage\":\"da-DK\",\"@id\":\"https:\\\/\\\/faktumonline.com\\\/da\\\/vare\\\/underskab-50x70\\\/#primaryimage\",\"url\":\"https:\\\/\\\/faktumonline.com\\\/wp-content\\\/uploads\\\/2019\\\/08\\\/Base-Cabinet-50x70-1.png\",\"contentUrl\":\"https:\\\/\\\/faktumonline.com\\\/wp-content\\\/uploads\\\/2019\\\/08\\\/Base-Cabinet-50x70-1.png\",\"width\":510,\"height\":825,\"caption\":\"IKEA Faktum Base Cabinet 50x70\"},{\"@type\":\"BreadcrumbList\",\"@id\":\"https:\\\/\\\/faktumonline.com\\\/da\\\/vare\\\/underskab-50x70\\\/#breadcrumb\",\"itemListElement\":[{\"@type\":\"ListItem\",\"position\":1,\"name\":\"Hem\",\"item\":\"https:\\\/\\\/faktumonline.com\\\/da\\\/\"},{\"@type\":\"ListItem\",\"position\":2,\"name\":\"Webshop\",\"item\":\"https:\\\/\\\/faktumonline.com\\\/webshop\\\/\"},{\"@type\":\"ListItem\",\"position\":3,\"name\":\"Underskab 50\u00d770\"}]},{\"@type\":\"WebSite\",\"@id\":\"https:\\\/\\\/faktumonline.com\\\/da\\\/#website\",\"url\":\"https:\\\/\\\/faktumonline.com\\\/da\\\/\",\"name\":\"Faktum Online Store\",\"description\":\"Premium doors for IKEA kitchens\",\"potentialAction\":[{\"@type\":\"SearchAction\",\"target\":{\"@type\":\"EntryPoint\",\"urlTemplate\":\"https:\\\/\\\/faktumonline.com\\\/da\\\/?s={search_term_string}\"},\"query-input\":{\"@type\":\"PropertyValueSpecification\",\"valueRequired\":true,\"valueName\":\"search_term_string\"}}],\"inLanguage\":\"da-DK\"}]}<\/script>\n<!-- \/ Yoast SEO Premium plugin. -->","yoast_head_json":{"title":"Underskab 50\u00d770 - Faktum Online Store","robots":{"index":"index","follow":"follow","max-snippet":"max-snippet:-1","max-image-preview":"max-image-preview:large","max-video-preview":"max-video-preview:-1"},"canonical":"https:\/\/faktumonline.com\/da\/vare\/underskab-50x70\/","og_locale":"da_DK","og_type":"article","og_title":"Underskab 50\u00d770","og_description":"Dette er et korpus, et underskab til IKEA Faktum k\u00f8kkener. Bredde 50 cm, h\u00f8jde 70 cm og dybde 58 cm. Uanset den valgte farve til fronterne, er det fremstillet i \"standard hvid\". Korpus kan bestilles enkeltvis eller sammen med nogle af nedenst\u00e5ende tilbeh\u00f8r.","og_url":"https:\/\/faktumonline.com\/da\/vare\/underskab-50x70\/","og_site_name":"Faktum Online Store","og_image":[{"width":510,"height":825,"url":"https:\/\/faktumonline.com\/wp-content\/uploads\/2019\/08\/Base-Cabinet-50x70-1.png","type":"image\/png"}],"twitter_card":"summary_large_image","schema":{"@context":"https:\/\/schema.org","@graph":[{"@type":"WebPage","@id":"https:\/\/faktumonline.com\/da\/vare\/underskab-50x70\/","url":"https:\/\/faktumonline.com\/da\/vare\/underskab-50x70\/","name":"Underskab 50\u00d770 - Faktum Online Store","isPartOf":{"@id":"https:\/\/faktumonline.com\/da\/#website"},"primaryImageOfPage":{"@id":"https:\/\/faktumonline.com\/da\/vare\/underskab-50x70\/#primaryimage"},"image":{"@id":"https:\/\/faktumonline.com\/da\/vare\/underskab-50x70\/#primaryimage"},"thumbnailUrl":"https:\/\/faktumonline.com\/wp-content\/uploads\/2019\/08\/Base-Cabinet-50x70-1.png","datePublished":"2019-08-10T17:41:34+00:00","breadcrumb":{"@id":"https:\/\/faktumonline.com\/da\/vare\/underskab-50x70\/#breadcrumb"},"inLanguage":"da-DK","potentialAction":[{"@type":"ReadAction","target":["https:\/\/faktumonline.com\/da\/vare\/underskab-50x70\/"]}]},{"@type":"ImageObject","inLanguage":"da-DK","@id":"https:\/\/faktumonline.com\/da\/vare\/underskab-50x70\/#primaryimage","url":"https:\/\/faktumonline.com\/wp-content\/uploads\/2019\/08\/Base-Cabinet-50x70-1.png","contentUrl":"https:\/\/faktumonline.com\/wp-content\/uploads\/2019\/08\/Base-Cabinet-50x70-1.png","width":510,"height":825,"caption":"IKEA Faktum Base Cabinet 50x70"},{"@type":"BreadcrumbList","@id":"https:\/\/faktumonline.com\/da\/vare\/underskab-50x70\/#breadcrumb","itemListElement":[{"@type":"ListItem","position":1,"name":"Hem","item":"https:\/\/faktumonline.com\/da\/"},{"@type":"ListItem","position":2,"name":"Webshop","item":"https:\/\/faktumonline.com\/webshop\/"},{"@type":"ListItem","position":3,"name":"Underskab 50\u00d770"}]},{"@type":"WebSite","@id":"https:\/\/faktumonline.com\/da\/#website","url":"https:\/\/faktumonline.com\/da\/","name":"Faktum Online Store","description":"Premium doors for IKEA kitchens","potentialAction":[{"@type":"SearchAction","target":{"@type":"EntryPoint","urlTemplate":"https:\/\/faktumonline.com\/da\/?s={search_term_string}"},"query-input":{"@type":"PropertyValueSpecification","valueRequired":true,"valueName":"search_term_string"}}],"inLanguage":"da-DK"}]}},"_links":{"self":[{"href":"https:\/\/faktumonline.com\/da\/wp-json\/wp\/v2\/product\/74601","targetHints":{"allow":["GET"]}}],"collection":[{"href":"https:\/\/faktumonline.com\/da\/wp-json\/wp\/v2\/product"}],"about":[{"href":"https:\/\/faktumonline.com\/da\/wp-json\/wp\/v2\/types\/product"}],"version-history":[{"count":0,"href":"https:\/\/faktumonline.com\/da\/wp-json\/wp\/v2\/product\/74601\/revisions"}],"wp:featuredmedia":[{"embeddable":true,"href":"https:\/\/faktumonline.com\/da\/wp-json\/wp\/v2\/media\/124039"}],"wp:attachment":[{"href":"https:\/\/faktumonline.com\/da\/wp-json\/wp\/v2\/media?parent=74601"}],"wp:term":[{"taxonomy":"product_brand","embeddable":true,"href":"https:\/\/faktumonline.com\/da\/wp-json\/wp\/v2\/product_brand?post=74601"},{"taxonomy":"product_cat","embeddable":true,"href":"https:\/\/faktumonline.com\/da\/wp-json\/wp\/v2\/product_cat?post=74601"},{"taxonomy":"product_tag","embeddable":true,"href":"https:\/\/faktumonline.com\/da\/wp-json\/wp\/v2\/product_tag?post=74601"}],"curies":[{"name":"wp","href":"https:\/\/api.w.org\/{rel}","templated":true}]}}