{"id":74553,"date":"2020-04-18T21:03:48","date_gmt":"2020-04-18T20:03:48","guid":{"rendered":"https:\/\/faktumonline.com\/product\/haevemekanisme-til-overhaengende-vandrette-lage\/"},"modified":"2022-06-30T22:21:32","modified_gmt":"2022-06-30T21:21:32","slug":"haevemekanisme-til-overhaengende-vandrette-lage","status":"publish","type":"product","link":"https:\/\/faktumonline.com\/da\/vare\/haevemekanisme-til-overhaengende-vandrette-lage\/","title":{"rendered":"H\u00e6vemekanisme til overh\u00e6ngende\/vandrette l\u00e5ge 1x"},"content":{"rendered":"","protected":false},"excerpt":{"rendered":"<p>Denne pop-up mekanisme sikrer, at din l\u00e5ge eller vandrette l\u00e5ge forbliver \u00e5ben. Beslag medf\u00f8lger. Normalt kr\u00e6ves der kun \u00e9n l\u00f8ftemekanisme pr. klap eller vandret l\u00e5ge.<\/p>\n<p>H\u00e6ngsler s\u00e6lges separat. S\u00e6t venligst kryds nedenfor for at tilf\u00f8je en pakke med 2x h\u00e6ngsler + 2x monteringsplader pr. h\u00e6vemekanisme til en reduceret pris i forhold til at bestille dem individuelt.<\/p>\n","protected":false},"featured_media":65931,"template":"","meta":[],"product_brand":[],"product_cat":[1310],"product_tag":[],"class_list":{"0":"post-74553","1":"product","2":"type-product","3":"status-publish","4":"has-post-thumbnail","6":"product_cat-speciel-faktum-haengsler","7":"product_shipping_class-forsendelse-handtering","8":"sales-flash-overlay","9":"woocommerce-text-align-center","10":"woocommerce-image-align-center","12":"first","13":"instock","14":"taxable","15":"shipping-taxable","16":"purchasable","17":"product-type-simple"},"exclude_global_add_ons":true,"addons":[{"name":"Tilbeh\u00f8r","type":"checkbox","position":0,"required":false,"title_format":"hide","default":"","description_enable":true,"description":"","placeholder_enable":false,"placeholder":"","display":"select","restrictions_type":"any_text","adjust_price":false,"price":"","price_type":"flat_fee","restrictions":false,"min":"0","max":"0","options":[{"label":"2x h\u00e6ngsler + 2x monteringsplader","price":"21","price_type":"quantity_based","image":0}]}],"yoast_head":"<!-- This site is optimized with the Yoast SEO Premium plugin v27.0 (Yoast SEO v27.0) - https:\/\/yoast.com\/product\/yoast-seo-premium-wordpress\/ -->\n<title>H\u00e6vemekanisme til overh\u00e6ngende\/vandrette l\u00e5ge 1x - Faktum Online Store<\/title>\n<meta name=\"robots\" content=\"index, follow, max-snippet:-1, max-image-preview:large, max-video-preview:-1\" \/>\n<link rel=\"canonical\" href=\"https:\/\/faktumonline.com\/da\/vare\/haevemekanisme-til-overhaengende-vandrette-lage\/\" \/>\n<meta property=\"og:locale\" content=\"da_DK\" \/>\n<meta property=\"og:type\" content=\"article\" \/>\n<meta property=\"og:title\" content=\"H\u00e6vemekanisme til overh\u00e6ngende\/vandrette l\u00e5ge 1x\" \/>\n<meta property=\"og:description\" content=\"Denne pop-up mekanisme sikrer, at din l\u00e5ge eller vandrette l\u00e5ge forbliver \u00e5ben. Beslag medf\u00f8lger. Normalt kr\u00e6ves der kun \u00e9n l\u00f8ftemekanisme pr. klap eller vandret l\u00e5ge.  H\u00e6ngsler s\u00e6lges separat. S\u00e6t venligst kryds nedenfor for at tilf\u00f8je en pakke med 2x h\u00e6ngsler + 2x monteringsplader pr. h\u00e6vemekanisme til en reduceret pris i forhold til at bestille dem individuelt.\" \/>\n<meta property=\"og:url\" content=\"https:\/\/faktumonline.com\/da\/vare\/haevemekanisme-til-overhaengende-vandrette-lage\/\" \/>\n<meta property=\"og:site_name\" content=\"Faktum Online Store\" \/>\n<meta property=\"article:modified_time\" content=\"2022-06-30T21:21:32+00:00\" \/>\n<meta property=\"og:image\" content=\"https:\/\/faktumonline.com\/wp-content\/uploads\/2020\/04\/Steglo\u0308st-stag-fo\u0308r-o\u0308verha\u0308ngd-lucka_besk.jpg\" \/>\n\t<meta property=\"og:image:width\" content=\"1758\" \/>\n\t<meta property=\"og:image:height\" content=\"1810\" \/>\n\t<meta property=\"og:image:type\" content=\"image\/jpeg\" \/>\n<meta name=\"twitter:card\" content=\"summary_large_image\" \/>\n<script type=\"application\/ld+json\" class=\"yoast-schema-graph\">{\"@context\":\"https:\/\/schema.org\",\"@graph\":[{\"@type\":\"WebPage\",\"@id\":\"https:\/\/faktumonline.com\/da\/vare\/haevemekanisme-til-overhaengende-vandrette-lage\/\",\"url\":\"https:\/\/faktumonline.com\/da\/vare\/haevemekanisme-til-overhaengende-vandrette-lage\/\",\"name\":\"H\u00e6vemekanisme til overh\u00e6ngende\/vandrette l\u00e5ge 1x - Faktum Online Store\",\"isPartOf\":{\"@id\":\"https:\/\/faktumonline.com\/da\/#website\"},\"primaryImageOfPage\":{\"@id\":\"https:\/\/faktumonline.com\/da\/vare\/haevemekanisme-til-overhaengende-vandrette-lage\/#primaryimage\"},\"image\":{\"@id\":\"https:\/\/faktumonline.com\/da\/vare\/haevemekanisme-til-overhaengende-vandrette-lage\/#primaryimage\"},\"thumbnailUrl\":\"https:\/\/faktumonline.com\/wp-content\/uploads\/2020\/04\/Steglo\u0308st-stag-fo\u0308r-o\u0308verha\u0308ngd-lucka_besk.jpg\",\"datePublished\":\"2020-04-18T20:03:48+00:00\",\"dateModified\":\"2022-06-30T21:21:32+00:00\",\"breadcrumb\":{\"@id\":\"https:\/\/faktumonline.com\/da\/vare\/haevemekanisme-til-overhaengende-vandrette-lage\/#breadcrumb\"},\"inLanguage\":\"da-DK\",\"potentialAction\":[{\"@type\":\"ReadAction\",\"target\":[\"https:\/\/faktumonline.com\/da\/vare\/haevemekanisme-til-overhaengende-vandrette-lage\/\"]}]},{\"@type\":\"ImageObject\",\"inLanguage\":\"da-DK\",\"@id\":\"https:\/\/faktumonline.com\/da\/vare\/haevemekanisme-til-overhaengende-vandrette-lage\/#primaryimage\",\"url\":\"https:\/\/faktumonline.com\/wp-content\/uploads\/2020\/04\/Steglo\u0308st-stag-fo\u0308r-o\u0308verha\u0308ngd-lucka_besk.jpg\",\"contentUrl\":\"https:\/\/faktumonline.com\/wp-content\/uploads\/2020\/04\/Steglo\u0308st-stag-fo\u0308r-o\u0308verha\u0308ngd-lucka_besk.jpg\",\"width\":1758,\"height\":1810,\"caption\":\"Hebemechanismus \\\"Stay Lift\\\" f\u00fcr horizontale IKEA Faktum-T\u00fcr und -Klappen\"},{\"@type\":\"BreadcrumbList\",\"@id\":\"https:\/\/faktumonline.com\/da\/vare\/haevemekanisme-til-overhaengende-vandrette-lage\/#breadcrumb\",\"itemListElement\":[{\"@type\":\"ListItem\",\"position\":1,\"name\":\"Hem\",\"item\":\"https:\/\/faktumonline.com\/da\/\"},{\"@type\":\"ListItem\",\"position\":2,\"name\":\"Webshop\",\"item\":\"https:\/\/faktumonline.com\/webshop\/\"},{\"@type\":\"ListItem\",\"position\":3,\"name\":\"H\u00e6vemekanisme til overh\u00e6ngende\/vandrette l\u00e5ge 1x\"}]},{\"@type\":\"WebSite\",\"@id\":\"https:\/\/faktumonline.com\/da\/#website\",\"url\":\"https:\/\/faktumonline.com\/da\/\",\"name\":\"Faktum Online Store\",\"description\":\"Premium doors for IKEA kitchens\",\"potentialAction\":[{\"@type\":\"SearchAction\",\"target\":{\"@type\":\"EntryPoint\",\"urlTemplate\":\"https:\/\/faktumonline.com\/da\/?s={search_term_string}\"},\"query-input\":{\"@type\":\"PropertyValueSpecification\",\"valueRequired\":true,\"valueName\":\"search_term_string\"}}],\"inLanguage\":\"da-DK\"}]}<\/script>\n<!-- \/ Yoast SEO Premium plugin. -->","yoast_head_json":{"title":"H\u00e6vemekanisme til overh\u00e6ngende\/vandrette l\u00e5ge 1x - Faktum Online Store","robots":{"index":"index","follow":"follow","max-snippet":"max-snippet:-1","max-image-preview":"max-image-preview:large","max-video-preview":"max-video-preview:-1"},"canonical":"https:\/\/faktumonline.com\/da\/vare\/haevemekanisme-til-overhaengende-vandrette-lage\/","og_locale":"da_DK","og_type":"article","og_title":"H\u00e6vemekanisme til overh\u00e6ngende\/vandrette l\u00e5ge 1x","og_description":"Denne pop-up mekanisme sikrer, at din l\u00e5ge eller vandrette l\u00e5ge forbliver \u00e5ben. Beslag medf\u00f8lger. Normalt kr\u00e6ves der kun \u00e9n l\u00f8ftemekanisme pr. klap eller vandret l\u00e5ge.  H\u00e6ngsler s\u00e6lges separat. S\u00e6t venligst kryds nedenfor for at tilf\u00f8je en pakke med 2x h\u00e6ngsler + 2x monteringsplader pr. h\u00e6vemekanisme til en reduceret pris i forhold til at bestille dem individuelt.","og_url":"https:\/\/faktumonline.com\/da\/vare\/haevemekanisme-til-overhaengende-vandrette-lage\/","og_site_name":"Faktum Online Store","article_modified_time":"2022-06-30T21:21:32+00:00","og_image":[{"width":1758,"height":1810,"url":"https:\/\/faktumonline.com\/wp-content\/uploads\/2020\/04\/Steglo\u0308st-stag-fo\u0308r-o\u0308verha\u0308ngd-lucka_besk.jpg","type":"image\/jpeg"}],"twitter_card":"summary_large_image","schema":{"@context":"https:\/\/schema.org","@graph":[{"@type":"WebPage","@id":"https:\/\/faktumonline.com\/da\/vare\/haevemekanisme-til-overhaengende-vandrette-lage\/","url":"https:\/\/faktumonline.com\/da\/vare\/haevemekanisme-til-overhaengende-vandrette-lage\/","name":"H\u00e6vemekanisme til overh\u00e6ngende\/vandrette l\u00e5ge 1x - Faktum Online Store","isPartOf":{"@id":"https:\/\/faktumonline.com\/da\/#website"},"primaryImageOfPage":{"@id":"https:\/\/faktumonline.com\/da\/vare\/haevemekanisme-til-overhaengende-vandrette-lage\/#primaryimage"},"image":{"@id":"https:\/\/faktumonline.com\/da\/vare\/haevemekanisme-til-overhaengende-vandrette-lage\/#primaryimage"},"thumbnailUrl":"https:\/\/faktumonline.com\/wp-content\/uploads\/2020\/04\/Steglo\u0308st-stag-fo\u0308r-o\u0308verha\u0308ngd-lucka_besk.jpg","datePublished":"2020-04-18T20:03:48+00:00","dateModified":"2022-06-30T21:21:32+00:00","breadcrumb":{"@id":"https:\/\/faktumonline.com\/da\/vare\/haevemekanisme-til-overhaengende-vandrette-lage\/#breadcrumb"},"inLanguage":"da-DK","potentialAction":[{"@type":"ReadAction","target":["https:\/\/faktumonline.com\/da\/vare\/haevemekanisme-til-overhaengende-vandrette-lage\/"]}]},{"@type":"ImageObject","inLanguage":"da-DK","@id":"https:\/\/faktumonline.com\/da\/vare\/haevemekanisme-til-overhaengende-vandrette-lage\/#primaryimage","url":"https:\/\/faktumonline.com\/wp-content\/uploads\/2020\/04\/Steglo\u0308st-stag-fo\u0308r-o\u0308verha\u0308ngd-lucka_besk.jpg","contentUrl":"https:\/\/faktumonline.com\/wp-content\/uploads\/2020\/04\/Steglo\u0308st-stag-fo\u0308r-o\u0308verha\u0308ngd-lucka_besk.jpg","width":1758,"height":1810,"caption":"Hebemechanismus \"Stay Lift\" f\u00fcr horizontale IKEA Faktum-T\u00fcr und -Klappen"},{"@type":"BreadcrumbList","@id":"https:\/\/faktumonline.com\/da\/vare\/haevemekanisme-til-overhaengende-vandrette-lage\/#breadcrumb","itemListElement":[{"@type":"ListItem","position":1,"name":"Hem","item":"https:\/\/faktumonline.com\/da\/"},{"@type":"ListItem","position":2,"name":"Webshop","item":"https:\/\/faktumonline.com\/webshop\/"},{"@type":"ListItem","position":3,"name":"H\u00e6vemekanisme til overh\u00e6ngende\/vandrette l\u00e5ge 1x"}]},{"@type":"WebSite","@id":"https:\/\/faktumonline.com\/da\/#website","url":"https:\/\/faktumonline.com\/da\/","name":"Faktum Online Store","description":"Premium doors for IKEA kitchens","potentialAction":[{"@type":"SearchAction","target":{"@type":"EntryPoint","urlTemplate":"https:\/\/faktumonline.com\/da\/?s={search_term_string}"},"query-input":{"@type":"PropertyValueSpecification","valueRequired":true,"valueName":"search_term_string"}}],"inLanguage":"da-DK"}]}},"_links":{"self":[{"href":"https:\/\/faktumonline.com\/da\/wp-json\/wp\/v2\/product\/74553","targetHints":{"allow":["GET"]}}],"collection":[{"href":"https:\/\/faktumonline.com\/da\/wp-json\/wp\/v2\/product"}],"about":[{"href":"https:\/\/faktumonline.com\/da\/wp-json\/wp\/v2\/types\/product"}],"version-history":[{"count":1,"href":"https:\/\/faktumonline.com\/da\/wp-json\/wp\/v2\/product\/74553\/revisions"}],"predecessor-version":[{"id":74554,"href":"https:\/\/faktumonline.com\/da\/wp-json\/wp\/v2\/product\/74553\/revisions\/74554"}],"wp:featuredmedia":[{"embeddable":true,"href":"https:\/\/faktumonline.com\/da\/wp-json\/wp\/v2\/media\/65931"}],"wp:attachment":[{"href":"https:\/\/faktumonline.com\/da\/wp-json\/wp\/v2\/media?parent=74553"}],"wp:term":[{"taxonomy":"product_brand","embeddable":true,"href":"https:\/\/faktumonline.com\/da\/wp-json\/wp\/v2\/product_brand?post=74553"},{"taxonomy":"product_cat","embeddable":true,"href":"https:\/\/faktumonline.com\/da\/wp-json\/wp\/v2\/product_cat?post=74553"},{"taxonomy":"product_tag","embeddable":true,"href":"https:\/\/faktumonline.com\/da\/wp-json\/wp\/v2\/product_tag?post=74553"}],"curies":[{"name":"wp","href":"https:\/\/api.w.org\/{rel}","templated":true}]}}