{"id":74549,"date":"2021-01-04T13:53:17","date_gmt":"2021-01-04T12:53:17","guid":{"rendered":"https:\/\/faktumonline.com\/product\/haengsel-mellem-foldedore-i-et-90-hjorneskab-1x\/"},"modified":"2021-01-04T13:53:17","modified_gmt":"2021-01-04T12:53:17","slug":"haengsel-mellem-foldedore-i-et-90-hjorneskab-1x","status":"publish","type":"product","link":"https:\/\/faktumonline.com\/da\/vare\/haengsel-mellem-foldedore-i-et-90-hjorneskab-1x\/","title":{"rendered":"H\u00e6ngsel mellem folded\u00f8re i et 90\u00b0 hj\u00f8rneskab 1x"},"content":{"rendered":"","protected":false},"excerpt":{"rendered":"<p>Dette er et h\u00e6ngsel til et IKEA Faktum\/ Rational k\u00f8kken, der forbinder to folded\u00f8re sammen. Typisk 2x 30\u00d770 l\u00e5ger (A + B) monteret p\u00e5 et 90\u00b0 nederst i et hj\u00f8rneskab. S\u00e6lges enkeltvis som reservedel. Normalt kr\u00e6ves der i alt 2 h\u00e6ngsler.<\/p>\n<p>Brug venligst h\u00e6ngslet med en ekstra bred \u00e5bningsvinkel p\u00e5 155\u00b0 <strong>til at forbinde den f\u00f8rste d\u00f8r<\/strong> (30\u00d770 A) til skabet. Denne findes ogs\u00e5 i vores udbud af specialh\u00e6ngsler.<\/p>\n<p>Der kr\u00e6ves en monteringsplade til hvert h\u00e6ngsel. En monteringsplade er den del, der fastg\u00f8res til den anden d\u00f8r, og som &#8220;folded\u00f8ren&#8221; h\u00e6ngslet forbindes med. Har du en monteringsplade fra tidligere, kan du genbruge den. Hvis ikke, s\u00e5 s\u00e6t kryds nedenfor for at tilf\u00f8je en monteringsplade pr. h\u00e6ngsel til din indk\u00f8bskurv.<\/p>\n","protected":false},"featured_media":65929,"template":"","meta":[],"product_brand":[],"product_cat":[1310],"product_tag":[],"class_list":{"0":"post-74549","1":"product","2":"type-product","3":"status-publish","4":"has-post-thumbnail","6":"product_cat-speciel-faktum-haengsler","7":"product_shipping_class-forsendelse-handtering","8":"sales-flash-overlay","9":"woocommerce-text-align-center","10":"woocommerce-image-align-center","11":"wc-has-gallery","13":"first","14":"instock","15":"taxable","16":"shipping-taxable","17":"purchasable","18":"product-type-simple"},"exclude_global_add_ons":true,"addons":[{"name":"Tilbeh\u00f8r","type":"checkbox","position":0,"required":false,"title_format":"hide","default":"","description_enable":false,"description":"","placeholder_enable":false,"placeholder":"","display":"select","restrictions_type":"any_text","adjust_price":false,"price":"","price_type":"flat_fee","restrictions":false,"min":"0","max":"0","options":[{"label":"Monteringsplade til h\u00e6ngslet","price":"4.50","price_type":"quantity_based","image":0}]}],"yoast_head":"<!-- This site is optimized with the Yoast SEO Premium plugin v27.4 (Yoast SEO v27.4) - https:\/\/yoast.com\/product\/yoast-seo-premium-wordpress\/ -->\n<title>H\u00e6ngsel mellem folded\u00f8re i et 90\u00b0 hj\u00f8rneskab 1x - Faktum Online Store<\/title>\n<meta name=\"robots\" content=\"index, follow, max-snippet:-1, max-image-preview:large, max-video-preview:-1\" \/>\n<link rel=\"canonical\" href=\"https:\/\/faktumonline.com\/da\/vare\/haengsel-mellem-foldedore-i-et-90-hjorneskab-1x\/\" \/>\n<meta property=\"og:locale\" content=\"da_DK\" \/>\n<meta property=\"og:type\" content=\"article\" \/>\n<meta property=\"og:title\" content=\"H\u00e6ngsel mellem folded\u00f8re i et 90\u00b0 hj\u00f8rneskab 1x\" \/>\n<meta property=\"og:description\" content=\"Dette er et h\u00e6ngsel til et IKEA Faktum\/ Rational k\u00f8kken, der forbinder to folded\u00f8re sammen. Typisk 2x 30\u00d770 l\u00e5ger (A + B) monteret p\u00e5 et 90\u00b0 nederst i et hj\u00f8rneskab. S\u00e6lges enkeltvis som reservedel. Normalt kr\u00e6ves der i alt 2 h\u00e6ngsler.  Brug venligst h\u00e6ngslet med en ekstra bred \u00e5bningsvinkel p\u00e5 155\u00b0 til at forbinde den f\u00f8rste d\u00f8r (30\u00d770 A) til skabet. Denne findes ogs\u00e5 i vores udbud af specialh\u00e6ngsler.  Der kr\u00e6ves en monteringsplade til hvert h\u00e6ngsel. En monteringsplade er den del, der fastg\u00f8res til den anden d\u00f8r, og som &quot;folded\u00f8ren&quot; h\u00e6ngslet forbindes med. Har du en monteringsplade fra tidligere, kan du genbruge den. Hvis ikke, s\u00e5 s\u00e6t kryds nedenfor for at tilf\u00f8je en monteringsplade pr. h\u00e6ngsel til din indk\u00f8bskurv.\" \/>\n<meta property=\"og:url\" content=\"https:\/\/faktumonline.com\/da\/vare\/haengsel-mellem-foldedore-i-et-90-hjorneskab-1x\/\" \/>\n<meta property=\"og:site_name\" content=\"Faktum Online Store\" \/>\n<meta property=\"og:image\" content=\"https:\/\/faktumonline.com\/wp-content\/uploads\/2021\/01\/Ho\u0308rnga\u030angja\u0308rn-90\u00b0-fo\u0308r-do\u0308rrar-30x70-IKEA-Faktum.jpg\" \/>\n\t<meta property=\"og:image:width\" content=\"1758\" \/>\n\t<meta property=\"og:image:height\" content=\"989\" \/>\n\t<meta property=\"og:image:type\" content=\"image\/jpeg\" \/>\n<meta name=\"twitter:card\" content=\"summary_large_image\" \/>\n<script type=\"application\/ld+json\" class=\"yoast-schema-graph\">{\"@context\":\"https:\\\/\\\/schema.org\",\"@graph\":[{\"@type\":\"WebPage\",\"@id\":\"https:\\\/\\\/faktumonline.com\\\/da\\\/vare\\\/haengsel-mellem-foldedore-i-et-90-hjorneskab-1x\\\/\",\"url\":\"https:\\\/\\\/faktumonline.com\\\/da\\\/vare\\\/haengsel-mellem-foldedore-i-et-90-hjorneskab-1x\\\/\",\"name\":\"H\u00e6ngsel mellem folded\u00f8re i et 90\u00b0 hj\u00f8rneskab 1x - Faktum Online Store\",\"isPartOf\":{\"@id\":\"https:\\\/\\\/faktumonline.com\\\/da\\\/#website\"},\"primaryImageOfPage\":{\"@id\":\"https:\\\/\\\/faktumonline.com\\\/da\\\/vare\\\/haengsel-mellem-foldedore-i-et-90-hjorneskab-1x\\\/#primaryimage\"},\"image\":{\"@id\":\"https:\\\/\\\/faktumonline.com\\\/da\\\/vare\\\/haengsel-mellem-foldedore-i-et-90-hjorneskab-1x\\\/#primaryimage\"},\"thumbnailUrl\":\"https:\\\/\\\/faktumonline.com\\\/wp-content\\\/uploads\\\/2021\\\/01\\\/Ho\u0308rnga\u030angja\u0308rn-90\u00b0-fo\u0308r-do\u0308rrar-30x70-IKEA-Faktum.jpg\",\"datePublished\":\"2021-01-04T12:53:17+00:00\",\"breadcrumb\":{\"@id\":\"https:\\\/\\\/faktumonline.com\\\/da\\\/vare\\\/haengsel-mellem-foldedore-i-et-90-hjorneskab-1x\\\/#breadcrumb\"},\"inLanguage\":\"da-DK\",\"potentialAction\":[{\"@type\":\"ReadAction\",\"target\":[\"https:\\\/\\\/faktumonline.com\\\/da\\\/vare\\\/haengsel-mellem-foldedore-i-et-90-hjorneskab-1x\\\/\"]}]},{\"@type\":\"ImageObject\",\"inLanguage\":\"da-DK\",\"@id\":\"https:\\\/\\\/faktumonline.com\\\/da\\\/vare\\\/haengsel-mellem-foldedore-i-et-90-hjorneskab-1x\\\/#primaryimage\",\"url\":\"https:\\\/\\\/faktumonline.com\\\/wp-content\\\/uploads\\\/2021\\\/01\\\/Ho\u0308rnga\u030angja\u0308rn-90\u00b0-fo\u0308r-do\u0308rrar-30x70-IKEA-Faktum.jpg\",\"contentUrl\":\"https:\\\/\\\/faktumonline.com\\\/wp-content\\\/uploads\\\/2021\\\/01\\\/Ho\u0308rnga\u030angja\u0308rn-90\u00b0-fo\u0308r-do\u0308rrar-30x70-IKEA-Faktum.jpg\",\"width\":1758,\"height\":989},{\"@type\":\"BreadcrumbList\",\"@id\":\"https:\\\/\\\/faktumonline.com\\\/da\\\/vare\\\/haengsel-mellem-foldedore-i-et-90-hjorneskab-1x\\\/#breadcrumb\",\"itemListElement\":[{\"@type\":\"ListItem\",\"position\":1,\"name\":\"Hem\",\"item\":\"https:\\\/\\\/faktumonline.com\\\/da\\\/\"},{\"@type\":\"ListItem\",\"position\":2,\"name\":\"Webshop\",\"item\":\"https:\\\/\\\/faktumonline.com\\\/webshop\\\/\"},{\"@type\":\"ListItem\",\"position\":3,\"name\":\"H\u00e6ngsel mellem folded\u00f8re i et 90\u00b0 hj\u00f8rneskab 1x\"}]},{\"@type\":\"WebSite\",\"@id\":\"https:\\\/\\\/faktumonline.com\\\/da\\\/#website\",\"url\":\"https:\\\/\\\/faktumonline.com\\\/da\\\/\",\"name\":\"Faktum Online Store\",\"description\":\"Premium doors for IKEA kitchens\",\"potentialAction\":[{\"@type\":\"SearchAction\",\"target\":{\"@type\":\"EntryPoint\",\"urlTemplate\":\"https:\\\/\\\/faktumonline.com\\\/da\\\/?s={search_term_string}\"},\"query-input\":{\"@type\":\"PropertyValueSpecification\",\"valueRequired\":true,\"valueName\":\"search_term_string\"}}],\"inLanguage\":\"da-DK\"}]}<\/script>\n<!-- \/ Yoast SEO Premium plugin. -->","yoast_head_json":{"title":"H\u00e6ngsel mellem folded\u00f8re i et 90\u00b0 hj\u00f8rneskab 1x - Faktum Online Store","robots":{"index":"index","follow":"follow","max-snippet":"max-snippet:-1","max-image-preview":"max-image-preview:large","max-video-preview":"max-video-preview:-1"},"canonical":"https:\/\/faktumonline.com\/da\/vare\/haengsel-mellem-foldedore-i-et-90-hjorneskab-1x\/","og_locale":"da_DK","og_type":"article","og_title":"H\u00e6ngsel mellem folded\u00f8re i et 90\u00b0 hj\u00f8rneskab 1x","og_description":"Dette er et h\u00e6ngsel til et IKEA Faktum\/ Rational k\u00f8kken, der forbinder to folded\u00f8re sammen. Typisk 2x 30\u00d770 l\u00e5ger (A + B) monteret p\u00e5 et 90\u00b0 nederst i et hj\u00f8rneskab. S\u00e6lges enkeltvis som reservedel. Normalt kr\u00e6ves der i alt 2 h\u00e6ngsler.  Brug venligst h\u00e6ngslet med en ekstra bred \u00e5bningsvinkel p\u00e5 155\u00b0 til at forbinde den f\u00f8rste d\u00f8r (30\u00d770 A) til skabet. Denne findes ogs\u00e5 i vores udbud af specialh\u00e6ngsler.  Der kr\u00e6ves en monteringsplade til hvert h\u00e6ngsel. En monteringsplade er den del, der fastg\u00f8res til den anden d\u00f8r, og som \"folded\u00f8ren\" h\u00e6ngslet forbindes med. Har du en monteringsplade fra tidligere, kan du genbruge den. Hvis ikke, s\u00e5 s\u00e6t kryds nedenfor for at tilf\u00f8je en monteringsplade pr. h\u00e6ngsel til din indk\u00f8bskurv.","og_url":"https:\/\/faktumonline.com\/da\/vare\/haengsel-mellem-foldedore-i-et-90-hjorneskab-1x\/","og_site_name":"Faktum Online Store","og_image":[{"width":1758,"height":989,"url":"https:\/\/faktumonline.com\/wp-content\/uploads\/2021\/01\/Ho\u0308rnga\u030angja\u0308rn-90\u00b0-fo\u0308r-do\u0308rrar-30x70-IKEA-Faktum.jpg","type":"image\/jpeg"}],"twitter_card":"summary_large_image","schema":{"@context":"https:\/\/schema.org","@graph":[{"@type":"WebPage","@id":"https:\/\/faktumonline.com\/da\/vare\/haengsel-mellem-foldedore-i-et-90-hjorneskab-1x\/","url":"https:\/\/faktumonline.com\/da\/vare\/haengsel-mellem-foldedore-i-et-90-hjorneskab-1x\/","name":"H\u00e6ngsel mellem folded\u00f8re i et 90\u00b0 hj\u00f8rneskab 1x - Faktum Online Store","isPartOf":{"@id":"https:\/\/faktumonline.com\/da\/#website"},"primaryImageOfPage":{"@id":"https:\/\/faktumonline.com\/da\/vare\/haengsel-mellem-foldedore-i-et-90-hjorneskab-1x\/#primaryimage"},"image":{"@id":"https:\/\/faktumonline.com\/da\/vare\/haengsel-mellem-foldedore-i-et-90-hjorneskab-1x\/#primaryimage"},"thumbnailUrl":"https:\/\/faktumonline.com\/wp-content\/uploads\/2021\/01\/Ho\u0308rnga\u030angja\u0308rn-90\u00b0-fo\u0308r-do\u0308rrar-30x70-IKEA-Faktum.jpg","datePublished":"2021-01-04T12:53:17+00:00","breadcrumb":{"@id":"https:\/\/faktumonline.com\/da\/vare\/haengsel-mellem-foldedore-i-et-90-hjorneskab-1x\/#breadcrumb"},"inLanguage":"da-DK","potentialAction":[{"@type":"ReadAction","target":["https:\/\/faktumonline.com\/da\/vare\/haengsel-mellem-foldedore-i-et-90-hjorneskab-1x\/"]}]},{"@type":"ImageObject","inLanguage":"da-DK","@id":"https:\/\/faktumonline.com\/da\/vare\/haengsel-mellem-foldedore-i-et-90-hjorneskab-1x\/#primaryimage","url":"https:\/\/faktumonline.com\/wp-content\/uploads\/2021\/01\/Ho\u0308rnga\u030angja\u0308rn-90\u00b0-fo\u0308r-do\u0308rrar-30x70-IKEA-Faktum.jpg","contentUrl":"https:\/\/faktumonline.com\/wp-content\/uploads\/2021\/01\/Ho\u0308rnga\u030angja\u0308rn-90\u00b0-fo\u0308r-do\u0308rrar-30x70-IKEA-Faktum.jpg","width":1758,"height":989},{"@type":"BreadcrumbList","@id":"https:\/\/faktumonline.com\/da\/vare\/haengsel-mellem-foldedore-i-et-90-hjorneskab-1x\/#breadcrumb","itemListElement":[{"@type":"ListItem","position":1,"name":"Hem","item":"https:\/\/faktumonline.com\/da\/"},{"@type":"ListItem","position":2,"name":"Webshop","item":"https:\/\/faktumonline.com\/webshop\/"},{"@type":"ListItem","position":3,"name":"H\u00e6ngsel mellem folded\u00f8re i et 90\u00b0 hj\u00f8rneskab 1x"}]},{"@type":"WebSite","@id":"https:\/\/faktumonline.com\/da\/#website","url":"https:\/\/faktumonline.com\/da\/","name":"Faktum Online Store","description":"Premium doors for IKEA kitchens","potentialAction":[{"@type":"SearchAction","target":{"@type":"EntryPoint","urlTemplate":"https:\/\/faktumonline.com\/da\/?s={search_term_string}"},"query-input":{"@type":"PropertyValueSpecification","valueRequired":true,"valueName":"search_term_string"}}],"inLanguage":"da-DK"}]}},"_links":{"self":[{"href":"https:\/\/faktumonline.com\/da\/wp-json\/wp\/v2\/product\/74549","targetHints":{"allow":["GET"]}}],"collection":[{"href":"https:\/\/faktumonline.com\/da\/wp-json\/wp\/v2\/product"}],"about":[{"href":"https:\/\/faktumonline.com\/da\/wp-json\/wp\/v2\/types\/product"}],"version-history":[{"count":0,"href":"https:\/\/faktumonline.com\/da\/wp-json\/wp\/v2\/product\/74549\/revisions"}],"wp:featuredmedia":[{"embeddable":true,"href":"https:\/\/faktumonline.com\/da\/wp-json\/wp\/v2\/media\/65929"}],"wp:attachment":[{"href":"https:\/\/faktumonline.com\/da\/wp-json\/wp\/v2\/media?parent=74549"}],"wp:term":[{"taxonomy":"product_brand","embeddable":true,"href":"https:\/\/faktumonline.com\/da\/wp-json\/wp\/v2\/product_brand?post=74549"},{"taxonomy":"product_cat","embeddable":true,"href":"https:\/\/faktumonline.com\/da\/wp-json\/wp\/v2\/product_cat?post=74549"},{"taxonomy":"product_tag","embeddable":true,"href":"https:\/\/faktumonline.com\/da\/wp-json\/wp\/v2\/product_tag?post=74549"}],"curies":[{"name":"wp","href":"https:\/\/api.w.org\/{rel}","templated":true}]}}