{"id":74442,"date":"2022-06-27T19:52:58","date_gmt":"2022-06-27T18:52:58","guid":{"rendered":"https:\/\/faktumonline.com\/?post_type=product&#038;p=74442"},"modified":"2022-07-01T10:01:52","modified_gmt":"2022-07-01T09:01:52","slug":"lyspanel-i-specialmaal-hoejde-60-mm","status":"publish","type":"product","link":"https:\/\/faktumonline.com\/da\/vare\/lyspanel-i-specialmaal-hoejde-60-mm\/","title":{"rendered":"Lyspanel i specialm\u00e5l, h\u00f8jde 60 mm"},"content":{"rendered":"","protected":false},"excerpt":{"rendered":"<p style=\"font-weight: 400;\"><span style=\"font-style: normal !important; font-weight: normal !important;\">Lyspanel er monteret under overskabene for at skjule belysningsudstyret. Bliver produceret i samme flotte farve og finish som dine nye l\u00e5ger. Tykkelsen er 18 mm.<\/span><span style=\"font-style: normal !important; font-weight: normal !important;\">\u00a0<\/span><span style=\"font-style: normal !important; font-weight: normal !important;\">Standardh\u00f8jden er 60 mm. <\/span><\/p>\n<p>Minimum l\u00e6ngde: 346 mm<br \/>\nMaksimal l\u00e6ngde: 2000 mm<\/p>\n<p>Uanset hvilken model, som er valgt til l\u00e5ger og skuffefronter, er denne panel produceret med en flad overflade med W28 afrunding.\u00a0<span style=\"font-style: normal !important; font-weight: normal !important;\">Indtast blot din \u00f8nskede l\u00e6ngde (bredde) i millimeter.<\/span><\/p>\n","protected":false},"featured_media":74399,"template":"","meta":[],"product_brand":[],"product_cat":[1308],"product_tag":[],"class_list":{"0":"post-74442","1":"product","2":"type-product","3":"status-publish","4":"has-post-thumbnail","6":"product_cat-specialmaal","7":"sales-flash-overlay","8":"woocommerce-text-align-center","9":"woocommerce-image-align-center","11":"first","12":"instock","13":"taxable","14":"shipping-taxable","15":"purchasable","16":"product-type-simple"},"exclude_global_add_ons":[],"addons":[],"yoast_head":"<!-- This site is optimized with the Yoast SEO Premium plugin v27.5 (Yoast SEO v27.5) - https:\/\/yoast.com\/product\/yoast-seo-premium-wordpress\/ -->\n<title>Lyspanel i specialm\u00e5l, h\u00f8jde 60 mm - Faktum Online Store<\/title>\n<meta name=\"robots\" content=\"index, follow, max-snippet:-1, max-image-preview:large, max-video-preview:-1\" \/>\n<link rel=\"canonical\" href=\"https:\/\/faktumonline.com\/da\/vare\/lyspanel-i-specialmaal-hoejde-60-mm\/\" \/>\n<meta property=\"og:locale\" content=\"da_DK\" \/>\n<meta property=\"og:type\" content=\"article\" \/>\n<meta property=\"og:title\" content=\"Lyspanel i specialm\u00e5l, h\u00f8jde 60 mm\" \/>\n<meta property=\"og:description\" content=\"Lyspanel er monteret under overskabene for at skjule belysningsudstyret. Bliver produceret i samme flotte farve og finish som dine nye l\u00e5ger. Tykkelsen er 18 mm.\u00a0Standardh\u00f8jden er 60 mm.  Minimum l\u00e6ngde: 346 mm Maksimal l\u00e6ngde: 2000 mm  Uanset hvilken model, som er valgt til l\u00e5ger og skuffefronter, er denne panel produceret med en flad overflade med W28 afrunding.\u00a0Indtast blot din \u00f8nskede l\u00e6ngde (bredde) i millimeter.\" \/>\n<meta property=\"og:url\" content=\"https:\/\/faktumonline.com\/da\/vare\/lyspanel-i-specialmaal-hoejde-60-mm\/\" \/>\n<meta property=\"og:site_name\" content=\"Faktum Online Store\" \/>\n<meta property=\"article:modified_time\" content=\"2022-07-01T09:01:52+00:00\" \/>\n<meta property=\"og:image\" content=\"https:\/\/faktumonline.com\/wp-content\/uploads\/2022\/06\/Lyspanel.jpg\" \/>\n\t<meta property=\"og:image:width\" content=\"526\" \/>\n\t<meta property=\"og:image:height\" content=\"789\" \/>\n\t<meta property=\"og:image:type\" content=\"image\/jpeg\" \/>\n<meta name=\"twitter:card\" content=\"summary_large_image\" \/>\n<script type=\"application\/ld+json\" class=\"yoast-schema-graph\">{\"@context\":\"https:\\\/\\\/schema.org\",\"@graph\":[{\"@type\":\"WebPage\",\"@id\":\"https:\\\/\\\/faktumonline.com\\\/da\\\/vare\\\/lyspanel-i-specialmaal-hoejde-60-mm\\\/\",\"url\":\"https:\\\/\\\/faktumonline.com\\\/da\\\/vare\\\/lyspanel-i-specialmaal-hoejde-60-mm\\\/\",\"name\":\"Lyspanel i specialm\u00e5l, h\u00f8jde 60 mm - Faktum Online Store\",\"isPartOf\":{\"@id\":\"https:\\\/\\\/faktumonline.com\\\/da\\\/#website\"},\"primaryImageOfPage\":{\"@id\":\"https:\\\/\\\/faktumonline.com\\\/da\\\/vare\\\/lyspanel-i-specialmaal-hoejde-60-mm\\\/#primaryimage\"},\"image\":{\"@id\":\"https:\\\/\\\/faktumonline.com\\\/da\\\/vare\\\/lyspanel-i-specialmaal-hoejde-60-mm\\\/#primaryimage\"},\"thumbnailUrl\":\"https:\\\/\\\/faktumonline.com\\\/wp-content\\\/uploads\\\/2022\\\/06\\\/Lyspanel.jpg\",\"datePublished\":\"2022-06-27T18:52:58+00:00\",\"dateModified\":\"2022-07-01T09:01:52+00:00\",\"breadcrumb\":{\"@id\":\"https:\\\/\\\/faktumonline.com\\\/da\\\/vare\\\/lyspanel-i-specialmaal-hoejde-60-mm\\\/#breadcrumb\"},\"inLanguage\":\"da-DK\",\"potentialAction\":[{\"@type\":\"ReadAction\",\"target\":[\"https:\\\/\\\/faktumonline.com\\\/da\\\/vare\\\/lyspanel-i-specialmaal-hoejde-60-mm\\\/\"]}]},{\"@type\":\"ImageObject\",\"inLanguage\":\"da-DK\",\"@id\":\"https:\\\/\\\/faktumonline.com\\\/da\\\/vare\\\/lyspanel-i-specialmaal-hoejde-60-mm\\\/#primaryimage\",\"url\":\"https:\\\/\\\/faktumonline.com\\\/wp-content\\\/uploads\\\/2022\\\/06\\\/Lyspanel.jpg\",\"contentUrl\":\"https:\\\/\\\/faktumonline.com\\\/wp-content\\\/uploads\\\/2022\\\/06\\\/Lyspanel.jpg\",\"width\":526,\"height\":789},{\"@type\":\"BreadcrumbList\",\"@id\":\"https:\\\/\\\/faktumonline.com\\\/da\\\/vare\\\/lyspanel-i-specialmaal-hoejde-60-mm\\\/#breadcrumb\",\"itemListElement\":[{\"@type\":\"ListItem\",\"position\":1,\"name\":\"Hem\",\"item\":\"https:\\\/\\\/faktumonline.com\\\/da\\\/faktum-dk\\\/\"},{\"@type\":\"ListItem\",\"position\":2,\"name\":\"Webshop\",\"item\":\"https:\\\/\\\/faktumonline.com\\\/webshop\\\/\"},{\"@type\":\"ListItem\",\"position\":3,\"name\":\"Lyspanel i specialm\u00e5l, h\u00f8jde 60 mm\"}]},{\"@type\":\"WebSite\",\"@id\":\"https:\\\/\\\/faktumonline.com\\\/da\\\/#website\",\"url\":\"https:\\\/\\\/faktumonline.com\\\/da\\\/\",\"name\":\"Faktum Online Store\",\"description\":\"Premium doors for IKEA kitchens\",\"potentialAction\":[{\"@type\":\"SearchAction\",\"target\":{\"@type\":\"EntryPoint\",\"urlTemplate\":\"https:\\\/\\\/faktumonline.com\\\/da\\\/?s={search_term_string}\"},\"query-input\":{\"@type\":\"PropertyValueSpecification\",\"valueRequired\":true,\"valueName\":\"search_term_string\"}}],\"inLanguage\":\"da-DK\"}]}<\/script>\n<!-- \/ Yoast SEO Premium plugin. -->","yoast_head_json":{"title":"Lyspanel i specialm\u00e5l, h\u00f8jde 60 mm - Faktum Online Store","robots":{"index":"index","follow":"follow","max-snippet":"max-snippet:-1","max-image-preview":"max-image-preview:large","max-video-preview":"max-video-preview:-1"},"canonical":"https:\/\/faktumonline.com\/da\/vare\/lyspanel-i-specialmaal-hoejde-60-mm\/","og_locale":"da_DK","og_type":"article","og_title":"Lyspanel i specialm\u00e5l, h\u00f8jde 60 mm","og_description":"Lyspanel er monteret under overskabene for at skjule belysningsudstyret. Bliver produceret i samme flotte farve og finish som dine nye l\u00e5ger. Tykkelsen er 18 mm.\u00a0Standardh\u00f8jden er 60 mm.  Minimum l\u00e6ngde: 346 mm Maksimal l\u00e6ngde: 2000 mm  Uanset hvilken model, som er valgt til l\u00e5ger og skuffefronter, er denne panel produceret med en flad overflade med W28 afrunding.\u00a0Indtast blot din \u00f8nskede l\u00e6ngde (bredde) i millimeter.","og_url":"https:\/\/faktumonline.com\/da\/vare\/lyspanel-i-specialmaal-hoejde-60-mm\/","og_site_name":"Faktum Online Store","article_modified_time":"2022-07-01T09:01:52+00:00","og_image":[{"width":526,"height":789,"url":"https:\/\/faktumonline.com\/wp-content\/uploads\/2022\/06\/Lyspanel.jpg","type":"image\/jpeg"}],"twitter_card":"summary_large_image","schema":{"@context":"https:\/\/schema.org","@graph":[{"@type":"WebPage","@id":"https:\/\/faktumonline.com\/da\/vare\/lyspanel-i-specialmaal-hoejde-60-mm\/","url":"https:\/\/faktumonline.com\/da\/vare\/lyspanel-i-specialmaal-hoejde-60-mm\/","name":"Lyspanel i specialm\u00e5l, h\u00f8jde 60 mm - Faktum Online Store","isPartOf":{"@id":"https:\/\/faktumonline.com\/da\/#website"},"primaryImageOfPage":{"@id":"https:\/\/faktumonline.com\/da\/vare\/lyspanel-i-specialmaal-hoejde-60-mm\/#primaryimage"},"image":{"@id":"https:\/\/faktumonline.com\/da\/vare\/lyspanel-i-specialmaal-hoejde-60-mm\/#primaryimage"},"thumbnailUrl":"https:\/\/faktumonline.com\/wp-content\/uploads\/2022\/06\/Lyspanel.jpg","datePublished":"2022-06-27T18:52:58+00:00","dateModified":"2022-07-01T09:01:52+00:00","breadcrumb":{"@id":"https:\/\/faktumonline.com\/da\/vare\/lyspanel-i-specialmaal-hoejde-60-mm\/#breadcrumb"},"inLanguage":"da-DK","potentialAction":[{"@type":"ReadAction","target":["https:\/\/faktumonline.com\/da\/vare\/lyspanel-i-specialmaal-hoejde-60-mm\/"]}]},{"@type":"ImageObject","inLanguage":"da-DK","@id":"https:\/\/faktumonline.com\/da\/vare\/lyspanel-i-specialmaal-hoejde-60-mm\/#primaryimage","url":"https:\/\/faktumonline.com\/wp-content\/uploads\/2022\/06\/Lyspanel.jpg","contentUrl":"https:\/\/faktumonline.com\/wp-content\/uploads\/2022\/06\/Lyspanel.jpg","width":526,"height":789},{"@type":"BreadcrumbList","@id":"https:\/\/faktumonline.com\/da\/vare\/lyspanel-i-specialmaal-hoejde-60-mm\/#breadcrumb","itemListElement":[{"@type":"ListItem","position":1,"name":"Hem","item":"https:\/\/faktumonline.com\/da\/faktum-dk\/"},{"@type":"ListItem","position":2,"name":"Webshop","item":"https:\/\/faktumonline.com\/webshop\/"},{"@type":"ListItem","position":3,"name":"Lyspanel i specialm\u00e5l, h\u00f8jde 60 mm"}]},{"@type":"WebSite","@id":"https:\/\/faktumonline.com\/da\/#website","url":"https:\/\/faktumonline.com\/da\/","name":"Faktum Online Store","description":"Premium doors for IKEA kitchens","potentialAction":[{"@type":"SearchAction","target":{"@type":"EntryPoint","urlTemplate":"https:\/\/faktumonline.com\/da\/?s={search_term_string}"},"query-input":{"@type":"PropertyValueSpecification","valueRequired":true,"valueName":"search_term_string"}}],"inLanguage":"da-DK"}]}},"_links":{"self":[{"href":"https:\/\/faktumonline.com\/da\/wp-json\/wp\/v2\/product\/74442","targetHints":{"allow":["GET"]}}],"collection":[{"href":"https:\/\/faktumonline.com\/da\/wp-json\/wp\/v2\/product"}],"about":[{"href":"https:\/\/faktumonline.com\/da\/wp-json\/wp\/v2\/types\/product"}],"version-history":[{"count":2,"href":"https:\/\/faktumonline.com\/da\/wp-json\/wp\/v2\/product\/74442\/revisions"}],"predecessor-version":[{"id":74579,"href":"https:\/\/faktumonline.com\/da\/wp-json\/wp\/v2\/product\/74442\/revisions\/74579"}],"wp:featuredmedia":[{"embeddable":true,"href":"https:\/\/faktumonline.com\/da\/wp-json\/wp\/v2\/media\/74399"}],"wp:attachment":[{"href":"https:\/\/faktumonline.com\/da\/wp-json\/wp\/v2\/media?parent=74442"}],"wp:term":[{"taxonomy":"product_brand","embeddable":true,"href":"https:\/\/faktumonline.com\/da\/wp-json\/wp\/v2\/product_brand?post=74442"},{"taxonomy":"product_cat","embeddable":true,"href":"https:\/\/faktumonline.com\/da\/wp-json\/wp\/v2\/product_cat?post=74442"},{"taxonomy":"product_tag","embeddable":true,"href":"https:\/\/faktumonline.com\/da\/wp-json\/wp\/v2\/product_tag?post=74442"}],"curies":[{"name":"wp","href":"https:\/\/api.w.org\/{rel}","templated":true}]}}