{"id":73882,"date":"2018-10-09T18:27:24","date_gmt":"2018-10-09T17:27:24","guid":{"rendered":"https:\/\/faktumonline.com\/product\/door-40x195\/"},"modified":"2025-01-15T15:24:49","modified_gmt":"2025-01-15T14:24:49","slug":"lage-faktum-40x195","status":"publish","type":"product","link":"https:\/\/faktumonline.com\/da\/vare\/lage-faktum-40x195\/","title":{"rendered":"L\u00e5ge Faktum 40&#215;195"},"content":{"rendered":"<p>396&#215;1942<\/p>\n","protected":false},"excerpt":{"rendered":"<p>Denne l\u00e5ge er fastgjort til skabet ved hj\u00e6lp af 3 h\u00e6ngsler. Midterh\u00e6ngslet er ikke ligefrem i midten. Af denne grund tilbyder vi denne d\u00f8r som venstreh\u00e6ngslet eller h\u00f8jreh\u00e6ngslet.<\/p>\n<p><strong>Venstreh\u00e6ngslet eller h\u00f8jreh\u00e6ngslet d\u00f8r?<\/strong> Stil dig venligst foran den lukkede d\u00f8r. Hvis h\u00e6ngslerne er til venstre (p\u00e5 bagsiden af \u200b\u200bden lukkede d\u00f8r), er d\u00f8ren venstreh\u00e6ngslet. Hvis h\u00e6ngslerne er til h\u00f8jre, er d\u00f8ren derfor h\u00f8jreh\u00e6ngslet.<\/p>\n<p>Foretag venligst dit valg nedenfor + l\u00e6g i indk\u00f8bskurven.<\/p>\n","protected":false},"featured_media":73859,"template":"","meta":[],"product_brand":[],"product_cat":[2180],"product_tag":[],"class_list":{"0":"post-73882","1":"product","2":"type-product","3":"status-publish","4":"has-post-thumbnail","6":"product_cat-tall-doors-width-40-cm-da","7":"product_shipping_class-lang-da","8":"sales-flash-overlay","9":"woocommerce-text-align-center","10":"woocommerce-image-align-center","12":"first","13":"instock","14":"taxable","15":"shipping-taxable","16":"purchasable","17":"product-type-variable"},"exclude_global_add_ons":[],"addons":[],"yoast_head":"<!-- This site is optimized with the Yoast SEO Premium plugin v27.5 (Yoast SEO v27.5) - https:\/\/yoast.com\/product\/yoast-seo-premium-wordpress\/ -->\n<title>L\u00e5ge Faktum 40x195 - Faktum Online Store<\/title>\n<meta name=\"robots\" content=\"index, follow, max-snippet:-1, max-image-preview:large, max-video-preview:-1\" \/>\n<link rel=\"canonical\" href=\"https:\/\/faktumonline.com\/da\/vare\/lage-faktum-40x195\/\" \/>\n<meta property=\"og:locale\" content=\"da_DK\" \/>\n<meta property=\"og:type\" content=\"article\" \/>\n<meta property=\"og:title\" content=\"L\u00e5ge Faktum 40x195\" \/>\n<meta property=\"og:description\" content=\"Denne l\u00e5ge er fastgjort til skabet ved hj\u00e6lp af 3 h\u00e6ngsler. Midterh\u00e6ngslet er ikke ligefrem i midten. Af denne grund tilbyder vi denne d\u00f8r som venstreh\u00e6ngslet eller h\u00f8jreh\u00e6ngslet.  Venstreh\u00e6ngslet eller h\u00f8jreh\u00e6ngslet d\u00f8r? Stil dig venligst foran den lukkede d\u00f8r. Hvis h\u00e6ngslerne er til venstre (p\u00e5 bagsiden af \u200b\u200bden lukkede d\u00f8r), er d\u00f8ren venstreh\u00e6ngslet. Hvis h\u00e6ngslerne er til h\u00f8jre, er d\u00f8ren derfor h\u00f8jreh\u00e6ngslet.  Foretag venligst dit valg nedenfor + l\u00e6g i indk\u00f8bskurven.\" \/>\n<meta property=\"og:url\" content=\"https:\/\/faktumonline.com\/da\/vare\/lage-faktum-40x195\/\" \/>\n<meta property=\"og:site_name\" content=\"Faktum Online Store\" \/>\n<meta property=\"article:modified_time\" content=\"2025-01-15T14:24:49+00:00\" \/>\n<meta property=\"og:image\" content=\"https:\/\/faktumonline.com\/wp-content\/uploads\/2023\/02\/Venstre-Hojre-scaled.jpg\" \/>\n\t<meta property=\"og:image:width\" content=\"2560\" \/>\n\t<meta property=\"og:image:height\" content=\"1440\" \/>\n\t<meta property=\"og:image:type\" content=\"image\/jpeg\" \/>\n<meta name=\"twitter:card\" content=\"summary_large_image\" \/>\n<script type=\"application\/ld+json\" class=\"yoast-schema-graph\">{\"@context\":\"https:\\\/\\\/schema.org\",\"@graph\":[{\"@type\":\"WebPage\",\"@id\":\"https:\\\/\\\/faktumonline.com\\\/da\\\/vare\\\/lage-faktum-40x195\\\/\",\"url\":\"https:\\\/\\\/faktumonline.com\\\/da\\\/vare\\\/lage-faktum-40x195\\\/\",\"name\":\"L\u00e5ge Faktum 40x195 - Faktum Online Store\",\"isPartOf\":{\"@id\":\"https:\\\/\\\/faktumonline.com\\\/da\\\/#website\"},\"primaryImageOfPage\":{\"@id\":\"https:\\\/\\\/faktumonline.com\\\/da\\\/vare\\\/lage-faktum-40x195\\\/#primaryimage\"},\"image\":{\"@id\":\"https:\\\/\\\/faktumonline.com\\\/da\\\/vare\\\/lage-faktum-40x195\\\/#primaryimage\"},\"thumbnailUrl\":\"https:\\\/\\\/faktumonline.com\\\/wp-content\\\/uploads\\\/2023\\\/02\\\/Venstre-Hojre-scaled.jpg\",\"datePublished\":\"2018-10-09T17:27:24+00:00\",\"dateModified\":\"2025-01-15T14:24:49+00:00\",\"breadcrumb\":{\"@id\":\"https:\\\/\\\/faktumonline.com\\\/da\\\/vare\\\/lage-faktum-40x195\\\/#breadcrumb\"},\"inLanguage\":\"da-DK\",\"potentialAction\":[{\"@type\":\"ReadAction\",\"target\":[\"https:\\\/\\\/faktumonline.com\\\/da\\\/vare\\\/lage-faktum-40x195\\\/\"]}]},{\"@type\":\"ImageObject\",\"inLanguage\":\"da-DK\",\"@id\":\"https:\\\/\\\/faktumonline.com\\\/da\\\/vare\\\/lage-faktum-40x195\\\/#primaryimage\",\"url\":\"https:\\\/\\\/faktumonline.com\\\/wp-content\\\/uploads\\\/2023\\\/02\\\/Venstre-Hojre-scaled.jpg\",\"contentUrl\":\"https:\\\/\\\/faktumonline.com\\\/wp-content\\\/uploads\\\/2023\\\/02\\\/Venstre-Hojre-scaled.jpg\",\"width\":2560,\"height\":1440},{\"@type\":\"BreadcrumbList\",\"@id\":\"https:\\\/\\\/faktumonline.com\\\/da\\\/vare\\\/lage-faktum-40x195\\\/#breadcrumb\",\"itemListElement\":[{\"@type\":\"ListItem\",\"position\":1,\"name\":\"Hem\",\"item\":\"https:\\\/\\\/faktumonline.com\\\/da\\\/faktum-dk\\\/\"},{\"@type\":\"ListItem\",\"position\":2,\"name\":\"Webshop\",\"item\":\"https:\\\/\\\/faktumonline.com\\\/webshop\\\/\"},{\"@type\":\"ListItem\",\"position\":3,\"name\":\"L\u00e5ge Faktum 40&#215;195\"}]},{\"@type\":\"WebSite\",\"@id\":\"https:\\\/\\\/faktumonline.com\\\/da\\\/#website\",\"url\":\"https:\\\/\\\/faktumonline.com\\\/da\\\/\",\"name\":\"Faktum Online Store\",\"description\":\"Premium doors for IKEA kitchens\",\"potentialAction\":[{\"@type\":\"SearchAction\",\"target\":{\"@type\":\"EntryPoint\",\"urlTemplate\":\"https:\\\/\\\/faktumonline.com\\\/da\\\/?s={search_term_string}\"},\"query-input\":{\"@type\":\"PropertyValueSpecification\",\"valueRequired\":true,\"valueName\":\"search_term_string\"}}],\"inLanguage\":\"da-DK\"}]}<\/script>\n<!-- \/ Yoast SEO Premium plugin. -->","yoast_head_json":{"title":"L\u00e5ge Faktum 40x195 - Faktum Online Store","robots":{"index":"index","follow":"follow","max-snippet":"max-snippet:-1","max-image-preview":"max-image-preview:large","max-video-preview":"max-video-preview:-1"},"canonical":"https:\/\/faktumonline.com\/da\/vare\/lage-faktum-40x195\/","og_locale":"da_DK","og_type":"article","og_title":"L\u00e5ge Faktum 40x195","og_description":"Denne l\u00e5ge er fastgjort til skabet ved hj\u00e6lp af 3 h\u00e6ngsler. Midterh\u00e6ngslet er ikke ligefrem i midten. Af denne grund tilbyder vi denne d\u00f8r som venstreh\u00e6ngslet eller h\u00f8jreh\u00e6ngslet.  Venstreh\u00e6ngslet eller h\u00f8jreh\u00e6ngslet d\u00f8r? Stil dig venligst foran den lukkede d\u00f8r. Hvis h\u00e6ngslerne er til venstre (p\u00e5 bagsiden af \u200b\u200bden lukkede d\u00f8r), er d\u00f8ren venstreh\u00e6ngslet. Hvis h\u00e6ngslerne er til h\u00f8jre, er d\u00f8ren derfor h\u00f8jreh\u00e6ngslet.  Foretag venligst dit valg nedenfor + l\u00e6g i indk\u00f8bskurven.","og_url":"https:\/\/faktumonline.com\/da\/vare\/lage-faktum-40x195\/","og_site_name":"Faktum Online Store","article_modified_time":"2025-01-15T14:24:49+00:00","og_image":[{"width":2560,"height":1440,"url":"https:\/\/faktumonline.com\/wp-content\/uploads\/2023\/02\/Venstre-Hojre-scaled.jpg","type":"image\/jpeg"}],"twitter_card":"summary_large_image","schema":{"@context":"https:\/\/schema.org","@graph":[{"@type":"WebPage","@id":"https:\/\/faktumonline.com\/da\/vare\/lage-faktum-40x195\/","url":"https:\/\/faktumonline.com\/da\/vare\/lage-faktum-40x195\/","name":"L\u00e5ge Faktum 40x195 - Faktum Online Store","isPartOf":{"@id":"https:\/\/faktumonline.com\/da\/#website"},"primaryImageOfPage":{"@id":"https:\/\/faktumonline.com\/da\/vare\/lage-faktum-40x195\/#primaryimage"},"image":{"@id":"https:\/\/faktumonline.com\/da\/vare\/lage-faktum-40x195\/#primaryimage"},"thumbnailUrl":"https:\/\/faktumonline.com\/wp-content\/uploads\/2023\/02\/Venstre-Hojre-scaled.jpg","datePublished":"2018-10-09T17:27:24+00:00","dateModified":"2025-01-15T14:24:49+00:00","breadcrumb":{"@id":"https:\/\/faktumonline.com\/da\/vare\/lage-faktum-40x195\/#breadcrumb"},"inLanguage":"da-DK","potentialAction":[{"@type":"ReadAction","target":["https:\/\/faktumonline.com\/da\/vare\/lage-faktum-40x195\/"]}]},{"@type":"ImageObject","inLanguage":"da-DK","@id":"https:\/\/faktumonline.com\/da\/vare\/lage-faktum-40x195\/#primaryimage","url":"https:\/\/faktumonline.com\/wp-content\/uploads\/2023\/02\/Venstre-Hojre-scaled.jpg","contentUrl":"https:\/\/faktumonline.com\/wp-content\/uploads\/2023\/02\/Venstre-Hojre-scaled.jpg","width":2560,"height":1440},{"@type":"BreadcrumbList","@id":"https:\/\/faktumonline.com\/da\/vare\/lage-faktum-40x195\/#breadcrumb","itemListElement":[{"@type":"ListItem","position":1,"name":"Hem","item":"https:\/\/faktumonline.com\/da\/faktum-dk\/"},{"@type":"ListItem","position":2,"name":"Webshop","item":"https:\/\/faktumonline.com\/webshop\/"},{"@type":"ListItem","position":3,"name":"L\u00e5ge Faktum 40&#215;195"}]},{"@type":"WebSite","@id":"https:\/\/faktumonline.com\/da\/#website","url":"https:\/\/faktumonline.com\/da\/","name":"Faktum Online Store","description":"Premium doors for IKEA kitchens","potentialAction":[{"@type":"SearchAction","target":{"@type":"EntryPoint","urlTemplate":"https:\/\/faktumonline.com\/da\/?s={search_term_string}"},"query-input":{"@type":"PropertyValueSpecification","valueRequired":true,"valueName":"search_term_string"}}],"inLanguage":"da-DK"}]}},"_links":{"self":[{"href":"https:\/\/faktumonline.com\/da\/wp-json\/wp\/v2\/product\/73882","targetHints":{"allow":["GET"]}}],"collection":[{"href":"https:\/\/faktumonline.com\/da\/wp-json\/wp\/v2\/product"}],"about":[{"href":"https:\/\/faktumonline.com\/da\/wp-json\/wp\/v2\/types\/product"}],"version-history":[{"count":2,"href":"https:\/\/faktumonline.com\/da\/wp-json\/wp\/v2\/product\/73882\/revisions"}],"predecessor-version":[{"id":74095,"href":"https:\/\/faktumonline.com\/da\/wp-json\/wp\/v2\/product\/73882\/revisions\/74095"}],"wp:featuredmedia":[{"embeddable":true,"href":"https:\/\/faktumonline.com\/da\/wp-json\/wp\/v2\/media\/73859"}],"wp:attachment":[{"href":"https:\/\/faktumonline.com\/da\/wp-json\/wp\/v2\/media?parent=73882"}],"wp:term":[{"taxonomy":"product_brand","embeddable":true,"href":"https:\/\/faktumonline.com\/da\/wp-json\/wp\/v2\/product_brand?post=73882"},{"taxonomy":"product_cat","embeddable":true,"href":"https:\/\/faktumonline.com\/da\/wp-json\/wp\/v2\/product_cat?post=73882"},{"taxonomy":"product_tag","embeddable":true,"href":"https:\/\/faktumonline.com\/da\/wp-json\/wp\/v2\/product_tag?post=73882"}],"curies":[{"name":"wp","href":"https:\/\/api.w.org\/{rel}","templated":true}]}}