{"id":139796,"date":"2025-03-17T15:14:36","date_gmt":"2025-03-17T14:14:36","guid":{"rendered":"https:\/\/faktumonline.com\/product\/saet-med-4x-hoejglans-miniproever\/"},"modified":"2025-03-17T15:14:36","modified_gmt":"2025-03-17T14:14:36","slug":"saet-med-4x-hoejglans-miniproever","status":"publish","type":"product","link":"https:\/\/faktumonline.com\/da\/vare\/saet-med-4x-hoejglans-miniproever\/","title":{"rendered":"S\u00e6t med 4x h\u00f8jglans minipr\u00f8ver"},"content":{"rendered":"","protected":false},"excerpt":{"rendered":"","protected":false},"featured_media":157249,"template":"","meta":[],"product_brand":[],"product_cat":[2671],"product_tag":[],"class_list":{"0":"post-139796","1":"product","2":"type-product","3":"status-publish","4":"has-post-thumbnail","6":"product_cat-gloss-samples-dk","7":"product_shipping_class-frakt35-da","8":"sales-flash-overlay","9":"woocommerce-text-align-center","10":"woocommerce-image-align-center","12":"first","13":"instock","14":"taxable","15":"shipping-taxable","16":"purchasable","17":"product-type-simple"},"exclude_global_add_ons":[],"addons":[],"yoast_head":"<!-- This site is optimized with the Yoast SEO Premium plugin v27.0 (Yoast SEO v27.0) - https:\/\/yoast.com\/product\/yoast-seo-premium-wordpress\/ -->\n<title>S\u00e6t med 4x h\u00f8jglans minipr\u00f8ver - Faktum Online Store<\/title>\n<meta name=\"robots\" content=\"index, follow, max-snippet:-1, max-image-preview:large, max-video-preview:-1\" \/>\n<link rel=\"canonical\" href=\"https:\/\/faktumonline.com\/da\/vare\/saet-med-4x-hoejglans-miniproever\/\" \/>\n<meta property=\"og:locale\" content=\"da_DK\" \/>\n<meta property=\"og:type\" content=\"article\" \/>\n<meta property=\"og:title\" content=\"S\u00e6t med 4x h\u00f8jglans minipr\u00f8ver\" \/>\n<meta property=\"og:url\" content=\"https:\/\/faktumonline.com\/da\/vare\/saet-med-4x-hoejglans-miniproever\/\" \/>\n<meta property=\"og:site_name\" content=\"Faktum Online Store\" \/>\n<meta property=\"og:image\" content=\"https:\/\/faktumonline.com\/wp-content\/uploads\/2025\/03\/Alvic-3-mm-family.jpg\" \/>\n\t<meta property=\"og:image:width\" content=\"900\" \/>\n\t<meta property=\"og:image:height\" content=\"905\" \/>\n\t<meta property=\"og:image:type\" content=\"image\/jpeg\" \/>\n<meta name=\"twitter:card\" content=\"summary_large_image\" \/>\n<script type=\"application\/ld+json\" class=\"yoast-schema-graph\">{\"@context\":\"https:\/\/schema.org\",\"@graph\":[{\"@type\":\"WebPage\",\"@id\":\"https:\/\/faktumonline.com\/da\/vare\/saet-med-4x-hoejglans-miniproever\/\",\"url\":\"https:\/\/faktumonline.com\/da\/vare\/saet-med-4x-hoejglans-miniproever\/\",\"name\":\"S\u00e6t med 4x h\u00f8jglans minipr\u00f8ver - Faktum Online Store\",\"isPartOf\":{\"@id\":\"https:\/\/faktumonline.com\/da\/#website\"},\"primaryImageOfPage\":{\"@id\":\"https:\/\/faktumonline.com\/da\/vare\/saet-med-4x-hoejglans-miniproever\/#primaryimage\"},\"image\":{\"@id\":\"https:\/\/faktumonline.com\/da\/vare\/saet-med-4x-hoejglans-miniproever\/#primaryimage\"},\"thumbnailUrl\":\"https:\/\/faktumonline.com\/wp-content\/uploads\/2026\/02\/Alvic-Mini-Samples.webp\",\"datePublished\":\"2025-03-17T14:14:36+00:00\",\"breadcrumb\":{\"@id\":\"https:\/\/faktumonline.com\/da\/vare\/saet-med-4x-hoejglans-miniproever\/#breadcrumb\"},\"inLanguage\":\"da-DK\",\"potentialAction\":[{\"@type\":\"ReadAction\",\"target\":[\"https:\/\/faktumonline.com\/da\/vare\/saet-med-4x-hoejglans-miniproever\/\"]}]},{\"@type\":\"ImageObject\",\"inLanguage\":\"da-DK\",\"@id\":\"https:\/\/faktumonline.com\/da\/vare\/saet-med-4x-hoejglans-miniproever\/#primaryimage\",\"url\":\"https:\/\/faktumonline.com\/wp-content\/uploads\/2026\/02\/Alvic-Mini-Samples.webp\",\"contentUrl\":\"https:\/\/faktumonline.com\/wp-content\/uploads\/2026\/02\/Alvic-Mini-Samples.webp\",\"width\":1200,\"height\":1200},{\"@type\":\"BreadcrumbList\",\"@id\":\"https:\/\/faktumonline.com\/da\/vare\/saet-med-4x-hoejglans-miniproever\/#breadcrumb\",\"itemListElement\":[{\"@type\":\"ListItem\",\"position\":1,\"name\":\"Hem\",\"item\":\"https:\/\/faktumonline.com\/da\/\"},{\"@type\":\"ListItem\",\"position\":2,\"name\":\"Webshop\",\"item\":\"https:\/\/faktumonline.com\/webshop\/\"},{\"@type\":\"ListItem\",\"position\":3,\"name\":\"S\u00e6t med 4x h\u00f8jglans minipr\u00f8ver\"}]},{\"@type\":\"WebSite\",\"@id\":\"https:\/\/faktumonline.com\/da\/#website\",\"url\":\"https:\/\/faktumonline.com\/da\/\",\"name\":\"Faktum Online Store\",\"description\":\"Premium doors for IKEA kitchens\",\"potentialAction\":[{\"@type\":\"SearchAction\",\"target\":{\"@type\":\"EntryPoint\",\"urlTemplate\":\"https:\/\/faktumonline.com\/da\/?s={search_term_string}\"},\"query-input\":{\"@type\":\"PropertyValueSpecification\",\"valueRequired\":true,\"valueName\":\"search_term_string\"}}],\"inLanguage\":\"da-DK\"}]}<\/script>\n<!-- \/ Yoast SEO Premium plugin. -->","yoast_head_json":{"title":"S\u00e6t med 4x h\u00f8jglans minipr\u00f8ver - Faktum Online Store","robots":{"index":"index","follow":"follow","max-snippet":"max-snippet:-1","max-image-preview":"max-image-preview:large","max-video-preview":"max-video-preview:-1"},"canonical":"https:\/\/faktumonline.com\/da\/vare\/saet-med-4x-hoejglans-miniproever\/","og_locale":"da_DK","og_type":"article","og_title":"S\u00e6t med 4x h\u00f8jglans minipr\u00f8ver","og_url":"https:\/\/faktumonline.com\/da\/vare\/saet-med-4x-hoejglans-miniproever\/","og_site_name":"Faktum Online Store","og_image":[{"width":900,"height":905,"url":"https:\/\/faktumonline.com\/wp-content\/uploads\/2025\/03\/Alvic-3-mm-family.jpg","type":"image\/jpeg"}],"twitter_card":"summary_large_image","schema":{"@context":"https:\/\/schema.org","@graph":[{"@type":"WebPage","@id":"https:\/\/faktumonline.com\/da\/vare\/saet-med-4x-hoejglans-miniproever\/","url":"https:\/\/faktumonline.com\/da\/vare\/saet-med-4x-hoejglans-miniproever\/","name":"S\u00e6t med 4x h\u00f8jglans minipr\u00f8ver - Faktum Online Store","isPartOf":{"@id":"https:\/\/faktumonline.com\/da\/#website"},"primaryImageOfPage":{"@id":"https:\/\/faktumonline.com\/da\/vare\/saet-med-4x-hoejglans-miniproever\/#primaryimage"},"image":{"@id":"https:\/\/faktumonline.com\/da\/vare\/saet-med-4x-hoejglans-miniproever\/#primaryimage"},"thumbnailUrl":"https:\/\/faktumonline.com\/wp-content\/uploads\/2026\/02\/Alvic-Mini-Samples.webp","datePublished":"2025-03-17T14:14:36+00:00","breadcrumb":{"@id":"https:\/\/faktumonline.com\/da\/vare\/saet-med-4x-hoejglans-miniproever\/#breadcrumb"},"inLanguage":"da-DK","potentialAction":[{"@type":"ReadAction","target":["https:\/\/faktumonline.com\/da\/vare\/saet-med-4x-hoejglans-miniproever\/"]}]},{"@type":"ImageObject","inLanguage":"da-DK","@id":"https:\/\/faktumonline.com\/da\/vare\/saet-med-4x-hoejglans-miniproever\/#primaryimage","url":"https:\/\/faktumonline.com\/wp-content\/uploads\/2026\/02\/Alvic-Mini-Samples.webp","contentUrl":"https:\/\/faktumonline.com\/wp-content\/uploads\/2026\/02\/Alvic-Mini-Samples.webp","width":1200,"height":1200},{"@type":"BreadcrumbList","@id":"https:\/\/faktumonline.com\/da\/vare\/saet-med-4x-hoejglans-miniproever\/#breadcrumb","itemListElement":[{"@type":"ListItem","position":1,"name":"Hem","item":"https:\/\/faktumonline.com\/da\/"},{"@type":"ListItem","position":2,"name":"Webshop","item":"https:\/\/faktumonline.com\/webshop\/"},{"@type":"ListItem","position":3,"name":"S\u00e6t med 4x h\u00f8jglans minipr\u00f8ver"}]},{"@type":"WebSite","@id":"https:\/\/faktumonline.com\/da\/#website","url":"https:\/\/faktumonline.com\/da\/","name":"Faktum Online Store","description":"Premium doors for IKEA kitchens","potentialAction":[{"@type":"SearchAction","target":{"@type":"EntryPoint","urlTemplate":"https:\/\/faktumonline.com\/da\/?s={search_term_string}"},"query-input":{"@type":"PropertyValueSpecification","valueRequired":true,"valueName":"search_term_string"}}],"inLanguage":"da-DK"}]}},"_links":{"self":[{"href":"https:\/\/faktumonline.com\/da\/wp-json\/wp\/v2\/product\/139796","targetHints":{"allow":["GET"]}}],"collection":[{"href":"https:\/\/faktumonline.com\/da\/wp-json\/wp\/v2\/product"}],"about":[{"href":"https:\/\/faktumonline.com\/da\/wp-json\/wp\/v2\/types\/product"}],"version-history":[{"count":0,"href":"https:\/\/faktumonline.com\/da\/wp-json\/wp\/v2\/product\/139796\/revisions"}],"wp:featuredmedia":[{"embeddable":true,"href":"https:\/\/faktumonline.com\/da\/wp-json\/wp\/v2\/media\/157249"}],"wp:attachment":[{"href":"https:\/\/faktumonline.com\/da\/wp-json\/wp\/v2\/media?parent=139796"}],"wp:term":[{"taxonomy":"product_brand","embeddable":true,"href":"https:\/\/faktumonline.com\/da\/wp-json\/wp\/v2\/product_brand?post=139796"},{"taxonomy":"product_cat","embeddable":true,"href":"https:\/\/faktumonline.com\/da\/wp-json\/wp\/v2\/product_cat?post=139796"},{"taxonomy":"product_tag","embeddable":true,"href":"https:\/\/faktumonline.com\/da\/wp-json\/wp\/v2\/product_tag?post=139796"}],"curies":[{"name":"wp","href":"https:\/\/api.w.org\/{rel}","templated":true}]}}