{"id":135365,"date":"2025-01-31T19:30:51","date_gmt":"2025-01-31T18:30:52","guid":{"rendered":"https:\/\/faktumonline.com\/?post_type=product&#038;p=135365"},"modified":"2025-02-01T17:32:52","modified_gmt":"2025-02-01T16:32:52","slug":"white-high-gloss-farveprove-copy-copy-copy-copy-copy","status":"publish","type":"product","link":"https:\/\/faktumonline.com\/da\/vare\/white-high-gloss-farveprove-copy-copy-copy-copy-copy\/","title":{"rendered":"Alvic Luxe &#8220;Gris-02&#8221; H\u00f8jglans Farvepr\u00f8ve*"},"content":{"rendered":"","protected":false},"excerpt":{"rendered":"<p>Dette er en farvepr\u00f8ve. S\u00e6t kryds ved &#8220;Tilf\u00f8j \u200b\u200bi kurv&#8221; for at bestille pr\u00f8ven, som repr\u00e6senterer det f\u00e6rdige produkt i den \u00f8nskede farve i vores Premium MDF kvalitet. Lavet i omtrent samme st\u00f8rrelse som en h\u00f8j skuffefront.<\/p>\n<p>Alvic Luxe er et Premium produkt, som vi er glade for at kunne tilbyde til vores IKEA k\u00f8kken kunder. &#8220;Luxe&#8221; er Alvics udvalg af h\u00f8jglansfarver.<\/p>\n<p>Afh\u00e6ngigt af de individuelle indstillinger p\u00e5 din computersk\u00e6rm (telefon eller tablet osv.), kan farve, glans og finish se lidt anderledes ud i det virkelige liv og under lysforholdene i dit eget k\u00f8kken. Betragt venligst disse billeder kun som en grov guide.<\/p>\n<p>* Denne farve er ikke mulig for U12 l\u00e5ger med integrerede greb. Denne farve tilbydes kun til vores glatte model W28.<\/p>\n","protected":false},"featured_media":144643,"template":"","meta":[],"product_brand":[],"product_cat":[2671],"product_tag":[],"class_list":{"0":"post-135365","1":"product","2":"type-product","3":"status-publish","4":"has-post-thumbnail","6":"product_cat-gloss-samples-dk","7":"product_shipping_class-frakt35-da","8":"sales-flash-overlay","9":"woocommerce-text-align-center","10":"woocommerce-image-align-center","11":"wc-has-gallery","13":"first","14":"instock","15":"sold-individually","16":"taxable","17":"shipping-taxable","18":"purchasable","19":"product-type-simple"},"exclude_global_add_ons":[],"addons":[],"yoast_head":"<!-- This site is optimized with the Yoast SEO Premium plugin v27.0 (Yoast SEO v27.0) - https:\/\/yoast.com\/product\/yoast-seo-premium-wordpress\/ -->\n<title>Alvic Luxe &quot;Gris-02&quot; H\u00f8jglans Farvepr\u00f8ve* - Faktum Online Store<\/title>\n<meta name=\"robots\" content=\"index, follow, max-snippet:-1, max-image-preview:large, max-video-preview:-1\" \/>\n<link rel=\"canonical\" href=\"https:\/\/faktumonline.com\/da\/vare\/white-high-gloss-farveprove-copy-copy-copy-copy-copy\/\" \/>\n<meta property=\"og:locale\" content=\"da_DK\" \/>\n<meta property=\"og:type\" content=\"article\" \/>\n<meta property=\"og:title\" content=\"Alvic Luxe &quot;Gris-02&quot; H\u00f8jglans Farvepr\u00f8ve*\" \/>\n<meta property=\"og:description\" content=\"Dette er en farvepr\u00f8ve. S\u00e6t kryds ved &quot;Tilf\u00f8j \u200b\u200bi kurv&quot; for at bestille pr\u00f8ven, som repr\u00e6senterer det f\u00e6rdige produkt i den \u00f8nskede farve i vores Premium MDF kvalitet. Lavet i omtrent samme st\u00f8rrelse som en h\u00f8j skuffefront.  Alvic Luxe er et Premium produkt, som vi er glade for at kunne tilbyde til vores IKEA k\u00f8kken kunder. &quot;Luxe&quot; er Alvics udvalg af h\u00f8jglansfarver.  Afh\u00e6ngigt af de individuelle indstillinger p\u00e5 din computersk\u00e6rm (telefon eller tablet osv.), kan farve, glans og finish se lidt anderledes ud i det virkelige liv og under lysforholdene i dit eget k\u00f8kken. Betragt venligst disse billeder kun som en grov guide.  * Denne farve er ikke mulig for U12 l\u00e5ger med integrerede greb. Denne farve tilbydes kun til vores glatte model W28.\" \/>\n<meta property=\"og:url\" content=\"https:\/\/faktumonline.com\/da\/vare\/white-high-gloss-farveprove-copy-copy-copy-copy-copy\/\" \/>\n<meta property=\"og:site_name\" content=\"Faktum Online Store\" \/>\n<meta property=\"article:modified_time\" content=\"2025-02-01T16:32:52+00:00\" \/>\n<meta property=\"og:image\" content=\"https:\/\/faktumonline.com\/wp-content\/uploads\/2025\/01\/LTM8L1146-LUXE-GRIS-02.jpg\" \/>\n\t<meta property=\"og:image:width\" content=\"1181\" \/>\n\t<meta property=\"og:image:height\" content=\"1181\" \/>\n\t<meta property=\"og:image:type\" content=\"image\/jpeg\" \/>\n<meta name=\"twitter:card\" content=\"summary_large_image\" \/>\n<script type=\"application\/ld+json\" class=\"yoast-schema-graph\">{\"@context\":\"https:\/\/schema.org\",\"@graph\":[{\"@type\":\"WebPage\",\"@id\":\"https:\/\/faktumonline.com\/da\/vare\/white-high-gloss-farveprove-copy-copy-copy-copy-copy\/\",\"url\":\"https:\/\/faktumonline.com\/da\/vare\/white-high-gloss-farveprove-copy-copy-copy-copy-copy\/\",\"name\":\"Alvic Luxe \\\"Gris-02\\\" H\u00f8jglans Farvepr\u00f8ve* - Faktum Online Store\",\"isPartOf\":{\"@id\":\"https:\/\/faktumonline.com\/da\/#website\"},\"primaryImageOfPage\":{\"@id\":\"https:\/\/faktumonline.com\/da\/vare\/white-high-gloss-farveprove-copy-copy-copy-copy-copy\/#primaryimage\"},\"image\":{\"@id\":\"https:\/\/faktumonline.com\/da\/vare\/white-high-gloss-farveprove-copy-copy-copy-copy-copy\/#primaryimage\"},\"thumbnailUrl\":\"https:\/\/faktumonline.com\/wp-content\/uploads\/2025\/05\/Alvic-Luxe-GRIS-02-uni.webp\",\"datePublished\":\"2025-01-31T18:30:52+00:00\",\"dateModified\":\"2025-02-01T16:32:52+00:00\",\"breadcrumb\":{\"@id\":\"https:\/\/faktumonline.com\/da\/vare\/white-high-gloss-farveprove-copy-copy-copy-copy-copy\/#breadcrumb\"},\"inLanguage\":\"da-DK\",\"potentialAction\":[{\"@type\":\"ReadAction\",\"target\":[\"https:\/\/faktumonline.com\/da\/vare\/white-high-gloss-farveprove-copy-copy-copy-copy-copy\/\"]}]},{\"@type\":\"ImageObject\",\"inLanguage\":\"da-DK\",\"@id\":\"https:\/\/faktumonline.com\/da\/vare\/white-high-gloss-farveprove-copy-copy-copy-copy-copy\/#primaryimage\",\"url\":\"https:\/\/faktumonline.com\/wp-content\/uploads\/2025\/05\/Alvic-Luxe-GRIS-02-uni.webp\",\"contentUrl\":\"https:\/\/faktumonline.com\/wp-content\/uploads\/2025\/05\/Alvic-Luxe-GRIS-02-uni.webp\",\"width\":354,\"height\":510},{\"@type\":\"BreadcrumbList\",\"@id\":\"https:\/\/faktumonline.com\/da\/vare\/white-high-gloss-farveprove-copy-copy-copy-copy-copy\/#breadcrumb\",\"itemListElement\":[{\"@type\":\"ListItem\",\"position\":1,\"name\":\"Hem\",\"item\":\"https:\/\/faktumonline.com\/da\/\"},{\"@type\":\"ListItem\",\"position\":2,\"name\":\"Webshop\",\"item\":\"https:\/\/faktumonline.com\/webshop\/\"},{\"@type\":\"ListItem\",\"position\":3,\"name\":\"Alvic Luxe &#8220;Gris-02&#8221; H\u00f8jglans Farvepr\u00f8ve*\"}]},{\"@type\":\"WebSite\",\"@id\":\"https:\/\/faktumonline.com\/da\/#website\",\"url\":\"https:\/\/faktumonline.com\/da\/\",\"name\":\"Faktum Online Store\",\"description\":\"Premium doors for IKEA kitchens\",\"potentialAction\":[{\"@type\":\"SearchAction\",\"target\":{\"@type\":\"EntryPoint\",\"urlTemplate\":\"https:\/\/faktumonline.com\/da\/?s={search_term_string}\"},\"query-input\":{\"@type\":\"PropertyValueSpecification\",\"valueRequired\":true,\"valueName\":\"search_term_string\"}}],\"inLanguage\":\"da-DK\"}]}<\/script>\n<!-- \/ Yoast SEO Premium plugin. -->","yoast_head_json":{"title":"Alvic Luxe \"Gris-02\" H\u00f8jglans Farvepr\u00f8ve* - Faktum Online Store","robots":{"index":"index","follow":"follow","max-snippet":"max-snippet:-1","max-image-preview":"max-image-preview:large","max-video-preview":"max-video-preview:-1"},"canonical":"https:\/\/faktumonline.com\/da\/vare\/white-high-gloss-farveprove-copy-copy-copy-copy-copy\/","og_locale":"da_DK","og_type":"article","og_title":"Alvic Luxe \"Gris-02\" H\u00f8jglans Farvepr\u00f8ve*","og_description":"Dette er en farvepr\u00f8ve. S\u00e6t kryds ved \"Tilf\u00f8j \u200b\u200bi kurv\" for at bestille pr\u00f8ven, som repr\u00e6senterer det f\u00e6rdige produkt i den \u00f8nskede farve i vores Premium MDF kvalitet. Lavet i omtrent samme st\u00f8rrelse som en h\u00f8j skuffefront.  Alvic Luxe er et Premium produkt, som vi er glade for at kunne tilbyde til vores IKEA k\u00f8kken kunder. \"Luxe\" er Alvics udvalg af h\u00f8jglansfarver.  Afh\u00e6ngigt af de individuelle indstillinger p\u00e5 din computersk\u00e6rm (telefon eller tablet osv.), kan farve, glans og finish se lidt anderledes ud i det virkelige liv og under lysforholdene i dit eget k\u00f8kken. Betragt venligst disse billeder kun som en grov guide.  * Denne farve er ikke mulig for U12 l\u00e5ger med integrerede greb. Denne farve tilbydes kun til vores glatte model W28.","og_url":"https:\/\/faktumonline.com\/da\/vare\/white-high-gloss-farveprove-copy-copy-copy-copy-copy\/","og_site_name":"Faktum Online Store","article_modified_time":"2025-02-01T16:32:52+00:00","og_image":[{"width":1181,"height":1181,"url":"https:\/\/faktumonline.com\/wp-content\/uploads\/2025\/01\/LTM8L1146-LUXE-GRIS-02.jpg","type":"image\/jpeg"}],"twitter_card":"summary_large_image","schema":{"@context":"https:\/\/schema.org","@graph":[{"@type":"WebPage","@id":"https:\/\/faktumonline.com\/da\/vare\/white-high-gloss-farveprove-copy-copy-copy-copy-copy\/","url":"https:\/\/faktumonline.com\/da\/vare\/white-high-gloss-farveprove-copy-copy-copy-copy-copy\/","name":"Alvic Luxe \"Gris-02\" H\u00f8jglans Farvepr\u00f8ve* - Faktum Online Store","isPartOf":{"@id":"https:\/\/faktumonline.com\/da\/#website"},"primaryImageOfPage":{"@id":"https:\/\/faktumonline.com\/da\/vare\/white-high-gloss-farveprove-copy-copy-copy-copy-copy\/#primaryimage"},"image":{"@id":"https:\/\/faktumonline.com\/da\/vare\/white-high-gloss-farveprove-copy-copy-copy-copy-copy\/#primaryimage"},"thumbnailUrl":"https:\/\/faktumonline.com\/wp-content\/uploads\/2025\/05\/Alvic-Luxe-GRIS-02-uni.webp","datePublished":"2025-01-31T18:30:52+00:00","dateModified":"2025-02-01T16:32:52+00:00","breadcrumb":{"@id":"https:\/\/faktumonline.com\/da\/vare\/white-high-gloss-farveprove-copy-copy-copy-copy-copy\/#breadcrumb"},"inLanguage":"da-DK","potentialAction":[{"@type":"ReadAction","target":["https:\/\/faktumonline.com\/da\/vare\/white-high-gloss-farveprove-copy-copy-copy-copy-copy\/"]}]},{"@type":"ImageObject","inLanguage":"da-DK","@id":"https:\/\/faktumonline.com\/da\/vare\/white-high-gloss-farveprove-copy-copy-copy-copy-copy\/#primaryimage","url":"https:\/\/faktumonline.com\/wp-content\/uploads\/2025\/05\/Alvic-Luxe-GRIS-02-uni.webp","contentUrl":"https:\/\/faktumonline.com\/wp-content\/uploads\/2025\/05\/Alvic-Luxe-GRIS-02-uni.webp","width":354,"height":510},{"@type":"BreadcrumbList","@id":"https:\/\/faktumonline.com\/da\/vare\/white-high-gloss-farveprove-copy-copy-copy-copy-copy\/#breadcrumb","itemListElement":[{"@type":"ListItem","position":1,"name":"Hem","item":"https:\/\/faktumonline.com\/da\/"},{"@type":"ListItem","position":2,"name":"Webshop","item":"https:\/\/faktumonline.com\/webshop\/"},{"@type":"ListItem","position":3,"name":"Alvic Luxe &#8220;Gris-02&#8221; H\u00f8jglans Farvepr\u00f8ve*"}]},{"@type":"WebSite","@id":"https:\/\/faktumonline.com\/da\/#website","url":"https:\/\/faktumonline.com\/da\/","name":"Faktum Online Store","description":"Premium doors for IKEA kitchens","potentialAction":[{"@type":"SearchAction","target":{"@type":"EntryPoint","urlTemplate":"https:\/\/faktumonline.com\/da\/?s={search_term_string}"},"query-input":{"@type":"PropertyValueSpecification","valueRequired":true,"valueName":"search_term_string"}}],"inLanguage":"da-DK"}]}},"_links":{"self":[{"href":"https:\/\/faktumonline.com\/da\/wp-json\/wp\/v2\/product\/135365","targetHints":{"allow":["GET"]}}],"collection":[{"href":"https:\/\/faktumonline.com\/da\/wp-json\/wp\/v2\/product"}],"about":[{"href":"https:\/\/faktumonline.com\/da\/wp-json\/wp\/v2\/types\/product"}],"version-history":[{"count":2,"href":"https:\/\/faktumonline.com\/da\/wp-json\/wp\/v2\/product\/135365\/revisions"}],"predecessor-version":[{"id":135497,"href":"https:\/\/faktumonline.com\/da\/wp-json\/wp\/v2\/product\/135365\/revisions\/135497"}],"wp:featuredmedia":[{"embeddable":true,"href":"https:\/\/faktumonline.com\/da\/wp-json\/wp\/v2\/media\/144643"}],"wp:attachment":[{"href":"https:\/\/faktumonline.com\/da\/wp-json\/wp\/v2\/media?parent=135365"}],"wp:term":[{"taxonomy":"product_brand","embeddable":true,"href":"https:\/\/faktumonline.com\/da\/wp-json\/wp\/v2\/product_brand?post=135365"},{"taxonomy":"product_cat","embeddable":true,"href":"https:\/\/faktumonline.com\/da\/wp-json\/wp\/v2\/product_cat?post=135365"},{"taxonomy":"product_tag","embeddable":true,"href":"https:\/\/faktumonline.com\/da\/wp-json\/wp\/v2\/product_tag?post=135365"}],"curies":[{"name":"wp","href":"https:\/\/api.w.org\/{rel}","templated":true}]}}