{"id":133891,"date":"2025-01-18T15:11:26","date_gmt":"2025-01-18T14:11:26","guid":{"rendered":"https:\/\/faktumonline.com\/?post_type=product&#038;p=133891"},"modified":"2025-05-12T15:08:04","modified_gmt":"2025-05-12T14:08:04","slug":"green-tea-ultra-matt-farveprove-copy","status":"publish","type":"product","link":"https:\/\/faktumonline.com\/da\/vare\/green-tea-ultra-matt-farveprove-copy\/","title":{"rendered":"Soft Green Ultra Matt Farvepr\u00f8ve*"},"content":{"rendered":"","protected":false},"excerpt":{"rendered":"<p>Dette er en farvepr\u00f8ve. Tryk p\u00e5 knappen L\u00e6g i kurv for at bestille denne pr\u00f8ve. Pr\u00f8ven vil repr\u00e6sentere det f\u00e6rdige produkt, hvor farven er p\u00e5f\u00f8rt en f\u00f8rsteklasses MDF-plade og vil v\u00e6re meget tro mod det endelige produkt.  <\/p>\n<p>Ikke alle computersk\u00e6rme (tablets eller telefoner osv.) er ens, og de billeder, der vises i denne dialogboks, kan vise farver, der er forskellige fra, hvordan de vil se ud i virkeligheden og under lysforholdene i dit eget k\u00f8kken. Behandl venligst kun disse billeder som en grov vejledning. <\/p>\n<p>* Denne farve er ikke mulig p\u00e5 U12-d\u00f8rene med integrerede h\u00e5ndtag.<\/p>\n","protected":false},"featured_media":144506,"template":"","meta":[],"product_brand":[],"product_cat":[2695],"product_tag":[],"class_list":{"0":"post-133891","1":"product","2":"type-product","3":"status-publish","4":"has-post-thumbnail","6":"product_cat-ultramatte-samples-dk","7":"product_shipping_class-frakt35-da","8":"sales-flash-overlay","9":"woocommerce-text-align-center","10":"woocommerce-image-align-center","11":"wc-has-gallery","13":"first","14":"discontinued","15":"sold-individually","16":"taxable","17":"shipping-taxable","18":"purchasable","19":"product-type-simple"},"exclude_global_add_ons":[],"addons":[],"yoast_head":"<!-- This site is optimized with the Yoast SEO Premium plugin v27.0 (Yoast SEO v27.0) - https:\/\/yoast.com\/product\/yoast-seo-premium-wordpress\/ -->\n<title>Soft Green Ultra Matt Farvepr\u00f8ve* - Faktum Online Store<\/title>\n<meta name=\"robots\" content=\"index, follow, max-snippet:-1, max-image-preview:large, max-video-preview:-1\" \/>\n<link rel=\"canonical\" href=\"https:\/\/faktumonline.com\/da\/vare\/green-tea-ultra-matt-farveprove-copy\/\" \/>\n<meta property=\"og:locale\" content=\"da_DK\" \/>\n<meta property=\"og:type\" content=\"article\" \/>\n<meta property=\"og:title\" content=\"Soft Green Ultra Matt Farvepr\u00f8ve*\" \/>\n<meta property=\"og:description\" content=\"Dette er en farvepr\u00f8ve. Tryk p\u00e5 knappen L\u00e6g i kurv for at bestille denne pr\u00f8ve. Pr\u00f8ven vil repr\u00e6sentere det f\u00e6rdige produkt, hvor farven er p\u00e5f\u00f8rt en f\u00f8rsteklasses MDF-plade og vil v\u00e6re meget tro mod det endelige produkt.  Ikke alle computersk\u00e6rme (tablets eller telefoner osv.) er ens, og de billeder, der vises i denne dialogboks, kan vise farver, der er forskellige fra, hvordan de vil se ud i virkeligheden og under lysforholdene i dit eget k\u00f8kken. Behandl venligst kun disse billeder som en grov vejledning.  * Denne farve er ikke mulig p\u00e5 U12-d\u00f8rene med integrerede h\u00e5ndtag.\" \/>\n<meta property=\"og:url\" content=\"https:\/\/faktumonline.com\/da\/vare\/green-tea-ultra-matt-farveprove-copy\/\" \/>\n<meta property=\"og:site_name\" content=\"Faktum Online Store\" \/>\n<meta property=\"article:modified_time\" content=\"2025-05-12T14:08:04+00:00\" \/>\n<meta property=\"og:image\" content=\"https:\/\/faktumonline.com\/wp-content\/uploads\/2024\/06\/K296-W08-Soft-Green-Ultra-Matt.jpg\" \/>\n\t<meta property=\"og:image:width\" content=\"1400\" \/>\n\t<meta property=\"og:image:height\" content=\"787\" \/>\n\t<meta property=\"og:image:type\" content=\"image\/jpeg\" \/>\n<meta name=\"twitter:card\" content=\"summary_large_image\" \/>\n<script type=\"application\/ld+json\" class=\"yoast-schema-graph\">{\"@context\":\"https:\/\/schema.org\",\"@graph\":[{\"@type\":\"WebPage\",\"@id\":\"https:\/\/faktumonline.com\/da\/vare\/green-tea-ultra-matt-farveprove-copy\/\",\"url\":\"https:\/\/faktumonline.com\/da\/vare\/green-tea-ultra-matt-farveprove-copy\/\",\"name\":\"Soft Green Ultra Matt Farvepr\u00f8ve* - Faktum Online Store\",\"isPartOf\":{\"@id\":\"https:\/\/faktumonline.com\/da\/#website\"},\"primaryImageOfPage\":{\"@id\":\"https:\/\/faktumonline.com\/da\/vare\/green-tea-ultra-matt-farveprove-copy\/#primaryimage\"},\"image\":{\"@id\":\"https:\/\/faktumonline.com\/da\/vare\/green-tea-ultra-matt-farveprove-copy\/#primaryimage\"},\"thumbnailUrl\":\"https:\/\/faktumonline.com\/wp-content\/uploads\/2025\/05\/Soft-Green-Ultra-Matt-Colour-Sample.webp\",\"datePublished\":\"2025-01-18T14:11:26+00:00\",\"dateModified\":\"2025-05-12T14:08:04+00:00\",\"breadcrumb\":{\"@id\":\"https:\/\/faktumonline.com\/da\/vare\/green-tea-ultra-matt-farveprove-copy\/#breadcrumb\"},\"inLanguage\":\"da-DK\",\"potentialAction\":[{\"@type\":\"ReadAction\",\"target\":[\"https:\/\/faktumonline.com\/da\/vare\/green-tea-ultra-matt-farveprove-copy\/\"]}]},{\"@type\":\"ImageObject\",\"inLanguage\":\"da-DK\",\"@id\":\"https:\/\/faktumonline.com\/da\/vare\/green-tea-ultra-matt-farveprove-copy\/#primaryimage\",\"url\":\"https:\/\/faktumonline.com\/wp-content\/uploads\/2025\/05\/Soft-Green-Ultra-Matt-Colour-Sample.webp\",\"contentUrl\":\"https:\/\/faktumonline.com\/wp-content\/uploads\/2025\/05\/Soft-Green-Ultra-Matt-Colour-Sample.webp\",\"width\":354,\"height\":510},{\"@type\":\"BreadcrumbList\",\"@id\":\"https:\/\/faktumonline.com\/da\/vare\/green-tea-ultra-matt-farveprove-copy\/#breadcrumb\",\"itemListElement\":[{\"@type\":\"ListItem\",\"position\":1,\"name\":\"Hem\",\"item\":\"https:\/\/faktumonline.com\/da\/\"},{\"@type\":\"ListItem\",\"position\":2,\"name\":\"Webshop\",\"item\":\"https:\/\/faktumonline.com\/webshop\/\"},{\"@type\":\"ListItem\",\"position\":3,\"name\":\"Soft Green Ultra Matt Farvepr\u00f8ve*\"}]},{\"@type\":\"WebSite\",\"@id\":\"https:\/\/faktumonline.com\/da\/#website\",\"url\":\"https:\/\/faktumonline.com\/da\/\",\"name\":\"Faktum Online Store\",\"description\":\"Premium doors for IKEA kitchens\",\"potentialAction\":[{\"@type\":\"SearchAction\",\"target\":{\"@type\":\"EntryPoint\",\"urlTemplate\":\"https:\/\/faktumonline.com\/da\/?s={search_term_string}\"},\"query-input\":{\"@type\":\"PropertyValueSpecification\",\"valueRequired\":true,\"valueName\":\"search_term_string\"}}],\"inLanguage\":\"da-DK\"}]}<\/script>\n<!-- \/ Yoast SEO Premium plugin. -->","yoast_head_json":{"title":"Soft Green Ultra Matt Farvepr\u00f8ve* - Faktum Online Store","robots":{"index":"index","follow":"follow","max-snippet":"max-snippet:-1","max-image-preview":"max-image-preview:large","max-video-preview":"max-video-preview:-1"},"canonical":"https:\/\/faktumonline.com\/da\/vare\/green-tea-ultra-matt-farveprove-copy\/","og_locale":"da_DK","og_type":"article","og_title":"Soft Green Ultra Matt Farvepr\u00f8ve*","og_description":"Dette er en farvepr\u00f8ve. Tryk p\u00e5 knappen L\u00e6g i kurv for at bestille denne pr\u00f8ve. Pr\u00f8ven vil repr\u00e6sentere det f\u00e6rdige produkt, hvor farven er p\u00e5f\u00f8rt en f\u00f8rsteklasses MDF-plade og vil v\u00e6re meget tro mod det endelige produkt.  Ikke alle computersk\u00e6rme (tablets eller telefoner osv.) er ens, og de billeder, der vises i denne dialogboks, kan vise farver, der er forskellige fra, hvordan de vil se ud i virkeligheden og under lysforholdene i dit eget k\u00f8kken. Behandl venligst kun disse billeder som en grov vejledning.  * Denne farve er ikke mulig p\u00e5 U12-d\u00f8rene med integrerede h\u00e5ndtag.","og_url":"https:\/\/faktumonline.com\/da\/vare\/green-tea-ultra-matt-farveprove-copy\/","og_site_name":"Faktum Online Store","article_modified_time":"2025-05-12T14:08:04+00:00","og_image":[{"width":1400,"height":787,"url":"https:\/\/faktumonline.com\/wp-content\/uploads\/2024\/06\/K296-W08-Soft-Green-Ultra-Matt.jpg","type":"image\/jpeg"}],"twitter_card":"summary_large_image","schema":{"@context":"https:\/\/schema.org","@graph":[{"@type":"WebPage","@id":"https:\/\/faktumonline.com\/da\/vare\/green-tea-ultra-matt-farveprove-copy\/","url":"https:\/\/faktumonline.com\/da\/vare\/green-tea-ultra-matt-farveprove-copy\/","name":"Soft Green Ultra Matt Farvepr\u00f8ve* - Faktum Online Store","isPartOf":{"@id":"https:\/\/faktumonline.com\/da\/#website"},"primaryImageOfPage":{"@id":"https:\/\/faktumonline.com\/da\/vare\/green-tea-ultra-matt-farveprove-copy\/#primaryimage"},"image":{"@id":"https:\/\/faktumonline.com\/da\/vare\/green-tea-ultra-matt-farveprove-copy\/#primaryimage"},"thumbnailUrl":"https:\/\/faktumonline.com\/wp-content\/uploads\/2025\/05\/Soft-Green-Ultra-Matt-Colour-Sample.webp","datePublished":"2025-01-18T14:11:26+00:00","dateModified":"2025-05-12T14:08:04+00:00","breadcrumb":{"@id":"https:\/\/faktumonline.com\/da\/vare\/green-tea-ultra-matt-farveprove-copy\/#breadcrumb"},"inLanguage":"da-DK","potentialAction":[{"@type":"ReadAction","target":["https:\/\/faktumonline.com\/da\/vare\/green-tea-ultra-matt-farveprove-copy\/"]}]},{"@type":"ImageObject","inLanguage":"da-DK","@id":"https:\/\/faktumonline.com\/da\/vare\/green-tea-ultra-matt-farveprove-copy\/#primaryimage","url":"https:\/\/faktumonline.com\/wp-content\/uploads\/2025\/05\/Soft-Green-Ultra-Matt-Colour-Sample.webp","contentUrl":"https:\/\/faktumonline.com\/wp-content\/uploads\/2025\/05\/Soft-Green-Ultra-Matt-Colour-Sample.webp","width":354,"height":510},{"@type":"BreadcrumbList","@id":"https:\/\/faktumonline.com\/da\/vare\/green-tea-ultra-matt-farveprove-copy\/#breadcrumb","itemListElement":[{"@type":"ListItem","position":1,"name":"Hem","item":"https:\/\/faktumonline.com\/da\/"},{"@type":"ListItem","position":2,"name":"Webshop","item":"https:\/\/faktumonline.com\/webshop\/"},{"@type":"ListItem","position":3,"name":"Soft Green Ultra Matt Farvepr\u00f8ve*"}]},{"@type":"WebSite","@id":"https:\/\/faktumonline.com\/da\/#website","url":"https:\/\/faktumonline.com\/da\/","name":"Faktum Online Store","description":"Premium doors for IKEA kitchens","potentialAction":[{"@type":"SearchAction","target":{"@type":"EntryPoint","urlTemplate":"https:\/\/faktumonline.com\/da\/?s={search_term_string}"},"query-input":{"@type":"PropertyValueSpecification","valueRequired":true,"valueName":"search_term_string"}}],"inLanguage":"da-DK"}]}},"_links":{"self":[{"href":"https:\/\/faktumonline.com\/da\/wp-json\/wp\/v2\/product\/133891","targetHints":{"allow":["GET"]}}],"collection":[{"href":"https:\/\/faktumonline.com\/da\/wp-json\/wp\/v2\/product"}],"about":[{"href":"https:\/\/faktumonline.com\/da\/wp-json\/wp\/v2\/types\/product"}],"version-history":[{"count":3,"href":"https:\/\/faktumonline.com\/da\/wp-json\/wp\/v2\/product\/133891\/revisions"}],"predecessor-version":[{"id":144186,"href":"https:\/\/faktumonline.com\/da\/wp-json\/wp\/v2\/product\/133891\/revisions\/144186"}],"wp:featuredmedia":[{"embeddable":true,"href":"https:\/\/faktumonline.com\/da\/wp-json\/wp\/v2\/media\/144506"}],"wp:attachment":[{"href":"https:\/\/faktumonline.com\/da\/wp-json\/wp\/v2\/media?parent=133891"}],"wp:term":[{"taxonomy":"product_brand","embeddable":true,"href":"https:\/\/faktumonline.com\/da\/wp-json\/wp\/v2\/product_brand?post=133891"},{"taxonomy":"product_cat","embeddable":true,"href":"https:\/\/faktumonline.com\/da\/wp-json\/wp\/v2\/product_cat?post=133891"},{"taxonomy":"product_tag","embeddable":true,"href":"https:\/\/faktumonline.com\/da\/wp-json\/wp\/v2\/product_tag?post=133891"}],"curies":[{"name":"wp","href":"https:\/\/api.w.org\/{rel}","templated":true}]}}