{"id":124608,"date":"2024-09-29T10:46:59","date_gmt":"2024-09-29T09:46:59","guid":{"rendered":"https:\/\/faktumonline.com\/product\/lyspanel-i-millimeter\/"},"modified":"2024-09-29T10:46:59","modified_gmt":"2024-09-29T09:46:59","slug":"lyspanel-i-millimeter","status":"publish","type":"product","link":"https:\/\/faktumonline.com\/da\/vare\/lyspanel-i-millimeter\/","title":{"rendered":"Lyspanel i millimeter"},"content":{"rendered":"","protected":false},"excerpt":{"rendered":"<p>Et lyspanel kan placeres under overskabene for elegant at skjule belysningen. Lyspanel er lavet af samme Premium materiale, farve og finish som de nye l\u00e5ger. Fronten er flad, og siderne er afrundede med en radius p\u00e5 1 mm (som vores W28-model). Bagsiden er standard hvid. Standardtykkelsen er 18 mm og standardh\u00f8jden er 60mm.<\/p>\n<p>IKEA tilb\u00f8d kun lyspaneler i fast l\u00e6ngde. Dvs. der skulle saves p\u00e5 stedet, hvilket skyldes, at hvert k\u00f8kken er forskelligt. Men ved savning efterlades hj\u00f8rner og kanter uden farve, som s\u00e5 skal gemmes eller trylles v\u00e6k p\u00e5 den ene eller anden m\u00e5de.<\/p>\n<p>Vi tilbyder lyspanel i millimeter, hvilket er muligt, fordi vi producerer p\u00e5 bestilling. Efter at lyspanel efter kundens specifikationer er savet til i fabrikken, p\u00e5f\u00f8rer vi malingen. P\u00e5 denne m\u00e5de og fordi vi p\u00e5f\u00f8rer malingen p\u00e5 5 sider, vil dit moderniserede k\u00f8kken se meget professionelt ud.<\/p>\n<p><strong>Bredder:<\/strong> 346 \u2013 1900 mm<br \/>\n<strong>H\u00f8jde:<\/strong> 60 mm<br \/>\n<strong>Tykkelse:<\/strong> 18mm<\/p>\n<p><strong>TIP:<\/strong> Hvis du er skiftet til moderne LED-strips, kunne du m\u00e5ske i stedet for t\u00e6nke dig en 12 mm tyk sidebekl\u00e6dning under dine overskabe? Hvis ja, s\u00e5 tag et kig p\u00e5 sidebekl\u00e6dning konfiguratoren.<\/p>\n<p>&nbsp;<\/p>\n","protected":false},"featured_media":125281,"template":"","meta":[],"product_brand":[],"product_cat":[1907],"product_tag":[],"class_list":{"0":"post-124608","1":"product","2":"type-product","3":"status-publish","4":"has-post-thumbnail","6":"product_cat-config-dk","7":"sales-flash-overlay","8":"woocommerce-text-align-center","9":"woocommerce-image-align-center","11":"first","12":"instock","13":"taxable","14":"shipping-taxable","15":"purchasable","16":"product-type-simple"},"exclude_global_add_ons":[],"addons":[],"yoast_head":"<!-- This site is optimized with the Yoast SEO Premium plugin v27.5 (Yoast SEO v27.5) - https:\/\/yoast.com\/product\/yoast-seo-premium-wordpress\/ -->\n<title>Lyspanel i millimeter - Faktum Online Store<\/title>\n<meta name=\"robots\" content=\"index, follow, max-snippet:-1, max-image-preview:large, max-video-preview:-1\" \/>\n<link rel=\"canonical\" href=\"https:\/\/faktumonline.com\/da\/vare\/lyspanel-i-millimeter\/\" \/>\n<meta property=\"og:locale\" content=\"da_DK\" \/>\n<meta property=\"og:type\" content=\"article\" \/>\n<meta property=\"og:title\" content=\"Lyspanel i millimeter\" \/>\n<meta property=\"og:description\" content=\"Et lyspanel kan placeres under overskabene for elegant at skjule belysningen. Lyspanel er lavet af samme Premium materiale, farve og finish som de nye l\u00e5ger. Fronten er flad, og siderne er afrundede med en radius p\u00e5 1 mm (som vores W28-model). Bagsiden er standard hvid. Standardtykkelsen er 18 mm og standardh\u00f8jden er 60mm.  IKEA tilb\u00f8d kun lyspaneler i fast l\u00e6ngde. Dvs. der skulle saves p\u00e5 stedet, hvilket skyldes, at hvert k\u00f8kken er forskelligt. Men ved savning efterlades hj\u00f8rner og kanter uden farve, som s\u00e5 skal gemmes eller trylles v\u00e6k p\u00e5 den ene eller anden m\u00e5de.  Vi tilbyder lyspanel i millimeter, hvilket er muligt, fordi vi producerer p\u00e5 bestilling. Efter at lyspanel efter kundens specifikationer er savet til i fabrikken, p\u00e5f\u00f8rer vi malingen. P\u00e5 denne m\u00e5de og fordi vi p\u00e5f\u00f8rer malingen p\u00e5 5 sider, vil dit moderniserede k\u00f8kken se meget professionelt ud.  Bredder: 346 \u2013 1900 mm H\u00f8jde: 60 mm Tykkelse: 18mm  TIP: Hvis du er skiftet til moderne LED-strips, kunne du m\u00e5ske i stedet for t\u00e6nke dig en 12 mm tyk sidebekl\u00e6dning under dine overskabe? Hvis ja, s\u00e5 tag et kig p\u00e5 sidebekl\u00e6dning konfiguratoren.  &nbsp;\" \/>\n<meta property=\"og:url\" content=\"https:\/\/faktumonline.com\/da\/vare\/lyspanel-i-millimeter\/\" \/>\n<meta property=\"og:site_name\" content=\"Faktum Online Store\" \/>\n<meta property=\"og:image\" content=\"https:\/\/faktumonline.com\/wp-content\/uploads\/2024\/10\/Pelmet.jpg\" \/>\n\t<meta property=\"og:image:width\" content=\"403\" \/>\n\t<meta property=\"og:image:height\" content=\"653\" \/>\n\t<meta property=\"og:image:type\" content=\"image\/jpeg\" \/>\n<meta name=\"twitter:card\" content=\"summary_large_image\" \/>\n<script type=\"application\/ld+json\" class=\"yoast-schema-graph\">{\"@context\":\"https:\\\/\\\/schema.org\",\"@graph\":[{\"@type\":\"WebPage\",\"@id\":\"https:\\\/\\\/faktumonline.com\\\/da\\\/vare\\\/lyspanel-i-millimeter\\\/\",\"url\":\"https:\\\/\\\/faktumonline.com\\\/da\\\/vare\\\/lyspanel-i-millimeter\\\/\",\"name\":\"Lyspanel i millimeter - Faktum Online Store\",\"isPartOf\":{\"@id\":\"https:\\\/\\\/faktumonline.com\\\/da\\\/#website\"},\"primaryImageOfPage\":{\"@id\":\"https:\\\/\\\/faktumonline.com\\\/da\\\/vare\\\/lyspanel-i-millimeter\\\/#primaryimage\"},\"image\":{\"@id\":\"https:\\\/\\\/faktumonline.com\\\/da\\\/vare\\\/lyspanel-i-millimeter\\\/#primaryimage\"},\"thumbnailUrl\":\"https:\\\/\\\/faktumonline.com\\\/wp-content\\\/uploads\\\/2024\\\/10\\\/Pelmet.jpg\",\"datePublished\":\"2024-09-29T09:46:59+00:00\",\"breadcrumb\":{\"@id\":\"https:\\\/\\\/faktumonline.com\\\/da\\\/vare\\\/lyspanel-i-millimeter\\\/#breadcrumb\"},\"inLanguage\":\"da-DK\",\"potentialAction\":[{\"@type\":\"ReadAction\",\"target\":[\"https:\\\/\\\/faktumonline.com\\\/da\\\/vare\\\/lyspanel-i-millimeter\\\/\"]}]},{\"@type\":\"ImageObject\",\"inLanguage\":\"da-DK\",\"@id\":\"https:\\\/\\\/faktumonline.com\\\/da\\\/vare\\\/lyspanel-i-millimeter\\\/#primaryimage\",\"url\":\"https:\\\/\\\/faktumonline.com\\\/wp-content\\\/uploads\\\/2024\\\/10\\\/Pelmet.jpg\",\"contentUrl\":\"https:\\\/\\\/faktumonline.com\\\/wp-content\\\/uploads\\\/2024\\\/10\\\/Pelmet.jpg\",\"width\":403,\"height\":653,\"caption\":\"D\u00e6kpanel i et IKEA Faktum-k\u00f8kken\"},{\"@type\":\"BreadcrumbList\",\"@id\":\"https:\\\/\\\/faktumonline.com\\\/da\\\/vare\\\/lyspanel-i-millimeter\\\/#breadcrumb\",\"itemListElement\":[{\"@type\":\"ListItem\",\"position\":1,\"name\":\"Hem\",\"item\":\"https:\\\/\\\/faktumonline.com\\\/da\\\/faktum-dk\\\/\"},{\"@type\":\"ListItem\",\"position\":2,\"name\":\"Webshop\",\"item\":\"https:\\\/\\\/faktumonline.com\\\/webshop\\\/\"},{\"@type\":\"ListItem\",\"position\":3,\"name\":\"Lyspanel i millimeter\"}]},{\"@type\":\"WebSite\",\"@id\":\"https:\\\/\\\/faktumonline.com\\\/da\\\/#website\",\"url\":\"https:\\\/\\\/faktumonline.com\\\/da\\\/\",\"name\":\"Faktum Online Store\",\"description\":\"Premium doors for IKEA kitchens\",\"potentialAction\":[{\"@type\":\"SearchAction\",\"target\":{\"@type\":\"EntryPoint\",\"urlTemplate\":\"https:\\\/\\\/faktumonline.com\\\/da\\\/?s={search_term_string}\"},\"query-input\":{\"@type\":\"PropertyValueSpecification\",\"valueRequired\":true,\"valueName\":\"search_term_string\"}}],\"inLanguage\":\"da-DK\"}]}<\/script>\n<!-- \/ Yoast SEO Premium plugin. -->","yoast_head_json":{"title":"Lyspanel i millimeter - Faktum Online Store","robots":{"index":"index","follow":"follow","max-snippet":"max-snippet:-1","max-image-preview":"max-image-preview:large","max-video-preview":"max-video-preview:-1"},"canonical":"https:\/\/faktumonline.com\/da\/vare\/lyspanel-i-millimeter\/","og_locale":"da_DK","og_type":"article","og_title":"Lyspanel i millimeter","og_description":"Et lyspanel kan placeres under overskabene for elegant at skjule belysningen. Lyspanel er lavet af samme Premium materiale, farve og finish som de nye l\u00e5ger. Fronten er flad, og siderne er afrundede med en radius p\u00e5 1 mm (som vores W28-model). Bagsiden er standard hvid. Standardtykkelsen er 18 mm og standardh\u00f8jden er 60mm.  IKEA tilb\u00f8d kun lyspaneler i fast l\u00e6ngde. Dvs. der skulle saves p\u00e5 stedet, hvilket skyldes, at hvert k\u00f8kken er forskelligt. Men ved savning efterlades hj\u00f8rner og kanter uden farve, som s\u00e5 skal gemmes eller trylles v\u00e6k p\u00e5 den ene eller anden m\u00e5de.  Vi tilbyder lyspanel i millimeter, hvilket er muligt, fordi vi producerer p\u00e5 bestilling. Efter at lyspanel efter kundens specifikationer er savet til i fabrikken, p\u00e5f\u00f8rer vi malingen. P\u00e5 denne m\u00e5de og fordi vi p\u00e5f\u00f8rer malingen p\u00e5 5 sider, vil dit moderniserede k\u00f8kken se meget professionelt ud.  Bredder: 346 \u2013 1900 mm H\u00f8jde: 60 mm Tykkelse: 18mm  TIP: Hvis du er skiftet til moderne LED-strips, kunne du m\u00e5ske i stedet for t\u00e6nke dig en 12 mm tyk sidebekl\u00e6dning under dine overskabe? Hvis ja, s\u00e5 tag et kig p\u00e5 sidebekl\u00e6dning konfiguratoren.  &nbsp;","og_url":"https:\/\/faktumonline.com\/da\/vare\/lyspanel-i-millimeter\/","og_site_name":"Faktum Online Store","og_image":[{"width":403,"height":653,"url":"https:\/\/faktumonline.com\/wp-content\/uploads\/2024\/10\/Pelmet.jpg","type":"image\/jpeg"}],"twitter_card":"summary_large_image","schema":{"@context":"https:\/\/schema.org","@graph":[{"@type":"WebPage","@id":"https:\/\/faktumonline.com\/da\/vare\/lyspanel-i-millimeter\/","url":"https:\/\/faktumonline.com\/da\/vare\/lyspanel-i-millimeter\/","name":"Lyspanel i millimeter - Faktum Online Store","isPartOf":{"@id":"https:\/\/faktumonline.com\/da\/#website"},"primaryImageOfPage":{"@id":"https:\/\/faktumonline.com\/da\/vare\/lyspanel-i-millimeter\/#primaryimage"},"image":{"@id":"https:\/\/faktumonline.com\/da\/vare\/lyspanel-i-millimeter\/#primaryimage"},"thumbnailUrl":"https:\/\/faktumonline.com\/wp-content\/uploads\/2024\/10\/Pelmet.jpg","datePublished":"2024-09-29T09:46:59+00:00","breadcrumb":{"@id":"https:\/\/faktumonline.com\/da\/vare\/lyspanel-i-millimeter\/#breadcrumb"},"inLanguage":"da-DK","potentialAction":[{"@type":"ReadAction","target":["https:\/\/faktumonline.com\/da\/vare\/lyspanel-i-millimeter\/"]}]},{"@type":"ImageObject","inLanguage":"da-DK","@id":"https:\/\/faktumonline.com\/da\/vare\/lyspanel-i-millimeter\/#primaryimage","url":"https:\/\/faktumonline.com\/wp-content\/uploads\/2024\/10\/Pelmet.jpg","contentUrl":"https:\/\/faktumonline.com\/wp-content\/uploads\/2024\/10\/Pelmet.jpg","width":403,"height":653,"caption":"D\u00e6kpanel i et IKEA Faktum-k\u00f8kken"},{"@type":"BreadcrumbList","@id":"https:\/\/faktumonline.com\/da\/vare\/lyspanel-i-millimeter\/#breadcrumb","itemListElement":[{"@type":"ListItem","position":1,"name":"Hem","item":"https:\/\/faktumonline.com\/da\/faktum-dk\/"},{"@type":"ListItem","position":2,"name":"Webshop","item":"https:\/\/faktumonline.com\/webshop\/"},{"@type":"ListItem","position":3,"name":"Lyspanel i millimeter"}]},{"@type":"WebSite","@id":"https:\/\/faktumonline.com\/da\/#website","url":"https:\/\/faktumonline.com\/da\/","name":"Faktum Online Store","description":"Premium doors for IKEA kitchens","potentialAction":[{"@type":"SearchAction","target":{"@type":"EntryPoint","urlTemplate":"https:\/\/faktumonline.com\/da\/?s={search_term_string}"},"query-input":{"@type":"PropertyValueSpecification","valueRequired":true,"valueName":"search_term_string"}}],"inLanguage":"da-DK"}]}},"_links":{"self":[{"href":"https:\/\/faktumonline.com\/da\/wp-json\/wp\/v2\/product\/124608","targetHints":{"allow":["GET"]}}],"collection":[{"href":"https:\/\/faktumonline.com\/da\/wp-json\/wp\/v2\/product"}],"about":[{"href":"https:\/\/faktumonline.com\/da\/wp-json\/wp\/v2\/types\/product"}],"version-history":[{"count":0,"href":"https:\/\/faktumonline.com\/da\/wp-json\/wp\/v2\/product\/124608\/revisions"}],"wp:featuredmedia":[{"embeddable":true,"href":"https:\/\/faktumonline.com\/da\/wp-json\/wp\/v2\/media\/125281"}],"wp:attachment":[{"href":"https:\/\/faktumonline.com\/da\/wp-json\/wp\/v2\/media?parent=124608"}],"wp:term":[{"taxonomy":"product_brand","embeddable":true,"href":"https:\/\/faktumonline.com\/da\/wp-json\/wp\/v2\/product_brand?post=124608"},{"taxonomy":"product_cat","embeddable":true,"href":"https:\/\/faktumonline.com\/da\/wp-json\/wp\/v2\/product_cat?post=124608"},{"taxonomy":"product_tag","embeddable":true,"href":"https:\/\/faktumonline.com\/da\/wp-json\/wp\/v2\/product_tag?post=124608"}],"curies":[{"name":"wp","href":"https:\/\/api.w.org\/{rel}","templated":true}]}}