{"id":113599,"date":"2024-02-28T20:57:22","date_gmt":"2024-02-28T19:57:24","guid":{"rendered":"https:\/\/faktumonline.com\/?post_type=product&#038;p=113599"},"modified":"2024-03-22T15:28:37","modified_gmt":"2024-03-22T14:28:37","slug":"lage-faktum-30x92-copy","status":"publish","type":"product","link":"https:\/\/faktumonline.com\/da\/vare\/lage-faktum-30x92-copy\/","title":{"rendered":"Fineret L\u00e5ge Faktum 30&#215;92"},"content":{"rendered":"<p>296&#215;918<\/p>\n","protected":false},"excerpt":{"rendered":"<p>Denne l\u00e5ge passer ikke til et hj\u00f8rneskab.<\/p>\n","protected":false},"featured_media":0,"template":"","meta":[],"product_brand":[],"product_cat":[1777],"product_tag":[],"class_list":{"0":"post-113599","1":"product","2":"type-product","3":"status-publish","5":"product_cat-veneered-faktum-doors-w30-dk","6":"sales-flash-overlay","7":"woocommerce-text-align-center","8":"woocommerce-image-align-center","10":"first","11":"instock","12":"taxable","13":"shipping-taxable","14":"purchasable","15":"product-type-simple"},"exclude_global_add_ons":[],"addons":[],"yoast_head":"<!-- This site is optimized with the Yoast SEO Premium plugin v27.0 (Yoast SEO v27.0) - https:\/\/yoast.com\/product\/yoast-seo-premium-wordpress\/ -->\n<title>Fineret L\u00e5ge Faktum 30x92 - Faktum Online Store<\/title>\n<meta name=\"robots\" content=\"index, follow, max-snippet:-1, max-image-preview:large, max-video-preview:-1\" \/>\n<link rel=\"canonical\" href=\"https:\/\/faktumonline.com\/da\/vare\/lage-faktum-30x92-copy\/\" \/>\n<meta property=\"og:locale\" content=\"da_DK\" \/>\n<meta property=\"og:type\" content=\"article\" \/>\n<meta property=\"og:title\" content=\"Fineret L\u00e5ge Faktum 30x92\" \/>\n<meta property=\"og:description\" content=\"Denne l\u00e5ge passer ikke til et hj\u00f8rneskab.\" \/>\n<meta property=\"og:url\" content=\"https:\/\/faktumonline.com\/da\/vare\/lage-faktum-30x92-copy\/\" \/>\n<meta property=\"og:site_name\" content=\"Faktum Online Store\" \/>\n<meta property=\"article:modified_time\" content=\"2024-03-22T14:28:37+00:00\" \/>\n<meta name=\"twitter:card\" content=\"summary_large_image\" \/>\n<script type=\"application\/ld+json\" class=\"yoast-schema-graph\">{\"@context\":\"https:\/\/schema.org\",\"@graph\":[{\"@type\":\"WebPage\",\"@id\":\"https:\/\/faktumonline.com\/da\/vare\/lage-faktum-30x92-copy\/\",\"url\":\"https:\/\/faktumonline.com\/da\/vare\/lage-faktum-30x92-copy\/\",\"name\":\"Fineret L\u00e5ge Faktum 30x92 - Faktum Online Store\",\"isPartOf\":{\"@id\":\"https:\/\/faktumonline.com\/da\/#website\"},\"datePublished\":\"2024-02-28T19:57:24+00:00\",\"dateModified\":\"2024-03-22T14:28:37+00:00\",\"breadcrumb\":{\"@id\":\"https:\/\/faktumonline.com\/da\/vare\/lage-faktum-30x92-copy\/#breadcrumb\"},\"inLanguage\":\"da-DK\",\"potentialAction\":[{\"@type\":\"ReadAction\",\"target\":[\"https:\/\/faktumonline.com\/da\/vare\/lage-faktum-30x92-copy\/\"]}]},{\"@type\":\"BreadcrumbList\",\"@id\":\"https:\/\/faktumonline.com\/da\/vare\/lage-faktum-30x92-copy\/#breadcrumb\",\"itemListElement\":[{\"@type\":\"ListItem\",\"position\":1,\"name\":\"Hem\",\"item\":\"https:\/\/faktumonline.com\/da\/\"},{\"@type\":\"ListItem\",\"position\":2,\"name\":\"Webshop\",\"item\":\"https:\/\/faktumonline.com\/webshop\/\"},{\"@type\":\"ListItem\",\"position\":3,\"name\":\"Fineret L\u00e5ge Faktum 30&#215;92\"}]},{\"@type\":\"WebSite\",\"@id\":\"https:\/\/faktumonline.com\/da\/#website\",\"url\":\"https:\/\/faktumonline.com\/da\/\",\"name\":\"Faktum Online Store\",\"description\":\"Premium doors for IKEA kitchens\",\"potentialAction\":[{\"@type\":\"SearchAction\",\"target\":{\"@type\":\"EntryPoint\",\"urlTemplate\":\"https:\/\/faktumonline.com\/da\/?s={search_term_string}\"},\"query-input\":{\"@type\":\"PropertyValueSpecification\",\"valueRequired\":true,\"valueName\":\"search_term_string\"}}],\"inLanguage\":\"da-DK\"}]}<\/script>\n<!-- \/ Yoast SEO Premium plugin. -->","yoast_head_json":{"title":"Fineret L\u00e5ge Faktum 30x92 - Faktum Online Store","robots":{"index":"index","follow":"follow","max-snippet":"max-snippet:-1","max-image-preview":"max-image-preview:large","max-video-preview":"max-video-preview:-1"},"canonical":"https:\/\/faktumonline.com\/da\/vare\/lage-faktum-30x92-copy\/","og_locale":"da_DK","og_type":"article","og_title":"Fineret L\u00e5ge Faktum 30x92","og_description":"Denne l\u00e5ge passer ikke til et hj\u00f8rneskab.","og_url":"https:\/\/faktumonline.com\/da\/vare\/lage-faktum-30x92-copy\/","og_site_name":"Faktum Online Store","article_modified_time":"2024-03-22T14:28:37+00:00","twitter_card":"summary_large_image","schema":{"@context":"https:\/\/schema.org","@graph":[{"@type":"WebPage","@id":"https:\/\/faktumonline.com\/da\/vare\/lage-faktum-30x92-copy\/","url":"https:\/\/faktumonline.com\/da\/vare\/lage-faktum-30x92-copy\/","name":"Fineret L\u00e5ge Faktum 30x92 - Faktum Online Store","isPartOf":{"@id":"https:\/\/faktumonline.com\/da\/#website"},"datePublished":"2024-02-28T19:57:24+00:00","dateModified":"2024-03-22T14:28:37+00:00","breadcrumb":{"@id":"https:\/\/faktumonline.com\/da\/vare\/lage-faktum-30x92-copy\/#breadcrumb"},"inLanguage":"da-DK","potentialAction":[{"@type":"ReadAction","target":["https:\/\/faktumonline.com\/da\/vare\/lage-faktum-30x92-copy\/"]}]},{"@type":"BreadcrumbList","@id":"https:\/\/faktumonline.com\/da\/vare\/lage-faktum-30x92-copy\/#breadcrumb","itemListElement":[{"@type":"ListItem","position":1,"name":"Hem","item":"https:\/\/faktumonline.com\/da\/"},{"@type":"ListItem","position":2,"name":"Webshop","item":"https:\/\/faktumonline.com\/webshop\/"},{"@type":"ListItem","position":3,"name":"Fineret L\u00e5ge Faktum 30&#215;92"}]},{"@type":"WebSite","@id":"https:\/\/faktumonline.com\/da\/#website","url":"https:\/\/faktumonline.com\/da\/","name":"Faktum Online Store","description":"Premium doors for IKEA kitchens","potentialAction":[{"@type":"SearchAction","target":{"@type":"EntryPoint","urlTemplate":"https:\/\/faktumonline.com\/da\/?s={search_term_string}"},"query-input":{"@type":"PropertyValueSpecification","valueRequired":true,"valueName":"search_term_string"}}],"inLanguage":"da-DK"}]}},"_links":{"self":[{"href":"https:\/\/faktumonline.com\/da\/wp-json\/wp\/v2\/product\/113599","targetHints":{"allow":["GET"]}}],"collection":[{"href":"https:\/\/faktumonline.com\/da\/wp-json\/wp\/v2\/product"}],"about":[{"href":"https:\/\/faktumonline.com\/da\/wp-json\/wp\/v2\/types\/product"}],"version-history":[{"count":5,"href":"https:\/\/faktumonline.com\/da\/wp-json\/wp\/v2\/product\/113599\/revisions"}],"predecessor-version":[{"id":115682,"href":"https:\/\/faktumonline.com\/da\/wp-json\/wp\/v2\/product\/113599\/revisions\/115682"}],"wp:attachment":[{"href":"https:\/\/faktumonline.com\/da\/wp-json\/wp\/v2\/media?parent=113599"}],"wp:term":[{"taxonomy":"product_brand","embeddable":true,"href":"https:\/\/faktumonline.com\/da\/wp-json\/wp\/v2\/product_brand?post=113599"},{"taxonomy":"product_cat","embeddable":true,"href":"https:\/\/faktumonline.com\/da\/wp-json\/wp\/v2\/product_cat?post=113599"},{"taxonomy":"product_tag","embeddable":true,"href":"https:\/\/faktumonline.com\/da\/wp-json\/wp\/v2\/product_tag?post=113599"}],"curies":[{"name":"wp","href":"https:\/\/api.w.org\/{rel}","templated":true}]}}