{"id":112037,"date":"2024-02-24T17:58:04","date_gmt":"2024-02-24T16:58:04","guid":{"rendered":"https:\/\/faktumonline.com\/?post_type=product&#038;p=112037"},"modified":"2025-06-08T21:11:05","modified_gmt":"2025-06-08T20:11:05","slug":"dark-brown-oak-aegte-traeproeve","status":"publish","type":"product","link":"https:\/\/faktumonline.com\/da\/vare\/dark-brown-oak-aegte-traeproeve\/","title":{"rendered":"Dark Brown Oak Finer Varepr\u00f8ve*"},"content":{"rendered":"","protected":false},"excerpt":{"rendered":"<p>Dette er en farvepr\u00f8ve i \u00e6gte tr\u00e6finer. Ca. 40 x 15 cm. Omtrent p\u00e5 st\u00f8rrelse med en skuffefront. V\u00e6lg venligst &#8220;Tilf\u00f8j til kurv&#8221; for at bestille denne pr\u00f8ve.   Bem\u00e6rk venligst: Ikke alle computersk\u00e6rme (tablets, telefoner osv.) er ens. Billederne, der vises i denne dialogboks, kan vise andre farver end dem, der ses i virkeligheden. Betragt derfor kun disse billeder som en grov vejledning. Dette er en af \u200b\u200bgrundene til, at vi tilbyder en Varepr\u00f8veservice, som giver dig mulighed for at opleve den smukke farve og vores Premium kvalitet i dit eget k\u00f8kken og belysning.<\/p>\n<p>Bem\u00e6rk venligst, at tr\u00e6er varierer fra hinanden, og at der vil v\u00e6re visuelle forskelle. S\u00e5dan fungerer Moder Natur, og det er ogs\u00e5 sk\u00f8nheden ved \u00e6gte tr\u00e6.     <\/p>\n","protected":false},"featured_media":157738,"template":"","meta":[],"product_brand":[],"product_cat":[2735],"product_tag":[],"class_list":{"0":"post-112037","1":"product","2":"type-product","3":"status-publish","4":"has-post-thumbnail","6":"product_cat-veneer-samples-dk","7":"product_shipping_class-frakt35-da","8":"sales-flash-overlay","9":"woocommerce-text-align-center","10":"woocommerce-image-align-center","12":"first","13":"instock","14":"sold-individually","15":"taxable","16":"shipping-taxable","17":"purchasable","18":"product-type-simple"},"exclude_global_add_ons":[],"addons":[],"yoast_head":"<!-- This site is optimized with the Yoast SEO Premium plugin v27.0 (Yoast SEO v27.0) - https:\/\/yoast.com\/product\/yoast-seo-premium-wordpress\/ -->\n<title>Dark Brown Oak Finer Varepr\u00f8ve* - Faktum Online Store<\/title>\n<meta name=\"robots\" content=\"index, follow, max-snippet:-1, max-image-preview:large, max-video-preview:-1\" \/>\n<link rel=\"canonical\" href=\"https:\/\/faktumonline.com\/da\/vare\/dark-brown-oak-aegte-traeproeve\/\" \/>\n<meta property=\"og:locale\" content=\"da_DK\" \/>\n<meta property=\"og:type\" content=\"article\" \/>\n<meta property=\"og:title\" content=\"Dark Brown Oak Finer Varepr\u00f8ve*\" \/>\n<meta property=\"og:description\" content=\"Dette er en farvepr\u00f8ve i \u00e6gte tr\u00e6finer. Ca. 40 x 15 cm. Omtrent p\u00e5 st\u00f8rrelse med en skuffefront. V\u00e6lg venligst &quot;Tilf\u00f8j til kurv&quot; for at bestille denne pr\u00f8ve.  Bem\u00e6rk venligst: Ikke alle computersk\u00e6rme (tablets, telefoner osv.) er ens. Billederne, der vises i denne dialogboks, kan vise andre farver end dem, der ses i virkeligheden. Betragt derfor kun disse billeder som en grov vejledning. Dette er en af \u200b\u200bgrundene til, at vi tilbyder en Varepr\u00f8veservice, som giver dig mulighed for at opleve den smukke farve og vores Premium kvalitet i dit eget k\u00f8kken og belysning. Bem\u00e6rk venligst, at tr\u00e6er varierer fra hinanden, og at der vil v\u00e6re visuelle forskelle. S\u00e5dan fungerer Moder Natur, og det er ogs\u00e5 sk\u00f8nheden ved \u00e6gte tr\u00e6.\" \/>\n<meta property=\"og:url\" content=\"https:\/\/faktumonline.com\/da\/vare\/dark-brown-oak-aegte-traeproeve\/\" \/>\n<meta property=\"og:site_name\" content=\"Faktum Online Store\" \/>\n<meta property=\"article:modified_time\" content=\"2025-06-08T20:11:05+00:00\" \/>\n<meta property=\"og:image\" content=\"https:\/\/faktumonline.com\/wp-content\/uploads\/2024\/02\/Dark-Brown-Veneer-Closeup.jpg\" \/>\n\t<meta property=\"og:image:width\" content=\"1200\" \/>\n\t<meta property=\"og:image:height\" content=\"1800\" \/>\n\t<meta property=\"og:image:type\" content=\"image\/jpeg\" \/>\n<meta name=\"twitter:card\" content=\"summary_large_image\" \/>\n<meta name=\"twitter:label1\" content=\"Estimeret l\u00e6setid\" \/>\n\t<meta name=\"twitter:data1\" content=\"1 minut\" \/>\n<script type=\"application\/ld+json\" class=\"yoast-schema-graph\">{\"@context\":\"https:\/\/schema.org\",\"@graph\":[{\"@type\":\"WebPage\",\"@id\":\"https:\/\/faktumonline.com\/da\/vare\/dark-brown-oak-aegte-traeproeve\/\",\"url\":\"https:\/\/faktumonline.com\/da\/vare\/dark-brown-oak-aegte-traeproeve\/\",\"name\":\"Dark Brown Oak Finer Varepr\u00f8ve* - Faktum Online Store\",\"isPartOf\":{\"@id\":\"https:\/\/faktumonline.com\/da\/#website\"},\"primaryImageOfPage\":{\"@id\":\"https:\/\/faktumonline.com\/da\/vare\/dark-brown-oak-aegte-traeproeve\/#primaryimage\"},\"image\":{\"@id\":\"https:\/\/faktumonline.com\/da\/vare\/dark-brown-oak-aegte-traeproeve\/#primaryimage\"},\"thumbnailUrl\":\"https:\/\/faktumonline.com\/wp-content\/uploads\/2026\/02\/Dark-Brown-Veneer-Closeup.webp\",\"datePublished\":\"2024-02-24T16:58:04+00:00\",\"dateModified\":\"2025-06-08T20:11:05+00:00\",\"breadcrumb\":{\"@id\":\"https:\/\/faktumonline.com\/da\/vare\/dark-brown-oak-aegte-traeproeve\/#breadcrumb\"},\"inLanguage\":\"da-DK\",\"potentialAction\":[{\"@type\":\"ReadAction\",\"target\":[\"https:\/\/faktumonline.com\/da\/vare\/dark-brown-oak-aegte-traeproeve\/\"]}]},{\"@type\":\"ImageObject\",\"inLanguage\":\"da-DK\",\"@id\":\"https:\/\/faktumonline.com\/da\/vare\/dark-brown-oak-aegte-traeproeve\/#primaryimage\",\"url\":\"https:\/\/faktumonline.com\/wp-content\/uploads\/2026\/02\/Dark-Brown-Veneer-Closeup.webp\",\"contentUrl\":\"https:\/\/faktumonline.com\/wp-content\/uploads\/2026\/02\/Dark-Brown-Veneer-Closeup.webp\",\"width\":1200,\"height\":1800},{\"@type\":\"BreadcrumbList\",\"@id\":\"https:\/\/faktumonline.com\/da\/vare\/dark-brown-oak-aegte-traeproeve\/#breadcrumb\",\"itemListElement\":[{\"@type\":\"ListItem\",\"position\":1,\"name\":\"Hem\",\"item\":\"https:\/\/faktumonline.com\/da\/\"},{\"@type\":\"ListItem\",\"position\":2,\"name\":\"Webshop\",\"item\":\"https:\/\/faktumonline.com\/webshop\/\"},{\"@type\":\"ListItem\",\"position\":3,\"name\":\"Dark Brown Oak Finer Varepr\u00f8ve*\"}]},{\"@type\":\"WebSite\",\"@id\":\"https:\/\/faktumonline.com\/da\/#website\",\"url\":\"https:\/\/faktumonline.com\/da\/\",\"name\":\"Faktum Online Store\",\"description\":\"Premium doors for IKEA kitchens\",\"potentialAction\":[{\"@type\":\"SearchAction\",\"target\":{\"@type\":\"EntryPoint\",\"urlTemplate\":\"https:\/\/faktumonline.com\/da\/?s={search_term_string}\"},\"query-input\":{\"@type\":\"PropertyValueSpecification\",\"valueRequired\":true,\"valueName\":\"search_term_string\"}}],\"inLanguage\":\"da-DK\"}]}<\/script>\n<!-- \/ Yoast SEO Premium plugin. -->","yoast_head_json":{"title":"Dark Brown Oak Finer Varepr\u00f8ve* - Faktum Online Store","robots":{"index":"index","follow":"follow","max-snippet":"max-snippet:-1","max-image-preview":"max-image-preview:large","max-video-preview":"max-video-preview:-1"},"canonical":"https:\/\/faktumonline.com\/da\/vare\/dark-brown-oak-aegte-traeproeve\/","og_locale":"da_DK","og_type":"article","og_title":"Dark Brown Oak Finer Varepr\u00f8ve*","og_description":"Dette er en farvepr\u00f8ve i \u00e6gte tr\u00e6finer. Ca. 40 x 15 cm. Omtrent p\u00e5 st\u00f8rrelse med en skuffefront. V\u00e6lg venligst \"Tilf\u00f8j til kurv\" for at bestille denne pr\u00f8ve.  Bem\u00e6rk venligst: Ikke alle computersk\u00e6rme (tablets, telefoner osv.) er ens. Billederne, der vises i denne dialogboks, kan vise andre farver end dem, der ses i virkeligheden. Betragt derfor kun disse billeder som en grov vejledning. Dette er en af \u200b\u200bgrundene til, at vi tilbyder en Varepr\u00f8veservice, som giver dig mulighed for at opleve den smukke farve og vores Premium kvalitet i dit eget k\u00f8kken og belysning. Bem\u00e6rk venligst, at tr\u00e6er varierer fra hinanden, og at der vil v\u00e6re visuelle forskelle. S\u00e5dan fungerer Moder Natur, og det er ogs\u00e5 sk\u00f8nheden ved \u00e6gte tr\u00e6.","og_url":"https:\/\/faktumonline.com\/da\/vare\/dark-brown-oak-aegte-traeproeve\/","og_site_name":"Faktum Online Store","article_modified_time":"2025-06-08T20:11:05+00:00","og_image":[{"width":1200,"height":1800,"url":"https:\/\/faktumonline.com\/wp-content\/uploads\/2024\/02\/Dark-Brown-Veneer-Closeup.jpg","type":"image\/jpeg"}],"twitter_card":"summary_large_image","twitter_misc":{"Estimeret l\u00e6setid":"1 minut"},"schema":{"@context":"https:\/\/schema.org","@graph":[{"@type":"WebPage","@id":"https:\/\/faktumonline.com\/da\/vare\/dark-brown-oak-aegte-traeproeve\/","url":"https:\/\/faktumonline.com\/da\/vare\/dark-brown-oak-aegte-traeproeve\/","name":"Dark Brown Oak Finer Varepr\u00f8ve* - Faktum Online Store","isPartOf":{"@id":"https:\/\/faktumonline.com\/da\/#website"},"primaryImageOfPage":{"@id":"https:\/\/faktumonline.com\/da\/vare\/dark-brown-oak-aegte-traeproeve\/#primaryimage"},"image":{"@id":"https:\/\/faktumonline.com\/da\/vare\/dark-brown-oak-aegte-traeproeve\/#primaryimage"},"thumbnailUrl":"https:\/\/faktumonline.com\/wp-content\/uploads\/2026\/02\/Dark-Brown-Veneer-Closeup.webp","datePublished":"2024-02-24T16:58:04+00:00","dateModified":"2025-06-08T20:11:05+00:00","breadcrumb":{"@id":"https:\/\/faktumonline.com\/da\/vare\/dark-brown-oak-aegte-traeproeve\/#breadcrumb"},"inLanguage":"da-DK","potentialAction":[{"@type":"ReadAction","target":["https:\/\/faktumonline.com\/da\/vare\/dark-brown-oak-aegte-traeproeve\/"]}]},{"@type":"ImageObject","inLanguage":"da-DK","@id":"https:\/\/faktumonline.com\/da\/vare\/dark-brown-oak-aegte-traeproeve\/#primaryimage","url":"https:\/\/faktumonline.com\/wp-content\/uploads\/2026\/02\/Dark-Brown-Veneer-Closeup.webp","contentUrl":"https:\/\/faktumonline.com\/wp-content\/uploads\/2026\/02\/Dark-Brown-Veneer-Closeup.webp","width":1200,"height":1800},{"@type":"BreadcrumbList","@id":"https:\/\/faktumonline.com\/da\/vare\/dark-brown-oak-aegte-traeproeve\/#breadcrumb","itemListElement":[{"@type":"ListItem","position":1,"name":"Hem","item":"https:\/\/faktumonline.com\/da\/"},{"@type":"ListItem","position":2,"name":"Webshop","item":"https:\/\/faktumonline.com\/webshop\/"},{"@type":"ListItem","position":3,"name":"Dark Brown Oak Finer Varepr\u00f8ve*"}]},{"@type":"WebSite","@id":"https:\/\/faktumonline.com\/da\/#website","url":"https:\/\/faktumonline.com\/da\/","name":"Faktum Online Store","description":"Premium doors for IKEA kitchens","potentialAction":[{"@type":"SearchAction","target":{"@type":"EntryPoint","urlTemplate":"https:\/\/faktumonline.com\/da\/?s={search_term_string}"},"query-input":{"@type":"PropertyValueSpecification","valueRequired":true,"valueName":"search_term_string"}}],"inLanguage":"da-DK"}]}},"_links":{"self":[{"href":"https:\/\/faktumonline.com\/da\/wp-json\/wp\/v2\/product\/112037","targetHints":{"allow":["GET"]}}],"collection":[{"href":"https:\/\/faktumonline.com\/da\/wp-json\/wp\/v2\/product"}],"about":[{"href":"https:\/\/faktumonline.com\/da\/wp-json\/wp\/v2\/types\/product"}],"version-history":[{"count":5,"href":"https:\/\/faktumonline.com\/da\/wp-json\/wp\/v2\/product\/112037\/revisions"}],"predecessor-version":[{"id":145959,"href":"https:\/\/faktumonline.com\/da\/wp-json\/wp\/v2\/product\/112037\/revisions\/145959"}],"wp:featuredmedia":[{"embeddable":true,"href":"https:\/\/faktumonline.com\/da\/wp-json\/wp\/v2\/media\/157738"}],"wp:attachment":[{"href":"https:\/\/faktumonline.com\/da\/wp-json\/wp\/v2\/media?parent=112037"}],"wp:term":[{"taxonomy":"product_brand","embeddable":true,"href":"https:\/\/faktumonline.com\/da\/wp-json\/wp\/v2\/product_brand?post=112037"},{"taxonomy":"product_cat","embeddable":true,"href":"https:\/\/faktumonline.com\/da\/wp-json\/wp\/v2\/product_cat?post=112037"},{"taxonomy":"product_tag","embeddable":true,"href":"https:\/\/faktumonline.com\/da\/wp-json\/wp\/v2\/product_tag?post=112037"}],"curies":[{"name":"wp","href":"https:\/\/api.w.org\/{rel}","templated":true}]}}