{"id":74616,"date":"2022-07-02T16:47:54","date_gmt":"2022-07-02T15:47:54","guid":{"rendered":"https:\/\/faktumonline.com\/underskabe-til-ikea-faktum-koekkener\/"},"modified":"2024-11-18T22:15:48","modified_gmt":"2024-11-18T21:15:48","slug":"underskabe-til-ikea-faktum-koekkener","status":"publish","type":"page","link":"https:\/\/faktumonline.com\/da\/skabe-og-korpus-til-ikea-faktum-koekken-2\/underskabe-til-ikea-faktum-koekkener\/","title":{"rendered":"Underskabe til IKEA Faktum k\u00f8kkener"},"content":{"rendered":"\t\t<div data-elementor-type=\"wp-page\" data-elementor-id=\"74616\" class=\"elementor elementor-74616 elementor-43467\" data-elementor-settings=\"{&quot;ha_cmc_init_switcher&quot;:&quot;no&quot;}\" data-elementor-post-type=\"page\">\n\t\t\t\t\t\t<section class=\"elementor-section elementor-top-section elementor-element elementor-element-5f53bf69 elementor-section-stretched elementor-section-boxed elementor-section-height-default elementor-section-height-default\" data-id=\"5f53bf69\" data-element_type=\"section\" data-e-type=\"section\" data-settings=\"{&quot;stretch_section&quot;:&quot;section-stretched&quot;,&quot;background_background&quot;:&quot;classic&quot;,&quot;_ha_eqh_enable&quot;:false}\">\n\t\t\t\t\t\t<div class=\"elementor-container elementor-column-gap-default\">\n\t\t\t\t\t<div class=\"elementor-column elementor-col-100 elementor-top-column elementor-element elementor-element-1d774791\" data-id=\"1d774791\" data-element_type=\"column\" data-e-type=\"column\">\n\t\t\t<div class=\"elementor-widget-wrap elementor-element-populated\">\n\t\t\t\t\t\t<div class=\"elementor-element elementor-element-4fdd15b0 elementor-widget elementor-widget-heading\" data-id=\"4fdd15b0\" data-element_type=\"widget\" data-e-type=\"widget\" data-widget_type=\"heading.default\">\n\t\t\t\t<div class=\"elementor-widget-container\">\n\t\t\t\t\t<h1 class=\"elementor-heading-title elementor-size-default\">Underskabe til IKEA Faktum og IKEA Rationell k\u00f8kkener<\/h1>\t\t\t\t<\/div>\n\t\t\t\t<\/div>\n\t\t\t\t<div class=\"elementor-element elementor-element-7b43aa68 elementor-widget elementor-widget-text-editor\" data-id=\"7b43aa68\" data-element_type=\"widget\" data-e-type=\"widget\" data-widget_type=\"text-editor.default\">\n\t\t\t\t<div class=\"elementor-widget-container\">\n\t\t\t\t\t\t\t\t\t<p>Vi er eksperter i IKEA k\u00f8kkener. Udover vores Premium l\u00e5ger og fronter tilbyder vi ogs\u00e5 et bredt udvalg af korpus og skabe til IKEA Faktum k\u00f8kkener. P\u00e5 denne side viser vi alle vores Faktum <strong>Underskabe<\/strong>.<\/p>\t\t\t\t\t\t\t\t<\/div>\n\t\t\t\t<\/div>\n\t\t\t\t\t<\/div>\n\t\t<\/div>\n\t\t\t\t\t<\/div>\n\t\t<\/section>\n\t\t<div class=\"elementor-element elementor-element-1e0edc5 e-flex e-con-boxed e-con e-parent\" data-id=\"1e0edc5\" data-element_type=\"container\" data-e-type=\"container\" data-settings=\"{&quot;background_background&quot;:&quot;classic&quot;,&quot;_ha_eqh_enable&quot;:false}\">\n\t\t\t\t\t<div class=\"e-con-inner\">\n\t\t<div class=\"elementor-element elementor-element-5e9e43f0 e-con-full e-flex e-con e-child\" data-id=\"5e9e43f0\" data-element_type=\"container\" data-e-type=\"container\" data-settings=\"{&quot;_ha_eqh_enable&quot;:false}\">\n\t\t\t\t<div class=\"elementor-element elementor-element-33f823ea elementor-widget elementor-widget-image\" data-id=\"33f823ea\" data-element_type=\"widget\" data-e-type=\"widget\" data-widget_type=\"image.default\">\n\t\t\t\t<div class=\"elementor-widget-container\">\n\t\t\t\t\t\t\t\t\t\t\t\t\t\t\t<img fetchpriority=\"high\" decoding=\"async\" width=\"768\" height=\"432\" src=\"https:\/\/faktumonline.com\/wp-content\/uploads\/2024\/11\/Base-Cabinet-Left-2-768x432.jpg\" class=\"attachment-medium_large size-medium_large wp-image-128013\" alt=\"\" srcset=\"https:\/\/faktumonline.com\/wp-content\/uploads\/2024\/11\/Base-Cabinet-Left-2-768x432.jpg 768w, https:\/\/faktumonline.com\/wp-content\/uploads\/2024\/11\/Base-Cabinet-Left-2-300x169.jpg 300w, https:\/\/faktumonline.com\/wp-content\/uploads\/2024\/11\/Base-Cabinet-Left-2-1024x576.jpg 1024w, https:\/\/faktumonline.com\/wp-content\/uploads\/2024\/11\/Base-Cabinet-Left-2-1536x864.jpg 1536w, https:\/\/faktumonline.com\/wp-content\/uploads\/2024\/11\/Base-Cabinet-Left-2-200x113.jpg 200w, https:\/\/faktumonline.com\/wp-content\/uploads\/2024\/11\/Base-Cabinet-Left-2.jpg 1672w\" sizes=\"(max-width: 768px) 100vw, 768px\" \/>\t\t\t\t\t\t\t\t\t\t\t\t\t\t\t<\/div>\n\t\t\t\t<\/div>\n\t\t\t\t<div class=\"elementor-element elementor-element-7742e465 elementor-widget elementor-widget-text-editor\" data-id=\"7742e465\" data-element_type=\"widget\" data-e-type=\"widget\" data-widget_type=\"text-editor.default\">\n\t\t\t\t<div class=\"elementor-widget-container\">\n\t\t\t\t\t\t\t\t\t<p><strong>Underskabene er gulvskabe til IKEA Faktum k\u00f8kkener.<\/strong> De er med \u00e5ben top og er derfor velegnet til en vask eller en kogeplade mm. (g\u00e6lder alle underskabe, foruden de mindre 15 og 20 cm brede underskabe). Underskabene er ellers d\u00e6kket af en bordplade. Hvert korpus kan k\u00f8bes alene eller med tilbeh\u00f8r. D\u00f8re og fronter l\u00e6gges i indk\u00f8bskurven fra hovedsiden Pris &amp; Bestilling. Derfra vil du ogs\u00e5 v\u00e6re i stand til at v\u00e6lge din foretrukne farve + modelkombination til fronterne.<\/p>\t\t\t\t\t\t\t\t<\/div>\n\t\t\t\t<\/div>\n\t\t\t\t<\/div>\n\t\t<div class=\"elementor-element elementor-element-eda7f95 e-con-full e-flex e-con e-child\" data-id=\"eda7f95\" data-element_type=\"container\" data-e-type=\"container\" data-settings=\"{&quot;_ha_eqh_enable&quot;:false}\">\n\t\t\t\t<div class=\"elementor-element elementor-element-43602bae elementor-widget elementor-widget-text-editor\" data-id=\"43602bae\" data-element_type=\"widget\" data-e-type=\"widget\" data-widget_type=\"text-editor.default\">\n\t\t\t\t<div class=\"elementor-widget-container\">\n\t\t\t\t\t\t\t\t\t<p><div id=\"wcf-mobile-drawer\"><\/div><div id=\"wcf-horizontal-group\" class=\"wcf-group\" data-layout=\"horizontal\" data-exclude-group=\"\"><\/div><div id=\"wcf-results\"><\/div><!--wcf-loop-start--><div class=\"wcf-products-loop wcf-product-table\"><div class=\"woocommerce\"><\/div><table id=\"wcpt_9a3843f689799fb7_1\" class=\"wc-product-table woocommerce multicart-enabled theme-default\" width=\"100%\" data-config=\"{&quot;pageLength&quot;:25,&quot;pagingType&quot;:&quot;numbers&quot;,&quot;serverSide&quot;:false,&quot;autoWidth&quot;:true,&quot;clickFilter&quot;:&quot;1&quot;,&quot;scrollOffset&quot;:0,&quot;resetButton&quot;:false,&quot;multiAddToCart&quot;:false,&quot;multiCartLocation&quot;:&quot;top&quot;,&quot;variations&quot;:&quot;dropdown&quot;,&quot;ajaxCart&quot;:true,&quot;numOrder&quot;:false,&quot;stickyHeader&quot;:false,&quot;lengthMenu&quot;:[[10,25,50,100,-1],[10,25,50,100,&quot;Alle&quot;]],&quot;columnDefs&quot;:[{&quot;className&quot;:&quot;col-name&quot;,&quot;targets&quot;:0,&quot;type&quot;:&quot;html&quot;},{&quot;className&quot;:&quot;col-price&quot;,&quot;targets&quot;:1,&quot;type&quot;:&quot;html-num&quot;}],&quot;responsive&quot;:{&quot;details&quot;:{&quot;display&quot;:&quot;child_row&quot;}},&quot;search&quot;:{&quot;search&quot;:&quot;&quot;},&quot;dom&quot;:&quot;&lt;\\&quot;wc-product-table-wrapper generatepress wpt-styling-theme\\&quot;&lt;\\&quot;wc-product-table-controls wc-product-table-above\\&quot;f&gt;t&lt;\\&quot;wc-product-table-controls wc-product-table-below\\&quot;lip&gt;&gt;&quot;}\" data-filters=\"false\" data-order=\"[]\"><thead><tr><th class=\"all\" data-name=\"name\" data-orderable=\"true\" data-searchable=\"true\" data-width=\"60%\" data-priority=\"1\">Underskabe<\/th><th data-name=\"price\" data-orderable=\"true\" data-searchable=\"true\" data-width=\"40%\" data-priority=\"3\">\u20ac inkl dansk moms<\/th><\/tr><\/thead><tbody><tr id=\"product-row-74602\" class=\"product product-row product-74602 instock product-type-simple purchasable\"><td><a href=\"https:\/\/faktumonline.com\/da\/vare\/underskab-60x70\/\" class=\"single-product-link\" data-product_id=\"74602\">Underskab 60\u00d770<\/a><\/td><td data-sort=\"249.00\"><span class=\"woocommerce-Price-amount amount\"><bdi>249,00&nbsp;<span class=\"woocommerce-Price-currencySymbol\">&euro;<\/span><\/bdi><\/span><\/td><\/tr><tr id=\"product-row-74604\" class=\"product product-row product-74604 instock product-type-simple purchasable\"><td><a href=\"https:\/\/faktumonline.com\/da\/vare\/underskab-80x70\/\" class=\"single-product-link\" data-product_id=\"74604\">Underskab 80\u00d770<\/a><\/td><td data-sort=\"259.00\"><span class=\"woocommerce-Price-amount amount\"><bdi>259,00&nbsp;<span class=\"woocommerce-Price-currencySymbol\">&euro;<\/span><\/bdi><\/span><\/td><\/tr><tr id=\"product-row-74601\" class=\"product product-row product-74601 instock product-type-simple purchasable\"><td><a href=\"https:\/\/faktumonline.com\/da\/vare\/underskab-50x70\/\" class=\"single-product-link\" data-product_id=\"74601\">Underskab 50\u00d770<\/a><\/td><td data-sort=\"239.00\"><span class=\"woocommerce-Price-amount amount\"><bdi>239,00&nbsp;<span class=\"woocommerce-Price-currencySymbol\">&euro;<\/span><\/bdi><\/span><\/td><\/tr><tr id=\"product-row-74597\" class=\"product product-row product-74597 instock product-type-simple purchasable\"><td><a href=\"https:\/\/faktumonline.com\/da\/vare\/underskab-40x70\/\" class=\"single-product-link\" data-product_id=\"74597\">Underskab 40\u00d770<\/a><\/td><td data-sort=\"229.00\"><span class=\"woocommerce-Price-amount amount\"><bdi>229,00&nbsp;<span class=\"woocommerce-Price-currencySymbol\">&euro;<\/span><\/bdi><\/span><\/td><\/tr><tr id=\"product-row-74592\" class=\"product product-row product-74592 instock product-type-simple purchasable\"><td><a href=\"https:\/\/faktumonline.com\/da\/vare\/underskab-30x70\/\" class=\"single-product-link\" data-product_id=\"74592\">Underskab 30&#215;70<\/a><\/td><td data-sort=\"229.00\"><span class=\"woocommerce-Price-amount amount\"><bdi>229,00&nbsp;<span class=\"woocommerce-Price-currencySymbol\">&euro;<\/span><\/bdi><\/span><\/td><\/tr><tr id=\"product-row-74608\" class=\"product product-row product-74608 instock product-type-simple purchasable\"><td><a href=\"https:\/\/faktumonline.com\/da\/vare\/underskab-15x70\/\" class=\"single-product-link\" data-product_id=\"74608\">Underskab 15\u00d770<\/a><\/td><td data-sort=\"219.00\"><span class=\"woocommerce-Price-amount amount\"><bdi>219,00&nbsp;<span class=\"woocommerce-Price-currencySymbol\">&euro;<\/span><\/bdi><\/span><\/td><\/tr><tr id=\"product-row-74599\" class=\"product product-row product-74599 instock product-type-simple purchasable\"><td><a href=\"https:\/\/faktumonline.com\/da\/vare\/underskab-45x70\/\" class=\"single-product-link\" data-product_id=\"74599\">Underskab 45\u00d770<\/a><\/td><td data-sort=\"239.00\"><span class=\"woocommerce-Price-amount amount\"><bdi>239,00&nbsp;<span class=\"woocommerce-Price-currencySymbol\">&euro;<\/span><\/bdi><\/span><\/td><\/tr><tr id=\"product-row-124070\" class=\"product product-row product-124070 instock product-type-simple purchasable\"><td><a href=\"https:\/\/faktumonline.com\/da\/vare\/underskab-30x70-copy\/\" class=\"single-product-link\" data-product_id=\"124070\">Underskab 20&#215;70<\/a><\/td><td data-sort=\"229.00\"><span class=\"woocommerce-Price-amount amount\"><bdi>229,00&nbsp;<span class=\"woocommerce-Price-currencySymbol\">&euro;<\/span><\/bdi><\/span><\/td><\/tr><\/tbody><\/table><\/div><!--wcf-loop-end--><\/p><p><div id=\"wcf-mobile-drawer\"><\/div><div id=\"wcf-horizontal-group\" class=\"wcf-group\" data-layout=\"horizontal\" data-exclude-group=\"\"><\/div><div id=\"wcf-results\"><\/div><!--wcf-loop-start--><div class=\"wcf-products-loop wcf-product-table\"><div class=\"woocommerce\"><\/div><table id=\"wcpt_327f5962a1142629_2\" class=\"wc-product-table woocommerce multicart-enabled theme-default\" width=\"100%\" data-config=\"{&quot;pageLength&quot;:25,&quot;pagingType&quot;:&quot;numbers&quot;,&quot;serverSide&quot;:false,&quot;autoWidth&quot;:true,&quot;clickFilter&quot;:&quot;1&quot;,&quot;scrollOffset&quot;:0,&quot;resetButton&quot;:false,&quot;multiAddToCart&quot;:false,&quot;multiCartLocation&quot;:&quot;top&quot;,&quot;variations&quot;:&quot;dropdown&quot;,&quot;ajaxCart&quot;:true,&quot;numOrder&quot;:false,&quot;stickyHeader&quot;:false,&quot;lengthMenu&quot;:[[10,25,50,100,-1],[10,25,50,100,&quot;Alle&quot;]],&quot;columnDefs&quot;:[{&quot;className&quot;:&quot;col-name&quot;,&quot;targets&quot;:0,&quot;type&quot;:&quot;html&quot;},{&quot;className&quot;:&quot;col-price&quot;,&quot;targets&quot;:1,&quot;type&quot;:&quot;html-num&quot;}],&quot;responsive&quot;:{&quot;details&quot;:{&quot;display&quot;:&quot;child_row&quot;}},&quot;search&quot;:{&quot;search&quot;:&quot;&quot;},&quot;dom&quot;:&quot;&lt;\\&quot;wc-product-table-wrapper generatepress wpt-styling-theme\\&quot;&lt;\\&quot;wc-product-table-controls wc-product-table-above\\&quot;f&gt;t&lt;\\&quot;wc-product-table-controls wc-product-table-below\\&quot;lip&gt;&gt;&quot;}\" data-filters=\"false\" data-order=\"[]\"><thead><tr><th class=\"all\" data-name=\"name\" data-orderable=\"true\" data-searchable=\"true\" data-width=\"60%\" data-priority=\"1\">Underskab til indbygningsovn<\/th><th data-name=\"price\" data-orderable=\"true\" data-searchable=\"true\" data-width=\"40%\" data-priority=\"3\">\u20ac inkl dansk moms<\/th><\/tr><\/thead><tbody><tr id=\"product-row-74612-2\" class=\"product product-row product-74612 instock product-type-simple purchasable\"><td><a href=\"https:\/\/faktumonline.com\/da\/vare\/underskab-60x70-ovn\/\" class=\"single-product-link\" data-product_id=\"74612\">Underskab 60\u00d770 \u201covn\u201d<\/a><\/td><td data-sort=\"249.00\"><span class=\"woocommerce-Price-amount amount\"><bdi>249,00&nbsp;<span class=\"woocommerce-Price-currencySymbol\">&euro;<\/span><\/bdi><\/span><\/td><\/tr><\/tbody><\/table><\/div><!--wcf-loop-end--><\/p>\t\t\t\t\t\t\t\t<\/div>\n\t\t\t\t<\/div>\n\t\t\t\t<div class=\"elementor-element elementor-element-3ae3112c elementor-align-center elementor-widget elementor-widget-button\" data-id=\"3ae3112c\" data-element_type=\"widget\" data-e-type=\"widget\" data-widget_type=\"button.default\">\n\t\t\t\t<div class=\"elementor-widget-container\">\n\t\t\t\t\t\t\t\t\t<div class=\"elementor-button-wrapper\">\n\t\t\t\t\t<a class=\"elementor-button elementor-button-link elementor-size-sm\" href=\"https:\/\/faktumonline.com\/da\/skabe-og-korpus-til-ikea-faktum-koekken-2\/\">\n\t\t\t\t\t\t<span class=\"elementor-button-content-wrapper\">\n\t\t\t\t\t\t<span class=\"elementor-button-icon\">\n\t\t\t\t<i aria-hidden=\"true\" class=\"far fa-hand-point-left\"><\/i>\t\t\t<\/span>\n\t\t\t\t\t\t\t\t\t<span class=\"elementor-button-text\">Tilbage til hovedsiden for Faktum skabe<\/span>\n\t\t\t\t\t<\/span>\n\t\t\t\t\t<\/a>\n\t\t\t\t<\/div>\n\t\t\t\t\t\t\t\t<\/div>\n\t\t\t\t<\/div>\n\t\t\t\t<\/div>\n\t\t\t\t\t<\/div>\n\t\t\t\t<\/div>\n\t\t\t\t<\/div>\n\t\t","protected":false},"excerpt":{"rendered":"<p>Underskabe til IKEA Faktum og IKEA Rationell k\u00f8kkener Vi er eksperter i IKEA k\u00f8kkener. Udover vores Premium l\u00e5ger og fronter tilbyder vi ogs\u00e5 et bredt udvalg af korpus og skabe til IKEA Faktum k\u00f8kkener. P\u00e5 denne side viser vi alle vores Faktum Underskabe. Underskabene er gulvskabe til IKEA Faktum k\u00f8kkener. De er med \u00e5ben top &#8230; <a title=\"Underskabe til IKEA Faktum k\u00f8kkener\" class=\"read-more\" href=\"https:\/\/faktumonline.com\/da\/skabe-og-korpus-til-ikea-faktum-koekken-2\/underskabe-til-ikea-faktum-koekkener\/\" aria-label=\"Read more about Underskabe til IKEA Faktum k\u00f8kkener\">L\u00e6s mere <\/a><\/p>\n","protected":false},"author":2,"featured_media":0,"parent":91483,"menu_order":0,"comment_status":"closed","ping_status":"closed","template":"elementor_header_footer","meta":{"footnotes":""},"class_list":["post-74616","page","type-page","status-publish"],"yoast_head":"<!-- This site is optimized with the Yoast SEO Premium plugin v27.4 (Yoast SEO v27.4) - https:\/\/yoast.com\/product\/yoast-seo-premium-wordpress\/ -->\n<title>Underskabe til IKEA Faktum k\u00f8kkener - Faktum Online Store<\/title>\n<meta name=\"robots\" content=\"index, follow, max-snippet:-1, max-image-preview:large, max-video-preview:-1\" \/>\n<link rel=\"canonical\" href=\"https:\/\/faktumonline.com\/da\/skabe-og-korpus-til-ikea-faktum-koekken-2\/underskabe-til-ikea-faktum-koekkener\/\" \/>\n<meta property=\"og:locale\" content=\"da_DK\" \/>\n<meta property=\"og:type\" content=\"article\" \/>\n<meta property=\"og:title\" content=\"Underskabe til IKEA Faktum k\u00f8kkener\" \/>\n<meta property=\"og:description\" content=\"Underskabe til IKEA Faktum og IKEA Rationell k\u00f8kkener Vi er eksperter i IKEA k\u00f8kkener. Udover vores Premium l\u00e5ger og fronter tilbyder vi ogs\u00e5 et bredt udvalg af korpus og skabe til IKEA Faktum k\u00f8kkener. P\u00e5 denne side viser vi alle vores Faktum Underskabe. Underskabene er gulvskabe til IKEA Faktum k\u00f8kkener. De er med \u00e5ben top ... L\u00e6s mere\" \/>\n<meta property=\"og:url\" content=\"https:\/\/faktumonline.com\/da\/skabe-og-korpus-til-ikea-faktum-koekken-2\/underskabe-til-ikea-faktum-koekkener\/\" \/>\n<meta property=\"og:site_name\" content=\"Faktum Online Store\" \/>\n<meta property=\"article:modified_time\" content=\"2024-11-18T21:15:48+00:00\" \/>\n<meta property=\"og:image\" content=\"https:\/\/faktumonline.com\/wp-content\/uploads\/2024\/11\/Base-Cabinet-Left-2.jpg\" \/>\n\t<meta property=\"og:image:width\" content=\"1672\" \/>\n\t<meta property=\"og:image:height\" content=\"941\" \/>\n\t<meta property=\"og:image:type\" content=\"image\/jpeg\" \/>\n<meta name=\"twitter:card\" content=\"summary_large_image\" \/>\n<meta name=\"twitter:label1\" content=\"Estimeret l\u00e6setid\" \/>\n\t<meta name=\"twitter:data1\" content=\"1 minut\" \/>\n<script type=\"application\/ld+json\" class=\"yoast-schema-graph\">{\"@context\":\"https:\\\/\\\/schema.org\",\"@graph\":[{\"@type\":\"WebPage\",\"@id\":\"https:\\\/\\\/faktumonline.com\\\/da\\\/skabe-og-korpus-til-ikea-faktum-koekken-2\\\/underskabe-til-ikea-faktum-koekkener\\\/\",\"url\":\"https:\\\/\\\/faktumonline.com\\\/da\\\/skabe-og-korpus-til-ikea-faktum-koekken-2\\\/underskabe-til-ikea-faktum-koekkener\\\/\",\"name\":\"Underskabe til IKEA Faktum k\u00f8kkener - Faktum Online Store\",\"isPartOf\":{\"@id\":\"https:\\\/\\\/faktumonline.com\\\/da\\\/#website\"},\"primaryImageOfPage\":{\"@id\":\"https:\\\/\\\/faktumonline.com\\\/da\\\/skabe-og-korpus-til-ikea-faktum-koekken-2\\\/underskabe-til-ikea-faktum-koekkener\\\/#primaryimage\"},\"image\":{\"@id\":\"https:\\\/\\\/faktumonline.com\\\/da\\\/skabe-og-korpus-til-ikea-faktum-koekken-2\\\/underskabe-til-ikea-faktum-koekkener\\\/#primaryimage\"},\"thumbnailUrl\":\"https:\\\/\\\/faktumonline.com\\\/wp-content\\\/uploads\\\/2024\\\/11\\\/Base-Cabinet-Left-2-768x432.jpg\",\"datePublished\":\"2022-07-02T15:47:54+00:00\",\"dateModified\":\"2024-11-18T21:15:48+00:00\",\"breadcrumb\":{\"@id\":\"https:\\\/\\\/faktumonline.com\\\/da\\\/skabe-og-korpus-til-ikea-faktum-koekken-2\\\/underskabe-til-ikea-faktum-koekkener\\\/#breadcrumb\"},\"inLanguage\":\"da-DK\",\"potentialAction\":[{\"@type\":\"ReadAction\",\"target\":[\"https:\\\/\\\/faktumonline.com\\\/da\\\/skabe-og-korpus-til-ikea-faktum-koekken-2\\\/underskabe-til-ikea-faktum-koekkener\\\/\"]}]},{\"@type\":\"ImageObject\",\"inLanguage\":\"da-DK\",\"@id\":\"https:\\\/\\\/faktumonline.com\\\/da\\\/skabe-og-korpus-til-ikea-faktum-koekken-2\\\/underskabe-til-ikea-faktum-koekkener\\\/#primaryimage\",\"url\":\"https:\\\/\\\/faktumonline.com\\\/wp-content\\\/uploads\\\/2024\\\/11\\\/Base-Cabinet-Left-2-768x432.jpg\",\"contentUrl\":\"https:\\\/\\\/faktumonline.com\\\/wp-content\\\/uploads\\\/2024\\\/11\\\/Base-Cabinet-Left-2-768x432.jpg\"},{\"@type\":\"BreadcrumbList\",\"@id\":\"https:\\\/\\\/faktumonline.com\\\/da\\\/skabe-og-korpus-til-ikea-faktum-koekken-2\\\/underskabe-til-ikea-faktum-koekkener\\\/#breadcrumb\",\"itemListElement\":[{\"@type\":\"ListItem\",\"position\":1,\"name\":\"Hem\",\"item\":\"https:\\\/\\\/faktumonline.com\\\/da\\\/\"},{\"@type\":\"ListItem\",\"position\":2,\"name\":\"Skabe og korpus til IKEA Faktum k\u00f8kken\",\"item\":\"https:\\\/\\\/faktumonline.com\\\/da\\\/skabe-og-korpus-til-ikea-faktum-koekken-2\\\/\"},{\"@type\":\"ListItem\",\"position\":3,\"name\":\"Underskabe til IKEA Faktum k\u00f8kkener\"}]},{\"@type\":\"WebSite\",\"@id\":\"https:\\\/\\\/faktumonline.com\\\/da\\\/#website\",\"url\":\"https:\\\/\\\/faktumonline.com\\\/da\\\/\",\"name\":\"Faktum Online Store\",\"description\":\"Premium doors for IKEA kitchens\",\"potentialAction\":[{\"@type\":\"SearchAction\",\"target\":{\"@type\":\"EntryPoint\",\"urlTemplate\":\"https:\\\/\\\/faktumonline.com\\\/da\\\/?s={search_term_string}\"},\"query-input\":{\"@type\":\"PropertyValueSpecification\",\"valueRequired\":true,\"valueName\":\"search_term_string\"}}],\"inLanguage\":\"da-DK\"}]}<\/script>\n<!-- \/ Yoast SEO Premium plugin. -->","yoast_head_json":{"title":"Underskabe til IKEA Faktum k\u00f8kkener - Faktum Online Store","robots":{"index":"index","follow":"follow","max-snippet":"max-snippet:-1","max-image-preview":"max-image-preview:large","max-video-preview":"max-video-preview:-1"},"canonical":"https:\/\/faktumonline.com\/da\/skabe-og-korpus-til-ikea-faktum-koekken-2\/underskabe-til-ikea-faktum-koekkener\/","og_locale":"da_DK","og_type":"article","og_title":"Underskabe til IKEA Faktum k\u00f8kkener","og_description":"Underskabe til IKEA Faktum og IKEA Rationell k\u00f8kkener Vi er eksperter i IKEA k\u00f8kkener. Udover vores Premium l\u00e5ger og fronter tilbyder vi ogs\u00e5 et bredt udvalg af korpus og skabe til IKEA Faktum k\u00f8kkener. P\u00e5 denne side viser vi alle vores Faktum Underskabe. Underskabene er gulvskabe til IKEA Faktum k\u00f8kkener. De er med \u00e5ben top ... L\u00e6s mere","og_url":"https:\/\/faktumonline.com\/da\/skabe-og-korpus-til-ikea-faktum-koekken-2\/underskabe-til-ikea-faktum-koekkener\/","og_site_name":"Faktum Online Store","article_modified_time":"2024-11-18T21:15:48+00:00","og_image":[{"width":1672,"height":941,"url":"https:\/\/faktumonline.com\/wp-content\/uploads\/2024\/11\/Base-Cabinet-Left-2.jpg","type":"image\/jpeg"}],"twitter_card":"summary_large_image","twitter_misc":{"Estimeret l\u00e6setid":"1 minut"},"schema":{"@context":"https:\/\/schema.org","@graph":[{"@type":"WebPage","@id":"https:\/\/faktumonline.com\/da\/skabe-og-korpus-til-ikea-faktum-koekken-2\/underskabe-til-ikea-faktum-koekkener\/","url":"https:\/\/faktumonline.com\/da\/skabe-og-korpus-til-ikea-faktum-koekken-2\/underskabe-til-ikea-faktum-koekkener\/","name":"Underskabe til IKEA Faktum k\u00f8kkener - Faktum Online Store","isPartOf":{"@id":"https:\/\/faktumonline.com\/da\/#website"},"primaryImageOfPage":{"@id":"https:\/\/faktumonline.com\/da\/skabe-og-korpus-til-ikea-faktum-koekken-2\/underskabe-til-ikea-faktum-koekkener\/#primaryimage"},"image":{"@id":"https:\/\/faktumonline.com\/da\/skabe-og-korpus-til-ikea-faktum-koekken-2\/underskabe-til-ikea-faktum-koekkener\/#primaryimage"},"thumbnailUrl":"https:\/\/faktumonline.com\/wp-content\/uploads\/2024\/11\/Base-Cabinet-Left-2-768x432.jpg","datePublished":"2022-07-02T15:47:54+00:00","dateModified":"2024-11-18T21:15:48+00:00","breadcrumb":{"@id":"https:\/\/faktumonline.com\/da\/skabe-og-korpus-til-ikea-faktum-koekken-2\/underskabe-til-ikea-faktum-koekkener\/#breadcrumb"},"inLanguage":"da-DK","potentialAction":[{"@type":"ReadAction","target":["https:\/\/faktumonline.com\/da\/skabe-og-korpus-til-ikea-faktum-koekken-2\/underskabe-til-ikea-faktum-koekkener\/"]}]},{"@type":"ImageObject","inLanguage":"da-DK","@id":"https:\/\/faktumonline.com\/da\/skabe-og-korpus-til-ikea-faktum-koekken-2\/underskabe-til-ikea-faktum-koekkener\/#primaryimage","url":"https:\/\/faktumonline.com\/wp-content\/uploads\/2024\/11\/Base-Cabinet-Left-2-768x432.jpg","contentUrl":"https:\/\/faktumonline.com\/wp-content\/uploads\/2024\/11\/Base-Cabinet-Left-2-768x432.jpg"},{"@type":"BreadcrumbList","@id":"https:\/\/faktumonline.com\/da\/skabe-og-korpus-til-ikea-faktum-koekken-2\/underskabe-til-ikea-faktum-koekkener\/#breadcrumb","itemListElement":[{"@type":"ListItem","position":1,"name":"Hem","item":"https:\/\/faktumonline.com\/da\/"},{"@type":"ListItem","position":2,"name":"Skabe og korpus til IKEA Faktum k\u00f8kken","item":"https:\/\/faktumonline.com\/da\/skabe-og-korpus-til-ikea-faktum-koekken-2\/"},{"@type":"ListItem","position":3,"name":"Underskabe til IKEA Faktum k\u00f8kkener"}]},{"@type":"WebSite","@id":"https:\/\/faktumonline.com\/da\/#website","url":"https:\/\/faktumonline.com\/da\/","name":"Faktum Online Store","description":"Premium doors for IKEA kitchens","potentialAction":[{"@type":"SearchAction","target":{"@type":"EntryPoint","urlTemplate":"https:\/\/faktumonline.com\/da\/?s={search_term_string}"},"query-input":{"@type":"PropertyValueSpecification","valueRequired":true,"valueName":"search_term_string"}}],"inLanguage":"da-DK"}]}},"_links":{"self":[{"href":"https:\/\/faktumonline.com\/da\/wp-json\/wp\/v2\/pages\/74616","targetHints":{"allow":["GET"]}}],"collection":[{"href":"https:\/\/faktumonline.com\/da\/wp-json\/wp\/v2\/pages"}],"about":[{"href":"https:\/\/faktumonline.com\/da\/wp-json\/wp\/v2\/types\/page"}],"author":[{"embeddable":true,"href":"https:\/\/faktumonline.com\/da\/wp-json\/wp\/v2\/users\/2"}],"replies":[{"embeddable":true,"href":"https:\/\/faktumonline.com\/da\/wp-json\/wp\/v2\/comments?post=74616"}],"version-history":[{"count":53,"href":"https:\/\/faktumonline.com\/da\/wp-json\/wp\/v2\/pages\/74616\/revisions"}],"predecessor-version":[{"id":128041,"href":"https:\/\/faktumonline.com\/da\/wp-json\/wp\/v2\/pages\/74616\/revisions\/128041"}],"up":[{"embeddable":true,"href":"https:\/\/faktumonline.com\/da\/wp-json\/wp\/v2\/pages\/91483"}],"wp:attachment":[{"href":"https:\/\/faktumonline.com\/da\/wp-json\/wp\/v2\/media?parent=74616"}],"curies":[{"name":"wp","href":"https:\/\/api.w.org\/{rel}","templated":true}]}}