{"id":136507,"date":"2025-02-13T19:55:41","date_gmt":"2025-02-13T18:55:41","guid":{"rendered":"https:\/\/faktumonline.com\/pris-og-bestilling\/udvalg-af-koekkenlaager-og-fronter\/"},"modified":"2025-02-13T22:03:08","modified_gmt":"2025-02-13T21:03:08","slug":"udvalg-af-koekkenlaager-og-fronter","status":"publish","type":"page","link":"https:\/\/faktumonline.com\/da\/pris-og-bestilling\/udvalg-af-koekkenlaager-og-fronter\/","title":{"rendered":"Udvalg af k\u00f8kkenl\u00e5ger og fronter"},"content":{"rendered":"\t\t<div data-elementor-type=\"wp-page\" data-elementor-id=\"136507\" class=\"elementor elementor-136507 elementor-134227\" data-elementor-settings=\"{&quot;ha_cmc_init_switcher&quot;:&quot;no&quot;}\" data-elementor-post-type=\"page\">\n\t\t\t\t<div class=\"elementor-element elementor-element-bf4ce32 e-flex e-con-boxed e-con e-parent\" data-id=\"bf4ce32\" data-element_type=\"container\" data-e-type=\"container\" data-settings=\"{&quot;background_background&quot;:&quot;classic&quot;,&quot;_ha_eqh_enable&quot;:false}\">\n\t\t\t\t\t<div class=\"e-con-inner\">\n\t\t\t\t<div class=\"elementor-element elementor-element-e7ed2b5 elementor-widget elementor-widget-heading\" data-id=\"e7ed2b5\" data-element_type=\"widget\" data-e-type=\"widget\" data-widget_type=\"heading.default\">\n\t\t\t\t<div class=\"elementor-widget-container\">\n\t\t\t\t\t<h2 class=\"elementor-heading-title elementor-size-default\">Udvalg af k\u00f8kkenl\u00e5ger og fronter<\/h2>\t\t\t\t<\/div>\n\t\t\t\t<\/div>\n\t\t\t\t<div class=\"elementor-element elementor-element-b8cd9b8 elementor-widget elementor-widget-heading\" data-id=\"b8cd9b8\" data-element_type=\"widget\" data-e-type=\"widget\" data-widget_type=\"heading.default\">\n\t\t\t\t<div class=\"elementor-widget-container\">\n\t\t\t\t\t<h2 class=\"elementor-heading-title elementor-size-default\">G\u00e5 venligst til siden Pris og Bestilling, hvor du kan v\u00e6lge dine \u00f8nskede k\u00f8kkenl\u00e5ger og fronter.<\/h2>\t\t\t\t<\/div>\n\t\t\t\t<\/div>\n\t\t\t\t\t<\/div>\n\t\t\t\t<\/div>\n\t\t<div class=\"elementor-element elementor-element-b4526f0 e-flex e-con-boxed e-con e-parent\" data-id=\"b4526f0\" data-element_type=\"container\" data-e-type=\"container\" data-settings=\"{&quot;_ha_eqh_enable&quot;:false}\">\n\t\t\t\t\t<div class=\"e-con-inner\">\n\t\t\t\t<div class=\"elementor-element elementor-element-19b43bd ha-mode--comfy ha-direction--right elementor-widget elementor-widget-ha-list-group happy-addon ha-list-group happy-addon-pro\" data-id=\"19b43bd\" data-element_type=\"widget\" data-e-type=\"widget\" data-widget_type=\"ha-list-group.default\">\n\t\t\t\t<div class=\"elementor-widget-container\">\n\t\t\t\t\t\n        <ul class=\"ha-list-wrap\">\n            \n                <li class=\"ha-list-item ha-list-item-custom elementor-repeater-item-01caf73\">\n\n                                        <a class=\"ha-link\" href=\"https:\/\/faktumonline.com\/da\/traditionelle-ikea-faktum-koekkenlaager-og-skuffefronter-pris-bestilling\/\">\n                    \n                        <div class=\"ha-item-wrap\">\n\n\t\t\t\t\t\t\t                                <div class=\"ha-icon image\">\n                                    <img decoding=\"async\" src=\"https:\/\/faktumonline.com\/wp-content\/uploads\/2025\/01\/W028-Hero-Left-150x150.webp\" alt=\"Traditionelle l\u00e5ger\" \/>\n                                <\/div>\n\n                            \n                            <div class=\"ha-text\">\n\t\t\t\t\t\t\t\t\t<!-- title tag start -->\n                                    <h4 class=\"ha-list-title\">\n                                        Traditionelle l\u00e5ger                                                                                    <span class=\"ha-badge\">G\u00e5 til Pris og Bestillingssiden<\/span>\n                                                                            <\/h4>\n\t\t\t\t\t\t\t\t\t<!-- title tag end -->\n\n                                                                    <p class=\"ha-list-detail\">\n                                        Traditionelle l\u00e5ger og skuffefronter til knopper og greb. Standard farver                                    <\/p>\n                                                            <\/div>\n\n                                                            <div class=\"ha-direction\">\n\t\t\t\t\t\t\t\t\t<i aria-hidden=\"true\" class=\"huge huge-square-arrow-right-02-round\"><\/i>                                <\/div>\n                            \n                        <\/div>\n\n                                        <\/a>\n                    \n                <\/li>\n\n            \n                <li class=\"ha-list-item ha-list-item-custom elementor-repeater-item-fa2f2be\">\n\n                                        <a class=\"ha-link\" href=\"https:\/\/faktumonline.com\/da\/koekkenlaager-med-integrerede-greb-til-ikea-faktum-pris-og-bestilling-for-u12-designet\/\">\n                    \n                        <div class=\"ha-item-wrap\">\n\n\t\t\t\t\t\t\t                                <div class=\"ha-icon image\">\n                                    <img decoding=\"async\" src=\"https:\/\/faktumonline.com\/wp-content\/uploads\/2025\/01\/U12-Hero-White-150x150.webp\" alt=\"Integrerede greb\" \/>\n                                <\/div>\n\n                            \n                            <div class=\"ha-text\">\n\t\t\t\t\t\t\t\t\t<!-- title tag start -->\n                                    <h4 class=\"ha-list-title\">\n                                        Integrerede greb                                                                                    <span class=\"ha-badge\">G\u00e5 til Pris og Bestillingssiden<\/span>\n                                                                            <\/h4>\n\t\t\t\t\t\t\t\t\t<!-- title tag end -->\n\n                                                                    <p class=\"ha-list-detail\">\n                                        L\u00e5ger og skuffefronter med integrerede greb. Standard farver                                    <\/p>\n                                                            <\/div>\n\n                                                            <div class=\"ha-direction\">\n\t\t\t\t\t\t\t\t\t<i aria-hidden=\"true\" class=\"huge huge-square-arrow-right-02-round\"><\/i>                                <\/div>\n                            \n                        <\/div>\n\n                                        <\/a>\n                    \n                <\/li>\n\n            \n                <li class=\"ha-list-item ha-list-item-custom elementor-repeater-item-8031bcc\">\n\n                                        <a class=\"ha-link\" href=\"https:\/\/faktumonline.com\/da\/pris-og-bestilling\/hoejglans-skabslaager-og-fronter-til-ikea-faktum-koekkener-alvic-luxe\/\">\n                    \n                        <div class=\"ha-item-wrap\">\n\n\t\t\t\t\t\t\t                                <div class=\"ha-icon image\">\n                                    <img decoding=\"async\" src=\"https:\/\/faktumonline.com\/wp-content\/uploads\/2025\/01\/Gloss-HG9700-150x150.jpg\" alt=\"H\u00f8jglans farver\" \/>\n                                <\/div>\n\n                            \n                            <div class=\"ha-text\">\n\t\t\t\t\t\t\t\t\t<!-- title tag start -->\n                                    <h4 class=\"ha-list-title\">\n                                        H\u00f8jglans farver                                                                                    <span class=\"ha-badge\">G\u00e5 til Pris og Bestillingssiden<\/span>\n                                                                            <\/h4>\n\t\t\t\t\t\t\t\t\t<!-- title tag end -->\n\n                                                                    <p class=\"ha-list-detail\">\n                                        Traditionelle l\u00e5ger og skuffefronter til knopper eller greb. H\u00f8jglans farver \"Alvic Luxe\"                                    <\/p>\n                                                            <\/div>\n\n                                                            <div class=\"ha-direction\">\n\t\t\t\t\t\t\t\t\t<i aria-hidden=\"true\" class=\"huge huge-square-arrow-right-02-round\"><\/i>                                <\/div>\n                            \n                        <\/div>\n\n                                        <\/a>\n                    \n                <\/li>\n\n            \n                <li class=\"ha-list-item ha-list-item-custom elementor-repeater-item-1517d06\">\n\n                                        <a class=\"ha-link\" href=\"https:\/\/faktumonline.com\/price-and-order-veneered-front-for-ikea-faktum-kitchens-real-wood-doors\/\">\n                    \n                        <div class=\"ha-item-wrap\">\n\n\t\t\t\t\t\t\t                                <div class=\"ha-icon image\">\n                                    <img decoding=\"async\" src=\"https:\/\/faktumonline.com\/wp-content\/uploads\/2024\/02\/Veneer-Colage.jpg\" alt=\"\u00c6gte tr\u00e6\" \/>\n                                <\/div>\n\n                            \n                            <div class=\"ha-text\">\n\t\t\t\t\t\t\t\t\t<!-- title tag start -->\n                                    <h4 class=\"ha-list-title\">\n                                        \u00c6gte tr\u00e6                                                                                    <span class=\"ha-badge\">G\u00e5 til Pris og Bestillingssiden (engelsk)<\/span>\n                                                                            <\/h4>\n\t\t\t\t\t\t\t\t\t<!-- title tag end -->\n\n                                                                    <p class=\"ha-list-detail\">\n                                        Finerede l\u00e5ger og fronter i \u00e6gte tr\u00e6                                    <\/p>\n                                                            <\/div>\n\n                                                            <div class=\"ha-direction\">\n\t\t\t\t\t\t\t\t\t<i aria-hidden=\"true\" class=\"huge huge-square-arrow-right-02-round\"><\/i>                                <\/div>\n                            \n                        <\/div>\n\n                                        <\/a>\n                    \n                <\/li>\n\n            \n                <li class=\"ha-list-item ha-list-item-custom elementor-repeater-item-f65def0\">\n\n                                        <a class=\"ha-link\" href=\"https:\/\/faktumonline.com\/da\/skabe-og-korpus-til-ikea-faktum-koekken-2\/\">\n                    \n                        <div class=\"ha-item-wrap\">\n\n\t\t\t\t\t\t\t                                <div class=\"ha-icon image\">\n                                    <img decoding=\"async\" src=\"https:\/\/faktumonline.com\/wp-content\/uploads\/2019\/08\/Base-Cabinet-80x70-1-150x150.png\" alt=\"Skabe, h\u00e6ngsler mm\" \/>\n                                <\/div>\n\n                            \n                            <div class=\"ha-text\">\n\t\t\t\t\t\t\t\t\t<!-- title tag start -->\n                                    <h4 class=\"ha-list-title\">\n                                        Skabe, h\u00e6ngsler mm                                                                                    <span class=\"ha-badge\">G\u00e5 til Pris og Bestillingssiden<\/span>\n                                                                            <\/h4>\n\t\t\t\t\t\t\t\t\t<!-- title tag end -->\n\n                                                                    <p class=\"ha-list-detail\">\n                                        Faktum Skabe, hylder, skuffer og h\u00e6ngsler mm.                                    <\/p>\n                                                            <\/div>\n\n                                                            <div class=\"ha-direction\">\n\t\t\t\t\t\t\t\t\t<i aria-hidden=\"true\" class=\"huge huge-square-arrow-right-02-round\"><\/i>                                <\/div>\n                            \n                        <\/div>\n\n                                        <\/a>\n                    \n                <\/li>\n\n                    <\/ul>\n\n        \t\t\t\t<\/div>\n\t\t\t\t<\/div>\n\t\t\t\t\t<\/div>\n\t\t\t\t<\/div>\n\t\t\t\t<\/div>\n\t\t","protected":false},"excerpt":{"rendered":"<p>Udvalg af k\u00f8kkenl\u00e5ger og fronter G\u00e5 venligst til siden Pris og Bestilling, hvor du kan v\u00e6lge dine \u00f8nskede k\u00f8kkenl\u00e5ger og fronter. Traditionelle l\u00e5ger G\u00e5 til Pris og Bestillingssiden Traditionelle l\u00e5ger og skuffefronter til knopper og greb. Standard farver Integrerede greb G\u00e5 til Pris og Bestillingssiden L\u00e5ger og skuffefronter med integrerede greb. Standard farver H\u00f8jglans farver &#8230; <a title=\"Udvalg af k\u00f8kkenl\u00e5ger og fronter\" class=\"read-more\" href=\"https:\/\/faktumonline.com\/da\/pris-og-bestilling\/udvalg-af-koekkenlaager-og-fronter\/\" aria-label=\"Read more about Udvalg af k\u00f8kkenl\u00e5ger og fronter\">L\u00e6s mere <\/a><\/p>\n","protected":false},"author":2,"featured_media":0,"parent":86176,"menu_order":0,"comment_status":"closed","ping_status":"closed","template":"elementor_header_footer","meta":{"footnotes":""},"class_list":["post-136507","page","type-page","status-publish"],"yoast_head":"<!-- This site is optimized with the Yoast SEO Premium plugin v27.4 (Yoast SEO v27.4) - https:\/\/yoast.com\/product\/yoast-seo-premium-wordpress\/ -->\n<title>Udvalg af k\u00f8kkenl\u00e5ger og fronter - Faktum Online Store<\/title>\n<meta name=\"robots\" content=\"index, follow, max-snippet:-1, max-image-preview:large, max-video-preview:-1\" \/>\n<link rel=\"canonical\" href=\"https:\/\/faktumonline.com\/da\/pris-og-bestilling\/udvalg-af-koekkenlaager-og-fronter\/\" \/>\n<meta property=\"og:locale\" content=\"da_DK\" \/>\n<meta property=\"og:type\" content=\"article\" \/>\n<meta property=\"og:title\" content=\"Udvalg af k\u00f8kkenl\u00e5ger og fronter\" \/>\n<meta property=\"og:description\" content=\"Udvalg af k\u00f8kkenl\u00e5ger og fronter G\u00e5 venligst til siden Pris og Bestilling, hvor du kan v\u00e6lge dine \u00f8nskede k\u00f8kkenl\u00e5ger og fronter. Traditionelle l\u00e5ger G\u00e5 til Pris og Bestillingssiden Traditionelle l\u00e5ger og skuffefronter til knopper og greb. Standard farver Integrerede greb G\u00e5 til Pris og Bestillingssiden L\u00e5ger og skuffefronter med integrerede greb. Standard farver H\u00f8jglans farver ... L\u00e6s mere\" \/>\n<meta property=\"og:url\" content=\"https:\/\/faktumonline.com\/da\/pris-og-bestilling\/udvalg-af-koekkenlaager-og-fronter\/\" \/>\n<meta property=\"og:site_name\" content=\"Faktum Online Store\" \/>\n<meta property=\"article:modified_time\" content=\"2025-02-13T21:03:08+00:00\" \/>\n<meta property=\"og:image\" content=\"https:\/\/faktumonline.com\/wp-content\/uploads\/2025\/01\/W028-Hero-Left-150x150.jpg\" \/>\n<meta name=\"twitter:card\" content=\"summary_large_image\" \/>\n<meta name=\"twitter:label1\" content=\"Estimeret l\u00e6setid\" \/>\n\t<meta name=\"twitter:data1\" content=\"2 minut\" \/>\n<script type=\"application\/ld+json\" class=\"yoast-schema-graph\">{\"@context\":\"https:\\\/\\\/schema.org\",\"@graph\":[{\"@type\":\"WebPage\",\"@id\":\"https:\\\/\\\/faktumonline.com\\\/da\\\/pris-og-bestilling\\\/udvalg-af-koekkenlaager-og-fronter\\\/\",\"url\":\"https:\\\/\\\/faktumonline.com\\\/da\\\/pris-og-bestilling\\\/udvalg-af-koekkenlaager-og-fronter\\\/\",\"name\":\"Udvalg af k\u00f8kkenl\u00e5ger og fronter - Faktum Online Store\",\"isPartOf\":{\"@id\":\"https:\\\/\\\/faktumonline.com\\\/da\\\/#website\"},\"primaryImageOfPage\":{\"@id\":\"https:\\\/\\\/faktumonline.com\\\/da\\\/pris-og-bestilling\\\/udvalg-af-koekkenlaager-og-fronter\\\/#primaryimage\"},\"image\":{\"@id\":\"https:\\\/\\\/faktumonline.com\\\/da\\\/pris-og-bestilling\\\/udvalg-af-koekkenlaager-og-fronter\\\/#primaryimage\"},\"thumbnailUrl\":\"https:\\\/\\\/faktumonline.com\\\/wp-content\\\/uploads\\\/2025\\\/01\\\/W028-Hero-Left-150x150.jpg\",\"datePublished\":\"2025-02-13T18:55:41+00:00\",\"dateModified\":\"2025-02-13T21:03:08+00:00\",\"breadcrumb\":{\"@id\":\"https:\\\/\\\/faktumonline.com\\\/da\\\/pris-og-bestilling\\\/udvalg-af-koekkenlaager-og-fronter\\\/#breadcrumb\"},\"inLanguage\":\"da-DK\",\"potentialAction\":[{\"@type\":\"ReadAction\",\"target\":[\"https:\\\/\\\/faktumonline.com\\\/da\\\/pris-og-bestilling\\\/udvalg-af-koekkenlaager-og-fronter\\\/\"]}]},{\"@type\":\"ImageObject\",\"inLanguage\":\"da-DK\",\"@id\":\"https:\\\/\\\/faktumonline.com\\\/da\\\/pris-og-bestilling\\\/udvalg-af-koekkenlaager-og-fronter\\\/#primaryimage\",\"url\":\"https:\\\/\\\/faktumonline.com\\\/wp-content\\\/uploads\\\/2025\\\/01\\\/W028-Hero-Left-150x150.jpg\",\"contentUrl\":\"https:\\\/\\\/faktumonline.com\\\/wp-content\\\/uploads\\\/2025\\\/01\\\/W028-Hero-Left-150x150.jpg\"},{\"@type\":\"BreadcrumbList\",\"@id\":\"https:\\\/\\\/faktumonline.com\\\/da\\\/pris-og-bestilling\\\/udvalg-af-koekkenlaager-og-fronter\\\/#breadcrumb\",\"itemListElement\":[{\"@type\":\"ListItem\",\"position\":1,\"name\":\"Hem\",\"item\":\"https:\\\/\\\/faktumonline.com\\\/da\\\/\"},{\"@type\":\"ListItem\",\"position\":2,\"name\":\"Pris og Bestilling\",\"item\":\"https:\\\/\\\/faktumonline.com\\\/da\\\/pris-og-bestilling\\\/\"},{\"@type\":\"ListItem\",\"position\":3,\"name\":\"Udvalg af k\u00f8kkenl\u00e5ger og fronter\"}]},{\"@type\":\"WebSite\",\"@id\":\"https:\\\/\\\/faktumonline.com\\\/da\\\/#website\",\"url\":\"https:\\\/\\\/faktumonline.com\\\/da\\\/\",\"name\":\"Faktum Online Store\",\"description\":\"Premium doors for IKEA kitchens\",\"potentialAction\":[{\"@type\":\"SearchAction\",\"target\":{\"@type\":\"EntryPoint\",\"urlTemplate\":\"https:\\\/\\\/faktumonline.com\\\/da\\\/?s={search_term_string}\"},\"query-input\":{\"@type\":\"PropertyValueSpecification\",\"valueRequired\":true,\"valueName\":\"search_term_string\"}}],\"inLanguage\":\"da-DK\"}]}<\/script>\n<!-- \/ Yoast SEO Premium plugin. -->","yoast_head_json":{"title":"Udvalg af k\u00f8kkenl\u00e5ger og fronter - Faktum Online Store","robots":{"index":"index","follow":"follow","max-snippet":"max-snippet:-1","max-image-preview":"max-image-preview:large","max-video-preview":"max-video-preview:-1"},"canonical":"https:\/\/faktumonline.com\/da\/pris-og-bestilling\/udvalg-af-koekkenlaager-og-fronter\/","og_locale":"da_DK","og_type":"article","og_title":"Udvalg af k\u00f8kkenl\u00e5ger og fronter","og_description":"Udvalg af k\u00f8kkenl\u00e5ger og fronter G\u00e5 venligst til siden Pris og Bestilling, hvor du kan v\u00e6lge dine \u00f8nskede k\u00f8kkenl\u00e5ger og fronter. Traditionelle l\u00e5ger G\u00e5 til Pris og Bestillingssiden Traditionelle l\u00e5ger og skuffefronter til knopper og greb. Standard farver Integrerede greb G\u00e5 til Pris og Bestillingssiden L\u00e5ger og skuffefronter med integrerede greb. Standard farver H\u00f8jglans farver ... L\u00e6s mere","og_url":"https:\/\/faktumonline.com\/da\/pris-og-bestilling\/udvalg-af-koekkenlaager-og-fronter\/","og_site_name":"Faktum Online Store","article_modified_time":"2025-02-13T21:03:08+00:00","og_image":[{"url":"https:\/\/faktumonline.com\/wp-content\/uploads\/2025\/01\/W028-Hero-Left-150x150.jpg","type":"","width":"","height":""}],"twitter_card":"summary_large_image","twitter_misc":{"Estimeret l\u00e6setid":"2 minut"},"schema":{"@context":"https:\/\/schema.org","@graph":[{"@type":"WebPage","@id":"https:\/\/faktumonline.com\/da\/pris-og-bestilling\/udvalg-af-koekkenlaager-og-fronter\/","url":"https:\/\/faktumonline.com\/da\/pris-og-bestilling\/udvalg-af-koekkenlaager-og-fronter\/","name":"Udvalg af k\u00f8kkenl\u00e5ger og fronter - Faktum Online Store","isPartOf":{"@id":"https:\/\/faktumonline.com\/da\/#website"},"primaryImageOfPage":{"@id":"https:\/\/faktumonline.com\/da\/pris-og-bestilling\/udvalg-af-koekkenlaager-og-fronter\/#primaryimage"},"image":{"@id":"https:\/\/faktumonline.com\/da\/pris-og-bestilling\/udvalg-af-koekkenlaager-og-fronter\/#primaryimage"},"thumbnailUrl":"https:\/\/faktumonline.com\/wp-content\/uploads\/2025\/01\/W028-Hero-Left-150x150.jpg","datePublished":"2025-02-13T18:55:41+00:00","dateModified":"2025-02-13T21:03:08+00:00","breadcrumb":{"@id":"https:\/\/faktumonline.com\/da\/pris-og-bestilling\/udvalg-af-koekkenlaager-og-fronter\/#breadcrumb"},"inLanguage":"da-DK","potentialAction":[{"@type":"ReadAction","target":["https:\/\/faktumonline.com\/da\/pris-og-bestilling\/udvalg-af-koekkenlaager-og-fronter\/"]}]},{"@type":"ImageObject","inLanguage":"da-DK","@id":"https:\/\/faktumonline.com\/da\/pris-og-bestilling\/udvalg-af-koekkenlaager-og-fronter\/#primaryimage","url":"https:\/\/faktumonline.com\/wp-content\/uploads\/2025\/01\/W028-Hero-Left-150x150.jpg","contentUrl":"https:\/\/faktumonline.com\/wp-content\/uploads\/2025\/01\/W028-Hero-Left-150x150.jpg"},{"@type":"BreadcrumbList","@id":"https:\/\/faktumonline.com\/da\/pris-og-bestilling\/udvalg-af-koekkenlaager-og-fronter\/#breadcrumb","itemListElement":[{"@type":"ListItem","position":1,"name":"Hem","item":"https:\/\/faktumonline.com\/da\/"},{"@type":"ListItem","position":2,"name":"Pris og Bestilling","item":"https:\/\/faktumonline.com\/da\/pris-og-bestilling\/"},{"@type":"ListItem","position":3,"name":"Udvalg af k\u00f8kkenl\u00e5ger og fronter"}]},{"@type":"WebSite","@id":"https:\/\/faktumonline.com\/da\/#website","url":"https:\/\/faktumonline.com\/da\/","name":"Faktum Online Store","description":"Premium doors for IKEA kitchens","potentialAction":[{"@type":"SearchAction","target":{"@type":"EntryPoint","urlTemplate":"https:\/\/faktumonline.com\/da\/?s={search_term_string}"},"query-input":{"@type":"PropertyValueSpecification","valueRequired":true,"valueName":"search_term_string"}}],"inLanguage":"da-DK"}]}},"_links":{"self":[{"href":"https:\/\/faktumonline.com\/da\/wp-json\/wp\/v2\/pages\/136507","targetHints":{"allow":["GET"]}}],"collection":[{"href":"https:\/\/faktumonline.com\/da\/wp-json\/wp\/v2\/pages"}],"about":[{"href":"https:\/\/faktumonline.com\/da\/wp-json\/wp\/v2\/types\/page"}],"author":[{"embeddable":true,"href":"https:\/\/faktumonline.com\/da\/wp-json\/wp\/v2\/users\/2"}],"replies":[{"embeddable":true,"href":"https:\/\/faktumonline.com\/da\/wp-json\/wp\/v2\/comments?post=136507"}],"version-history":[{"count":11,"href":"https:\/\/faktumonline.com\/da\/wp-json\/wp\/v2\/pages\/136507\/revisions"}],"predecessor-version":[{"id":136551,"href":"https:\/\/faktumonline.com\/da\/wp-json\/wp\/v2\/pages\/136507\/revisions\/136551"}],"up":[{"embeddable":true,"href":"https:\/\/faktumonline.com\/da\/wp-json\/wp\/v2\/pages\/86176"}],"wp:attachment":[{"href":"https:\/\/faktumonline.com\/da\/wp-json\/wp\/v2\/media?parent=136507"}],"curies":[{"name":"wp","href":"https:\/\/api.w.org\/{rel}","templated":true}]}}